{"id":1061,"date":"2018-02-21T20:07:03","date_gmt":"2018-02-21T20:07:03","guid":{"rendered":"https:\/\/saude.ufpr.br\/periciasmedicas\/?page_id=1061"},"modified":"2019-08-22T11:37:00","modified_gmt":"2019-08-22T11:37:00","slug":"alunos","status":"publish","type":"page","link":"https:\/\/saude.ufpr.br\/epmufpr\/alunos\/","title":{"rendered":"turma 2018\/2019"},"content":{"rendered":"<table width=\"312\">\n<tbody>\n<tr>\n<td width=\"40\">1<\/td>\n<td width=\"272\">Amanda Ribas Teixeira Brand\u00e3o<\/td>\n<\/tr>\n<tr>\n<td>2<\/td>\n<td>Andre Montenegro Pereira<\/td>\n<\/tr>\n<tr>\n<td>3<\/td>\n<td>Antonio Marco Laini Oliveira<\/td>\n<\/tr>\n<tr>\n<td>4<\/td>\n<td>Arthur Oscar Kehl Neto<\/td>\n<\/tr>\n<tr>\n<td>5<\/td>\n<td>Carla Tamy Fukuda<\/td>\n<\/tr>\n<tr>\n<td>6<\/td>\n<td>C\u00e9sar Augusto Maia Gon\u00e7alves<\/td>\n<\/tr>\n<tr>\n<td>7<\/td>\n<td>Cesar Roberto Nogueira Araujo<\/td>\n<\/tr>\n<tr>\n<td>8<\/td>\n<td>Ciro Ribas Neto<\/td>\n<\/tr>\n<tr>\n<td>9<\/td>\n<td>Daniel Merlin Palhares<\/td>\n<\/tr>\n<tr>\n<td>10<\/td>\n<td>Eduardo Ferreira Louren\u00e7o<\/td>\n<\/tr>\n<tr>\n<td>11<\/td>\n<td>Eliana Figueiredo Cheke<\/td>\n<\/tr>\n<tr>\n<td>12<\/td>\n<td>Fatima Mohamad Abdelaziz<\/td>\n<\/tr>\n<tr>\n<td>13<\/td>\n<td>Felipe Augusto Argenta Sabbag<\/td>\n<\/tr>\n<tr>\n<td>14<\/td>\n<td>Fl\u00e1vio Alberto Do Amaral Porto<\/td>\n<\/tr>\n<tr>\n<td>15<\/td>\n<td>Franciane Regina Vargas<\/td>\n<\/tr>\n<tr>\n<td>16<\/td>\n<td>Guilherme Antonio Siementcoski<\/td>\n<\/tr>\n<tr>\n<td>17<\/td>\n<td>Jannice Adriana Tomasi<\/td>\n<\/tr>\n<tr>\n<td>18<\/td>\n<td>Julio Cesar Ferraz<\/td>\n<\/tr>\n<tr>\n<td>19<\/td>\n<td>Luis Henrique Gozzer Henriques<\/td>\n<\/tr>\n<tr>\n<td>20<\/td>\n<td>Lu\u00eds Roberto Azevedo Dos Santos<\/td>\n<\/tr>\n<tr>\n<td>21<\/td>\n<td>Marcelo Bianchi Da Silva<\/td>\n<\/tr>\n<tr>\n<td>22<\/td>\n<td>Marcelo Ferreira Gon\u00e7alves<\/td>\n<\/tr>\n<tr>\n<td>23<\/td>\n<td>Marcos B\u00f6nmann<\/td>\n<\/tr>\n<tr>\n<td>24<\/td>\n<td>Maria Cecilia De Angelis<\/td>\n<\/tr>\n<tr>\n<td>25<\/td>\n<td>Maria Cecilia Ribeiro De Oliveira<\/td>\n<\/tr>\n<tr>\n<td>26<\/td>\n<td>Maria Paula Fujiwara Gon\u00e7alves<\/td>\n<\/tr>\n<tr>\n<td>27<\/td>\n<td>Maur\u00edlio Batista Palhares J\u00fanior<\/td>\n<\/tr>\n<tr>\n<td>28<\/td>\n<td>Milton Jose De Andrade<\/td>\n<\/tr>\n<tr>\n<td>29<\/td>\n<td>Mirian Thais Carlotto<\/td>\n<\/tr>\n<tr>\n<td>30<\/td>\n<td>Patr\u00edcia Ribas<\/td>\n<\/tr>\n<tr>\n<td>31<\/td>\n<td>Paulo S\u00e9rgio De Albuquerque Coelho<\/td>\n<\/tr>\n<tr>\n<td>32<\/td>\n<td>Rafael Garcia De Paula<\/td>\n<\/tr>\n<tr>\n<td>33<\/td>\n<td>Rafael Pombalino Barbosa<\/td>\n<\/tr>\n<tr>\n<td>34<\/td>\n<td>Rildo Possagno<\/td>\n<\/tr>\n<tr>\n<td>35<\/td>\n<td>Rosane Maria Baggio<\/td>\n<\/tr>\n<tr>\n<td>36<\/td>\n<td>Val\u00e9ria Cruz De Arag\u00e3o<\/td>\n<\/tr>\n<\/tbody>\n<\/table>\n","protected":false},"excerpt":{"rendered":"<p>1 Amanda Ribas Teixeira Brand\u00e3o 2 Andre Montenegro Pereira 3 Antonio Marco Laini Oliveira 4 Arthur Oscar Kehl Neto 5 Carla Tamy Fukuda 6 C\u00e9sar Augusto Maia Gon\u00e7alves 7 Cesar Roberto Nogueira Araujo 8 Ciro Ribas Neto 9 Daniel Merlin Palhares 10 Eduardo Ferreira Louren\u00e7o 11 Eliana Figueiredo Cheke 12 Fatima Mohamad Abdelaziz 13 Felipe<br \/> <a href=\"https:\/\/saude.ufpr.br\/epmufpr\/alunos\/\" class=\"button success small readmore\">Leia mais<\/a><\/p>\n","protected":false},"author":15,"featured_media":0,"parent":0,"menu_order":0,"comment_status":"closed","ping_status":"closed","template":"","meta":{"_acf_changed":false,"_uag_custom_page_level_css":"","footnotes":""},"class_list":["post-1061","page","type-page","status-publish","hentry"],"acf":[],"featured_image_src":null,"uagb_featured_image_src":{"full":false,"thumbnail":false,"medium":false,"medium_large":false,"large":false,"1536x1536":false,"2048x2048":false,"noticias-thumb":false,"banners-thumb":false,"maisnoticias-thumb":false,"post-thumbnail":false},"uagb_author_info":{"display_name":"Andrea Jankoski","author_link":"https:\/\/saude.ufpr.br\/epmufpr\/author\/andrea\/"},"uagb_comment_info":0,"uagb_excerpt":"1 Amanda Ribas Teixeira Brand\u00e3o 2 Andre Montenegro Pereira 3 Antonio Marco Laini Oliveira 4 Arthur Oscar Kehl Neto 5 Carla Tamy Fukuda 6 C\u00e9sar Augusto Maia Gon\u00e7alves 7 Cesar Roberto Nogueira Araujo 8 Ciro Ribas Neto 9 Daniel Merlin Palhares 10 Eduardo Ferreira Louren\u00e7o 11 Eliana Figueiredo Cheke 12 Fatima Mohamad Abdelaziz 13 Felipe&hellip;","publishpress_future_action":{"enabled":false,"date":"2026-05-02 11:26:16","action":"change-status","newStatus":"draft","terms":[],"taxonomy":"","extraData":[]},"publishpress_future_workflow_manual_trigger":{"enabledWorkflows":[]},"_links":{"self":[{"href":"https:\/\/saude.ufpr.br\/epmufpr\/wp-json\/wp\/v2\/pages\/1061","targetHints":{"allow":["GET"]}}],"collection":[{"href":"https:\/\/saude.ufpr.br\/epmufpr\/wp-json\/wp\/v2\/pages"}],"about":[{"href":"https:\/\/saude.ufpr.br\/epmufpr\/wp-json\/wp\/v2\/types\/page"}],"author":[{"embeddable":true,"href":"https:\/\/saude.ufpr.br\/epmufpr\/wp-json\/wp\/v2\/users\/15"}],"replies":[{"embeddable":true,"href":"https:\/\/saude.ufpr.br\/epmufpr\/wp-json\/wp\/v2\/comments?post=1061"}],"version-history":[{"count":4,"href":"https:\/\/saude.ufpr.br\/epmufpr\/wp-json\/wp\/v2\/pages\/1061\/revisions"}],"predecessor-version":[{"id":1636,"href":"https:\/\/saude.ufpr.br\/epmufpr\/wp-json\/wp\/v2\/pages\/1061\/revisions\/1636"}],"wp:attachment":[{"href":"https:\/\/saude.ufpr.br\/epmufpr\/wp-json\/wp\/v2\/media?parent=1061"}],"curies":[{"name":"wp","href":"https:\/\/api.w.org\/{rel}","templated":true}]}}