{"id":1063,"date":"2024-10-29T09:42:14","date_gmt":"2024-10-29T12:42:14","guid":{"rendered":"https:\/\/saude.ufpr.br\/periciasmedicas\/?page_id=1063"},"modified":"2024-10-30T10:51:46","modified_gmt":"2024-10-30T13:51:46","slug":"equipe","status":"publish","type":"page","link":"https:\/\/saude.ufpr.br\/epmufpr\/equipe\/","title":{"rendered":"Professores"},"content":{"rendered":"<p>&nbsp;<\/p>\n<table style=\"height: 4257px;\" width=\"982\">\n<tbody>\n<tr>\n<td width=\"215\">\n<p><div id=\"attachment_1768\" style=\"width: 160px\" class=\"wp-caption alignleft\"><a href=\"https:\/\/saude.ufpr.br\/epmufpr\/wp-content\/uploads\/sites\/42\/2019\/09\/edevardaniel.jpg\"><img decoding=\"async\" aria-describedby=\"caption-attachment-1768\" class=\"wp-image-1768 size-thumbnail\" src=\"https:\/\/saude.ufpr.br\/epmufpr\/wp-content\/uploads\/sites\/42\/2019\/09\/edevardaniel-150x150.jpg\" alt=\"\" width=\"150\" height=\"150\" \/><\/a><p id=\"caption-attachment-1768\" class=\"wp-caption-text\">Edevar Daniel<\/p><\/div><\/td>\n<td width=\"300\">Gradua\u00e7\u00e3o em Medicina pela Universidade Federal do Paran\u00e1 (1987), Medico do Trabalho com T\u00edtulo de Especialista pela ANAMT, Cardiologista com T\u00edtulo de Especialista pela SBC, Especializa\u00e7\u00e3o em Sa\u00fade Coletiva pela PUC\/PR, Mestrado em Medicina Interna pela UFPR. Medico Perito da Prefeitura Municipal de Curitiba com experi\u00eancia em Assist\u00eancia T\u00e9cnica e Perito Judicial. Professor Adjunto do Departamento de Sa\u00fade Coletiva da Universidade Federal do Paran\u00e1. Coordenador do Curso de Especializa\u00e7\u00e3o em Medicina do Trabalho e de Pericias M\u00e9dicas da UFPR. Coordenador da UNASUS\/UFPR. Diretor da Escola de Saude Publica da SESA\/PR. Coordenador do Curso de Medicina da UFPR.<\/td>\n<\/tr>\n<tr>\n<td width=\"215\">\n<p><div id=\"attachment_1771\" style=\"width: 160px\" class=\"wp-caption alignnone\"><a href=\"https:\/\/saude.ufpr.br\/epmufpr\/wp-content\/uploads\/sites\/42\/2019\/09\/zetola.jpg\"><img decoding=\"async\" aria-describedby=\"caption-attachment-1771\" class=\"wp-image-1771 size-thumbnail\" src=\"https:\/\/saude.ufpr.br\/epmufpr\/wp-content\/uploads\/sites\/42\/2019\/09\/zetola-150x150.jpg\" alt=\"\" width=\"150\" height=\"150\" \/><\/a><p id=\"caption-attachment-1771\" class=\"wp-caption-text\">Paulo Roberto Z\u00e9tola<\/p><\/div><\/td>\n<td width=\"425\">M\u00e9dico do Trabalho e M\u00e9dico do Esporte, Mestre em Ergonomia, MBA em Gest\u00e3o Executiva em Sa\u00fade, Ex-Presidente da APAMT gest\u00e3o 2013\/2014 e 2015\/2016, Diretor da ANAMT. Conselheiro fiscal gest\u00e3o 2017\/2019. Coordenador da Comiss\u00e3o T\u00e9cnica de Gest\u00e3o em Sa\u00fade do Trabalhador. Professor da Gradua\u00e7\u00e3o de Medicina da UFPR e Professor da P\u00f3s-Gradua\u00e7\u00e3o de Medicina do Trabalho. Ex-Gerente de Sa\u00fade e Condi\u00e7\u00f5es do Trabalho da RENAULT do Brasil e Consultor Am\u00e9rica Latina. Diretor da empresa Prevline consultoria em Sa\u00fade. Autor e Organizador do Livro Tratado de Gest\u00e3o em Sa\u00fade do Trabalhador, Editora Ergo 2019.<\/td>\n<\/tr>\n<tr>\n<td width=\"215\">\n<p><div id=\"attachment_1774\" style=\"width: 160px\" class=\"wp-caption alignnone\"><a href=\"https:\/\/saude.ufpr.br\/epmufpr\/wp-content\/uploads\/sites\/42\/2019\/09\/lozovey.jpg\"><img decoding=\"async\" aria-describedby=\"caption-attachment-1774\" class=\"wp-image-1774 size-thumbnail\" src=\"https:\/\/saude.ufpr.br\/epmufpr\/wp-content\/uploads\/sites\/42\/2019\/09\/lozovey-150x150.jpg\" alt=\"\" width=\"150\" height=\"150\" \/><\/a><p id=\"caption-attachment-1774\" class=\"wp-caption-text\">Jo\u00e3o Carlos do Amaral Lozovey<\/p><\/div><\/td>\n<td width=\"425\">M\u00e9dico do Trabalho titulado pela ANAMT\/AMB. Professor da Universidade Federal do Paran\u00e1 UFPR. Mestre em Cl\u00ednica M\u00e9dica. Doutor em Engenharia de Produ\u00e7\u00e3o. Ex- presidente da APAMT na gest\u00e3o 1987-1988. Vice-presidente da APAMT na gest\u00e3o 2017- 2018. Coordenador do Curso de Especializa\u00e7\u00e3o em Medicina do Trabalho da UFPR.<\/td>\n<\/tr>\n<tr>\n<td width=\"215\">\n<p><div id=\"attachment_1777\" style=\"width: 160px\" class=\"wp-caption alignnone\"><a href=\"https:\/\/saude.ufpr.br\/epmufpr\/wp-content\/uploads\/sites\/42\/2019\/09\/GeraldoRocha.jpg\"><img loading=\"lazy\" decoding=\"async\" aria-describedby=\"caption-attachment-1777\" class=\"wp-image-1777 size-thumbnail\" src=\"https:\/\/saude.ufpr.br\/epmufpr\/wp-content\/uploads\/sites\/42\/2019\/09\/GeraldoRocha-150x150.jpg\" alt=\"\" width=\"150\" height=\"150\" srcset=\"https:\/\/saude.ufpr.br\/epmufpr\/wp-content\/uploads\/sites\/42\/2019\/09\/GeraldoRocha-150x150.jpg 150w, https:\/\/saude.ufpr.br\/epmufpr\/wp-content\/uploads\/sites\/42\/2019\/09\/GeraldoRocha-300x300.jpg 300w, https:\/\/saude.ufpr.br\/epmufpr\/wp-content\/uploads\/sites\/42\/2019\/09\/GeraldoRocha.jpg 350w\" sizes=\"(max-width: 150px) 100vw, 150px\" \/><\/a><p id=\"caption-attachment-1777\" class=\"wp-caption-text\">Geraldo Celso Rocha<\/p><\/div><\/td>\n<td width=\"425\">Possui gradua\u00e7\u00e3o em Medicina pela Universidade Federal do Paran\u00e1 (1980), Mestrado em Engenharia de Produ\u00e7\u00e3o pela Universidade Federal de Santa Catarina (2003), atualmente \u00e9 M\u00e9dico Perito &#8211; FGM\/IdeML, com o t\u00edtulo de especialista em Medicina Legal e Per\u00edcia M\u00e9dica (2012), T\u00edtulo de Especialista em Medicina do Trabalho (2012), Professor convidado de P\u00f3s gradua\u00e7\u00e3o em Medicina do Trabalho e Per\u00edcias M\u00e9dicas UFPR, Professor convidado na Escola da Magistratura em Direito do trabalho e previdenci\u00e1rio, Professor Convidado de P\u00f3s Gradua\u00e7\u00e3o em Engenharia de Seguran\u00e7a do Trabalho (UNOESC, UNIDAVI e URI). Fundador Presidente &#8211; Tribunal de Media\u00e7\u00e3o e Arbitragem.<\/td>\n<\/tr>\n<tr>\n<td width=\"198\">\n<p><div id=\"attachment_1852\" style=\"width: 160px\" class=\"wp-caption alignnone\"><a href=\"https:\/\/saude.ufpr.br\/epmufpr\/wp-content\/uploads\/sites\/42\/2019\/09\/solena.jpg\"><img loading=\"lazy\" decoding=\"async\" aria-describedby=\"caption-attachment-1852\" class=\"wp-image-1852 size-thumbnail\" src=\"https:\/\/saude.ufpr.br\/epmufpr\/wp-content\/uploads\/sites\/42\/2019\/09\/solena-150x150.jpg\" alt=\"\" width=\"150\" height=\"150\" \/><\/a><p id=\"caption-attachment-1852\" class=\"wp-caption-text\">Solena Ziemer Kusma Fidalski<\/p><\/div><\/td>\n<td width=\"425\">Gradua\u00e7\u00e3o em Odontologia pela Pontif\u00edcia Universidade Cat\u00f3lica do Paran\u00e1 (2001), Doutora em Odontologia na Pontif\u00edcia Universidade Cat\u00f3lica do Paran\u00e1 (2011), \u00e1rea de Concentra\u00e7\u00e3o em Sa\u00fade Coletiva, possui mestrado em Epidemiologia e Sa\u00fade Coletiva pela Unversity College London (UCL \u2013 Londres, 2004),). Professora Adjunta no Departamento de Sa\u00fade Coletiva da Universidade Federal do Paran\u00e1 (UFPR). Professora Permanente do Programa de P\u00f3s Gradua\u00e7\u00e3o em Sa\u00fade Coletiva da UFPR, experi\u00eancia na \u00e1rea de Sa\u00fade Coletiva, com \u00eanfase em Epidemiologia e Promo\u00e7\u00e3o da Sa\u00fade.<\/td>\n<\/tr>\n<tr>\n<td width=\"198\">\n<p><div id=\"attachment_1837\" style=\"width: 160px\" class=\"wp-caption alignnone\"><a href=\"https:\/\/saude.ufpr.br\/epmufpr\/wp-content\/uploads\/sites\/42\/2019\/09\/claudio.png\"><img loading=\"lazy\" decoding=\"async\" aria-describedby=\"caption-attachment-1837\" class=\"wp-image-1837 size-thumbnail\" src=\"https:\/\/saude.ufpr.br\/epmufpr\/wp-content\/uploads\/sites\/42\/2019\/09\/claudio-150x150.png\" alt=\"\" width=\"150\" height=\"150\" srcset=\"https:\/\/saude.ufpr.br\/epmufpr\/wp-content\/uploads\/sites\/42\/2019\/09\/claudio-150x150.png 150w, https:\/\/saude.ufpr.br\/epmufpr\/wp-content\/uploads\/sites\/42\/2019\/09\/claudio.png 216w\" sizes=\"(max-width: 150px) 100vw, 150px\" \/><\/a><p id=\"caption-attachment-1837\" class=\"wp-caption-text\">Cl\u00e1udio Jos\u00e9 Trezub<\/p><\/div><\/td>\n<td width=\"425\">Gradua\u00e7\u00e3o em medicina pela Universidade Federal do Paran\u00e1 (1974). Atualmente \u00e9 professor em p\u00f3s gradua\u00e7\u00e3o convidado para p\u00f3s gradua\u00e7\u00e3o na Universidade Federal do Paran\u00e1, Pontif\u00edcia Universidade Cat\u00f3lica do Paran\u00e1, Especialista em Medicina Legal e Per\u00edcia M\u00e9dica, em Medicina do Trabalho e em Cl\u00ednica M\u00e9dica, atua\u00e7\u00e3o na \u00e1rea de Medicina, com \u00eanfase em PER\u00cdCIA M\u00c9DICA. Ex Presidente da Sociedade Brasileira de Per\u00edcias M\u00e9dicas PR, e membro da C\u00e2mara T\u00e9cnica de Per\u00edcia M\u00e9dica do Conselho Regional de Medicina do PR (CRMPR).<\/td>\n<\/tr>\n<tr>\n<td width=\"198\">\n<p><div id=\"attachment_1834\" style=\"width: 160px\" class=\"wp-caption alignnone\"><a href=\"https:\/\/saude.ufpr.br\/epmufpr\/wp-content\/uploads\/sites\/42\/2019\/09\/carlosalberto.jpg\"><img loading=\"lazy\" decoding=\"async\" aria-describedby=\"caption-attachment-1834\" class=\"size-thumbnail wp-image-1834\" src=\"https:\/\/saude.ufpr.br\/epmufpr\/wp-content\/uploads\/sites\/42\/2019\/09\/carlosalberto-150x150.jpg\" alt=\"\" width=\"150\" height=\"150\" \/><\/a><p id=\"caption-attachment-1834\" class=\"wp-caption-text\">Carlos Alberto Peixoto Baptista<\/p><\/div><\/td>\n<td width=\"425\">Gradua\u00e7\u00e3o em Medicina &#8211; Pontif\u00edcia Universidade Cat\u00f3lica do Paran\u00e1 (1982); Resid\u00eancia em Cl\u00ednica M\u00e9dica &#8211; Hospital S\u00e3o Lucas &#8211; Curitiba\/PR (1983); Especialista em Medicina Legal e Per\u00edcia M\u00e9dica pela AMB\/ABMLPM; Especialista em Psiquiatria pela AMB\/ABP; Especializa\u00e7\u00e3o em Metodologia do Ensino Superior &#8211; PUCPR (1984); Especializa\u00e7\u00e3o em \u00c9tica\/Filosofia &#8211; UFPR (1991); Especializa\u00e7\u00e3o em Sa\u00fade Mental, Psicopatologia e Psican\u00e1lise &#8211; PUCPR (2006); Especializa\u00e7\u00e3o em Psiquiatria (2010) &#8211; UPPR; P\u00f3s Gradua\u00e7\u00e3o em Avalia\u00e7\u00e3o do Dano Corporal p\u00f3s Traum\u00e1tico &#8211; INML &#8211; U. Coimbra\/PT (2009); Mestrado em Educa\u00e7\u00e3o &#8211; \u00c9tica M\u00e9dica &#8211; PUCPR (1999). Palavras-chave: Medicina Legal, Psiquiatria, Sa\u00fade Mental, Dano Corporal, \u00c9tica, Bio\u00e9tica, Ci\u00eancias Forenses.<\/td>\n<\/tr>\n<tr>\n<td width=\"198\">\n<p><div id=\"attachment_1840\" style=\"width: 160px\" class=\"wp-caption alignnone\"><a href=\"https:\/\/saude.ufpr.br\/epmufpr\/wp-content\/uploads\/sites\/42\/2019\/09\/jorge.jpg\"><img loading=\"lazy\" decoding=\"async\" aria-describedby=\"caption-attachment-1840\" class=\"size-thumbnail wp-image-1840\" src=\"https:\/\/saude.ufpr.br\/epmufpr\/wp-content\/uploads\/sites\/42\/2019\/09\/jorge-150x150.jpg\" alt=\"\" width=\"150\" height=\"150\" \/><\/a><p id=\"caption-attachment-1840\" class=\"wp-caption-text\">Jorge Rufino Ribas Timi<\/p><\/div><\/td>\n<td width=\"425\">Possui gradua\u00e7\u00e3o em Medicina pela Universidade Federal do Paran\u00e1 (1980), gradua\u00e7\u00e3o em Direito pela Universidade Tuiuti do Paran\u00e1 (2000), mestrado em Medicina pela Universidade Federal do Paran\u00e1 (1992) e doutorado em Medicina pela Universidade Federal do Paran\u00e1 (1998). Atualmente \u00e9 Professor Associado de Cirurgia Vascular da Universidade Federal do Paran\u00e1, Professor de Mercado de Trabalho e Responsabilidade Legal do M\u00e9dico da Universidade Federal do Paran\u00e1. Coordenador do Curso de Cirurgia Endovascular do N\u00facleo de Cirurgia Endovascular e Pesquisa (NICEP), S\u00f3cio Titular da Sociedade Brasileira de Angiologia e Cirurgia Vascular e do Col\u00e9gio Brasileiro dos Cirurgi\u00f5es, membro da Uni\u00e3o Internacional de Angiologia e da Society Vascular Surgery, ex-membro do Conselho Regional de Medicina do Paran\u00e1. Tem experi\u00eancia na \u00e1rea de Medicina, com \u00eanfase em Cirurgia Vascular e Endovascular. Atua na \u00e1rea de Direito M\u00e9dico. Principais temas de interesse: Cirurgia endovascular; trombose venosa; \u00e9tica m\u00e9dica, responsabilidade \u00e9tica e legal do m\u00e9dico; per\u00edcia m\u00e9dica; direitos do paciente.<\/td>\n<\/tr>\n<tr>\n<td width=\"198\">\n<p><div id=\"attachment_1858\" style=\"width: 160px\" class=\"wp-caption alignnone\"><a href=\"https:\/\/saude.ufpr.br\/epmufpr\/wp-content\/uploads\/sites\/42\/2019\/09\/josemarcelo.jpg\"><img loading=\"lazy\" decoding=\"async\" aria-describedby=\"caption-attachment-1858\" class=\"wp-image-1858 size-thumbnail\" src=\"https:\/\/saude.ufpr.br\/epmufpr\/wp-content\/uploads\/sites\/42\/2019\/09\/josemarcelo-150x150.jpg\" alt=\"\" width=\"150\" height=\"150\" srcset=\"https:\/\/saude.ufpr.br\/epmufpr\/wp-content\/uploads\/sites\/42\/2019\/09\/josemarcelo-150x150.jpg 150w, https:\/\/saude.ufpr.br\/epmufpr\/wp-content\/uploads\/sites\/42\/2019\/09\/josemarcelo.jpg 218w\" sizes=\"(max-width: 150px) 100vw, 150px\" \/><\/a><p id=\"caption-attachment-1858\" class=\"wp-caption-text\">Jose Marcelo Penteado<\/p><\/div><\/td>\n<td width=\"425\">M\u00e9dico do Trabalho, Perito Judicial, M\u00e9dico do Trabalho. Especialista em Doen\u00e7as Ocupacionais, Perito Judicial, Membro Titular da Associa\u00e7\u00e3o Nacional de Medicina do Trabalho, Member of International Commission on Occupational Health, Consultor em Ergonomia LER\/DORT, Analista Certificado de Occupational Repetitives Actions (OCRA Internacional), Membro Titular da Associa\u00e7\u00e3o Portuguesa de Avalia\u00e7\u00e3o do Dano Corporal, P\u00f3s graduado pela Universidade de Coimbra, Professor da p\u00f3s-gradua\u00e7\u00e3o de Ergonomia da Universidade Estadual de Londrina. Propriet\u00e1rio do Instituto Imers\u00e3o, realizando cursos nacionalmente. Propriet\u00e1rio da MedSafe Solution empresa de softwares da \u00e1rea de sa\u00fade ocupacional e ergonomia.<\/td>\n<\/tr>\n<tr>\n<td width=\"198\">\n<p><div id=\"attachment_2978\" style=\"width: 160px\" class=\"wp-caption alignnone\"><img loading=\"lazy\" decoding=\"async\" aria-describedby=\"caption-attachment-2978\" class=\"wp-image-2978 size-thumbnail\" src=\"https:\/\/saude.ufpr.br\/epmufpr\/wp-content\/uploads\/sites\/42\/2024\/10\/Rafaelo-150x150.png\" alt=\"\" width=\"150\" height=\"150\" \/><p id=\"caption-attachment-2978\" class=\"wp-caption-text\">Raffaello Popa Di Bernardi<\/p><\/div><\/td>\n<td width=\"425\">M\u00e9dico pela UFPR;<br \/>\nArquiteto e Urbanista pela UFPR;<br \/>\nEngenheiro de Seguran\u00e7a do Trabalho pela UTFPR;<br \/>\nEspecializa\u00e7\u00e3o em Medicina do Trabalho pela UFPR;<br \/>\nT\u00edtulo de Especialista em Medicina do Trabalho pela\u2013 ANAMT\/AMB;<br \/>\nT\u00edtulo de Especialista em Medicina Legal e Per\u00edcia M\u00e9dica pela ABMLPM\/AMB;<br \/>\nMestre em Biologia Celular e Molecular pela UFPR;<br \/>\nPresidente da Associa\u00e7\u00e3o Paranaense de Medicina do Trabalho \u2013 APAMT \u2013 Gest\u00e3o 2023-2024;<br \/>\nMembro da C\u00e2mara T\u00e9cnica de Medicina do Trabalho, 2023-2028 \u2013 CRM-PR<br \/>\nProfessor da especializa\u00e7\u00e3o em Engenharia de Seguran\u00e7a do Trabalho; Medicina do Trabalho e Per\u00edcias M\u00e9dicas na UTFPR, UFPR e PUC-PR;<br \/>\nExperi\u00eancia nas \u00e1reas operacional, gest\u00e3o, assist\u00eancia t\u00e9cnica, consultoria e doc\u00eancia.<\/td>\n<\/tr>\n<tr>\n<td width=\"215\">\n<p><div id=\"attachment_2631\" style=\"width: 160px\" class=\"wp-caption alignnone\"><img loading=\"lazy\" decoding=\"async\" aria-describedby=\"caption-attachment-2631\" class=\"wp-image-2631 size-thumbnail\" src=\"https:\/\/saude.ufpr.br\/epmufpr\/wp-content\/uploads\/sites\/42\/2023\/03\/servletrecuperafoto-150x150.jpg\" alt=\"\" width=\"150\" height=\"150\" \/><p id=\"caption-attachment-2631\" class=\"wp-caption-text\">Rafael Garcia de Paula<\/p><\/div><\/td>\n<td width=\"425\">Gradua\u00e7\u00e3o em medicina pela Universidade Federal do Paran\u00e1. Especializa\u00e7\u00e3o em Medicina do Trabalho com titula\u00e7\u00e3o pela ANAMT\/AMB e em Per\u00edcias M\u00e9dicas tamb\u00e9m pela UFPR. Curso de aperfei\u00e7oamento em Sa\u00fade Mental e Trabalho pelo instituto SEDES Sapientiae\/SP. M\u00e9dico perito na Prefeitura Municipal de Campo Largo, assistente t\u00e9cnico no TRT 15, perito judicial no TRT 9 e assessor sindical em sa\u00fade do trabalhador. Atualmente M\u00e9dico Perito\/SIASS e Chefe da Se\u00e7\u00e3o de Avalia\u00e7\u00e3o e Per\u00edcias em Sa\u00fade da UFPR.<\/td>\n<\/tr>\n<tr>\n<td width=\"215\">Diogo Rafael Polanski<\/td>\n<td width=\"425\">Gradua\u00e7\u00e3o em Medicina pela Universidade Federal do Paran\u00e1 (2006). Especialista em<br \/>\nMedicina do Trabalho pela Universidade Federal do Paran\u00e1 (2012). Especialista em<br \/>\nMedicina Legal e Pericias M\u00e9dicas pela Faculdade de Ci\u00eancias M\u00e9dicas da Santa Casa de<br \/>\nS\u00e3o Paulo (2015). Curso em Ergonomia e <em>Human Factors<\/em> na Universidade de Harvard<br \/>\n(2014). Curso em Avalia\u00e7\u00e3o do Dano Corporal na Universidade <em>Complutense<\/em> de Madri<br \/>\n(2016). M\u00e9dico do Trabalho do Hospital das Cl\u00ednicas da UFPR. M\u00e9dico Perito Judicial na JFPR, JFSC, TRT9, TRT12, TRT15 e em varas c\u00edveis.<\/td>\n<\/tr>\n<\/tbody>\n<\/table>\n<table width=\"979\">\n<tbody>\n<tr>\n<td width=\"327\">Fl\u00e1via Regina Guimar\u00e3es Carneiro Almeida<\/td>\n<td width=\"646\">M\u00e9dica formada pela UFPR, Otorrinolaringologista, M\u00e9dica do Tr\u00e1fego, M\u00e9dica do Trabalho, com especializa\u00e7\u00e3o em Medina Legal e Per\u00edcias M\u00e9dicas e complementa\u00e7\u00e3o especializada em Otoneurologia Cl\u00ednica e em Medicina do Sono. Professora convidada nas p\u00f3s-gradua\u00e7\u00f5es em Per\u00edcias M\u00e9dicas e Medicina do Trabalho da UFPR e na p\u00f3s- gradua\u00e7\u00e3o em Medicina Legal e Per\u00edcias M\u00e9dicas da FCMSCSP.<\/td>\n<\/tr>\n<tr>\n<td width=\"327\">\n<p><div id=\"attachment_2982\" style=\"width: 160px\" class=\"wp-caption alignnone\"><img loading=\"lazy\" decoding=\"async\" aria-describedby=\"caption-attachment-2982\" class=\"wp-image-2982 size-thumbnail\" src=\"https:\/\/saude.ufpr.br\/epmufpr\/wp-content\/uploads\/sites\/42\/2024\/10\/Eduardo-150x150.png\" alt=\"\" width=\"150\" height=\"150\" \/><p id=\"caption-attachment-2982\" class=\"wp-caption-text\">Eduardo Tosta Garschagen<\/p><\/div><\/td>\n<td width=\"646\">Gradua\u00e7\u00e3o em Medicina pela Universidade Federal do Paran\u00e1 (2004), Resid\u00eancia em Ortopedia e traumatologia pela UFPR (2005 a 2007), cirurgi\u00e3o de joelho, com experi\u00eancia em medicina esportiva e medicina pericial.<\/td>\n<\/tr>\n<tr>\n<td width=\"327\">\n<p><div id=\"attachment_2980\" style=\"width: 160px\" class=\"wp-caption alignnone\"><img loading=\"lazy\" decoding=\"async\" aria-describedby=\"caption-attachment-2980\" class=\"wp-image-2980 size-thumbnail\" src=\"https:\/\/saude.ufpr.br\/epmufpr\/wp-content\/uploads\/sites\/42\/2024\/10\/Sheylla_3x4-150x150.jpg\" alt=\"\" width=\"150\" height=\"150\" \/><p id=\"caption-attachment-2980\" class=\"wp-caption-text\">K\u00e1tia Sheylla Malta Purim<\/p><\/div><\/td>\n<td width=\"646\">M\u00e9dica Dermatologista pela Sociedade Brasileira de Dermatologia (SBD), com especializa\u00e7\u00e3o em Medicina do Trabalho (UFPR). Doutora em Medicina pela Universidade Federal do Paran\u00e1 (UFPR). Professora Titular do Curso de Medicina da Universidade Positivo (UP). Aperfei\u00e7oamento em Gest\u00e3o da Aprendizagem (UP).<\/td>\n<\/tr>\n<tr>\n<td width=\"327\">Maria Cecilia Closs Ono<\/td>\n<td width=\"646\">Possui gradua\u00e7\u00e3o em Medicina pela Universidade Federal do Paran\u00e1. Resid\u00eancia m\u00e9dica em Cirurgia Geral pelo Hospital de Cl\u00ednicas da Universidade Federal do Paran\u00e1 e especializa\u00e7\u00e3o em Cirurgia Pl\u00e1stica e Reconstrutora pelo Hospital de Cl\u00ednicas da Universidade Federal do Paran\u00e1. Membro Especialista da Sociedade Brasileira de Cirurgia Pl\u00e1stica e da Associa\u00e7\u00e3o Brasileira de Cirurgia Craniomaxilofacial. Mestrado e Doutorado em C\u00ednica Cir\u00fargica pela Universidade Federal do Paran\u00e1. Professora Adjunto III do Departamento de Cirurgia (Disciplina de Cirurgia Pl\u00e1stica) da Universidade Federal do Paran\u00e1.<\/td>\n<\/tr>\n<tr>\n<td width=\"327\">Marcelo de Oliveira<\/td>\n<td width=\"646\">Gradua\u00e7\u00e3o em medicina pela Faculdade Evang\u00e9lica de Medicina do Paran\u00e1 (1995), com especializa\u00e7\u00e3o em medicina do trabalho pela Universidade Federal de Santa Catarina (2000) e titula\u00e7\u00e3o pela ANAMT\/AMB. M\u00e9dico do trabalho com atua\u00e7\u00e3o na Se\u00e7\u00e3o de Avalia\u00e7\u00e3o e Per\u00edcias em Sa\u00fade da UFPR e atualmente na Unidade de Sa\u00fade do Trabalhador da institui\u00e7\u00e3o.<\/td>\n<\/tr>\n<tr>\n<td width=\"327\">Charyse Alice Mattuella Otsuka<\/td>\n<td width=\"646\">Graduada em Medicina pela Pontif\u00edcia Universidade Cat\u00f3lica do Paran\u00e1 (2209), com especializa\u00e7\u00f5es em Medicina do Trabalho pela Universidade Federal do Paran\u00e1 e especializa\u00e7\u00e3o em Per\u00edcias M\u00e9dicas pela Faculdade UNIMED. Atualmente exerce a fun\u00e7\u00e3o de M\u00e9dica Perita\/SIASS, coordenadora do PCMSO de uma multinacional do ramo agr\u00edcola e atua como tutora da p\u00f3s-gradua\u00e7\u00e3o em Per\u00edcia M\u00e9dica da Universidade Federal do Paran\u00e1.<\/td>\n<\/tr>\n<tr>\n<td width=\"327\">Carlos Augusto Maranh\u00e3o de Loyola<\/td>\n<td width=\"646\">M\u00e9dico Psiquiatra (CRM-PR 20879), graduado pela Universidade Federal do Paran\u00e1 (1998-2003). Resid\u00eancia em Psiquiatria, Cl\u00ednica Heidelberg (Curitiba-PR, 2004-2006); Cursos: Raiva e Agressividade; Psicofarmacologia; Neurologia; Neurosci\u00eancias; Psiquiatria &#8211; Departamento de P\u00f3s-gradua\u00e7\u00e3o da Universidade de Harvard (Boston \u2013 USA, 2006); Observer Fellow. Children\u2019s Hospital. ASAP \u2013 Adolescent Substance Abuse Program (Boston \u2013 USA, 2006); P\u00f3s-gradua\u00e7\u00e3o \u2013 Curso em Depend\u00eancia Qu\u00edmica da Universidade Federal de S\u00e3o Paulo (S\u00e3o Paulo-SP, 2005-2007); P\u00f3s-gradua\u00e7\u00e3o em Terapia Cognitivo-comportamental, pela Sociedade Paranaense de Psiquiatria (Curitiba-PR, 2007-2008); Observer Fellow, Tufts Medical School, Laborat\u00f3rio de Transtornos de Humor, supervisionado pelo Dr. Nassir Ghaemi (Boston-USA, 2008). Membro da Associa\u00e7\u00e3o Brasileira de Psiquiatria. P\u00f3s Gradua\u00e7\u00e3o em Medicina Legal e Per\u00edcias M\u00e9dicas pela Faculdades de Ci\u00eancias M\u00e9dicas da Santa Casa de S\u00e3o Paulo (2013-2014). Colaborador do Livro: Curso de Per\u00edcia Judicial Previdenci\u00e1ria, Ed. Alteridade, 2\u00aa ed. 2014. Preceptor do M\u00f3dulo de Psiquiatria do Curso de Qualifica\u00e7\u00e3o em Per\u00edcias M\u00e9dicas, oferecido pela Escola da Magistratura Federal da 4\u00aa Regi\u00e3o, desde 2009. Membro da C\u00e2mara T\u00e9cnica de Psiquiatria do CRM-PR de 2015 \u00e0 2019. Professor convidado do m\u00f3dulo de psiquiatria nos cursos de P\u00f3s-Gradua\u00e7\u00e3o em Per\u00edcias M\u00e9dicas e Medicina do Trabalho\u00a0na\u00a0UFPR.<\/td>\n<\/tr>\n<tr>\n<td width=\"327\"><\/td>\n<td width=\"646\"><\/td>\n<\/tr>\n<\/tbody>\n<\/table>\n","protected":false},"excerpt":{"rendered":"<p>&nbsp; Gradua\u00e7\u00e3o em Medicina pela Universidade Federal do Paran\u00e1 (1987), Medico do Trabalho com T\u00edtulo de Especialista pela ANAMT, Cardiologista com T\u00edtulo de Especialista pela SBC, Especializa\u00e7\u00e3o em Sa\u00fade Coletiva pela PUC\/PR, Mestrado em Medicina Interna pela UFPR. Medico Perito da Prefeitura Municipal de Curitiba com experi\u00eancia em Assist\u00eancia T\u00e9cnica e Perito Judicial. Professor Adjunto<br \/> <a href=\"https:\/\/saude.ufpr.br\/epmufpr\/equipe\/\" class=\"button success small readmore\">Leia mais<\/a><\/p>\n","protected":false},"author":15,"featured_media":0,"parent":0,"menu_order":0,"comment_status":"closed","ping_status":"closed","template":"","meta":{"_acf_changed":false,"_uag_custom_page_level_css":"","footnotes":""},"class_list":["post-1063","page","type-page","status-publish","hentry"],"acf":[],"featured_image_src":null,"uagb_featured_image_src":{"full":false,"thumbnail":false,"medium":false,"medium_large":false,"large":false,"1536x1536":false,"2048x2048":false,"noticias-thumb":false,"banners-thumb":false,"maisnoticias-thumb":false,"post-thumbnail":false},"uagb_author_info":{"display_name":"Andrea Jankoski","author_link":"https:\/\/saude.ufpr.br\/epmufpr\/author\/andrea\/"},"uagb_comment_info":0,"uagb_excerpt":"&nbsp; Gradua\u00e7\u00e3o em Medicina pela Universidade Federal do Paran\u00e1 (1987), Medico do Trabalho com T\u00edtulo de Especialista pela ANAMT, Cardiologista com T\u00edtulo de Especialista pela SBC, Especializa\u00e7\u00e3o em Sa\u00fade Coletiva pela PUC\/PR, Mestrado em Medicina Interna pela UFPR. Medico Perito da Prefeitura Municipal de Curitiba com experi\u00eancia em Assist\u00eancia T\u00e9cnica e Perito Judicial. Professor Adjunto&hellip;","publishpress_future_action":{"enabled":false,"date":"2026-04-22 10:13:35","action":"change-status","newStatus":"draft","terms":[],"taxonomy":"","extraData":[]},"publishpress_future_workflow_manual_trigger":{"enabledWorkflows":[]},"_links":{"self":[{"href":"https:\/\/saude.ufpr.br\/epmufpr\/wp-json\/wp\/v2\/pages\/1063","targetHints":{"allow":["GET"]}}],"collection":[{"href":"https:\/\/saude.ufpr.br\/epmufpr\/wp-json\/wp\/v2\/pages"}],"about":[{"href":"https:\/\/saude.ufpr.br\/epmufpr\/wp-json\/wp\/v2\/types\/page"}],"author":[{"embeddable":true,"href":"https:\/\/saude.ufpr.br\/epmufpr\/wp-json\/wp\/v2\/users\/15"}],"replies":[{"embeddable":true,"href":"https:\/\/saude.ufpr.br\/epmufpr\/wp-json\/wp\/v2\/comments?post=1063"}],"version-history":[{"count":68,"href":"https:\/\/saude.ufpr.br\/epmufpr\/wp-json\/wp\/v2\/pages\/1063\/revisions"}],"predecessor-version":[{"id":2991,"href":"https:\/\/saude.ufpr.br\/epmufpr\/wp-json\/wp\/v2\/pages\/1063\/revisions\/2991"}],"wp:attachment":[{"href":"https:\/\/saude.ufpr.br\/epmufpr\/wp-json\/wp\/v2\/media?parent=1063"}],"curies":[{"name":"wp","href":"https:\/\/api.w.org\/{rel}","templated":true}]}}