{"id":1639,"date":"2019-08-22T11:37:38","date_gmt":"2019-08-22T11:37:38","guid":{"rendered":"https:\/\/saude.ufpr.br\/epmufpr\/?page_id=1639"},"modified":"2020-03-12T10:41:44","modified_gmt":"2020-03-12T13:41:44","slug":"2020-2021","status":"publish","type":"page","link":"https:\/\/saude.ufpr.br\/epmufpr\/2020-2021\/","title":{"rendered":"2020\/2021"},"content":{"rendered":"<h3><strong><span style=\"color: #ff6600;\">ABERTURA DA ESPECIALIZA\u00c7\u00c3O EM PER\u00cdCIAS M\u00c9DICAS &#8211; DIA 07\/03\/2020<\/span><\/strong><\/h3>\n<p><a href=\"https:\/\/saude.ufpr.br\/epmufpr\/wp-content\/uploads\/sites\/42\/2020\/03\/WhatsApp-Image-2020-03-07-at-07.56.38.jpeg\"><img fetchpriority=\"high\" decoding=\"async\" class=\"alignnone size-full wp-image-2027\" src=\"https:\/\/saude.ufpr.br\/epmufpr\/wp-content\/uploads\/sites\/42\/2020\/03\/WhatsApp-Image-2020-03-07-at-07.56.38.jpeg\" alt=\"\" width=\"622\" height=\"1280\" srcset=\"https:\/\/saude.ufpr.br\/epmufpr\/wp-content\/uploads\/sites\/42\/2020\/03\/WhatsApp-Image-2020-03-07-at-07.56.38.jpeg 622w, https:\/\/saude.ufpr.br\/epmufpr\/wp-content\/uploads\/sites\/42\/2020\/03\/WhatsApp-Image-2020-03-07-at-07.56.38-146x300.jpeg 146w, https:\/\/saude.ufpr.br\/epmufpr\/wp-content\/uploads\/sites\/42\/2020\/03\/WhatsApp-Image-2020-03-07-at-07.56.38-498x1024.jpeg 498w\" sizes=\"(max-width: 622px) 100vw, 622px\" \/><\/a><a href=\"https:\/\/saude.ufpr.br\/epmufpr\/wp-content\/uploads\/sites\/42\/2020\/03\/WhatsApp-Image-2020-03-07-at-07.56.38-1.jpeg\"><img decoding=\"async\" class=\"alignnone size-full wp-image-2026\" src=\"https:\/\/saude.ufpr.br\/epmufpr\/wp-content\/uploads\/sites\/42\/2020\/03\/WhatsApp-Image-2020-03-07-at-07.56.38-1.jpeg\" alt=\"\" width=\"622\" height=\"1280\" srcset=\"https:\/\/saude.ufpr.br\/epmufpr\/wp-content\/uploads\/sites\/42\/2020\/03\/WhatsApp-Image-2020-03-07-at-07.56.38-1.jpeg 622w, https:\/\/saude.ufpr.br\/epmufpr\/wp-content\/uploads\/sites\/42\/2020\/03\/WhatsApp-Image-2020-03-07-at-07.56.38-1-146x300.jpeg 146w, https:\/\/saude.ufpr.br\/epmufpr\/wp-content\/uploads\/sites\/42\/2020\/03\/WhatsApp-Image-2020-03-07-at-07.56.38-1-498x1024.jpeg 498w\" sizes=\"(max-width: 622px) 100vw, 622px\" \/><\/a><\/p>\n<p><a href=\"https:\/\/saude.ufpr.br\/epmufpr\/wp-content\/uploads\/sites\/42\/2020\/03\/WhatsApp-Image-2020-03-07-at-07.56.49.jpeg\"><img decoding=\"async\" class=\"alignnone size-full wp-image-2028\" src=\"https:\/\/saude.ufpr.br\/epmufpr\/wp-content\/uploads\/sites\/42\/2020\/03\/WhatsApp-Image-2020-03-07-at-07.56.49.jpeg\" alt=\"\" width=\"1024\" height=\"768\" srcset=\"https:\/\/saude.ufpr.br\/epmufpr\/wp-content\/uploads\/sites\/42\/2020\/03\/WhatsApp-Image-2020-03-07-at-07.56.49.jpeg 1024w, https:\/\/saude.ufpr.br\/epmufpr\/wp-content\/uploads\/sites\/42\/2020\/03\/WhatsApp-Image-2020-03-07-at-07.56.49-300x225.jpeg 300w, https:\/\/saude.ufpr.br\/epmufpr\/wp-content\/uploads\/sites\/42\/2020\/03\/WhatsApp-Image-2020-03-07-at-07.56.49-768x576.jpeg 768w\" sizes=\"(max-width: 1024px) 100vw, 1024px\" \/><\/a><\/p>\n","protected":false},"excerpt":{"rendered":"<p>ABERTURA DA ESPECIALIZA\u00c7\u00c3O EM PER\u00cdCIAS M\u00c9DICAS &#8211; DIA 07\/03\/2020<\/p>\n","protected":false},"author":15,"featured_media":0,"parent":0,"menu_order":0,"comment_status":"closed","ping_status":"closed","template":"","meta":{"_acf_changed":false,"_uag_custom_page_level_css":"","footnotes":""},"class_list":["post-1639","page","type-page","status-publish","hentry"],"acf":[],"featured_image_src":null,"uagb_featured_image_src":{"full":false,"thumbnail":false,"medium":false,"medium_large":false,"large":false,"1536x1536":false,"2048x2048":false,"noticias-thumb":false,"banners-thumb":false,"maisnoticias-thumb":false,"post-thumbnail":false},"uagb_author_info":{"display_name":"Andrea Jankoski","author_link":"https:\/\/saude.ufpr.br\/epmufpr\/author\/andrea\/"},"uagb_comment_info":0,"uagb_excerpt":"ABERTURA DA ESPECIALIZA\u00c7\u00c3O EM PER\u00cdCIAS M\u00c9DICAS &#8211; DIA 07\/03\/2020","publishpress_future_action":{"enabled":false,"date":"2026-04-30 06:05:14","action":"change-status","newStatus":"draft","terms":[],"taxonomy":"","extraData":[]},"publishpress_future_workflow_manual_trigger":{"enabledWorkflows":[]},"_links":{"self":[{"href":"https:\/\/saude.ufpr.br\/epmufpr\/wp-json\/wp\/v2\/pages\/1639","targetHints":{"allow":["GET"]}}],"collection":[{"href":"https:\/\/saude.ufpr.br\/epmufpr\/wp-json\/wp\/v2\/pages"}],"about":[{"href":"https:\/\/saude.ufpr.br\/epmufpr\/wp-json\/wp\/v2\/types\/page"}],"author":[{"embeddable":true,"href":"https:\/\/saude.ufpr.br\/epmufpr\/wp-json\/wp\/v2\/users\/15"}],"replies":[{"embeddable":true,"href":"https:\/\/saude.ufpr.br\/epmufpr\/wp-json\/wp\/v2\/comments?post=1639"}],"version-history":[{"count":4,"href":"https:\/\/saude.ufpr.br\/epmufpr\/wp-json\/wp\/v2\/pages\/1639\/revisions"}],"predecessor-version":[{"id":2029,"href":"https:\/\/saude.ufpr.br\/epmufpr\/wp-json\/wp\/v2\/pages\/1639\/revisions\/2029"}],"wp:attachment":[{"href":"https:\/\/saude.ufpr.br\/epmufpr\/wp-json\/wp\/v2\/media?parent=1639"}],"curies":[{"name":"wp","href":"https:\/\/api.w.org\/{rel}","templated":true}]}}