{"id":1681,"date":"2019-09-03T18:45:24","date_gmt":"2019-09-03T18:45:24","guid":{"rendered":"https:\/\/saude.ufpr.br\/epmufpr\/?page_id=1681"},"modified":"2020-10-14T09:22:27","modified_gmt":"2020-10-14T12:22:27","slug":"2020-2021-2","status":"publish","type":"page","link":"https:\/\/saude.ufpr.br\/epmufpr\/2020-2021-2\/","title":{"rendered":"2020-2021"},"content":{"rendered":"<h4><strong>ANO 2020<\/strong><\/h4>\n<table width=\"0\">\n<tbody>\n<tr>\n<td width=\"66\"><strong>Data<\/strong><\/td>\n<td width=\"85\"><strong>Hor\u00e1rio<\/strong><\/td>\n<td width=\"435\"><strong>Disciplina<\/strong><\/td>\n<\/tr>\n<tr>\n<td width=\"66\"><strong>06 mar<\/strong><\/td>\n<td width=\"85\">19:00\/22:30<\/td>\n<td width=\"435\">Abertura \u2013 Palestra Campo de Atua\u00e7\u00e3o M\u00e9dico-Pericial<\/td>\n<\/tr>\n<tr>\n<td width=\"66\"><strong>07 mar<\/strong><\/td>\n<td width=\"85\">08:30\/12:00<\/td>\n<td width=\"435\">Conceitos e Fundamentos em Per\u00edcia M\u00e9dica, Atribui\u00e7\u00f5es, Mercado de Trabalho, Honor\u00e1rios.<\/td>\n<\/tr>\n<tr>\n<td width=\"66\"><strong>07 mar<\/strong><\/td>\n<td width=\"85\">14:00\/18:00<\/td>\n<td width=\"435\">Legisla\u00e7\u00e3o e Per\u00edcia: Poderes, Deveres e \u00d4nus dos Peritos, Impedimento e Suspei\u00e7\u00e3o.<\/td>\n<\/tr>\n<tr>\n<td width=\"66\"><strong>20 mar<\/strong><\/td>\n<td width=\"85\">19:00\/22:30<\/td>\n<td width=\"435\">Responsabilidade Civil, Penal e Administrativa do M\u00e9dico Perito,<\/td>\n<\/tr>\n<tr>\n<td width=\"66\"><strong>21 mar<\/strong><\/td>\n<td width=\"85\">08:30\/18:00<\/td>\n<td width=\"435\">Responsabilidade Civil, Penal e Administrativa do M\u00e9dico Perito,<\/td>\n<\/tr>\n<tr>\n<td width=\"66\"><strong>03 abr<\/strong><\/td>\n<td width=\"85\">19:00\/22:30<\/td>\n<td width=\"435\">Assistente T\u00e9cnico, conceito, atividades e fundamento Jur\u00eddico, Formula\u00e7\u00e3o dos Quesitos,<\/td>\n<\/tr>\n<tr>\n<td width=\"66\"><strong>04 abr<\/strong><\/td>\n<td width=\"85\">08:30\/18:00<\/td>\n<td width=\"435\">Assistente T\u00e9cnico, conceito, atividades e fundamento Jur\u00eddico, Formula\u00e7\u00e3o dos Quesitos<\/td>\n<\/tr>\n<tr>\n<td width=\"66\"><strong>24 abr<\/strong><\/td>\n<td width=\"85\">19:00\/22:30<\/td>\n<td width=\"435\">Deontologia em per\u00edcia m\u00e9dica, C\u00f3digo de \u00c9tica Medica, Erro M\u00e9dico<\/td>\n<\/tr>\n<tr>\n<td width=\"66\"><strong>25 abr<\/strong><\/td>\n<td width=\"85\">08:30\/18:00<\/td>\n<td width=\"435\">Deontologia em per\u00edcia m\u00e9dica, C\u00f3digo de \u00c9tica Medica, Erro M\u00e9dico<\/td>\n<\/tr>\n<tr>\n<td width=\"66\"><strong>08 mai<\/strong><\/td>\n<td width=\"85\">19:00\/22:30<\/td>\n<td width=\"435\">Per\u00edcia Administrativa (servidores p\u00fablicos)<\/td>\n<\/tr>\n<tr>\n<td width=\"66\"><strong>09 mai<\/strong><\/td>\n<td width=\"85\">08:30\/18:00<\/td>\n<td width=\"435\">Per\u00edcia Administrativa (servidores p\u00fablicos)<\/td>\n<\/tr>\n<tr>\n<td width=\"66\"><strong>22 mai<\/strong><\/td>\n<td width=\"85\">19:00\/22:30<\/td>\n<td width=\"435\">Processo Sa\u00fade Doen\u00e7a, Determinantes em Sa\u00fade na Per\u00edcia M\u00e9dica<\/td>\n<\/tr>\n<tr>\n<td width=\"66\"><strong>23 mai<\/strong><\/td>\n<td width=\"85\">08:30\/18:00<\/td>\n<td width=\"435\">Processo Sa\u00fade Doen\u00e7a, Determinantes em Sa\u00fade na Per\u00edcia M\u00e9dica<\/td>\n<\/tr>\n<tr>\n<td width=\"66\"><strong>05 jun<\/strong><\/td>\n<td width=\"85\">19:00\/22:30<\/td>\n<td width=\"435\">Metodologia Cient\u00edfica<\/td>\n<\/tr>\n<tr>\n<td width=\"66\"><strong>06 jun<\/strong><\/td>\n<td width=\"85\">08:30\/18:00<\/td>\n<td width=\"435\">Metodologia Cient\u00edfica<\/td>\n<\/tr>\n<tr>\n<td width=\"66\"><strong>19 jun<\/strong><\/td>\n<td width=\"85\">19:00\/22:30<\/td>\n<td width=\"435\">Per\u00edcia trabalhista<\/td>\n<\/tr>\n<tr>\n<td width=\"66\"><strong>20 jun<\/strong><\/td>\n<td width=\"85\">08:30\/18:00<\/td>\n<td width=\"435\">Per\u00edcia trabalhista<\/td>\n<\/tr>\n<tr>\n<td width=\"66\"><strong>03 jul<\/strong><\/td>\n<td width=\"85\">19:00\/22:30<\/td>\n<td width=\"435\">Per\u00edcia em medicina de tr\u00e1fego<\/td>\n<\/tr>\n<tr>\n<td width=\"66\"><strong>04 jul <\/strong><\/td>\n<td width=\"85\">08:30\/18:00<\/td>\n<td width=\"435\">Per\u00edcia Securit\u00e1ria<\/td>\n<\/tr>\n<tr>\n<td width=\"66\"><strong>31 jul<\/strong><\/td>\n<td width=\"85\">19:00\/22:30<\/td>\n<td width=\"435\">Per\u00edcia Previdenci\u00e1ria (INSS)<\/td>\n<\/tr>\n<tr>\n<td width=\"66\"><strong>01 ago<\/strong><\/td>\n<td width=\"85\">08:30\/18:00<\/td>\n<td width=\"435\">Per\u00edcia Previdenci\u00e1ria (INSS)<\/td>\n<\/tr>\n<tr>\n<td width=\"66\"><strong>14 ago<\/strong><\/td>\n<td width=\"85\">19:00\/22:30<\/td>\n<td width=\"435\">Per\u00edcia m\u00e9dico legal<\/td>\n<\/tr>\n<tr>\n<td width=\"66\"><strong>15 ago<\/strong><\/td>\n<td width=\"85\">08:30\/18:00<\/td>\n<td width=\"435\">Per\u00edcia m\u00e9dico legal<\/td>\n<\/tr>\n<tr>\n<td width=\"66\"><strong>28 ago<\/strong><\/td>\n<td width=\"85\">19:00\/22:30<\/td>\n<td width=\"435\">Per\u00edcia m\u00e9dico legal<\/td>\n<\/tr>\n<tr>\n<td width=\"66\"><strong>29 ago<\/strong><\/td>\n<td width=\"85\">08:30\/18:00<\/td>\n<td width=\"435\">Per\u00edcia m\u00e9dico legal no IML de Curitiba<\/td>\n<\/tr>\n<tr>\n<td width=\"66\"><strong>11 set<\/strong><\/td>\n<td width=\"85\">19:00\/22:30<\/td>\n<td width=\"435\">Higiene do Trabalho: conceitos, t\u00e9cnicas, metodologias.\u00a0 Riscos Ocupacionais: f\u00edsicos, qu\u00edmicos e biol\u00f3gicos. PPRA (NR-9), EPI (NR-6). Periculosidade e Insalubridade (NR 15)<\/td>\n<\/tr>\n<tr>\n<td width=\"66\"><strong>12 set<\/strong><\/td>\n<td width=\"85\">08:30\/18:00<\/td>\n<td width=\"435\">Higiene do Trabalho: conceitos, t\u00e9cnicas, metodologias.\u00a0 Riscos Ocupacionais: f\u00edsicos, qu\u00edmicos e biol\u00f3gicos. PPRA (NR-9), EPI (NR-6). Periculosidade e Insalubridade (NR 15)<\/td>\n<\/tr>\n<tr>\n<td width=\"66\"><strong>25 set<\/strong><\/td>\n<td width=\"85\">19:00\/22:30<\/td>\n<td width=\"435\">Normas Regulamentadoras (\u00eanfase em alguns aspectos, principalmente das NRs: 1, 2, 3, 5, 8, 10, 12, 18, 24, 31, 33, 35, 36).<\/td>\n<\/tr>\n<tr>\n<td width=\"66\"><strong>26 set<\/strong><\/td>\n<td width=\"85\">08:30\/18:00<\/td>\n<td width=\"435\">Normas Regulamentadoras (\u00eanfase em alguns aspectos, principalmente das NRs: 1, 2, 3, 5, 8, 10, 12, 18, 24, 31, 33, 35, 36).<\/td>\n<\/tr>\n<tr>\n<td width=\"66\"><strong>16 out<\/strong><\/td>\n<td width=\"85\">19:00\/22:30<\/td>\n<td width=\"435\">Per\u00edcia na Exposi\u00e7\u00e3o Ocupacional aos Agentes F\u00edsicos (NR9)<\/td>\n<\/tr>\n<tr>\n<td width=\"66\"><strong>17 out<\/strong><\/td>\n<td width=\"85\">08:30\/18:00<\/td>\n<td width=\"435\">Per\u00edcia na Exposi\u00e7\u00e3o Ocupacional aos Agentes Qu\u00edmicos<\/td>\n<\/tr>\n<tr>\n<td width=\"66\"><strong>06 nov<\/strong><\/td>\n<td width=\"85\">19:00\/22:30<\/td>\n<td width=\"435\">Per\u00edcia na Exposi\u00e7\u00e3o Ocupacional aos Agentes Biol\u00f3gicos (NR32)<\/td>\n<\/tr>\n<tr>\n<td width=\"66\"><strong>07 nov<\/strong><\/td>\n<td width=\"85\">08:30\/18:00<\/td>\n<td width=\"435\">Per\u00edcia na Exposi\u00e7\u00e3o Ocupacional aos Agentes Ergon\u00f4micos (NR17)<\/td>\n<\/tr>\n<tr>\n<td width=\"66\"><strong>20 nov<\/strong><\/td>\n<td width=\"85\">19:00\/22:30<\/td>\n<td width=\"435\">Acidente de Trabalho &#8211; Doen\u00e7as Ocupacionais: Conceitos, Classifica\u00e7\u00e3o de Schilling, Nexo Causal.<\/td>\n<\/tr>\n<tr>\n<td width=\"66\"><strong>21 nov<\/strong><\/td>\n<td width=\"85\">08:30\/18:00<\/td>\n<td width=\"435\">Programa de Controle M\u00e9dico e Sa\u00fade Ocupacional &#8211; PCMSO (NR7)<\/td>\n<\/tr>\n<tr>\n<td width=\"66\"><strong>04 dez<\/strong><\/td>\n<td width=\"85\">19:00\/22:30<\/td>\n<td width=\"435\">Metodologia Cient\u00edfica: Apresenta\u00e7\u00e3o do Projeto de Pesquisa<\/td>\n<\/tr>\n<tr>\n<td width=\"66\"><strong>05 dez<\/strong><\/td>\n<td width=\"85\">08:30\/18:00<\/td>\n<td width=\"435\">Metodologia Cient\u00edfica: Apresenta\u00e7\u00e3o do Projeto de Pesquisa<\/td>\n<\/tr>\n<\/tbody>\n<\/table>\n<p><strong>\u00a0<\/strong><\/p>\n<h4><strong>ANO 2021<\/strong><\/h4>\n<table style=\"height: 2500x;\" width=\"0\" cellspacing=\"0\" cellpadding=\"7\">\n<colgroup>\n<col width=\"84\" \/>\n<col width=\"114\" \/>\n<col width=\"608\" \/> <\/colgroup>\n<tbody>\n<tr valign=\"bottom\">\n<td bgcolor=\"#ffffff\" width=\"84\" height=\"11\">\n<p align=\"center\"><strong>Data<\/strong><\/p>\n<\/td>\n<td bgcolor=\"#ffffff\" width=\"114\">\n<p align=\"center\"><strong>Hor\u00e1rio<\/strong><\/p>\n<\/td>\n<td bgcolor=\"#ffffff\" width=\"608\">\n<p align=\"center\"><strong>Disciplina<\/strong><\/p>\n<\/td>\n<\/tr>\n<tr>\n<td valign=\"bottom\" bgcolor=\"#ffffff\" width=\"84\" height=\"12\">\n<p align=\"center\">05 fev<\/p>\n<\/td>\n<td valign=\"bottom\" bgcolor=\"#ffffff\" width=\"114\">\n<p align=\"center\">19:00\/22:30<\/p>\n<\/td>\n<td bgcolor=\"#ffffff\" width=\"608\">Higiene do Trabalho: conceitos, t\u00e9cnicas, metodologias. Riscos Ocupacionais: f\u00edsicos, qu\u00edmicos e biol\u00f3gicos. PPRA (NR-9), EPI (NR-6). Periculosidade e Insalubridade (NR 15)<\/td>\n<\/tr>\n<tr>\n<td valign=\"bottom\" bgcolor=\"#ffffff\" width=\"84\" height=\"12\">\n<p align=\"center\">06 fev<\/p>\n<\/td>\n<td valign=\"bottom\" bgcolor=\"#ffffff\" width=\"114\">\n<p align=\"center\">08:30\/18:00<\/p>\n<\/td>\n<td bgcolor=\"#ffffff\" width=\"608\">Higiene do Trabalho: conceitos, t\u00e9cnicas, metodologias. Riscos Ocupacionais: f\u00edsicos, qu\u00edmicos e biol\u00f3gicos. PPRA (NR-9), EPI (NR-6). Periculosidade e Insalubridade (NR 15)<\/td>\n<\/tr>\n<tr>\n<td valign=\"bottom\" bgcolor=\"#ffffff\" width=\"84\" height=\"12\">\n<p align=\"center\">19 fev<\/p>\n<\/td>\n<td valign=\"bottom\" bgcolor=\"#ffffff\" width=\"114\">\n<p align=\"center\">19:00\/22:30<\/p>\n<\/td>\n<td bgcolor=\"#ffffff\" width=\"608\">Normas Regulamentadoras (\u00eanfase em alguns aspectos, principalmente das NRs: 1, 2, 3, 5, 8, 10, 12, 18, 24, 31, 33, 35, 36).<\/td>\n<\/tr>\n<tr>\n<td valign=\"bottom\" bgcolor=\"#ffffff\" width=\"84\" height=\"12\">\n<p align=\"center\">20 fev<\/p>\n<\/td>\n<td valign=\"bottom\" bgcolor=\"#ffffff\" width=\"114\">\n<p align=\"center\">08:30\/18:00<\/p>\n<\/td>\n<td bgcolor=\"#ffffff\" width=\"608\">Normas Regulamentadoras (\u00eanfase em alguns aspectos, principalmente das NRs: 1, 2, 3, 5, 8, 10, 12, 18, 24, 31, 33, 35, 36).<\/td>\n<\/tr>\n<tr>\n<td valign=\"bottom\" bgcolor=\"#ffffff\" width=\"84\" height=\"12\">\n<p align=\"center\">05 mar<\/p>\n<\/td>\n<td valign=\"bottom\" bgcolor=\"#ffffff\" width=\"114\">\n<p align=\"center\">19:00\/22:30<\/p>\n<\/td>\n<td bgcolor=\"#ffffff\" width=\"608\">Per\u00edcia na Exposi\u00e7\u00e3o Ocupacional aos Agentes F\u00edsicos (NR9)<\/td>\n<\/tr>\n<tr>\n<td valign=\"bottom\" bgcolor=\"#ffffff\" width=\"84\" height=\"12\">\n<p align=\"center\">06 mar<\/p>\n<\/td>\n<td valign=\"bottom\" bgcolor=\"#ffffff\" width=\"114\">\n<p align=\"center\">08:30\/18:00<\/p>\n<\/td>\n<td bgcolor=\"#ffffff\" width=\"608\">Per\u00edcia na Exposi\u00e7\u00e3o Ocupacional aos Agentes Qu\u00edmicos<\/td>\n<\/tr>\n<tr>\n<td valign=\"bottom\" bgcolor=\"#ffffff\" width=\"84\" height=\"12\">\n<p align=\"center\">19 mar<\/p>\n<\/td>\n<td valign=\"bottom\" bgcolor=\"#ffffff\" width=\"114\">\n<p align=\"center\">19:00\/22:30<\/p>\n<\/td>\n<td bgcolor=\"#ffffff\" width=\"608\">Per\u00edcia na Exposi\u00e7\u00e3o Ocupacional aos Agentes Biol\u00f3gicos (NR32)<\/td>\n<\/tr>\n<tr>\n<td valign=\"bottom\" bgcolor=\"#ffffff\" width=\"84\" height=\"12\">\n<p align=\"center\">20 mar<\/p>\n<\/td>\n<td valign=\"bottom\" bgcolor=\"#ffffff\" width=\"114\">\n<p align=\"center\">08:30\/18:00<\/p>\n<\/td>\n<td bgcolor=\"#ffffff\" width=\"608\">Per\u00edcia na Exposi\u00e7\u00e3o Ocupacional aos Agentes Ergon\u00f4micos (NR17)<\/td>\n<\/tr>\n<tr>\n<td valign=\"bottom\" bgcolor=\"#ffffff\" width=\"84\" height=\"12\">\n<p align=\"center\">09 abr<\/p>\n<\/td>\n<td valign=\"bottom\" bgcolor=\"#ffffff\" width=\"114\">\n<p align=\"center\">19:00\/22:30<\/p>\n<\/td>\n<td bgcolor=\"#ffffff\" width=\"608\">Acidente de Trabalho &#8211; Doen\u00e7as Ocupacionais: Conceitos, Classifica\u00e7\u00e3o de Schilling, Nexo Causal.<\/td>\n<\/tr>\n<tr>\n<td valign=\"bottom\" bgcolor=\"#ffffff\" width=\"84\" height=\"12\">\n<p align=\"center\">10 abr<\/p>\n<\/td>\n<td valign=\"bottom\" bgcolor=\"#ffffff\" width=\"114\">\n<p align=\"center\">08:30\/18:00<\/p>\n<\/td>\n<td bgcolor=\"#ffffff\" width=\"608\">Programa de Controle M\u00e9dico e Sa\u00fade Ocupacional &#8211; PCMSO (NR7)<\/td>\n<\/tr>\n<tr>\n<td valign=\"bottom\" bgcolor=\"#ffffff\" width=\"84\" height=\"12\">\n<p align=\"center\">23 abr<\/p>\n<\/td>\n<td valign=\"bottom\" bgcolor=\"#ffffff\" width=\"114\">\n<p align=\"center\">19:00\/22:30<\/p>\n<\/td>\n<td bgcolor=\"#ffffff\" width=\"608\">Metodologia Cient\u00edfica: Apresenta\u00e7\u00e3o do Projeto de Pesquisa<\/td>\n<\/tr>\n<tr>\n<td valign=\"bottom\" bgcolor=\"#ffffff\" width=\"84\" height=\"12\">\n<p align=\"center\">24 abr<\/p>\n<\/td>\n<td valign=\"bottom\" bgcolor=\"#ffffff\" width=\"114\">\n<p align=\"center\">08:30\/18:00<\/p>\n<\/td>\n<td bgcolor=\"#ffffff\" width=\"608\">Metodologia Cient\u00edfica: Apresenta\u00e7\u00e3o do Projeto de Pesquisa<\/td>\n<\/tr>\n<tr>\n<td valign=\"bottom\" bgcolor=\"#ffffff\" width=\"84\" height=\"12\">\n<p align=\"center\">07 mai<\/p>\n<\/td>\n<td valign=\"bottom\" bgcolor=\"#ffffff\" width=\"114\">\n<p align=\"center\">19:00\/22:30<\/p>\n<\/td>\n<td bgcolor=\"#ffffff\" width=\"608\">Per\u00edcia Psiqui\u00e1trica: Principais S\u00edndromes Cl\u00ednicas, Semiologia Psiqui\u00e1trica, Nexo Causal, Simula\u00e7\u00e3o, Aliena\u00e7\u00e3o Mental<\/td>\n<\/tr>\n<tr>\n<td valign=\"bottom\" bgcolor=\"#ffffff\" width=\"84\" height=\"12\">\n<p align=\"center\">08 mai<\/p>\n<\/td>\n<td valign=\"bottom\" bgcolor=\"#ffffff\" width=\"114\">\n<p align=\"center\">08:30\/18:00<\/p>\n<\/td>\n<td bgcolor=\"#ffffff\" width=\"608\">Per\u00edcia Psiqui\u00e1trica: Principais S\u00edndromes Cl\u00ednicas, Semiologia Psiqui\u00e1trica, Nexo Causal, Simula\u00e7\u00e3o, Aliena\u00e7\u00e3o Mental<\/td>\n<\/tr>\n<tr>\n<td valign=\"bottom\" bgcolor=\"#ffffff\" width=\"84\" height=\"12\">\n<p align=\"center\">21 mai<\/p>\n<\/td>\n<td valign=\"bottom\" bgcolor=\"#ffffff\" width=\"114\">\n<p align=\"center\">19:00\/22:30<\/p>\n<\/td>\n<td bgcolor=\"#ffffff\" width=\"608\">Per\u00edcia em Ortopedia: DORT, Semiologia Ortop\u00e9dica, Patologias da Coluna Vertebral, S\u00edndrome do Ombro Doloroso, Exames de Imagem Ortopedia, Espondilite\u00a0 Anquilosante, Doen\u00e7a de Paget<\/td>\n<\/tr>\n<tr>\n<td valign=\"bottom\" bgcolor=\"#ffffff\" width=\"84\" height=\"12\">\n<p align=\"center\">22 mai<\/p>\n<\/td>\n<td valign=\"bottom\" bgcolor=\"#ffffff\" width=\"114\">\n<p align=\"center\">08:30\/18:00<\/p>\n<\/td>\n<td bgcolor=\"#ffffff\" width=\"608\">Per\u00edcia em Ortopedia: DORT, Semiologia Ortop\u00e9dica, Patologias da Coluna Vertebral, S\u00edndrome do Ombro Doloroso, Exames de Imagem Ortopedia, Espondilite\u00a0 Anquilosante, Doen\u00e7a de Paget<\/td>\n<\/tr>\n<tr>\n<td valign=\"bottom\" bgcolor=\"#ffffff\" width=\"84\" height=\"12\">\n<p align=\"center\">11 jun<\/p>\n<\/td>\n<td valign=\"bottom\" bgcolor=\"#ffffff\" width=\"114\">\n<p align=\"center\">19:00\/22:30<\/p>\n<\/td>\n<td bgcolor=\"#ffffff\" width=\"608\">Per\u00edcia em Cardiologia: Patologias Cardiovasculares, Cardiopatia Grave<\/td>\n<\/tr>\n<tr>\n<td valign=\"bottom\" bgcolor=\"#ffffff\" width=\"84\" height=\"12\">\n<p align=\"center\">12 jun<\/p>\n<\/td>\n<td valign=\"bottom\" bgcolor=\"#ffffff\" width=\"114\">\n<p align=\"center\">08:30\/12:00<\/p>\n<\/td>\n<td bgcolor=\"#ffffff\" width=\"608\">Per\u00edcia em Oftalmologia: Cegueira, Patologias Oftalmol\u00f3gicas, Campimetria<\/td>\n<\/tr>\n<tr>\n<td valign=\"bottom\" bgcolor=\"#ffffff\" width=\"84\" height=\"12\">\n<p align=\"center\">12 jun<\/p>\n<\/td>\n<td valign=\"bottom\" bgcolor=\"#ffffff\" width=\"114\">\n<p align=\"center\">13:30\/18:00<\/p>\n<\/td>\n<td bgcolor=\"#ffffff\" width=\"608\">Per\u00edcia em Nefrologia: Nefropatia Grave, Di\u00e1lise<\/td>\n<\/tr>\n<tr>\n<td valign=\"bottom\" bgcolor=\"#ffffff\" width=\"84\" height=\"12\">\n<p align=\"center\">25 jun<\/p>\n<\/td>\n<td valign=\"bottom\" bgcolor=\"#ffffff\" width=\"114\">\n<p align=\"center\">19:00\/22:30<\/p>\n<\/td>\n<td bgcolor=\"#ffffff\" width=\"608\">Per\u00edcia em Otorrinolaringologia: Audiometria, Patologias Auditivas, PAIR, Surdez, Voz Profissional<\/td>\n<\/tr>\n<tr>\n<td valign=\"bottom\" bgcolor=\"#ffffff\" width=\"84\" height=\"12\">\n<p align=\"center\">26 jun<\/p>\n<\/td>\n<td valign=\"bottom\" bgcolor=\"#ffffff\" width=\"114\">\n<p align=\"center\">08:30\/18:00<\/p>\n<\/td>\n<td bgcolor=\"#ffffff\" width=\"608\">Per\u00edcia em Otorrinolaringologia: Audiometria, Patologias Auditivas, PAIR, Surdez, Voz Profissional<\/td>\n<\/tr>\n<tr>\n<td valign=\"bottom\" bgcolor=\"#ffffff\" width=\"84\" height=\"12\">\n<p align=\"center\">09 jul<\/p>\n<\/td>\n<td valign=\"bottom\" bgcolor=\"#ffffff\" width=\"114\">\n<p style=\"text-align: center;\" align=\"center\">19:00\/22:30<\/p>\n<\/td>\n<td bgcolor=\"#ffffff\" width=\"608\">Per\u00edcia em Neurologia: Semiologia Neurol\u00f3gica, Patologias Neurol\u00f3gicas, Eletroneuromiografia, Doen\u00e7a de Parkinson, Esclerose M\u00faltipla, Esclerose Lateral Amiotr\u00f3fica, Polineuropatia, Paralisia Irrevers\u00edvel e Incapacitante<\/td>\n<\/tr>\n<tr>\n<td valign=\"bottom\" bgcolor=\"#ffffff\" width=\"84\" height=\"12\">\n<p align=\"center\">10 jul<\/p>\n<\/td>\n<td valign=\"bottom\" bgcolor=\"#ffffff\" width=\"114\">\n<p style=\"text-align: center;\" align=\"center\">08:30\/13:00<\/p>\n<\/td>\n<td bgcolor=\"#ffffff\" width=\"608\">Per\u00edcia em Neurologia: Semiologia Neurol\u00f3gica, Patologias Neurol\u00f3gicas, Eletroneuromiografia, Doen\u00e7a de Parkinson, Esclerose M\u00faltipla, Esclerose Lateral Amiotr\u00f3fica, Polineuropatia, Paralisia Irrevers\u00edvel e Incapacitante<\/td>\n<\/tr>\n<tr>\n<td valign=\"bottom\" bgcolor=\"#ffffff\" width=\"84\" height=\"12\">\n<p align=\"center\">06 ago<\/p>\n<\/td>\n<td valign=\"bottom\" bgcolor=\"#ffffff\" width=\"114\">\n<p style=\"text-align: center;\" align=\"center\">19:00\/22:30<\/p>\n<\/td>\n<td bgcolor=\"#ffffff\" width=\"608\">Per\u00edcia em Dermatologia: Dermatoses Ocupacionais<\/td>\n<\/tr>\n<tr>\n<td valign=\"bottom\" bgcolor=\"#ffffff\" width=\"84\" height=\"12\">\n<p align=\"center\">07 ago<\/p>\n<\/td>\n<td valign=\"bottom\" bgcolor=\"#ffffff\" width=\"114\">\n<p style=\"text-align: center;\" align=\"center\">08:30\/18:00<\/p>\n<\/td>\n<td bgcolor=\"#ffffff\" width=\"608\">Pericia em Cirurgia Pl\u00e1stica<\/td>\n<\/tr>\n<tr>\n<td valign=\"bottom\" bgcolor=\"#ffffff\" width=\"84\" height=\"12\">\n<p align=\"center\">20 ago<\/p>\n<\/td>\n<td valign=\"bottom\" bgcolor=\"#ffffff\" width=\"114\">\n<p style=\"text-align: center;\" align=\"center\">19:00\/22:30<\/p>\n<\/td>\n<td bgcolor=\"#ffffff\" width=\"608\">Avalia\u00e7\u00e3o do dano corporal<\/td>\n<\/tr>\n<tr valign=\"bottom\">\n<td bgcolor=\"#ffffff\" width=\"84\" height=\"12\">\n<p align=\"center\">21 ago<\/p>\n<\/td>\n<td bgcolor=\"#ffffff\" width=\"114\">\n<p style=\"text-align: center;\" align=\"center\">08:30\/18:00<\/p>\n<\/td>\n<td bgcolor=\"#ffffff\" width=\"608\">Avalia\u00e7\u00e3o do dano corporal<\/td>\n<\/tr>\n<tr>\n<td valign=\"bottom\" bgcolor=\"#ffffff\" width=\"84\" height=\"21\">\n<p align=\"center\">10 set<\/p>\n<\/td>\n<td valign=\"bottom\" bgcolor=\"#ffffff\" width=\"114\">\n<p style=\"text-align: center;\" align=\"center\">19:00\/22:30<\/p>\n<\/td>\n<td bgcolor=\"#ffffff\" width=\"608\">Medicina Legal<\/td>\n<\/tr>\n<tr>\n<td valign=\"bottom\" bgcolor=\"#ffffff\" width=\"84\" height=\"25\">\n<p align=\"center\">11 set<\/p>\n<\/td>\n<td valign=\"bottom\" bgcolor=\"#ffffff\" width=\"114\">\n<p align=\"center\">08:30\/18:00<\/p>\n<\/td>\n<td bgcolor=\"#ffffff\" width=\"608\">Per\u00edcia m\u00e9dico legal no IML de Curitiba<\/td>\n<\/tr>\n<tr>\n<td valign=\"bottom\" bgcolor=\"#ffffff\" width=\"84\" height=\"50\">\n<p align=\"center\">24 set<\/p>\n<\/td>\n<td valign=\"bottom\" bgcolor=\"#ffffff\" width=\"114\">\n<p align=\"center\">19:00\/22:30<\/p>\n<\/td>\n<td bgcolor=\"#ffffff\" width=\"608\">Revis\u00e3o do conte\u00fado de Pericia Judicial, Previdenciaria, Administrativa e Securit\u00e1ria<\/td>\n<\/tr>\n<tr>\n<td valign=\"bottom\" bgcolor=\"#ffffff\" width=\"84\" height=\"50\">\n<p align=\"center\">25 set<\/p>\n<\/td>\n<td valign=\"bottom\" bgcolor=\"#ffffff\" width=\"114\">\n<p align=\"center\">08:30\/18:00<\/p>\n<\/td>\n<td bgcolor=\"#ffffff\" width=\"608\">Revis\u00e3o do conte\u00fado de Pericia Judicial, Previdenciaria, Administrativa e Securit\u00e1ria<\/td>\n<\/tr>\n<tr>\n<td valign=\"bottom\" bgcolor=\"#ffffff\" width=\"84\" height=\"13\">\n<p align=\"center\">15 out<\/p>\n<\/td>\n<td valign=\"bottom\" bgcolor=\"#ffffff\" width=\"114\">\n<p style=\"text-align: center;\" align=\"center\">19:00\/22:30<\/p>\n<\/td>\n<td bgcolor=\"#ffffff\" width=\"608\">Atividade Pr\u00e1tica: Formula\u00e7\u00e3o dos Quesitos, Elabora\u00e7\u00e3o de Pareceres e Laudos Complementares<\/td>\n<\/tr>\n<tr>\n<td valign=\"bottom\" bgcolor=\"#ffffff\" width=\"84\" height=\"12\">\n<p align=\"center\">16 out<\/p>\n<\/td>\n<td valign=\"bottom\" bgcolor=\"#ffffff\" width=\"114\">\n<p style=\"text-align: center;\" align=\"center\">08:30\/18:00<\/p>\n<\/td>\n<td bgcolor=\"#ffffff\" width=\"608\">Atividade Pr\u00e1tica: Formula\u00e7\u00e3o dos Quesitos, Elabora\u00e7\u00e3o de Pareceres e Laudos Complementares<\/td>\n<\/tr>\n<tr>\n<td valign=\"bottom\" bgcolor=\"#ffffff\" width=\"84\" height=\"12\">\n<p align=\"center\">05 nov<\/p>\n<\/td>\n<td valign=\"bottom\" bgcolor=\"#ffffff\" width=\"114\">\n<p align=\"center\">19:00\/22:30<\/p>\n<\/td>\n<td bgcolor=\"#ffffff\" width=\"608\">Atividade Pr\u00e1tica: Formula\u00e7\u00e3o dos Quesitos, Elabora\u00e7\u00e3o de Pareceres e Laudos Complementares<\/td>\n<\/tr>\n<tr>\n<td valign=\"bottom\" bgcolor=\"#ffffff\" width=\"84\" height=\"12\">\n<p align=\"center\">06 nov<\/p>\n<\/td>\n<td style=\"text-align: center;\" valign=\"bottom\" bgcolor=\"#ffffff\" width=\"114\">08:30\/18:00<\/td>\n<td bgcolor=\"#ffffff\" width=\"608\">Atividade Pr\u00e1tica: Formula\u00e7\u00e3o dos Quesitos, Elabora\u00e7\u00e3o de Pareceres e Laudos Complementares<\/td>\n<\/tr>\n<tr>\n<td valign=\"bottom\" bgcolor=\"#ffffff\" width=\"84\" height=\"12\">\n<p align=\"center\">19 nov<\/p>\n<\/td>\n<td valign=\"bottom\" bgcolor=\"#ffffff\" width=\"114\">\n<p align=\"center\">19:00\/22:30<\/p>\n<\/td>\n<td bgcolor=\"#ffffff\" width=\"608\">Semin\u00e1rio com Apresenta\u00e7\u00e3o dos Artigos Cient\u00edficos<\/td>\n<\/tr>\n<tr>\n<td valign=\"bottom\" bgcolor=\"#ffffff\" width=\"84\" height=\"11\">\n<p align=\"center\">20 nov<\/p>\n<\/td>\n<td style=\"text-align: center;\" valign=\"bottom\" bgcolor=\"#ffffff\" width=\"114\">08:30\/18:00<\/td>\n<td bgcolor=\"#ffffff\" width=\"608\">Semin\u00e1rio com Apresenta\u00e7\u00e3o dos Artigos Cient\u00edficos<\/td>\n<\/tr>\n<\/tbody>\n<\/table>\n","protected":false},"excerpt":{"rendered":"<p>ANO 2020 Data Hor\u00e1rio Disciplina 06 mar 19:00\/22:30 Abertura \u2013 Palestra Campo de Atua\u00e7\u00e3o M\u00e9dico-Pericial 07 mar 08:30\/12:00 Conceitos e Fundamentos em Per\u00edcia M\u00e9dica, Atribui\u00e7\u00f5es, Mercado de Trabalho, Honor\u00e1rios. 07 mar 14:00\/18:00 Legisla\u00e7\u00e3o e Per\u00edcia: Poderes, Deveres e \u00d4nus dos Peritos, Impedimento e Suspei\u00e7\u00e3o. 20 mar 19:00\/22:30 Responsabilidade Civil, Penal e Administrativa do M\u00e9dico Perito,<br \/> <a href=\"https:\/\/saude.ufpr.br\/epmufpr\/2020-2021-2\/\" class=\"button success small readmore\">Leia mais<\/a><\/p>\n","protected":false},"author":15,"featured_media":0,"parent":0,"menu_order":0,"comment_status":"closed","ping_status":"closed","template":"","meta":{"_acf_changed":false,"_uag_custom_page_level_css":"","footnotes":""},"class_list":["post-1681","page","type-page","status-publish","hentry"],"acf":[],"featured_image_src":null,"uagb_featured_image_src":{"full":false,"thumbnail":false,"medium":false,"medium_large":false,"large":false,"1536x1536":false,"2048x2048":false,"noticias-thumb":false,"banners-thumb":false,"maisnoticias-thumb":false,"post-thumbnail":false},"uagb_author_info":{"display_name":"Andrea Jankoski","author_link":"https:\/\/saude.ufpr.br\/epmufpr\/author\/andrea\/"},"uagb_comment_info":0,"uagb_excerpt":"ANO 2020 Data Hor\u00e1rio Disciplina 06 mar 19:00\/22:30 Abertura \u2013 Palestra Campo de Atua\u00e7\u00e3o M\u00e9dico-Pericial 07 mar 08:30\/12:00 Conceitos e Fundamentos em Per\u00edcia M\u00e9dica, Atribui\u00e7\u00f5es, Mercado de Trabalho, Honor\u00e1rios. 07 mar 14:00\/18:00 Legisla\u00e7\u00e3o e Per\u00edcia: Poderes, Deveres e \u00d4nus dos Peritos, Impedimento e Suspei\u00e7\u00e3o. 20 mar 19:00\/22:30 Responsabilidade Civil, Penal e Administrativa do M\u00e9dico Perito,&hellip;","publishpress_future_action":{"enabled":false,"date":"2026-05-02 11:26:16","action":"change-status","newStatus":"draft","terms":[],"taxonomy":"","extraData":[]},"publishpress_future_workflow_manual_trigger":{"enabledWorkflows":[]},"_links":{"self":[{"href":"https:\/\/saude.ufpr.br\/epmufpr\/wp-json\/wp\/v2\/pages\/1681","targetHints":{"allow":["GET"]}}],"collection":[{"href":"https:\/\/saude.ufpr.br\/epmufpr\/wp-json\/wp\/v2\/pages"}],"about":[{"href":"https:\/\/saude.ufpr.br\/epmufpr\/wp-json\/wp\/v2\/types\/page"}],"author":[{"embeddable":true,"href":"https:\/\/saude.ufpr.br\/epmufpr\/wp-json\/wp\/v2\/users\/15"}],"replies":[{"embeddable":true,"href":"https:\/\/saude.ufpr.br\/epmufpr\/wp-json\/wp\/v2\/comments?post=1681"}],"version-history":[{"count":16,"href":"https:\/\/saude.ufpr.br\/epmufpr\/wp-json\/wp\/v2\/pages\/1681\/revisions"}],"predecessor-version":[{"id":2258,"href":"https:\/\/saude.ufpr.br\/epmufpr\/wp-json\/wp\/v2\/pages\/1681\/revisions\/2258"}],"wp:attachment":[{"href":"https:\/\/saude.ufpr.br\/epmufpr\/wp-json\/wp\/v2\/media?parent=1681"}],"curies":[{"name":"wp","href":"https:\/\/api.w.org\/{rel}","templated":true}]}}