{"id":2103,"date":"2020-07-27T08:55:48","date_gmt":"2020-07-27T11:55:48","guid":{"rendered":"https:\/\/saude.ufpr.br\/epmufpr\/?page_id=2103"},"modified":"2022-05-10T10:46:53","modified_gmt":"2022-05-10T13:46:53","slug":"biblioteca-virtual","status":"publish","type":"page","link":"https:\/\/saude.ufpr.br\/epmufpr\/biblioteca-virtual\/","title":{"rendered":"Biblioteca Virtual"},"content":{"rendered":"<ol>\n<li><a href=\"https:\/\/saude.ufpr.br\/epmufpr\/wp-content\/uploads\/sites\/42\/2021\/07\/Avaliacao-Qualitativa-de-Riscos-Quimicos-FUNDACENTRO.pdf\" target=\"_blank\" rel=\"noopener\">Avalia\u00e7\u00e3o qualitativa de riscos qu\u00edmicos, orienta\u00e7\u00f5es b\u00e1sicas para controle da exposi\u00e7\u00e3o d\u00e9rmica a produtos qu\u00edmicos \/ Marcela Gerardo Ribeiro. \u2013 [ed. rev.]. \u2013 S\u00e3o Paulo : Fundacentro, 2021<\/a>.<\/li>\n<li><a href=\"https:\/\/saude.ufpr.br\/epmufpr\/wp-content\/uploads\/sites\/42\/2020\/07\/Brasil-Estado-Social-contra-a-Barba%CC%81rie-Capa.pdf\" target=\"_blank\" rel=\"noopener noreferrer\">Brasil Estado Social contra a Barba\u0301rie. J. A. Castro, M. Pochmann. S\u00e3o Paulo, 2020<\/a><\/li>\n<li><a href=\"https:\/\/saude.ufpr.br\/epmufpr\/wp-content\/uploads\/sites\/42\/2020\/08\/Artigo-Penteado-e-Saladini-Classificac%CC%A7a%CC%83o-de-concausas-Revista-da-TST-Junho-2020.pdf\" target=\"_blank\" rel=\"noopener noreferrer\">Classificac\u0327a\u0303o de Concausas em Doen\u00e7as e Acidentes de Trabalho. J. M. Penteado, A. P. S. Saladini. Revista da TST \u2013 junho 2020<\/a><\/li>\n<li><a href=\"https:\/\/saude.ufpr.br\/wp-content\/uploads\/2021\/08\/Compe%CC%82ndio%20de%20Psiquiatria%20-%20Benjamin%20J.%20Sadock-1.pdf\" target=\"_blank\" rel=\"noopener\">Comp\u00eandio de psiquiatria : ci\u00eancia do comportamento e psiquiatria cl\u00ednica [recurso eletr\u00f4nico] \/ Benjamin J. Sadock,[et al.] \u2013 11. ed. \u2013 Porto Alegre : Artmed, 2017.<\/a><\/li>\n<li><a href=\"https:\/\/saude.ufpr.br\/epmufpr\/wp-content\/uploads\/sites\/42\/2020\/07\/EBook-Prof-Ricardo-Calcini-Coronavi%CC%81rus-e-os-Impactos-Trabalhistas.pdf\" target=\"_blank\" rel=\"noopener noreferrer\">Coronav\u00edrus e os Impactos Trabalhistas. R. Calcini \u2013 J. H. MIZUNO 2020<\/a><\/li>\n<li><a href=\"https:\/\/saude.ufpr.br\/epmufpr\/wp-content\/uploads\/sites\/42\/2020\/07\/Guia-de-Sa%C3%BAde-e-Seguran%C3%A7a-Ocupacional-ICOH-2016.pdf\" target=\"_blank\" rel=\"noopener noreferrer\">Criando um Ambiente de Trabalho Seguro e Saud\u00e1vel \u2013 Guia de Sa\u00fade e Seguran\u00e7a Ocupacional ICOH 2016<\/a><\/li>\n<li><a href=\"https:\/\/saude.ufpr.br\/epmufpr\/wp-content\/uploads\/sites\/42\/2022\/05\/wcms_836362.pdf\" target=\"_blank\" rel=\"noopener\">Diagnostic and exposure criteria for occupational diseases \u2013 Guidance notes for diagnosis and prevention of the diseases in the ILO List of Occupational Diseases (revised 2010)<\/a><\/li>\n<li><a href=\"https:\/\/saude.ufpr.br\/epmufpr\/wp-content\/uploads\/sites\/42\/2020\/09\/Doencas-dos-Trabalhadores-Ramazzini.pdf\" target=\"_blank\" rel=\"noopener noreferrer\">Doen\u00e7as dos Trabalhadores \u2013 Bernardino Ramazzini. 4. ed. \u2013 S\u00e3o Paulo: Fundacentro, 2016.<\/a><\/li>\n<li><a href=\"https:\/\/saude.ufpr.br\/epmufpr\/wp-content\/uploads\/sites\/42\/2020\/07\/Manual-Doencas-Relacionadas-ao-Trabalho-MS-OPAS-2001.pdf\" target=\"_blank\" rel=\"noopener noreferrer\">Doen\u00e7as relacionadas ao trabalho: manual de procedimentos para os servi\u00e7os de sa\u00fade. MS-OPAS \u2013 Bras\u00edlia. 2001.<\/a><\/li>\n<li><a href=\"https:\/\/saude.ufpr.br\/epmufpr\/wp-content\/uploads\/sites\/42\/2020\/07\/epidemiologia-saude-trabalhador-ufba-ms-4mar20-isbn.pdf\" target=\"_blank\" rel=\"noopener noreferrer\">Epidemiologia\u00a0da Sa\u00fade do Trabalhador no Brasil. UFBA-MS. Bras\u00edlia. 2020<\/a><\/li>\n<li><a href=\"https:\/\/saude.ufpr.br\/epmufpr\/wp-content\/uploads\/sites\/42\/2020\/09\/Livro_FuturodoTrabalho.pdf\" target=\"_blank\" rel=\"noopener noreferrer\">Futuro do Trabalho: Os efeitos da revolu\u00e7\u00e3o digital na sociedade \u2013 Bras\u00edlia: ESMPU, 2020<\/a><\/li>\n<li><a href=\"https:\/\/saude.ufpr.br\/epmufpr\/wp-content\/uploads\/sites\/42\/2020\/07\/wcms_745842.pdf\" target=\"_blank\" rel=\"noopener noreferrer\">Herramienta de 10 pasos para un retorno al trabajo seguro y saludable en tiempos de COVID-19. OIT. 2020<\/a><\/li>\n<li><a href=\"https:\/\/saude.ufpr.br\/epmufpr\/wp-content\/uploads\/sites\/42\/2020\/09\/ABHO_2020_HIGIENE_E_TOXICOLOGIA.pdf\" target=\"_blank\" rel=\"noopener noreferrer\">Higiene e Toxicologia Ocupacional. S. Colacioppo \u2013 ABHO 2020<\/a><\/li>\n<li><a href=\"https:\/\/saude.ufpr.br\/wp-content\/uploads\/2020\/07\/The%20Cambridge%20Illustrated%20History%20of%20Medicine.pdf\" target=\"_blank\" rel=\"noopener noreferrer\">History of Medicine \u2013 The Cambridge Illustrated \u2013 1996<\/a><\/li>\n<li><a href=\"https:\/\/saude.ufpr.br\/epmufpr\/wp-content\/uploads\/sites\/42\/2020\/07\/Manual-de-Inspecao-do-Trabalho-PCMSO.pdf\">Inspe\u00e7\u00e3o do Trabalho PCMSO \u2013 Manual. Minist\u00e9rio do Trabalho. Bras\u00edlia. 2018<\/a><\/li>\n<li><a href=\"https:\/\/saude.ufpr.br\/epmufpr\/wp-content\/uploads\/sites\/42\/2020\/07\/2020-Annual-Update-in-Intensive-Care-and-Emergency-Medicine.pdf\" target=\"_blank\" rel=\"noopener noreferrer\">Intensive Care and Emergency Medicine, Annual Update, J.L. Vincent, B\u00e9lgica, 2020<\/a><\/li>\n<li><a href=\"https:\/\/saude.ufpr.br\/wp-content\/uploads\/2021\/09\/Medicina%20Legal%20Genival%20Veloso%202017.pdf\" target=\"_blank\" rel=\"noopener\">Medicina legal. Genival Veloso de Fran\u00e7a. 11. ed. Rio de Janeiro : Guanabara Koogan, 2017<\/a><\/li>\n<li><a href=\"https:\/\/saude.ufpr.br\/wp-content\/uploads\/2020\/09\/CURRENT_Medicina_Ocupacional_Ambiental_5ed_Lange.pdf\" target=\"_blank\" rel=\"noopener noreferrer\">Medicina Ocupacional e Ambiental: diagn\u00f3stico e tratamento \u2013 5. ed. \u2013 Porto Alegre: AMGH, 2016.<\/a><\/li>\n<li><a href=\"https:\/\/saude.ufpr.br\/wp-content\/uploads\/2020\/08\/Medicine%20The%20Definitive%20Illustrated%20History%202016.pdf\" target=\"_blank\" rel=\"noopener noreferrer\">Medicine The Definitive Illustrated History. 2016<\/a><\/li>\n<li><a href=\"https:\/\/saude.ufpr.br\/epmufpr\/wp-content\/uploads\/sites\/42\/2020\/10\/Lic_Computacao_Metodologia-Pesquisa-Cientifica.pdf\">Metodologia da Pesquisa Cient\u00edfica \u2013 1. ed. \u2013 Santa Maria, RS: UFSM, NTE, 2018<\/a><\/li>\n<li><a href=\"https:\/\/saude.ufpr.br\/epmufpr\/wp-content\/uploads\/sites\/42\/2020\/10\/metodologia-pesquisa-trabalho-cientifico.pdf\" target=\"_blank\" rel=\"noopener noreferrer\">Metodologia da Pesquisa e do Trabalho Cient\u00edfico. Pen\u00e1polis: FUNEPE, 2018.<\/a><\/li>\n<li><a href=\"https:\/\/saude.ufpr.br\/epmufpr\/wp-content\/uploads\/sites\/42\/2020\/10\/E-book-Metodologia-do-Trabalho-Cientifico.pdf\" target=\"_blank\" rel=\"noopener noreferrer\">Metodologia do Trabalho Cient\u00edfico: m\u00e9todos e t\u00e9cnicas da pesquisa e do trabalho acad\u00eamico. 2. ed. \u2013 Novo Hamburgo: FEEVALE, 2013<\/a><\/li>\n<li><a href=\"https:\/\/saude.ufpr.br\/epmufpr\/wp-content\/uploads\/sites\/42\/2020\/07\/Oxford-Handbook-of-Occupational-Health-2nd-Ed-2012.pdf\" target=\"_blank\" rel=\"noopener noreferrer\">Occupational Health. Oxford University Press. 2012<\/a><\/li>\n<li><a href=\"https:\/\/saude.ufpr.br\/epmufpr\/wp-content\/uploads\/sites\/42\/2020\/07\/OSH-for-Development.pdf\" target=\"_blank\" rel=\"noopener noreferrer\">Occupational Safety and Health for Development. K. Elgstrand; N.F. Petersson. Sweden. 2009<\/a><\/li>\n<li><a href=\"https:\/\/saude.ufpr.br\/epmufpr\/wp-content\/uploads\/sites\/42\/2020\/07\/Pandemias-e-pandemo%CC%82nio-no-Brasil.pdf.pdf.pdf\" target=\"_blank\" rel=\"noopener noreferrer\">Pandemias e Pandem\u00f4nio no Brasil. S\u00e3o Paulo \u2013 2020.<\/a><\/li>\n<li><a href=\"https:\/\/saude.ufpr.br\/epmufpr\/wp-content\/uploads\/sites\/42\/2021\/10\/Nanotecnologias-e-macroinqueitac\u0327o\u0303es_Final_out21-2.pdf\" target=\"_blank\" rel=\"noopener\">Pequeno n\u00e3o quer dizer seguro : nanotecnologias e macroinquieta\u00e7\u00f5es \/ Lu\u00eds Renato Balb\u00e3o Andrade (org.). \u2013 S\u00e3o Paulo : Fundacentro, 2021.<\/a><\/li>\n<li><a href=\"https:\/\/saude.ufpr.br\/epmufpr\/wp-content\/uploads\/sites\/42\/2020\/09\/Manual-Per%C3%ADcia-Previdenciaria-2018.pdf\" target=\"_blank\" rel=\"noopener noreferrer\">Per\u00edcia M\u00e9dica Previdenci\u00e1ria Manual T\u00e9cnico. Instituto Nacional do Seguro Social. \u2013 Bras\u00edlia, 2018.<\/a><\/li>\n<li><a href=\"https:\/\/saude.ufpr.br\/epmufpr\/wp-content\/uploads\/sites\/42\/2020\/07\/Pericia-Medica-CFM-CRMGO.pdf\" target=\"_blank\" rel=\"noopener noreferrer\">Per\u00edcia M\u00e9dica. S. Rodrigues Filho [et al.]. \u2013 Bras\u00edlia: CFM: Conselho Regional de Medicina do Estado de Goi\u00e1s, 2012<\/a><\/li>\n<li><a href=\"https:\/\/saude.ufpr.br\/epmufpr\/wp-content\/uploads\/sites\/42\/2020\/09\/Manual-Pericia-Administrativa-Servidor-Publico-Federal-2017.pdf\" target=\"_blank\" rel=\"noopener noreferrer\">Per\u00edcia Oficial em Sa\u00fade do Servidor P\u00fablico Federal Manual. 3.ed. \/ Minist\u00e9rio do Planejamento, Desenvolvimento e Gest\u00e3o, Secretaria de Gest\u00e3o de Pessoas e Rela\u00e7\u00f5es de Trabalho no Servi\u00e7o P\u00fablico. Bras\u00edlia: MP, 2017.<\/a><\/li>\n<li><a href=\"https:\/\/saude.ufpr.br\/epmufpr\/wp-content\/uploads\/sites\/42\/2020\/08\/Politica_Estadual_de_ST.pdf\" target=\"_blank\" rel=\"noopener noreferrer\">Pol\u00edtica Estadual de Aten\u00e7\u00e3o Integral a Sa\u00fade do Trabalhador do Paran\u00e1. SESA\/CES \u2013 2010<\/a><\/li>\n<li><a href=\"https:\/\/saude.ufpr.br\/epmufpr\/wp-content\/uploads\/sites\/42\/2020\/07\/Cartilha_Recomendac%CC%A7o%CC%83es_Gerais_FLV__SNR_Jul-2020-pdf.pdf\" target=\"_blank\" rel=\"noopener noreferrer\">Preven\u00e7\u00e3o \u00e0 Covid-19: orienta\u00e7\u00f5es para preven\u00e7\u00e3o e controle da Covid-19 nos locais de trabalho. S\u00e3o Paulo: Fundacentro, 2020<\/a><\/li>\n<li><a href=\"https:\/\/saude.ufpr.br\/epmufpr\/wp-content\/uploads\/sites\/42\/2022\/02\/368-Emilio-Peres-Facas.pdf\" target=\"_blank\" rel=\"noopener\">PROART: Riscos Psicossociais Relacionados ao Trabalho [recurso eletr\u00f4nico] \/ Em\u00edlio Peres Facas &#8212; Porto Alegre, RS: Editora Fi &#8211; 2021<\/a><\/li>\n<li><a href=\"https:\/\/saude.ufpr.br\/epmufpr\/wp-content\/uploads\/sites\/42\/2020\/10\/Psiquiatria-forense-de-Taborda-Elias-Abdalla-Filho-Miguel-Chalub-Lisieux-E.-de-Borba-Telles.-%E2%80%93-3.-ed.-%E2%80%93-Porto-Alegre-Artmed-2016.pdf\" target=\"_blank\" rel=\"noopener noreferrer\">Psiquiatria forense de Taborda Elias Abdalla-Filho, Miguel Chalub, Lisieux E. de Borba Telles. \u2013 3. ed. \u2013 Porto Alegre Artmed, 2016<\/a><\/li>\n<li><a href=\"https:\/\/saude.ufpr.br\/epmufpr\/wp-content\/uploads\/sites\/42\/2020\/09\/Seguranc%CC%A7a-e-sau%CC%81de-no-trabalho-Ebook.pdf\" target=\"_blank\" rel=\"noopener noreferrer\">Seguran\u00e7a e Sa\u00fade do Trabalho para uma cultura prevencionista no ambiente laboral. B. Barkok\u00e9bas [et al.]. \u2013 Recife: EDUPE, 2020<\/a><\/li>\n<li><a href=\"https:\/\/saude.ufpr.br\/epmufpr\/wp-content\/uploads\/sites\/42\/2020\/10\/NRs-comentadas.pdf\" target=\"_blank\" rel=\"noopener noreferrer\">Seguran\u00e7a e sa\u00fade no trabalho: NRs 1 a 36 comentadas e descomplicadas \/ Mara Queiroga Camisassa. \u2013 Rio de Janeiro: Forense; S\u00e3o Paulo: M\u00e9todo: 2015<\/a><\/li>\n<li><a href=\"https:\/\/saude.ufpr.br\/epmufpr\/wp-content\/uploads\/sites\/42\/2020\/09\/DEJOURS-BEGUE-Suicidio-e-Trabalho-o-que-fazer_livro-completo.pdf\" target=\"_blank\" rel=\"noopener noreferrer\">Suic\u00eddio e Trabalho: o que fazer? Christophe Dejours &amp; Florence B\u00e8gue.<\/a><\/li>\n<\/ol>\n","protected":false},"excerpt":{"rendered":"<p>Avalia\u00e7\u00e3o qualitativa de riscos qu\u00edmicos, orienta\u00e7\u00f5es b\u00e1sicas para controle da exposi\u00e7\u00e3o d\u00e9rmica a produtos qu\u00edmicos \/ Marcela Gerardo Ribeiro. \u2013 [ed. rev.]. \u2013 S\u00e3o Paulo : Fundacentro, 2021. Brasil Estado Social contra a Barba\u0301rie. J. A. Castro, M. Pochmann. S\u00e3o Paulo, 2020 Classificac\u0327a\u0303o de Concausas em Doen\u00e7as e Acidentes de Trabalho. J. M. Penteado, A.<br \/> <a href=\"https:\/\/saude.ufpr.br\/epmufpr\/biblioteca-virtual\/\" class=\"button success small readmore\">Leia mais<\/a><\/p>\n","protected":false},"author":15,"featured_media":0,"parent":0,"menu_order":0,"comment_status":"closed","ping_status":"closed","template":"","meta":{"_acf_changed":false,"_uag_custom_page_level_css":"","footnotes":""},"class_list":["post-2103","page","type-page","status-publish","hentry"],"acf":[],"featured_image_src":null,"uagb_featured_image_src":{"full":false,"thumbnail":false,"medium":false,"medium_large":false,"large":false,"1536x1536":false,"2048x2048":false,"noticias-thumb":false,"banners-thumb":false,"maisnoticias-thumb":false,"post-thumbnail":false},"uagb_author_info":{"display_name":"Andrea Jankoski","author_link":"https:\/\/saude.ufpr.br\/epmufpr\/author\/andrea\/"},"uagb_comment_info":0,"uagb_excerpt":"Avalia\u00e7\u00e3o qualitativa de riscos qu\u00edmicos, orienta\u00e7\u00f5es b\u00e1sicas para controle da exposi\u00e7\u00e3o d\u00e9rmica a produtos qu\u00edmicos \/ Marcela Gerardo Ribeiro. \u2013 [ed. rev.]. \u2013 S\u00e3o Paulo : Fundacentro, 2021. Brasil Estado Social contra a Barba\u0301rie. J. A. Castro, M. Pochmann. S\u00e3o Paulo, 2020 Classificac\u0327a\u0303o de Concausas em Doen\u00e7as e Acidentes de Trabalho. J. M. Penteado, A.&hellip;","publishpress_future_action":{"enabled":false,"date":"2026-05-01 10:21:22","action":"change-status","newStatus":"draft","terms":[],"taxonomy":"","extraData":[]},"publishpress_future_workflow_manual_trigger":{"enabledWorkflows":[]},"_links":{"self":[{"href":"https:\/\/saude.ufpr.br\/epmufpr\/wp-json\/wp\/v2\/pages\/2103","targetHints":{"allow":["GET"]}}],"collection":[{"href":"https:\/\/saude.ufpr.br\/epmufpr\/wp-json\/wp\/v2\/pages"}],"about":[{"href":"https:\/\/saude.ufpr.br\/epmufpr\/wp-json\/wp\/v2\/types\/page"}],"author":[{"embeddable":true,"href":"https:\/\/saude.ufpr.br\/epmufpr\/wp-json\/wp\/v2\/users\/15"}],"replies":[{"embeddable":true,"href":"https:\/\/saude.ufpr.br\/epmufpr\/wp-json\/wp\/v2\/comments?post=2103"}],"version-history":[{"count":47,"href":"https:\/\/saude.ufpr.br\/epmufpr\/wp-json\/wp\/v2\/pages\/2103\/revisions"}],"predecessor-version":[{"id":2519,"href":"https:\/\/saude.ufpr.br\/epmufpr\/wp-json\/wp\/v2\/pages\/2103\/revisions\/2519"}],"wp:attachment":[{"href":"https:\/\/saude.ufpr.br\/epmufpr\/wp-json\/wp\/v2\/media?parent=2103"}],"curies":[{"name":"wp","href":"https:\/\/api.w.org\/{rel}","templated":true}]}}