{"id":2494,"date":"2022-04-08T16:33:21","date_gmt":"2022-04-08T19:33:21","guid":{"rendered":"https:\/\/saude.ufpr.br\/epmufpr\/?page_id=2494"},"modified":"2022-04-08T16:33:46","modified_gmt":"2022-04-08T19:33:46","slug":"inscricao","status":"publish","type":"page","link":"https:\/\/saude.ufpr.br\/epmufpr\/inscricao\/","title":{"rendered":"Inscri\u00e7\u00e3o"},"content":{"rendered":"\n<div class=\"wpcf7 no-js\" id=\"wpcf7-f2484-o1\" lang=\"pt-BR\" dir=\"ltr\" data-wpcf7-id=\"2484\">\n<div class=\"screen-reader-response\"><p role=\"status\" aria-live=\"polite\" aria-atomic=\"true\"><\/p> <ul><\/ul><\/div>\n<form action=\"\/epmufpr\/wp-json\/wp\/v2\/pages\/2494#wpcf7-f2484-o1\" method=\"post\" class=\"wpcf7-form init\" aria-label=\"Formul\u00e1rios de contato\" enctype=\"multipart\/form-data\" novalidate=\"novalidate\" data-status=\"init\">\n<fieldset class=\"hidden-fields-container\"><input type=\"hidden\" name=\"_wpcf7\" value=\"2484\" \/><input type=\"hidden\" name=\"_wpcf7_version\" value=\"6.1.5\" \/><input type=\"hidden\" name=\"_wpcf7_locale\" value=\"pt_BR\" \/><input type=\"hidden\" name=\"_wpcf7_unit_tag\" value=\"wpcf7-f2484-o1\" \/><input type=\"hidden\" name=\"_wpcf7_container_post\" value=\"0\" \/><input type=\"hidden\" name=\"_wpcf7_posted_data_hash\" value=\"\" \/>\n<\/fieldset>\n<p><b>FICHA DE INSCRI\u00c7\u00c3O - DADOS PESSOAIS<\/b><br \/>\n<label> Nome Completo (obrigat\u00f3rio)<br \/>\n<span class=\"wpcf7-form-control-wrap\" data-name=\"nome\"><input size=\"40\" maxlength=\"400\" class=\"wpcf7-form-control wpcf7-text wpcf7-validates-as-required\" aria-required=\"true\" aria-invalid=\"false\" value=\"\" type=\"text\" name=\"nome\" \/><\/span> <\/label><br \/>\n<label> Institui\u00e7\u00e3o de Gradua\u00e7\u00e3o<br \/>\n<span class=\"wpcf7-form-control-wrap\" data-name=\"graduacao\"><input size=\"40\" maxlength=\"400\" class=\"wpcf7-form-control wpcf7-text wpcf7-validates-as-required\" aria-required=\"true\" aria-invalid=\"false\" value=\"\" type=\"text\" name=\"graduacao\" \/><\/span> <\/label><br \/>\n<label> Ano de formatura:<br \/>\n<span class=\"wpcf7-form-control-wrap\" data-name=\"anoformatura\"><input class=\"wpcf7-form-control wpcf7-number wpcf7-validates-as-required wpcf7-validates-as-number\" aria-required=\"true\" aria-invalid=\"false\" value=\"\" type=\"number\" name=\"anoformatura\" \/><\/span> <\/label><br \/>\n<label> N\u00ba CRM<br \/>\n<span class=\"wpcf7-form-control-wrap\" data-name=\"crm\"><input size=\"40\" maxlength=\"400\" class=\"wpcf7-form-control wpcf7-text wpcf7-validates-as-required\" aria-required=\"true\" aria-invalid=\"false\" value=\"\" type=\"text\" name=\"crm\" \/><\/span> <\/label><br \/>\n<label> Estado<br \/>\n<span class=\"wpcf7-form-control-wrap\" data-name=\"estado\"><input size=\"40\" maxlength=\"400\" class=\"wpcf7-form-control wpcf7-text wpcf7-validates-as-required\" aria-required=\"true\" aria-invalid=\"false\" value=\"\" type=\"text\" name=\"estado\" \/><\/span> <\/label><br \/>\n<label> RG<br \/>\n<span class=\"wpcf7-form-control-wrap\" data-name=\"rg\"><input size=\"40\" maxlength=\"400\" class=\"wpcf7-form-control wpcf7-text wpcf7-validates-as-required\" aria-required=\"true\" aria-invalid=\"false\" value=\"\" type=\"text\" name=\"rg\" \/><\/span> <\/label><br \/>\n<label> \u00d3rg\u00e3o Expedidor<br \/>\n<span class=\"wpcf7-form-control-wrap\" data-name=\"orgaoexpedidor\"><input size=\"40\" maxlength=\"400\" class=\"wpcf7-form-control wpcf7-text wpcf7-validates-as-required\" aria-required=\"true\" aria-invalid=\"false\" value=\"\" type=\"text\" name=\"orgaoexpedidor\" \/><\/span> <\/label><br \/>\n<label> CPF<br \/>\n<span class=\"wpcf7-form-control-wrap\" data-name=\"cpf\"><input size=\"40\" maxlength=\"400\" class=\"wpcf7-form-control wpcf7-text wpcf7-validates-as-required\" aria-required=\"true\" aria-invalid=\"false\" value=\"\" type=\"text\" name=\"cpf\" \/><\/span> <\/label><br \/>\n<label> Data de nascimento<br \/>\n<span class=\"wpcf7-form-control-wrap\" data-name=\"date-944\"><input class=\"wpcf7-form-control wpcf7-date wpcf7-validates-as-date\" aria-invalid=\"false\" value=\"\" type=\"date\" name=\"date-944\" \/><\/span> <\/label><br \/>\n<label> Local de nascimento<br \/>\n<span class=\"wpcf7-form-control-wrap\" data-name=\"naturalidade\"><input size=\"40\" maxlength=\"400\" class=\"wpcf7-form-control wpcf7-text wpcf7-validates-as-required\" aria-required=\"true\" aria-invalid=\"false\" value=\"\" type=\"text\" name=\"naturalidade\" \/><\/span> <\/label><br \/>\n<label> Seu e-mail (obrigat\u00f3rio)<br \/>\n<span class=\"wpcf7-form-control-wrap\" data-name=\"email\"><input size=\"40\" maxlength=\"400\" class=\"wpcf7-form-control wpcf7-email wpcf7-validates-as-required wpcf7-text wpcf7-validates-as-email\" aria-required=\"true\" aria-invalid=\"false\" value=\"\" type=\"email\" name=\"email\" \/><\/span> <\/label><br \/>\n<label> Endere\u00e7o Residencial (rua, n\u00famero, complemento, bairro, cidade, estado, CEP)<br \/>\n<span class=\"wpcf7-form-control-wrap\" data-name=\"enderecoresidencial\"><textarea cols=\"40\" rows=\"10\" maxlength=\"2000\" class=\"wpcf7-form-control wpcf7-textarea wpcf7-validates-as-required\" aria-required=\"true\" aria-invalid=\"false\" name=\"enderecoresidencial\"><\/textarea><\/span> <\/label><br \/>\n<label> Endere\u00e7o Comercial (rua, n\u00famero, complemento, bairro, cidade, estado, CEP)<br \/>\n<span class=\"wpcf7-form-control-wrap\" data-name=\"enderecocomercial\"><textarea cols=\"40\" rows=\"10\" maxlength=\"2000\" class=\"wpcf7-form-control wpcf7-textarea wpcf7-validates-as-required\" aria-required=\"true\" aria-invalid=\"false\" name=\"enderecocomercial\"><\/textarea><\/span> <\/label><br \/>\n<label> Telefone residencial:<br \/>\n<span class=\"wpcf7-form-control-wrap\" data-name=\"tel-878\"><input size=\"40\" maxlength=\"400\" class=\"wpcf7-form-control wpcf7-tel wpcf7-validates-as-required wpcf7-text wpcf7-validates-as-tel\" aria-required=\"true\" aria-invalid=\"false\" value=\"\" type=\"tel\" name=\"tel-878\" \/><\/span> <\/label><br \/>\n<label> Telefone celular:<br \/>\n<span class=\"wpcf7-form-control-wrap\" data-name=\"tel-879\"><input size=\"40\" maxlength=\"400\" class=\"wpcf7-form-control wpcf7-tel wpcf7-validates-as-required wpcf7-text wpcf7-validates-as-tel\" aria-required=\"true\" aria-invalid=\"false\" value=\"\" type=\"tel\" name=\"tel-879\" \/><\/span> <\/label><br \/>\n<label> Telefone comercial:<br \/>\n<span class=\"wpcf7-form-control-wrap\" data-name=\"tel-880\"><input size=\"40\" maxlength=\"400\" class=\"wpcf7-form-control wpcf7-tel wpcf7-validates-as-required wpcf7-text wpcf7-validates-as-tel\" aria-required=\"true\" aria-invalid=\"false\" value=\"\" type=\"tel\" name=\"tel-880\" \/><\/span> <\/label><br \/>\n<label> Curr\u00edculo lattes (link)<br \/>\n<span class=\"wpcf7-form-control-wrap\" data-name=\"lattes\"><input size=\"40\" maxlength=\"400\" class=\"wpcf7-form-control wpcf7-text\" aria-invalid=\"false\" value=\"\" type=\"text\" name=\"lattes\" \/><\/span> <\/label>\n<\/p>\n<p><b>ATIVIDADES PROFISSIONAIS<\/b>\n<\/p>\n<p><b>1) Institui\u00e7\u00e3o\/empresa <span class=\"wpcf7-form-control-wrap\" data-name=\"checkbox-46\"><span class=\"wpcf7-form-control wpcf7-checkbox\"><span class=\"wpcf7-list-item first\"><label><input type=\"checkbox\" name=\"checkbox-46[]\" value=\"ATUAL\" \/><span class=\"wpcf7-list-item-label\">ATUAL<\/span><\/label><\/span><span class=\"wpcf7-list-item last\"><label><input type=\"checkbox\" name=\"checkbox-46[]\" value=\"ANTERIOR\" \/><span class=\"wpcf7-list-item-label\">ANTERIOR<\/span><\/label><\/span><\/span><\/span><\/b><br \/>\n<label> Nome<br \/>\n<span class=\"wpcf7-form-control-wrap\" data-name=\"empresa\"><input size=\"40\" maxlength=\"400\" class=\"wpcf7-form-control wpcf7-text\" aria-invalid=\"false\" value=\"\" type=\"text\" name=\"empresa\" \/><\/span> <\/label><br \/>\n<label> Local<br \/>\n<span class=\"wpcf7-form-control-wrap\" data-name=\"local\"><input size=\"40\" maxlength=\"400\" class=\"wpcf7-form-control wpcf7-text\" aria-invalid=\"false\" value=\"\" type=\"text\" name=\"local\" \/><\/span> <\/label><br \/>\n<label> Data de inicio<br \/>\n<span class=\"wpcf7-form-control-wrap\" data-name=\"date-945\"><input class=\"wpcf7-form-control wpcf7-date wpcf7-validates-as-date\" aria-invalid=\"false\" value=\"\" type=\"date\" name=\"date-945\" \/><\/span> <\/label><br \/>\n<label> Data de t\u00e9rmino<br \/>\n<span class=\"wpcf7-form-control-wrap\" data-name=\"date-946\"><input class=\"wpcf7-form-control wpcf7-date wpcf7-validates-as-date\" aria-invalid=\"false\" value=\"\" type=\"date\" name=\"date-946\" \/><\/span> <\/label><br \/>\n<label> Hor\u00e1rio<br \/>\n<span class=\"wpcf7-form-control-wrap\" data-name=\"horario\"><input size=\"40\" maxlength=\"400\" class=\"wpcf7-form-control wpcf7-text\" aria-invalid=\"false\" value=\"\" type=\"text\" name=\"horario\" \/><\/span> <\/label><br \/>\nAtividade relacionada com Per\u00edcia M\u00e9dica: <span class=\"wpcf7-form-control-wrap\" data-name=\"checkbox-678\"><span class=\"wpcf7-form-control wpcf7-checkbox\"><span class=\"wpcf7-list-item first\"><label><input type=\"checkbox\" name=\"checkbox-678[]\" value=\"SIM\" \/><span class=\"wpcf7-list-item-label\">SIM<\/span><\/label><\/span><span class=\"wpcf7-list-item last\"><label><input type=\"checkbox\" name=\"checkbox-678[]\" value=\"N\u00c3O\" \/><span class=\"wpcf7-list-item-label\">N\u00c3O<\/span><\/label><\/span><\/span><\/span><br \/>\n<i>Descrever as atividades<\/i><br \/>\n<span class=\"wpcf7-form-control-wrap\" data-name=\"atividades\"><textarea cols=\"40\" rows=\"10\" maxlength=\"2000\" class=\"wpcf7-form-control wpcf7-textarea\" aria-invalid=\"false\" name=\"atividades\"><\/textarea><\/span>\n<\/p>\n<p><b>2) Institui\u00e7\u00e3o\/empresa <span class=\"wpcf7-form-control-wrap\" data-name=\"checkbox-680\"><span class=\"wpcf7-form-control wpcf7-checkbox\"><span class=\"wpcf7-list-item first\"><label><input type=\"checkbox\" name=\"checkbox-680[]\" value=\"ATUAL\" \/><span class=\"wpcf7-list-item-label\">ATUAL<\/span><\/label><\/span><span class=\"wpcf7-list-item last\"><label><input type=\"checkbox\" name=\"checkbox-680[]\" value=\"ANTERIOR\" \/><span class=\"wpcf7-list-item-label\">ANTERIOR<\/span><\/label><\/span><\/span><\/span><\/b><br \/>\n<label> Nome<br \/>\n<span class=\"wpcf7-form-control-wrap\" data-name=\"empresadois\"><input size=\"40\" maxlength=\"400\" class=\"wpcf7-form-control wpcf7-text\" aria-invalid=\"false\" value=\"\" type=\"text\" name=\"empresadois\" \/><\/span> <\/label><br \/>\n<label> Local<br \/>\n<span class=\"wpcf7-form-control-wrap\" data-name=\"localdois\"><input size=\"40\" maxlength=\"400\" class=\"wpcf7-form-control wpcf7-text\" aria-invalid=\"false\" value=\"\" type=\"text\" name=\"localdois\" \/><\/span> <\/label><br \/>\n<label> Data de inicio<br \/>\n<span class=\"wpcf7-form-control-wrap\" data-name=\"date-947\"><input class=\"wpcf7-form-control wpcf7-date wpcf7-validates-as-date\" aria-invalid=\"false\" value=\"\" type=\"date\" name=\"date-947\" \/><\/span> <\/label><br \/>\n<label> Data de t\u00e9rmino<br \/>\n<span class=\"wpcf7-form-control-wrap\" data-name=\"date-948\"><input class=\"wpcf7-form-control wpcf7-date wpcf7-validates-as-date\" aria-invalid=\"false\" value=\"\" type=\"date\" name=\"date-948\" \/><\/span> <\/label><br \/>\n<label> Hor\u00e1rio<br \/>\n<span class=\"wpcf7-form-control-wrap\" data-name=\"horariodois\"><input size=\"40\" maxlength=\"400\" class=\"wpcf7-form-control wpcf7-text\" aria-invalid=\"false\" value=\"\" type=\"text\" name=\"horariodois\" \/><\/span> <\/label><br \/>\nAtividade relacionada com Per\u00edcia M\u00e9dica: <span class=\"wpcf7-form-control-wrap\" data-name=\"checkbox-682\"><span class=\"wpcf7-form-control wpcf7-checkbox wpcf7-validates-as-required\"><span class=\"wpcf7-list-item first\"><label><input type=\"checkbox\" name=\"checkbox-682[]\" value=\"SIM\" \/><span class=\"wpcf7-list-item-label\">SIM<\/span><\/label><\/span><span class=\"wpcf7-list-item last\"><label><input type=\"checkbox\" name=\"checkbox-682[]\" value=\"N\u00c3O\" \/><span class=\"wpcf7-list-item-label\">N\u00c3O<\/span><\/label><\/span><\/span><\/span><br \/>\n<i>Descrever as atividades<\/i><br \/>\n<span class=\"wpcf7-form-control-wrap\" data-name=\"atividadesdois\"><textarea cols=\"40\" rows=\"10\" maxlength=\"2000\" class=\"wpcf7-form-control wpcf7-textarea\" aria-invalid=\"false\" name=\"atividadesdois\"><\/textarea><\/span><br \/>\n<i>J\u00e1 realizou outros cursos de P\u00f3s-Gradua\u00e7\u00e3o?<\/i><br \/>\n<span class=\"wpcf7-form-control-wrap\" data-name=\"checkbox-361\"><span class=\"wpcf7-form-control wpcf7-checkbox wpcf7-validates-as-required\"><span class=\"wpcf7-list-item first\"><label><input type=\"checkbox\" name=\"checkbox-361[]\" value=\"SIM\" \/><span class=\"wpcf7-list-item-label\">SIM<\/span><\/label><\/span><span class=\"wpcf7-list-item last\"><label><input type=\"checkbox\" name=\"checkbox-361[]\" value=\"N\u00c3O\" \/><span class=\"wpcf7-list-item-label\">N\u00c3O<\/span><\/label><\/span><\/span><\/span><br \/>\nSe sim, qual Curso, Institui\u00e7\u00e3o e o ano de conclus\u00e3o:<br \/>\n<span class=\"wpcf7-form-control-wrap\" data-name=\"experiencia\"><textarea cols=\"40\" rows=\"10\" maxlength=\"2000\" class=\"wpcf7-form-control wpcf7-textarea\" aria-invalid=\"false\" name=\"experiencia\"><\/textarea><\/span>\n<\/p>\n<p><i>Experi\u00eancias na \u00e1rea de Pericia Medica:<\/i>\n<\/p>\n<p><span class=\"wpcf7-form-control-wrap\" data-name=\"checkbox-39\"><span class=\"wpcf7-form-control wpcf7-checkbox wpcf7-validates-as-required\"><span class=\"wpcf7-list-item first\"><label><input type=\"checkbox\" name=\"checkbox-39[]\" value=\"Perito nomeado pelo juiz\" \/><span class=\"wpcf7-list-item-label\">Perito nomeado pelo juiz<\/span><\/label><\/span><span class=\"wpcf7-list-item\"><label><input type=\"checkbox\" name=\"checkbox-39[]\" value=\"Assistente t\u00e9cnico\" \/><span class=\"wpcf7-list-item-label\">Assistente t\u00e9cnico<\/span><\/label><\/span><span class=\"wpcf7-list-item\"><label><input type=\"checkbox\" name=\"checkbox-39[]\" value=\"Pericias Trabalhistas\" \/><span class=\"wpcf7-list-item-label\">Pericias Trabalhistas<\/span><\/label><\/span><span class=\"wpcf7-list-item\"><label><input type=\"checkbox\" name=\"checkbox-39[]\" value=\"Pericias Judiciais\" \/><span class=\"wpcf7-list-item-label\">Pericias Judiciais<\/span><\/label><\/span><span class=\"wpcf7-list-item\"><label><input type=\"checkbox\" name=\"checkbox-39[]\" value=\"Pericias Previdenci\u00e1ria\" \/><span class=\"wpcf7-list-item-label\">Pericias Previdenci\u00e1ria<\/span><\/label><\/span><span class=\"wpcf7-list-item\"><label><input type=\"checkbox\" name=\"checkbox-39[]\" value=\"Pericias Administrativa\" \/><span class=\"wpcf7-list-item-label\">Pericias Administrativa<\/span><\/label><\/span><span class=\"wpcf7-list-item\"><label><input type=\"checkbox\" name=\"checkbox-39[]\" value=\"Pericias Securit\u00e1ria\" \/><span class=\"wpcf7-list-item-label\">Pericias Securit\u00e1ria<\/span><\/label><\/span><span class=\"wpcf7-list-item last\"><label><input type=\"checkbox\" name=\"checkbox-39[]\" value=\"Outras:\" \/><span class=\"wpcf7-list-item-label\">Outras:<\/span><\/label><\/span><\/span><\/span><span class=\"wpcf7-form-control-wrap\" data-name=\"outras\"><input size=\"40\" maxlength=\"400\" class=\"wpcf7-form-control wpcf7-text\" aria-invalid=\"false\" value=\"\" type=\"text\" name=\"outras\" \/><\/span>\n<\/p>\n<p><i>Experi\u00eancias na \u00e1rea de Medicina Legal:<\/i><br \/>\n<span class=\"wpcf7-form-control-wrap\" data-name=\"checkbox-326\"><span class=\"wpcf7-form-control wpcf7-checkbox\"><span class=\"wpcf7-list-item first\"><label><input type=\"checkbox\" name=\"checkbox-326[]\" value=\"SIM\" \/><span class=\"wpcf7-list-item-label\">SIM<\/span><\/label><\/span><span class=\"wpcf7-list-item last\"><label><input type=\"checkbox\" name=\"checkbox-326[]\" value=\"N\u00c3O\" \/><span class=\"wpcf7-list-item-label\">N\u00c3O<\/span><\/label><\/span><\/span><\/span><br \/>\nLocal:<br \/>\n<span class=\"wpcf7-form-control-wrap\" data-name=\"medicinalegal\"><input size=\"40\" maxlength=\"400\" class=\"wpcf7-form-control wpcf7-text\" aria-invalid=\"false\" value=\"\" type=\"text\" name=\"medicinalegal\" \/><\/span>\n<\/p>\n<p><i>Qual seu objetivo\/interesse em fazer o curso?<\/i><br \/>\n<span class=\"wpcf7-form-control-wrap\" data-name=\"objetivo\"><textarea cols=\"40\" rows=\"10\" maxlength=\"2000\" class=\"wpcf7-form-control wpcf7-textarea\" aria-invalid=\"false\" name=\"objetivo\"><\/textarea><\/span>\n<\/p>\n<p>BOLSAS<br \/>\nO curso destinar\u00e1 a alunos bolsistas integrais no m\u00ednimo 10% das vagas destinadas a alunos pagantes, preferencialmente para funcion\u00e1rios de \u00f3rg\u00e3os p\u00fablicos (federal, estadual, municipal). Para solicita\u00e7\u00e3o de bolsa, o aluno dever\u00e1 anexar na inscri\u00e7\u00e3o um oficio institucional do \u00d3rg\u00e3o P\u00fablico solicitando a bolsa com justificativa.\n<\/p>\n<p>Anexar solicita\u00e7\u00e3o de bolsa conforme 3.3 do Edital 01\/2022<br \/>\n<span class=\"wpcf7-form-control-wrap\" data-name=\"file-566\"><input size=\"40\" class=\"wpcf7-form-control wpcf7-file\" accept=\".pdf\" aria-invalid=\"false\" type=\"file\" name=\"file-566\" \/><\/span>\n<\/p>\n<p><span class=\"wpcf7-form-control-wrap\" data-name=\"declaro-155\"><span class=\"wpcf7-form-control wpcf7-checkbox wpcf7-validates-as-required\"><span class=\"wpcf7-list-item first last\"><input type=\"checkbox\" name=\"declaro-155[]\" value=\"Declaro estar ciente do contido no Edital n\u00ba 1\" \/><span class=\"wpcf7-list-item-label\">Declaro estar ciente do contido no Edital n\u00ba 1<\/span><\/span><\/span><\/span><br \/>\n<input class=\"wpcf7-form-control wpcf7-submit has-spinner\" type=\"submit\" value=\"Enviar\" \/>\n<\/p><div class=\"wpcf7-response-output\" aria-hidden=\"true\"><\/div>\n<\/form>\n<\/div>\n\n","protected":false},"excerpt":{"rendered":"","protected":false},"author":15,"featured_media":0,"parent":0,"menu_order":0,"comment_status":"closed","ping_status":"closed","template":"","meta":{"_acf_changed":false,"_uag_custom_page_level_css":"","footnotes":""},"class_list":["post-2494","page","type-page","status-publish","hentry"],"acf":[],"featured_image_src":null,"uagb_featured_image_src":{"full":false,"thumbnail":false,"medium":false,"medium_large":false,"large":false,"1536x1536":false,"2048x2048":false,"noticias-thumb":false,"banners-thumb":false,"maisnoticias-thumb":false,"post-thumbnail":false},"uagb_author_info":{"display_name":"Andrea Jankoski","author_link":"https:\/\/saude.ufpr.br\/epmufpr\/author\/andrea\/"},"uagb_comment_info":0,"uagb_excerpt":null,"publishpress_future_action":{"enabled":false,"date":"2026-05-03 03:33:39","action":"change-status","newStatus":"draft","terms":[],"taxonomy":"","extraData":[]},"publishpress_future_workflow_manual_trigger":{"enabledWorkflows":[]},"_links":{"self":[{"href":"https:\/\/saude.ufpr.br\/epmufpr\/wp-json\/wp\/v2\/pages\/2494","targetHints":{"allow":["GET"]}}],"collection":[{"href":"https:\/\/saude.ufpr.br\/epmufpr\/wp-json\/wp\/v2\/pages"}],"about":[{"href":"https:\/\/saude.ufpr.br\/epmufpr\/wp-json\/wp\/v2\/types\/page"}],"author":[{"embeddable":true,"href":"https:\/\/saude.ufpr.br\/epmufpr\/wp-json\/wp\/v2\/users\/15"}],"replies":[{"embeddable":true,"href":"https:\/\/saude.ufpr.br\/epmufpr\/wp-json\/wp\/v2\/comments?post=2494"}],"version-history":[{"count":2,"href":"https:\/\/saude.ufpr.br\/epmufpr\/wp-json\/wp\/v2\/pages\/2494\/revisions"}],"predecessor-version":[{"id":2496,"href":"https:\/\/saude.ufpr.br\/epmufpr\/wp-json\/wp\/v2\/pages\/2494\/revisions\/2496"}],"wp:attachment":[{"href":"https:\/\/saude.ufpr.br\/epmufpr\/wp-json\/wp\/v2\/media?parent=2494"}],"curies":[{"name":"wp","href":"https:\/\/api.w.org\/{rel}","templated":true}]}}