{"id":2613,"date":"2023-03-31T14:17:57","date_gmt":"2023-03-31T17:17:57","guid":{"rendered":"https:\/\/saude.ufpr.br\/epmufpr\/?page_id=2613"},"modified":"2023-06-06T15:02:46","modified_gmt":"2023-06-06T18:02:46","slug":"2023-2024","status":"publish","type":"page","link":"https:\/\/saude.ufpr.br\/epmufpr\/2023-2024\/","title":{"rendered":"2023-2024"},"content":{"rendered":"<p><strong><span style=\"color: #800080;\">Aulas presenciais: sexta da 19h \u00e1s 23h e s\u00e1bado das 08h \u00e0s 18h;<\/span><\/strong><\/p>\n<p><strong><span style=\"color: #800080;\">Atividades Remotas: na plataforma da UFPR Virtual, com prazo para realiza\u00e7\u00e3o das atividades do m\u00f3dulo at\u00e9 o inicio do pr\u00f3ximo m\u00f3dulo presencial.<\/span><\/strong><\/p>\n<hr \/>\n<p><strong>M\u00d3DULO 1<\/strong><\/p>\n<p>Sexta dia 28\/07\/23 das 19 \u00e0s 22hs<\/p>\n<p><strong>Abertura do Curso <\/strong><\/p>\n<p><strong>Palestra &#8211; Campo de Atua\u00e7\u00e3o do M\u00e9dico Perito.<\/strong><\/p>\n<p>S\u00e1bado dia 29\/07\/23\u00a0 das 08 \u00e0s12hs<\/p>\n<p><strong>Ambienta\u00e7\u00e3o &#8211; UFPR Virtual \u2013 Atividade Pr\u00e1tica no Moodle.<\/strong><\/p>\n<p>S\u00e1bado dia 29\/07\/23\u00a0 das 14 \u00e0s 18hs<\/p>\n<p><strong>Exerc\u00edcio Profissional da Especialidade, Prova Pericial e Honor\u00e1rios M\u00e9dicos.<\/strong><\/p>\n<hr \/>\n<p><strong>M\u00d3DULO 2<\/strong><\/p>\n<p>Sexta dia 25\/08\/23 das 19 \u00e0s 22hs<\/p>\n<p><strong>Conceitos, Legisla\u00e7\u00e3o e Fundamentos em Per\u00edcia M\u00e9dica.<\/strong><\/p>\n<p>S\u00e1bado 26\/08\/23 das 08 \u00e0s 18hs<\/p>\n<p><b>Atribui\u00e7\u00e3o<\/b><strong>\u00a0do M\u00e9dico Perito frente ao capital x trabalho: Uma vis\u00e3o te\u00f3rico\/pr\u00e1tica.<\/strong><\/p>\n<hr \/>\n<p><strong>M\u00d3DULO 3<\/strong><\/p>\n<p>Sexta dia 22\/09\/23 das 19 \u00e0s 22hs<\/p>\n<p><strong>Legisla\u00e7\u00e3o e Considera\u00e7\u00f5es \u00c9ticas em Pericias M\u00e9dicas, Erro<\/strong> <strong>M\u00e9dico.<\/strong><\/p>\n<p>S\u00e1bado dia 23\/09\/23 das 08 \u00e0s 18hs<\/p>\n<p><strong>Responsabilidade Civil, Penal e Administrativa do M\u00e9dico Perito.<\/strong><\/p>\n<hr \/>\n<p><strong>M\u00d3DULO 4<\/strong><\/p>\n<p>Sexta dia 27\/10\/23 das 19 \u00e0s 22hs<\/p>\n<p><strong>Per\u00edcia M\u00e9dica Judicial<\/strong><\/p>\n<p>Sabado dia 28\/10\/23 das 08 \u00e0s 18hs<\/p>\n<p><strong>Per\u00edcia M\u00e9dica Judicial<\/strong><\/p>\n<hr \/>\n<p><strong>M\u00d3DULO 5 <\/strong><\/p>\n<p>Sexta dia 10\/11\/23 das 19 \u00e0s 22hs<\/p>\n<p><strong>Per\u00edcia M\u00e9dica Administrativa<\/strong><\/p>\n<p>S\u00e1bado dia 11\/11\/23 das 08 \u00e0s 18hs<\/p>\n<p><strong>Per\u00edcia M\u00e9dica Previdenci\u00e1ria<\/strong><\/p>\n<hr \/>\n<p><strong>M\u00d3DULO 6<\/strong><\/p>\n<p>Sexta dia 01\/12\/23 das 19 \u00e0s 22hs<\/p>\n<p><strong>Per\u00edcia em Medicina de Tr\u00e1fego<\/strong><\/p>\n<p>S\u00e1bado dia 02\/12\/23 das 08 \u00e0s 18hs<\/p>\n<p><strong>Per\u00edcia M\u00e9dica Securit\u00e1ria<\/strong><\/p>\n<hr \/>\n<p><strong>M\u00d3DULO 7<\/strong><\/p>\n<p>Sexta dia 26\/01\/24 das 19 \u00e0s 22hs<\/p>\n<p><strong>Per\u00edcia M\u00e9dico legal<\/strong><\/p>\n<p>S\u00e1bado dia 27\/01\/24 das 08 \u00e0s 18hs<\/p>\n<p><strong>Per\u00edcia M\u00e9dico legal<\/strong><\/p>\n<hr \/>\n<p><strong>M\u00d3DULO 8<\/strong><\/p>\n<p>Sexta dia 23\/02\/24 das 19 \u00e0s 22hs<\/p>\n<p><b>Assist\u00eancia<\/b><strong>\u00a0T\u00e9cnica: Atribui\u00e7\u00f5es, Fundamento Jur\u00eddico, Formula\u00e7\u00e3o dos Quesitos.<\/strong><\/p>\n<p>S\u00e1bado dia 24\/02\/24 das 08 \u00e0s 18hs<\/p>\n<p><b>Assist\u00eancia<\/b><strong>\u00a0T\u00e9cnica: Atribui\u00e7\u00f5es, Fundamento Jur\u00eddico, Formula\u00e7\u00e3o dos Quesitos.<\/strong><\/p>\n<hr \/>\n<p><strong>M\u00d3DULO 9 <\/strong><\/p>\n<p>Sexta dia 22\/03\/24 das 19 \u00e0s 22hs<\/p>\n<p><strong>Metodologia da Pesquisa e da Produ\u00e7\u00e3o Cient\u00edfica\/TCC<\/strong><\/p>\n<p>S\u00e1bado dia 23\/03\/24 das 08 \u00e0s 18hs<\/p>\n<p><strong>Metodologia da Pesquisa e da Produ\u00e7\u00e3o Cient\u00edfica\/TCC<\/strong><\/p>\n<hr \/>\n<p><strong>M\u00d3DULO 10 <\/strong><\/p>\n<p>Sexta dia 19\/04\/24 das 19 \u00e0s 22hs<\/p>\n<p><strong>Atividade Pr\u00e1tica: Elabora\u00e7\u00e3o de Laudos Periciais, Formula\u00e7\u00e3o dos Quesitos, Manifesta\u00e7\u00e3o Pericial.<\/strong><\/p>\n<p>S\u00e1bado dia 20\/04\/24 das 08 \u00e0s 18hs<\/p>\n<p><strong>Atividade Pr\u00e1tica: Elabora\u00e7\u00e3o de Laudos Periciais, Formula\u00e7\u00e3o dos Quesitos, Manifesta\u00e7\u00e3o Pericial.<\/strong><\/p>\n<hr \/>\n<p><strong>M\u00d3DULO 11 <\/strong><\/p>\n<p>Sexta dia 17\/05\/24 das 19 \u00e0s 22hs<\/p>\n<p><strong>Per\u00edcias Trabalhistas: Normas Regulamentadoras, Legisla\u00e7\u00e3o e Seguran\u00e7a do Trabalho.<\/strong><\/p>\n<p>S\u00e1bado dia 18\/05\/24 das 08 \u00e0s 18hs<\/p>\n<p><strong>Per\u00edcias Trabalhistas: Normas Regulamentadoras, Legisla\u00e7\u00e3o e Seguran\u00e7a do Trabalho.<\/strong><\/p>\n<hr \/>\n<p><strong>M\u00d3DULO 12 <\/strong><\/p>\n<p>Sexta dia 21\/06\/24 das 19 \u00e0s 22hs<\/p>\n<p><strong>Higiene do Trabalho: Conceitos, T\u00e9cnicas, Metodologias. Riscos Ocupacionais: Toxicologia e Ergonomia.<\/strong><\/p>\n<p>S\u00e1bado dia 22\/06\/24 das 08 \u00e0s 18hs<\/p>\n<p><strong>Higiene do Trabalho: Conceitos, T\u00e9cnicas, Metodologias. Riscos Ocupacionais: Toxicologia e Ergonomia.<\/strong><\/p>\n<hr \/>\n<p><strong>M\u00d3DULO 13<\/strong><\/p>\n<p>Sexta dia 02\/08\/24 das 19 \u00e0s 22hs<\/p>\n<p><strong>Acidente de Trabalho, Doen\u00e7as Ocupacionais: Conceitos, Classifica\u00e7\u00e3o de Schilling, Nexo Causal.<\/strong><\/p>\n<p>S\u00e1bado dia 03\/08\/24 das 08 \u00e0s 18hs<\/p>\n<p><strong>Acidente de Trabalho, Doen\u00e7as Ocupacionais: Conceitos, Classifica\u00e7\u00e3o de Schilling, Nexo Causal.<\/strong><\/p>\n<hr \/>\n<p><strong>M\u00d3DULO 14 <\/strong><\/p>\n<p>Sexta dia 30\/08\/24 das 19 \u00e0s 22hs<\/p>\n<p><strong>Per\u00edcia em Psiquiatria: Principais S\u00edndromes Cl\u00ednicas, Semiologia Psiqui\u00e1trica, Nexo Causal, Simula\u00e7\u00e3o, Aliena\u00e7\u00e3o Mental.<\/strong><\/p>\n<p>S\u00e1bado dia 31\/08\/24 das 08 \u00e0s 18hs<\/p>\n<p><strong>Per\u00edcia em Psiquiatria: Principais S\u00edndromes Cl\u00ednicas, Semiologia Psiqui\u00e1trica, Nexo Causal, Simula\u00e7\u00e3o, Aliena\u00e7\u00e3o Mental.<\/strong><\/p>\n<hr \/>\n<p><strong>M\u00d3DULO 15 <\/strong><\/p>\n<p>Sexta dia 27\/09\/24 das 19 \u00e0s 22hs<\/p>\n<p><strong>Per\u00edcia em Ortopedia: Principais Patologias de Ordem Pericial LER\/DORT, Semiologia Ortop\u00e9dica, Exames de Imagem.<\/strong><\/p>\n<p>S\u00e1bado dia 28\/09\/24 das 08 \u00e0s 18hs<\/p>\n<p><strong>Per\u00edcia em Ortopedia: Principais Patologias de Ordem Pericial LER\/DORT, Semiologia Ortop\u00e9dica, Exames de Imagem.<\/strong><\/p>\n<hr \/>\n<p><strong>M\u00d3DULO 16 <\/strong><\/p>\n<p>Sexta dia 25\/10\/24 das 19 \u00e0s 22hs<\/p>\n<p><strong>Per\u00edcia em Cardiologia: Patologias Cardiovasculares, Cardiopatia Grave.<\/strong><\/p>\n<p>S\u00e1bado dia 26\/10\/24 das 08 \u00e0s 18hs<\/p>\n<p><strong>Per\u00edcia em Otorrinolaringologia: Patologias Auditivas, Audiometria, Surdez, Voz Profissional.<\/strong><\/p>\n<hr \/>\n<p><strong>M\u00d3DULO 17<\/strong><\/p>\n<p>Sexta dia 08\/11\/24 das 19 \u00e0s 22hs<\/p>\n<p><strong>Atividade Pr\u00e1tica: Elabora\u00e7\u00e3o de Laudos Periciais, Formula\u00e7\u00e3o dos Quesitos, Manifesta\u00e7\u00e3o Pericial.<\/strong><\/p>\n<p>S\u00e1bado dia 09\/11\/24 das 08 \u00e0s 18hs<\/p>\n<p><strong>Atividade Pr\u00e1tica: Elabora\u00e7\u00e3o de Laudos Periciais, Formula\u00e7\u00e3o dos Quesitos, Manifesta\u00e7\u00e3o Pericial.<\/strong><\/p>\n<hr \/>\n<p><strong>M\u00d3DULO 18 <\/strong><\/p>\n<p>Sexta dia 29\/11\/24 das 19 \u00e0s 22hs<\/p>\n<p><strong>Semin\u00e1rio Final \u2013 Apresenta\u00e7\u00e3o TCC\/Artigo.<\/strong><\/p>\n<p>S\u00e1bado dia 30\/11\/24 das 08 \u00e0s 18hs<\/p>\n<p><strong>Semin\u00e1rio Final \u2013 Apresenta\u00e7\u00e3o TCC\/Artigo<\/strong><\/p>\n","protected":false},"excerpt":{"rendered":"<p>Aulas presenciais: sexta da 19h \u00e1s 23h e s\u00e1bado das 08h \u00e0s 18h; Atividades Remotas: na plataforma da UFPR Virtual, com prazo para realiza\u00e7\u00e3o das atividades do m\u00f3dulo at\u00e9 o inicio do pr\u00f3ximo m\u00f3dulo presencial. M\u00d3DULO 1 Sexta dia 28\/07\/23 das 19 \u00e0s 22hs Abertura do Curso Palestra &#8211; Campo de Atua\u00e7\u00e3o do M\u00e9dico Perito.<br \/> <a href=\"https:\/\/saude.ufpr.br\/epmufpr\/2023-2024\/\" class=\"button success small readmore\">Leia mais<\/a><\/p>\n","protected":false},"author":15,"featured_media":0,"parent":0,"menu_order":0,"comment_status":"closed","ping_status":"closed","template":"","meta":{"_acf_changed":false,"_uag_custom_page_level_css":"","footnotes":""},"class_list":["post-2613","page","type-page","status-publish","hentry"],"acf":[],"featured_image_src":null,"uagb_featured_image_src":{"full":false,"thumbnail":false,"medium":false,"medium_large":false,"large":false,"1536x1536":false,"2048x2048":false,"noticias-thumb":false,"banners-thumb":false,"maisnoticias-thumb":false,"post-thumbnail":false},"uagb_author_info":{"display_name":"Andrea Jankoski","author_link":"https:\/\/saude.ufpr.br\/epmufpr\/author\/andrea\/"},"uagb_comment_info":0,"uagb_excerpt":"Aulas presenciais: sexta da 19h \u00e1s 23h e s\u00e1bado das 08h \u00e0s 18h; Atividades Remotas: na plataforma da UFPR Virtual, com prazo para realiza\u00e7\u00e3o das atividades do m\u00f3dulo at\u00e9 o inicio do pr\u00f3ximo m\u00f3dulo presencial. M\u00d3DULO 1 Sexta dia 28\/07\/23 das 19 \u00e0s 22hs Abertura do Curso Palestra &#8211; Campo de Atua\u00e7\u00e3o do M\u00e9dico Perito.&hellip;","publishpress_future_action":{"enabled":false,"date":"2026-04-30 08:35:26","action":"change-status","newStatus":"draft","terms":[],"taxonomy":"","extraData":[]},"publishpress_future_workflow_manual_trigger":{"enabledWorkflows":[]},"_links":{"self":[{"href":"https:\/\/saude.ufpr.br\/epmufpr\/wp-json\/wp\/v2\/pages\/2613","targetHints":{"allow":["GET"]}}],"collection":[{"href":"https:\/\/saude.ufpr.br\/epmufpr\/wp-json\/wp\/v2\/pages"}],"about":[{"href":"https:\/\/saude.ufpr.br\/epmufpr\/wp-json\/wp\/v2\/types\/page"}],"author":[{"embeddable":true,"href":"https:\/\/saude.ufpr.br\/epmufpr\/wp-json\/wp\/v2\/users\/15"}],"replies":[{"embeddable":true,"href":"https:\/\/saude.ufpr.br\/epmufpr\/wp-json\/wp\/v2\/comments?post=2613"}],"version-history":[{"count":8,"href":"https:\/\/saude.ufpr.br\/epmufpr\/wp-json\/wp\/v2\/pages\/2613\/revisions"}],"predecessor-version":[{"id":2719,"href":"https:\/\/saude.ufpr.br\/epmufpr\/wp-json\/wp\/v2\/pages\/2613\/revisions\/2719"}],"wp:attachment":[{"href":"https:\/\/saude.ufpr.br\/epmufpr\/wp-json\/wp\/v2\/media?parent=2613"}],"curies":[{"name":"wp","href":"https:\/\/api.w.org\/{rel}","templated":true}]}}