{"id":1428,"date":"2022-07-13T07:52:51","date_gmt":"2022-07-13T10:52:51","guid":{"rendered":"https:\/\/saude.ufpr.br\/farmacia\/?page_id=1428"},"modified":"2023-04-05T17:41:58","modified_gmt":"2023-04-05T20:41:58","slug":"extensao","status":"publish","type":"page","link":"https:\/\/saude.ufpr.br\/farmacia\/extensao\/","title":{"rendered":"Extens\u00e3o"},"content":{"rendered":"<p><a href=\"https:\/\/saude.ufpr.br\/farmacia\/wp-content\/uploads\/sites\/24\/2022\/07\/Regulamento-de-Extensao-do-Curso-de-Farmacia.pdf\" target=\"_blank\" rel=\"noopener\">Regulamento de Extens\u00e3o do Curso de Farm\u00e1cia<\/a><\/p>\n<p><a href=\"https:\/\/saude.ufpr.br\/farmacia\/wp-content\/uploads\/sites\/24\/2023\/04\/Projetos-de-Extensao-em-execucao-nos-Departamentos-do-Curso.pdf\" target=\"_blank\" rel=\"noopener\">Projetos de Extens\u00e3o em execu\u00e7\u00e3o nos Departamentos do Curso<\/a><\/p>\n","protected":false},"excerpt":{"rendered":"<p>Regulamento de Extens\u00e3o do Curso de Farm\u00e1cia Projetos de Extens\u00e3o em execu\u00e7\u00e3o nos Departamentos do Curso<\/p>\n","protected":false},"author":1693,"featured_media":0,"parent":0,"menu_order":0,"comment_status":"closed","ping_status":"closed","template":"","meta":{"_acf_changed":false,"_uag_custom_page_level_css":"","footnotes":""},"class_list":["post-1428","page","type-page","status-publish","hentry"],"acf":[],"featured_image_src":null,"uagb_featured_image_src":{"full":false,"thumbnail":false,"medium":false,"medium_large":false,"large":false,"1536x1536":false,"2048x2048":false},"uagb_author_info":{"display_name":"djavan","author_link":"https:\/\/saude.ufpr.br\/farmacia\/author\/djavan\/"},"uagb_comment_info":0,"uagb_excerpt":"Regulamento de Extens\u00e3o do Curso de Farm\u00e1cia Projetos de Extens\u00e3o em execu\u00e7\u00e3o nos Departamentos do Curso","publishpress_future_action":{"enabled":false,"date":"2026-04-20 18:20:00","action":"change-status","newStatus":"draft","terms":[],"taxonomy":"","extraData":[]},"publishpress_future_workflow_manual_trigger":{"enabledWorkflows":[]},"_links":{"self":[{"href":"https:\/\/saude.ufpr.br\/farmacia\/wp-json\/wp\/v2\/pages\/1428","targetHints":{"allow":["GET"]}}],"collection":[{"href":"https:\/\/saude.ufpr.br\/farmacia\/wp-json\/wp\/v2\/pages"}],"about":[{"href":"https:\/\/saude.ufpr.br\/farmacia\/wp-json\/wp\/v2\/types\/page"}],"author":[{"embeddable":true,"href":"https:\/\/saude.ufpr.br\/farmacia\/wp-json\/wp\/v2\/users\/1693"}],"replies":[{"embeddable":true,"href":"https:\/\/saude.ufpr.br\/farmacia\/wp-json\/wp\/v2\/comments?post=1428"}],"version-history":[{"count":4,"href":"https:\/\/saude.ufpr.br\/farmacia\/wp-json\/wp\/v2\/pages\/1428\/revisions"}],"predecessor-version":[{"id":1610,"href":"https:\/\/saude.ufpr.br\/farmacia\/wp-json\/wp\/v2\/pages\/1428\/revisions\/1610"}],"wp:attachment":[{"href":"https:\/\/saude.ufpr.br\/farmacia\/wp-json\/wp\/v2\/media?parent=1428"}],"curies":[{"name":"wp","href":"https:\/\/api.w.org\/{rel}","templated":true}]}}