{"id":335,"date":"2017-10-26T18:24:10","date_gmt":"2017-10-26T18:24:10","guid":{"rendered":"https:\/\/saude.ufpr.br\/farmacia\/?page_id=335"},"modified":"2022-03-22T17:35:21","modified_gmt":"2022-03-22T17:35:21","slug":"atividades-formativas-2","status":"publish","type":"page","link":"https:\/\/saude.ufpr.br\/farmacia\/atividades-formativas-2\/","title":{"rendered":"Atividades Formativas"},"content":{"rendered":"<p><a href=\"https:\/\/saude.ufpr.br\/farmacia\/wp-content\/uploads\/sites\/24\/2017\/10\/Atividades-Formativas-Regulamenta\u00e7\u00e3o.pdf\" target=\"_blank\" rel=\"noopener noreferrer\">Atividades Formativas &#8211; Regulamenta\u00e7\u00e3o<\/a><\/p>\n<p><a href=\"https:\/\/saude.ufpr.br\/farmacia\/wp-content\/uploads\/sites\/24\/2022\/03\/Atividades-Formativas-Regulamentacao-Curriculo-Versao-2021-33A.pdf\" target=\"_blank\" rel=\"noopener\">Atividades Formativas &#8211; Regulamenta\u00e7\u00e3o Vers\u00e3o Curr\u00edculo 2021 &#8211; 33A<\/a><\/p>\n","protected":false},"excerpt":{"rendered":"<p>Atividades Formativas &#8211; Regulamenta\u00e7\u00e3o Atividades Formativas &#8211; Regulamenta\u00e7\u00e3o Vers\u00e3o Curr\u00edculo 2021 &#8211; 33A<\/p>\n","protected":false},"author":15,"featured_media":0,"parent":0,"menu_order":0,"comment_status":"closed","ping_status":"closed","template":"","meta":{"_acf_changed":false,"_uag_custom_page_level_css":"","footnotes":""},"class_list":["post-335","page","type-page","status-publish","hentry"],"acf":[],"featured_image_src":null,"uagb_featured_image_src":{"full":false,"thumbnail":false,"medium":false,"medium_large":false,"large":false,"1536x1536":false,"2048x2048":false},"uagb_author_info":{"display_name":"Andrea Jankoski","author_link":"https:\/\/saude.ufpr.br\/farmacia\/author\/andrea\/"},"uagb_comment_info":0,"uagb_excerpt":"Atividades Formativas &#8211; Regulamenta\u00e7\u00e3o Atividades Formativas &#8211; Regulamenta\u00e7\u00e3o Vers\u00e3o Curr\u00edculo 2021 &#8211; 33A","publishpress_future_action":{"enabled":false,"date":"2026-04-11 01:11:18","action":"change-status","newStatus":"draft","terms":[],"taxonomy":"","extraData":[]},"publishpress_future_workflow_manual_trigger":{"enabledWorkflows":[]},"_links":{"self":[{"href":"https:\/\/saude.ufpr.br\/farmacia\/wp-json\/wp\/v2\/pages\/335","targetHints":{"allow":["GET"]}}],"collection":[{"href":"https:\/\/saude.ufpr.br\/farmacia\/wp-json\/wp\/v2\/pages"}],"about":[{"href":"https:\/\/saude.ufpr.br\/farmacia\/wp-json\/wp\/v2\/types\/page"}],"author":[{"embeddable":true,"href":"https:\/\/saude.ufpr.br\/farmacia\/wp-json\/wp\/v2\/users\/15"}],"replies":[{"embeddable":true,"href":"https:\/\/saude.ufpr.br\/farmacia\/wp-json\/wp\/v2\/comments?post=335"}],"version-history":[{"count":14,"href":"https:\/\/saude.ufpr.br\/farmacia\/wp-json\/wp\/v2\/pages\/335\/revisions"}],"predecessor-version":[{"id":1236,"href":"https:\/\/saude.ufpr.br\/farmacia\/wp-json\/wp\/v2\/pages\/335\/revisions\/1236"}],"wp:attachment":[{"href":"https:\/\/saude.ufpr.br\/farmacia\/wp-json\/wp\/v2\/media?parent=335"}],"curies":[{"name":"wp","href":"https:\/\/api.w.org\/{rel}","templated":true}]}}