{"id":379,"date":"2018-03-23T16:22:13","date_gmt":"2018-03-23T16:22:13","guid":{"rendered":"https:\/\/saude.ufpr.br\/farmacia\/?page_id=379"},"modified":"2018-12-19T18:27:08","modified_gmt":"2018-12-19T18:27:08","slug":"nucleo-docente-estruturante","status":"publish","type":"page","link":"https:\/\/saude.ufpr.br\/farmacia\/nucleo-docente-estruturante\/","title":{"rendered":"N\u00facleo Docente Estruturante"},"content":{"rendered":"<p>REGIMENTO<\/p>\n<p><a href=\"https:\/\/saude.ufpr.br\/farmacia\/wp-content\/uploads\/sites\/24\/2018\/12\/NDE_regimento_dez_2018.pdf\" target=\"_blank\" rel=\"noopener\">NDE_regimento_dez_2018<\/a><\/p>\n<p>&nbsp;<\/p>\n<p>PORTARIA<\/p>\n<p><a href=\"https:\/\/saude.ufpr.br\/farmacia\/wp-content\/uploads\/sites\/24\/2018\/12\/Portaria_NDE_17_dez_2018.pdf\" target=\"_blank\" rel=\"noopener\">Portaria_NDE_17_dez_2018<\/a><\/p>\n<p>&nbsp;<\/p>\n<p>MEM\u00d3RIAS<\/p>\n<p><a href=\"https:\/\/saude.ufpr.br\/farmacia\/wp-content\/uploads\/sites\/24\/2018\/04\/NDE_9_mar\u00e7o_2018_1Reuni\u00e3o.pdf\" target=\"_blank\" rel=\"noopener\">NDE_9_mar\u00e7o_2018_1Reuni\u00e3o<\/a><\/p>\n<p><a href=\"https:\/\/saude.ufpr.br\/farmacia\/wp-content\/uploads\/sites\/24\/2018\/04\/NDE_15_mar\u00e7o_2018_2Reuni\u00e3o.pdf\">NDE_15_mar\u00e7o_2018_2Reuni\u00e3o<\/a><\/p>\n<p><a href=\"https:\/\/saude.ufpr.br\/farmacia\/wp-content\/uploads\/sites\/24\/2018\/04\/NDE_23_mar\u00e7o_2018_3Reuni\u00e3o.pdf\" target=\"_blank\" rel=\"noopener\">NDE_23_mar\u00e7o_2018_3Reuni\u00e3o<\/a><\/p>\n<p><a href=\"https:\/\/saude.ufpr.br\/farmacia\/wp-content\/uploads\/sites\/24\/2018\/04\/NDE_6_abril_2018_4Reuni\u00e3o.pdf\" target=\"_blank\" rel=\"noopener\">NDE_6_abril_2018_4Reuni\u00e3o<\/a><\/p>\n<p>&nbsp;<\/p>\n<p>LISTAS DE PRESEN\u00c7A<\/p>\n<p><a href=\"https:\/\/saude.ufpr.br\/farmacia\/wp-content\/uploads\/sites\/24\/2018\/12\/0a_2017_NDE_5_mai-1.pdf\" target=\"_blank\" rel=\"noopener\">_0a_2017_NDE_5_mai<\/a><\/p>\n<p><a href=\"https:\/\/saude.ufpr.br\/farmacia\/wp-content\/uploads\/sites\/24\/2018\/12\/1a_2017_NDE_26_mai-1.pdf\" target=\"_blank\" rel=\"noopener\">_1a_2017_NDE_26_mai<\/a><\/p>\n<p><a href=\"https:\/\/saude.ufpr.br\/farmacia\/wp-content\/uploads\/sites\/24\/2018\/12\/2a_2017_NDE_23_jun.pdf\" target=\"_blank\" rel=\"noopener\">_2a_2017_NDE_23_jun<\/a><\/p>\n<p><a href=\"https:\/\/saude.ufpr.br\/farmacia\/wp-content\/uploads\/sites\/24\/2018\/12\/3a_2017_NDE_30_jun.pdf\" target=\"_blank\" rel=\"noopener\">_3a_2017_NDE_30_jun<\/a><\/p>\n<p><a href=\"https:\/\/saude.ufpr.br\/farmacia\/wp-content\/uploads\/sites\/24\/2018\/12\/4a_2017_NDE_4_ago.pdf\" target=\"_blank\" rel=\"noopener\">_4a_2017_NDE_4_ago<\/a><\/p>\n<p><a href=\"https:\/\/saude.ufpr.br\/farmacia\/wp-content\/uploads\/sites\/24\/2018\/12\/5a_2017_NDE_18_ago.pdf\" target=\"_blank\" rel=\"noopener\">_5a_2017_NDE_18_ago<\/a><\/p>\n<p><a href=\"https:\/\/saude.ufpr.br\/farmacia\/wp-content\/uploads\/sites\/24\/2018\/12\/6a_2017_NDE_1_set.pdf\" target=\"_blank\" rel=\"noopener\">_6a_2017_NDE_1_set<\/a><\/p>\n<p><a href=\"https:\/\/saude.ufpr.br\/farmacia\/wp-content\/uploads\/sites\/24\/2018\/12\/7a_2017_NDE_22_set.pdf\" target=\"_blank\" rel=\"noopener\">_7a_2017_NDE_22_set<\/a><\/p>\n<p><a href=\"https:\/\/saude.ufpr.br\/farmacia\/wp-content\/uploads\/sites\/24\/2018\/12\/8a_2017_NDE_18_out.pdf\" target=\"_blank\" rel=\"noopener\">_8a_2017_NDE_18_out<\/a><\/p>\n<p><a href=\"https:\/\/saude.ufpr.br\/farmacia\/wp-content\/uploads\/sites\/24\/2018\/12\/9a_2017_NDE_10_nov.pdf\" target=\"_blank\" rel=\"noopener\">_9a_2017_NDE_10_nov<\/a><\/p>\n<p><a href=\"https:\/\/saude.ufpr.br\/farmacia\/wp-content\/uploads\/sites\/24\/2018\/12\/1a_2018_NDE_9_mar.pdf\" target=\"_blank\" rel=\"noopener\">1a_2018_NDE_9_mar<\/a><\/p>\n<p><a href=\"https:\/\/saude.ufpr.br\/farmacia\/wp-content\/uploads\/sites\/24\/2018\/12\/2a_2018-NDE_15_mar.pdf\" target=\"_blank\" rel=\"noopener\">2a_2018-NDE_15_mar<\/a><\/p>\n<p><a href=\"https:\/\/saude.ufpr.br\/farmacia\/wp-content\/uploads\/sites\/24\/2018\/12\/3a_2018_NDE_23_mar.pdf\" target=\"_blank\" rel=\"noopener\">3a_2018_NDE_23_mar<\/a><\/p>\n<p><a href=\"https:\/\/saude.ufpr.br\/farmacia\/wp-content\/uploads\/sites\/24\/2018\/12\/4a_2018_NDE_6_abr.pdf\" target=\"_blank\" rel=\"noopener\">4a_2018_NDE_6_abr<\/a><\/p>\n<p><a href=\"https:\/\/saude.ufpr.br\/farmacia\/wp-content\/uploads\/sites\/24\/2018\/12\/5a_2018_NDE_13_abr.pdf\" target=\"_blank\" rel=\"noopener\">5a_2018_NDE_13_abr<\/a><\/p>\n<p><a href=\"https:\/\/saude.ufpr.br\/farmacia\/wp-content\/uploads\/sites\/24\/2018\/12\/6a_2018_NDE_20_abr.pdf\" target=\"_blank\" rel=\"noopener\">6a_2018_NDE_20_abr<\/a><\/p>\n<p><a href=\"https:\/\/saude.ufpr.br\/farmacia\/wp-content\/uploads\/sites\/24\/2018\/12\/7a_2018_NDE_27_abr.pdf\" target=\"_blank\" rel=\"noopener\">7a_2018_NDE_27_abr<\/a><\/p>\n<p><a href=\"https:\/\/saude.ufpr.br\/farmacia\/wp-content\/uploads\/sites\/24\/2018\/12\/8a_2018_NDE_4_mai.pdf\" target=\"_blank\" rel=\"noopener\">8a_2018_NDE_4_mai<\/a><\/p>\n<p><a href=\"https:\/\/saude.ufpr.br\/farmacia\/wp-content\/uploads\/sites\/24\/2018\/12\/9a_2018_NDE_11_mai.pdf\" target=\"_blank\" rel=\"noopener\">9a_2018_NDE_11_mai<\/a><\/p>\n<p><a href=\"https:\/\/saude.ufpr.br\/farmacia\/wp-content\/uploads\/sites\/24\/2018\/12\/10a_2018_NDE_18_mai.pdf\" target=\"_blank\" rel=\"noopener\">10a_2018_NDE_18_mai<\/a><\/p>\n<p><a href=\"https:\/\/saude.ufpr.br\/farmacia\/wp-content\/uploads\/sites\/24\/2018\/12\/11a_2018_NDE_25_mai-1.pdf\" target=\"_blank\" rel=\"noopener\">11a_2018_NDE_25_mai<\/a><\/p>\n<p><a href=\"https:\/\/saude.ufpr.br\/farmacia\/wp-content\/uploads\/sites\/24\/2018\/12\/12a_2018_NDE_10_ago-1.pdf\" target=\"_blank\" rel=\"noopener\">12a_2018_NDE_10_ago<\/a><\/p>\n<p><a href=\"https:\/\/saude.ufpr.br\/farmacia\/wp-content\/uploads\/sites\/24\/2018\/12\/13a_2018_NDE_24_ago-1.pdf\" target=\"_blank\" rel=\"noopener\">13a_2018_NDE_24_ago<\/a><\/p>\n<p><a href=\"https:\/\/saude.ufpr.br\/farmacia\/wp-content\/uploads\/sites\/24\/2018\/12\/14a_2018_NDE_31_ago-1.pdf\" target=\"_blank\" rel=\"noopener\">14a_2018_NDE_31_ago<\/a><\/p>\n<p><a href=\"https:\/\/saude.ufpr.br\/farmacia\/wp-content\/uploads\/sites\/24\/2018\/12\/15a_2018_NDE_13_set-1.pdf\" target=\"_blank\" rel=\"noopener\">15a_2018_NDE_13_set<\/a><\/p>\n<p><a href=\"https:\/\/saude.ufpr.br\/farmacia\/wp-content\/uploads\/sites\/24\/2018\/12\/16a_2018_NDE_14_set-1.pdf\" target=\"_blank\" rel=\"noopener\">16a_2018_NDE_14_set<\/a><\/p>\n<p><a href=\"https:\/\/saude.ufpr.br\/farmacia\/wp-content\/uploads\/sites\/24\/2018\/12\/17a_2018_NDE_28_set-1.pdf\" target=\"_blank\" rel=\"noopener\">17a_2018_NDE_28_set<\/a><\/p>\n<p><a href=\"https:\/\/saude.ufpr.br\/farmacia\/wp-content\/uploads\/sites\/24\/2018\/12\/18a_2018_NDE_21_set-1.pdf\" target=\"_blank\" rel=\"noopener\">18a_2018_NDE_21_set<\/a><\/p>\n<p><a href=\"https:\/\/saude.ufpr.br\/farmacia\/wp-content\/uploads\/sites\/24\/2018\/12\/19a_2018_NDE_11_out-1.pdf\" target=\"_blank\" rel=\"noopener\">19a_2018_NDE_11_out<\/a><\/p>\n<p><a href=\"https:\/\/saude.ufpr.br\/farmacia\/wp-content\/uploads\/sites\/24\/2018\/12\/20a_2018_NDE_19_out-1.pdf\" target=\"_blank\" rel=\"noopener\">20a_2018_NDE_19_out<\/a><\/p>\n<p><a href=\"https:\/\/saude.ufpr.br\/farmacia\/wp-content\/uploads\/sites\/24\/2018\/12\/21a_2018_NDE_26_out-1.pdf\" target=\"_blank\" rel=\"noopener\">21a_2018_NDE_26_out<\/a><\/p>\n<p><a href=\"https:\/\/saude.ufpr.br\/farmacia\/wp-content\/uploads\/sites\/24\/2018\/12\/22a_2018_NDE_9_nov-1.pdf\" target=\"_blank\" rel=\"noopener\">22a_2018_NDE_9_nov<\/a><\/p>\n<p><a href=\"https:\/\/saude.ufpr.br\/farmacia\/wp-content\/uploads\/sites\/24\/2018\/12\/23a_2018_NDE_22_nov-1.pdf\" target=\"_blank\" rel=\"noopener\">23a_2018_NDE_22_nov<\/a><\/p>\n<p><a href=\"https:\/\/saude.ufpr.br\/farmacia\/wp-content\/uploads\/sites\/24\/2018\/12\/24a_2018_NDE_30_nov-1.pdf\" target=\"_blank\" rel=\"noopener\">24a_2018_NDE_30_nov<\/a><\/p>\n<p><a href=\"https:\/\/saude.ufpr.br\/farmacia\/wp-content\/uploads\/sites\/24\/2018\/12\/25a_2018_NDE_05_dez-1.pdf\" target=\"_blank\" rel=\"noopener\">25a_2018_NDE_05_dez<\/a><\/p>\n<p><a href=\"https:\/\/saude.ufpr.br\/farmacia\/wp-content\/uploads\/sites\/24\/2018\/12\/26a_2018_NDE_06_dez-1.pdf\" target=\"_blank\" rel=\"noopener\">26a_2018_NDE_06_dez<\/a><\/p>\n<p>&nbsp;<\/p>\n","protected":false},"excerpt":{"rendered":"<p>REGIMENTO NDE_regimento_dez_2018 &nbsp; PORTARIA Portaria_NDE_17_dez_2018 &nbsp; MEM\u00d3RIAS NDE_9_mar\u00e7o_2018_1Reuni\u00e3o NDE_15_mar\u00e7o_2018_2Reuni\u00e3o NDE_23_mar\u00e7o_2018_3Reuni\u00e3o NDE_6_abril_2018_4Reuni\u00e3o &nbsp; LISTAS DE PRESEN\u00c7A _0a_2017_NDE_5_mai _1a_2017_NDE_26_mai _2a_2017_NDE_23_jun _3a_2017_NDE_30_jun _4a_2017_NDE_4_ago _5a_2017_NDE_18_ago _6a_2017_NDE_1_set _7a_2017_NDE_22_set _8a_2017_NDE_18_out _9a_2017_NDE_10_nov 1a_2018_NDE_9_mar 2a_2018-NDE_15_mar 3a_2018_NDE_23_mar 4a_2018_NDE_6_abr 5a_2018_NDE_13_abr 6a_2018_NDE_20_abr 7a_2018_NDE_27_abr 8a_2018_NDE_4_mai 9a_2018_NDE_11_mai 10a_2018_NDE_18_mai 11a_2018_NDE_25_mai 12a_2018_NDE_10_ago 13a_2018_NDE_24_ago 14a_2018_NDE_31_ago 15a_2018_NDE_13_set [&hellip;]<\/p>\n","protected":false},"author":15,"featured_media":0,"parent":0,"menu_order":0,"comment_status":"closed","ping_status":"closed","template":"","meta":{"_acf_changed":false,"_uag_custom_page_level_css":"","footnotes":""},"class_list":["post-379","page","type-page","status-publish","hentry"],"acf":[],"featured_image_src":null,"uagb_featured_image_src":{"full":false,"thumbnail":false,"medium":false,"medium_large":false,"large":false,"1536x1536":false,"2048x2048":false},"uagb_author_info":{"display_name":"Andrea Jankoski","author_link":"https:\/\/saude.ufpr.br\/farmacia\/author\/andrea\/"},"uagb_comment_info":0,"uagb_excerpt":"REGIMENTO NDE_regimento_dez_2018 &nbsp; PORTARIA Portaria_NDE_17_dez_2018 &nbsp; MEM\u00d3RIAS NDE_9_mar\u00e7o_2018_1Reuni\u00e3o NDE_15_mar\u00e7o_2018_2Reuni\u00e3o NDE_23_mar\u00e7o_2018_3Reuni\u00e3o NDE_6_abril_2018_4Reuni\u00e3o &nbsp; LISTAS DE PRESEN\u00c7A _0a_2017_NDE_5_mai _1a_2017_NDE_26_mai _2a_2017_NDE_23_jun _3a_2017_NDE_30_jun _4a_2017_NDE_4_ago _5a_2017_NDE_18_ago _6a_2017_NDE_1_set _7a_2017_NDE_22_set _8a_2017_NDE_18_out _9a_2017_NDE_10_nov 1a_2018_NDE_9_mar 2a_2018-NDE_15_mar 3a_2018_NDE_23_mar 4a_2018_NDE_6_abr 5a_2018_NDE_13_abr 6a_2018_NDE_20_abr 7a_2018_NDE_27_abr 8a_2018_NDE_4_mai 9a_2018_NDE_11_mai 10a_2018_NDE_18_mai 11a_2018_NDE_25_mai 12a_2018_NDE_10_ago 13a_2018_NDE_24_ago 14a_2018_NDE_31_ago 15a_2018_NDE_13_set [&hellip;]","publishpress_future_action":{"enabled":false,"date":"2026-04-29 19:58:28","action":"change-status","newStatus":"draft","terms":[],"taxonomy":"","extraData":[]},"publishpress_future_workflow_manual_trigger":{"enabledWorkflows":[]},"_links":{"self":[{"href":"https:\/\/saude.ufpr.br\/farmacia\/wp-json\/wp\/v2\/pages\/379","targetHints":{"allow":["GET"]}}],"collection":[{"href":"https:\/\/saude.ufpr.br\/farmacia\/wp-json\/wp\/v2\/pages"}],"about":[{"href":"https:\/\/saude.ufpr.br\/farmacia\/wp-json\/wp\/v2\/types\/page"}],"author":[{"embeddable":true,"href":"https:\/\/saude.ufpr.br\/farmacia\/wp-json\/wp\/v2\/users\/15"}],"replies":[{"embeddable":true,"href":"https:\/\/saude.ufpr.br\/farmacia\/wp-json\/wp\/v2\/comments?post=379"}],"version-history":[{"count":9,"href":"https:\/\/saude.ufpr.br\/farmacia\/wp-json\/wp\/v2\/pages\/379\/revisions"}],"predecessor-version":[{"id":534,"href":"https:\/\/saude.ufpr.br\/farmacia\/wp-json\/wp\/v2\/pages\/379\/revisions\/534"}],"wp:attachment":[{"href":"https:\/\/saude.ufpr.br\/farmacia\/wp-json\/wp\/v2\/media?parent=379"}],"curies":[{"name":"wp","href":"https:\/\/api.w.org\/{rel}","templated":true}]}}