{"id":50,"date":"2016-08-01T19:35:23","date_gmt":"2016-08-01T19:35:23","guid":{"rendered":"https:\/\/saude.ufpr.br\/farmacia\/?page_id=50"},"modified":"2025-11-18T15:18:43","modified_gmt":"2025-11-18T18:18:43","slug":"colegiado","status":"publish","type":"page","link":"https:\/\/saude.ufpr.br\/farmacia\/colegiado\/","title":{"rendered":"Colegiado"},"content":{"rendered":"<p class=\"style1\" align=\"left\"><strong>COORDENADOR: <\/strong>Prof\u00aa Dr\u00aa Izabella Castilhos Ribeiro dos Santos Weiss<\/p>\n<p class=\"style1\" align=\"left\"><strong>VICE-COORDENADOR: <\/strong>Prof\u00aa Dr\u00aa Mauren Isfer Anghebem<\/p>\n<p class=\"style2\" align=\"left\"><strong>REPRESENTANTES<\/strong><\/p>\n<p class=\"style1\" align=\"left\"><a href=\"http:\/\/www.sociaisaplicadas.ufpr.br\/administracao\/\" target=\"_blank\" rel=\"noopener\">DEPARTAMENTO DE ADMINISTRA\u00c7\u00c3O GERAL E APLICADA<\/a><\/p>\n<p align=\"left\"><strong>Representantes:<\/strong> Cleverson Renan da Cunha (Titular) e Roberto Cervi (Suplente).<\/p>\n<p class=\"style1\" align=\"left\"><a href=\"https:\/\/saude.ufpr.br\/dac\/\" target=\"_blank\" rel=\"noopener\">DEPARTAMENTO DE AN\u00c1LISES CL\u00cdNICAS<\/a><\/p>\n<p align=\"left\"><strong>Representantes:<\/strong> Amanda Rabello Crisma (Titular) e Aline Borsato Hauser (Suplente)\/Dayane Alberton (Titular) e Wesley Mauricio de Souza(Suplente)\/Meri Bordignon Nogueira(Titular) e Vivian Rotuno Moure Valdameri (Suplente).<\/p>\n<p class=\"style1\" align=\"left\"><a href=\"http:\/\/www.bio.ufpr.br\/anatomia\/\" target=\"_blank\" rel=\"noopener\">DEPARTAMENTO DE ANATOMIA<\/a><\/p>\n<p align=\"left\"><strong>Representantes:<\/strong> Fernando Issamu Tabushi (Titular) e S\u00e9rgio Luiz Rocha (Suplente).<\/p>\n<p class=\"style1\" align=\"left\"><a href=\"http:\/\/www.bio.ufpr.br\/biologiacelular\/\" target=\"_blank\" rel=\"noopener\">DEPARTAMENTO DE BIOLOGIA CELULAR<\/a><\/p>\n<p align=\"left\"><strong>Representantes:<\/strong> Luiza Helena Gremski (Titular) e Sonia Regina Gr\u00f6tzner (Suplente).<\/p>\n<p class=\"style1\" align=\"left\"><a href=\"http:\/\/www.bio.ufpr.br\/bioquimica\/\" target=\"_blank\" rel=\"noopener\">DEPARTAMENTO DE BIOQU\u00cdMICA E BIOLOGIA MOLECULAR<\/a><\/p>\n<p align=\"left\"><strong>Representantes:<\/strong> Miguel Daniel Noseda (Titular) e Guilhermina Rodrigues Noleto (Suplente).<\/p>\n<p class=\"style1\" align=\"left\"><a href=\"http:\/\/www.bio.ufpr.br\/botanica\/\" target=\"_blank\" rel=\"noopener\">DEPARTAMENTO DE BOT\u00c2NICA<\/a><\/p>\n<p align=\"left\"><strong>Representantes:<\/strong> Cleusa Bona (Titular) e Luciano Fel\u00edcio Fernandes (Suplente).<\/p>\n<p class=\"style1\" align=\"left\"><a href=\"https:\/\/saude.ufpr.br\/departamentodefarmacia\/\" target=\"_blank\" rel=\"noopener\">DEPARTAMENTO DE FARM\u00c1CIA<\/a><\/p>\n<p align=\"left\"><strong>Representantes:<\/strong> Fabio Seigi Murakami (Titular) e Rilton Alves de Freitas (Suplente)\/Luana Mota Ferreira (Titular) e Inajara Rotta (Suplente)\/Thalita Gilda Santos (Titular) e Carlos Eduardo Rocha Garcia (Suplente)\/Deise Prehs Montrucchio (Titular) e Rossana Calegari dos Santos (Suplente)\/D\u00e9bora Brand (Titular) e Camila Klocker Costa (Suplente)\/Maria Carolina Anholeti da Silva Virginio (Titular) e Helena Hiemisch Lobo Borba (Suplente)\/Jaqueline Carneiro (Titular) e Francinete Ramos Campos (Suplente).<\/p>\n<p class=\"style1\" align=\"left\"><a href=\"http:\/\/www.bio.ufpr.br\/farmacologia\/\" target=\"_blank\" rel=\"noopener\">DEPARTAMENTO DE FARMACOLOGIA<\/a><\/p>\n<p align=\"left\"><strong>Representantes:<\/strong> Aleksander Roberto Zampronio (Titular) e Janaina Menezes Zanoveli (Suplente).<\/p>\n<p class=\"style1\" align=\"left\"><a href=\"http:\/\/www.bio.ufpr.br\/fisiologia\/\" target=\"_blank\" rel=\"noopener\">DEPARTAMENTO DE FISIOLOGIA<\/a><\/p>\n<p align=\"left\"><strong>Representantes:<\/strong> Rafael Luiz Pereira (Titular) e Anita Nishiyama (Suplente).<\/p>\n<p class=\"style1\" align=\"left\"><a href=\"http:\/\/www.bio.ufpr.br\/genetica\/\" target=\"_blank\" rel=\"noopener\">DEPARTAMENTO DE GEN\u00c9TICA<\/a><\/p>\n<p align=\"left\"><strong>Representantes:<\/strong> Daniela Morais Leme (Titular) e Kaleb Pretto Gatto (Suplente).<\/p>\n<p class=\"style1\" align=\"left\"><a href=\"http:\/\/www.bio.ufpr.br\/patologiabasica\/\" target=\"_blank\" rel=\"noopener\">DEPARTAMENTO DE PATOLOGIA B\u00c1SICA<\/a><\/p>\n<p align=\"left\"><strong>Representantes:<\/strong> Silvio Marques Zanata (Titular) e Lia Sumie Nakao (Suplente).<\/p>\n<p class=\"style1\" align=\"left\"><a href=\"http:\/\/www.quimica.ufpr.br\/site\/dqui\/\" target=\"_blank\" rel=\"noopener\">DEPARTAMENTO DE QU\u00cdMICA<\/a><\/p>\n<p align=\"left\"><strong>Representantes:<\/strong> Clarice Dias Britto do Amaral (Titular) e Beatriz Helena Lameiro de Noronha Sales Maia (Suplente).<\/p>\n<p class=\"style1\" align=\"left\"><a href=\"https:\/\/saude.ufpr.br\/saudecoletiva\/\" target=\"_blank\" rel=\"noopener\">DEPARTAMENTO DE SA\u00daDE COLETIVA<\/a><\/p>\n<p align=\"left\"><strong>Representantes:<\/strong> Yanna Dantas Rattmann (Titular) e Cristiane da Silva Paula de Oliveira (Suplente).<\/p>\n<p class=\"style1\" align=\"left\">DISCENTES<\/p>\n<p align=\"left\"><strong>Representantes:<\/strong> Leonardo Rigolino Baron (Titular) e Leticia Maria Calizario da Silva (Suplente)\/B\u00e1rbara Bennert (Titular) e Yasmin Alves dos Santos (Suplente)\/Luiz Maxwell Ribeiro Baptista (Titular) e Bruna Silva Nascimento (Suplente)\/Maria Eduarda Baron da Silva (Titular) e Giovana Roquitski (Suplente)\/Luiza Fredegotto Silva e Souza (Titular) e Rafaella Hellen Alves Moro (Suplente).<\/p>\n","protected":false},"excerpt":{"rendered":"<p>COORDENADOR: Prof\u00aa Dr\u00aa Izabella Castilhos Ribeiro dos Santos Weiss VICE-COORDENADOR: Prof\u00aa Dr\u00aa Mauren Isfer Anghebem REPRESENTANTES DEPARTAMENTO DE ADMINISTRA\u00c7\u00c3O GERAL E APLICADA Representantes: Cleverson Renan da Cunha (Titular) e Roberto Cervi (Suplente). DEPARTAMENTO DE AN\u00c1LISES CL\u00cdNICAS Representantes: Amanda Rabello Crisma [&hellip;]<\/p>\n","protected":false},"author":15,"featured_media":0,"parent":0,"menu_order":0,"comment_status":"closed","ping_status":"closed","template":"","meta":{"_acf_changed":false,"_uag_custom_page_level_css":"","footnotes":""},"class_list":["post-50","page","type-page","status-publish","hentry"],"acf":[],"featured_image_src":null,"uagb_featured_image_src":{"full":false,"thumbnail":false,"medium":false,"medium_large":false,"large":false,"1536x1536":false,"2048x2048":false},"uagb_author_info":{"display_name":"Andrea Jankoski","author_link":"https:\/\/saude.ufpr.br\/farmacia\/author\/andrea\/"},"uagb_comment_info":0,"uagb_excerpt":"COORDENADOR: Prof\u00aa Dr\u00aa Izabella Castilhos Ribeiro dos Santos Weiss VICE-COORDENADOR: Prof\u00aa Dr\u00aa Mauren Isfer Anghebem REPRESENTANTES DEPARTAMENTO DE ADMINISTRA\u00c7\u00c3O GERAL E APLICADA Representantes: Cleverson Renan da Cunha (Titular) e Roberto Cervi (Suplente). DEPARTAMENTO DE AN\u00c1LISES CL\u00cdNICAS Representantes: Amanda Rabello Crisma [&hellip;]","publishpress_future_action":{"enabled":false,"date":"2026-04-24 03:03:36","action":"change-status","newStatus":"draft","terms":[],"taxonomy":"","extraData":[]},"publishpress_future_workflow_manual_trigger":{"enabledWorkflows":[]},"_links":{"self":[{"href":"https:\/\/saude.ufpr.br\/farmacia\/wp-json\/wp\/v2\/pages\/50","targetHints":{"allow":["GET"]}}],"collection":[{"href":"https:\/\/saude.ufpr.br\/farmacia\/wp-json\/wp\/v2\/pages"}],"about":[{"href":"https:\/\/saude.ufpr.br\/farmacia\/wp-json\/wp\/v2\/types\/page"}],"author":[{"embeddable":true,"href":"https:\/\/saude.ufpr.br\/farmacia\/wp-json\/wp\/v2\/users\/15"}],"replies":[{"embeddable":true,"href":"https:\/\/saude.ufpr.br\/farmacia\/wp-json\/wp\/v2\/comments?post=50"}],"version-history":[{"count":30,"href":"https:\/\/saude.ufpr.br\/farmacia\/wp-json\/wp\/v2\/pages\/50\/revisions"}],"predecessor-version":[{"id":2252,"href":"https:\/\/saude.ufpr.br\/farmacia\/wp-json\/wp\/v2\/pages\/50\/revisions\/2252"}],"wp:attachment":[{"href":"https:\/\/saude.ufpr.br\/farmacia\/wp-json\/wp\/v2\/media?parent=50"}],"curies":[{"name":"wp","href":"https:\/\/api.w.org\/{rel}","templated":true}]}}