{"id":52,"date":"2016-08-01T19:35:40","date_gmt":"2016-08-01T19:35:40","guid":{"rendered":"https:\/\/saude.ufpr.br\/farmacia\/?page_id=52"},"modified":"2026-04-01T19:20:02","modified_gmt":"2026-04-01T22:20:02","slug":"matricula","status":"publish","type":"page","link":"https:\/\/saude.ufpr.br\/farmacia\/matricula\/","title":{"rendered":"Matr\u00edcula"},"content":{"rendered":"<p>1. <em>\u00a7 3\u00ba &#8211; <strong>\u00c9 de inteira responsabilidade do aluno certificar-se<\/strong>, mediante confer\u00eancia do comprovante de matr\u00edcula e consulta aos editais da coordena\u00e7\u00e3o do curso, <strong>se sua matr\u00edcula foi deferida e efetivada no sistema de controle acad\u00eamico<\/strong>, e, em caso negativo, providenciar, sob orienta\u00e7\u00e3o da coordena\u00e7\u00e3o do curso, as eventuais corre\u00e7\u00f5es, nos prazos previstos no artigo 46 desta Resolu\u00e7\u00e3o. Art. 40 da <a href=\"https:\/\/saude.ufpr.br\/farmacia\/wp-content\/uploads\/sites\/24\/2025\/02\/RESOLUCAO-N-3797-CEPE-1.pdf\" target=\"_blank\" rel=\"noopener\">RESOLU\u00c7\u00c3O N\u00ba 37\/97-CEPE<\/a>.<\/em><\/p>\n<p class=\"style1\" align=\"justify\">2. <span class=\"style1\">Confirme a sua matr\u00edcula no sistema <a href=\"https:\/\/www.prppg.ufpr.br\/siga\/\" target=\"_blank\" rel=\"noopener\"><strong>SIGA UFPR<\/strong><\/a>.\u00a0<\/span><\/p>\n<p class=\"style1\" align=\"justify\"><span class=\"style1\">3. <a href=\"https:\/\/saude.ufpr.br\/farmacia\/wp-content\/uploads\/sites\/24\/2026\/01\/CALENDARIO-ACADEMICO-2026.pdf\" target=\"_blank\" rel=\"noopener\">CALEND\u00c1RIO ACAD\u00caMICO 2026<\/a><\/span><\/p>\n<p align=\"justify\">4. <a href=\"https:\/\/saude.ufpr.br\/farmacia\/wp-content\/uploads\/sites\/24\/2026\/01\/GRADE-DE-DISCIPLINAS-\u2013-1o-SEMESTRE-DE-2026-3.pdf\" target=\"_blank\" rel=\"noopener\">GRADE DE DISCIPLINAS \u2013 1\u00ba SEMESTRE DE 2026<\/a><\/p>\n<p>5. <a href=\"https:\/\/saude.ufpr.br\/farmacia\/wp-content\/uploads\/sites\/24\/2024\/08\/PERIODIZACAO-RECOMENDADA.pdf\" target=\"_blank\" rel=\"noopener\">PERIODIZA\u00c7\u00c3O RECOMENDADA<\/a><\/p>\n<p>6. <a href=\"https:\/\/saude.ufpr.br\/farmacia\/wp-content\/uploads\/sites\/24\/2022\/08\/PLANO-DE-ADAPTACAO-CURRICULAR.pdf\" target=\"_blank\" rel=\"noopener\">PLANO DE ADAPTA\u00c7\u00c3O CURRICULAR<\/a><\/p>\n<p>7. <a href=\"https:\/\/saude.ufpr.br\/farmacia\/wp-content\/uploads\/sites\/24\/2026\/04\/GUIA-ESTUDANTE-UFPR-2026.pdf\" target=\"_blank\" rel=\"noopener\">GUIA ESTUDANTE UFPR &#8211; 2026<\/a><\/p>\n<p>&nbsp;<\/p>\n","protected":false},"excerpt":{"rendered":"<p>1. \u00a7 3\u00ba &#8211; \u00c9 de inteira responsabilidade do aluno certificar-se, mediante confer\u00eancia do comprovante de matr\u00edcula e consulta aos editais da coordena\u00e7\u00e3o do curso, se sua matr\u00edcula foi deferida e efetivada no sistema de controle acad\u00eamico, e, em caso [&hellip;]<\/p>\n","protected":false},"author":15,"featured_media":0,"parent":0,"menu_order":0,"comment_status":"closed","ping_status":"closed","template":"","meta":{"_acf_changed":false,"_uag_custom_page_level_css":"","footnotes":""},"class_list":["post-52","page","type-page","status-publish","hentry"],"acf":[],"featured_image_src":null,"uagb_featured_image_src":{"full":false,"thumbnail":false,"medium":false,"medium_large":false,"large":false,"1536x1536":false,"2048x2048":false},"uagb_author_info":{"display_name":"Andrea Jankoski","author_link":"https:\/\/saude.ufpr.br\/farmacia\/author\/andrea\/"},"uagb_comment_info":0,"uagb_excerpt":"1. \u00a7 3\u00ba &#8211; \u00c9 de inteira responsabilidade do aluno certificar-se, mediante confer\u00eancia do comprovante de matr\u00edcula e consulta aos editais da coordena\u00e7\u00e3o do curso, se sua matr\u00edcula foi deferida e efetivada no sistema de controle acad\u00eamico, e, em caso [&hellip;]","publishpress_future_action":{"enabled":false,"date":"2026-04-29 15:21:04","action":"change-status","newStatus":"draft","terms":[],"taxonomy":"","extraData":[]},"publishpress_future_workflow_manual_trigger":{"enabledWorkflows":[]},"_links":{"self":[{"href":"https:\/\/saude.ufpr.br\/farmacia\/wp-json\/wp\/v2\/pages\/52","targetHints":{"allow":["GET"]}}],"collection":[{"href":"https:\/\/saude.ufpr.br\/farmacia\/wp-json\/wp\/v2\/pages"}],"about":[{"href":"https:\/\/saude.ufpr.br\/farmacia\/wp-json\/wp\/v2\/types\/page"}],"author":[{"embeddable":true,"href":"https:\/\/saude.ufpr.br\/farmacia\/wp-json\/wp\/v2\/users\/15"}],"replies":[{"embeddable":true,"href":"https:\/\/saude.ufpr.br\/farmacia\/wp-json\/wp\/v2\/comments?post=52"}],"version-history":[{"count":179,"href":"https:\/\/saude.ufpr.br\/farmacia\/wp-json\/wp\/v2\/pages\/52\/revisions"}],"predecessor-version":[{"id":2355,"href":"https:\/\/saude.ufpr.br\/farmacia\/wp-json\/wp\/v2\/pages\/52\/revisions\/2355"}],"wp:attachment":[{"href":"https:\/\/saude.ufpr.br\/farmacia\/wp-json\/wp\/v2\/media?parent=52"}],"curies":[{"name":"wp","href":"https:\/\/api.w.org\/{rel}","templated":true}]}}