{"id":7207,"date":"2022-06-22T11:24:10","date_gmt":"2022-06-22T14:24:10","guid":{"rendered":"https:\/\/saude.ufpr.br\/fesc\/?page_id=7207"},"modified":"2022-06-30T09:31:02","modified_gmt":"2022-06-30T12:31:02","slug":"quem-somos","status":"publish","type":"page","link":"https:\/\/saude.ufpr.br\/fesc\/quem-somos\/","title":{"rendered":"Quem somos"},"content":{"rendered":"<div class=\"wp-block-group\">\n<div class=\"wp-block-group__inner-container\">\n<h3><strong>A Farm\u00e1cia<\/strong><\/h3>\n<\/div>\n<\/div>\n<div class=\"wp-block-group\">\n<div class=\"wp-block-group__inner-container\">\n<p>\u00a0Proporciona ao acad\u00eamico um local adequado para o desenvolvimento das habilidades e compet\u00eancias avan\u00e7adas, contribuindo para a forma\u00e7\u00e3o de profissionais conscientes de seu papel na preven\u00e7\u00e3o, promo\u00e7\u00e3o e recupera\u00e7\u00e3o da sa\u00fade da popula\u00e7\u00e3o.<\/p>\n<\/div>\n<\/div>\n<p>No \u00e2mbito social, a FESC-UFPR, realiza atendimentos tanto \u00e0 comunidade interna quanto externa \u00e0 Universidade, mantendo seu compromisso com a qualidade e seguran\u00e7a dos produtos manipulados e servi\u00e7os farmac\u00eauticos ofertados.<\/p>\n<h3><strong>Miss\u00e3o<\/strong><\/h3>\n<p>A FESC-UFPR tem como miss\u00e3o prover um campo de est\u00e1gio qualificado para acad\u00eamicos de Farm\u00e1cia por meio da promo\u00e7\u00e3o e recupera\u00e7\u00e3o da sa\u00fade da comunidade atendida.<\/p>\n<h3><strong>\u00a0Vis\u00e3o<\/strong><\/h3>\n<p>Ser reconhecida pela sociedade como uma unidade de refer\u00eancia na presta\u00e7\u00e3o de servi\u00e7os e forma\u00e7\u00e3o de profissionais farmac\u00eauticos<\/p>\n<h3><strong>\u00a0Valores<\/strong><\/h3>\n<ul>\n<li><span class=\"tadv-color\">\u00c9tica profissional, p\u00fablica e institucional<\/span><\/li>\n<li><span class=\"tadv-color\">Responsabilidade com a excel\u00eancia no ensino, pesquisa e extens\u00e3o<\/span><\/li>\n<li><span class=\"tadv-color\">Compromisso com a qualidade dos servi\u00e7os prestados<\/span><\/li>\n<li><span class=\"tadv-color\">Responsabilidade social na presta\u00e7\u00e3o dos servi\u00e7os oferecidos<\/span><\/li>\n<li><span class=\"tadv-color\">Valoriza\u00e7\u00e3o da equipe de trabalho<\/span><\/li>\n<li><span class=\"tadv-color\">Compromisso e respeito com a miss\u00e3o, valores e princ\u00edpios da Institui\u00e7\u00e3o<\/span><\/li>\n<\/ul>\n","protected":false},"excerpt":{"rendered":"<p>A Farm\u00e1cia \u00a0Proporciona ao acad\u00eamico um local adequado para o desenvolvimento das habilidades e compet\u00eancias avan\u00e7adas, contribuindo para a forma\u00e7\u00e3o de profissionais conscientes de seu<br \/> <a href=\"https:\/\/saude.ufpr.br\/fesc\/quem-somos\/\" class=\"button success small readmore\">Leia mais<\/a><\/p>\n","protected":false},"author":15,"featured_media":0,"parent":0,"menu_order":0,"comment_status":"closed","ping_status":"closed","template":"","meta":{"_acf_changed":false,"_uag_custom_page_level_css":"","footnotes":""},"class_list":["post-7207","page","type-page","status-publish","hentry"],"acf":[],"featured_image_src":null,"uagb_featured_image_src":{"full":false,"thumbnail":false,"medium":false,"medium_large":false,"large":false,"1536x1536":false,"2048x2048":false},"uagb_author_info":{"display_name":"Andrea Jankoski","author_link":"https:\/\/saude.ufpr.br\/fesc\/blog\/author\/andrea\/"},"uagb_comment_info":0,"uagb_excerpt":"A Farm\u00e1cia \u00a0Proporciona ao acad\u00eamico um local adequado para o desenvolvimento das habilidades e compet\u00eancias avan\u00e7adas, contribuindo para a forma\u00e7\u00e3o de profissionais conscientes de seu Leia mais","publishpress_future_action":{"enabled":false,"date":"2026-05-01 06:20:57","action":"change-status","newStatus":"draft","terms":[],"taxonomy":"","extraData":[]},"publishpress_future_workflow_manual_trigger":{"enabledWorkflows":[]},"_links":{"self":[{"href":"https:\/\/saude.ufpr.br\/fesc\/wp-json\/wp\/v2\/pages\/7207","targetHints":{"allow":["GET"]}}],"collection":[{"href":"https:\/\/saude.ufpr.br\/fesc\/wp-json\/wp\/v2\/pages"}],"about":[{"href":"https:\/\/saude.ufpr.br\/fesc\/wp-json\/wp\/v2\/types\/page"}],"author":[{"embeddable":true,"href":"https:\/\/saude.ufpr.br\/fesc\/wp-json\/wp\/v2\/users\/15"}],"replies":[{"embeddable":true,"href":"https:\/\/saude.ufpr.br\/fesc\/wp-json\/wp\/v2\/comments?post=7207"}],"version-history":[{"count":2,"href":"https:\/\/saude.ufpr.br\/fesc\/wp-json\/wp\/v2\/pages\/7207\/revisions"}],"predecessor-version":[{"id":7257,"href":"https:\/\/saude.ufpr.br\/fesc\/wp-json\/wp\/v2\/pages\/7207\/revisions\/7257"}],"wp:attachment":[{"href":"https:\/\/saude.ufpr.br\/fesc\/wp-json\/wp\/v2\/media?parent=7207"}],"curies":[{"name":"wp","href":"https:\/\/api.w.org\/{rel}","templated":true}]}}