{"id":7209,"date":"2022-06-22T11:24:35","date_gmt":"2022-06-22T14:24:35","guid":{"rendered":"https:\/\/saude.ufpr.br\/fesc\/?page_id=7209"},"modified":"2022-07-11T10:45:50","modified_gmt":"2022-07-11T13:45:50","slug":"historico","status":"publish","type":"page","link":"https:\/\/saude.ufpr.br\/fesc\/historico\/","title":{"rendered":"Hist\u00f3rico"},"content":{"rendered":"<p>em constru\u00e7\u00e3o<\/p>\n","protected":false},"excerpt":{"rendered":"<p>em constru\u00e7\u00e3o<\/p>\n","protected":false},"author":15,"featured_media":0,"parent":0,"menu_order":0,"comment_status":"closed","ping_status":"closed","template":"","meta":{"_acf_changed":false,"_uag_custom_page_level_css":"","footnotes":""},"class_list":["post-7209","page","type-page","status-publish","hentry"],"acf":[],"featured_image_src":null,"uagb_featured_image_src":{"full":false,"thumbnail":false,"medium":false,"medium_large":false,"large":false,"1536x1536":false,"2048x2048":false},"uagb_author_info":{"display_name":"Andrea Jankoski","author_link":"https:\/\/saude.ufpr.br\/fesc\/blog\/author\/andrea\/"},"uagb_comment_info":0,"uagb_excerpt":"em constru\u00e7\u00e3o","publishpress_future_action":{"enabled":false,"date":"2026-05-02 17:41:29","action":"change-status","newStatus":"draft","terms":[],"taxonomy":"","extraData":[]},"publishpress_future_workflow_manual_trigger":{"enabledWorkflows":[]},"_links":{"self":[{"href":"https:\/\/saude.ufpr.br\/fesc\/wp-json\/wp\/v2\/pages\/7209","targetHints":{"allow":["GET"]}}],"collection":[{"href":"https:\/\/saude.ufpr.br\/fesc\/wp-json\/wp\/v2\/pages"}],"about":[{"href":"https:\/\/saude.ufpr.br\/fesc\/wp-json\/wp\/v2\/types\/page"}],"author":[{"embeddable":true,"href":"https:\/\/saude.ufpr.br\/fesc\/wp-json\/wp\/v2\/users\/15"}],"replies":[{"embeddable":true,"href":"https:\/\/saude.ufpr.br\/fesc\/wp-json\/wp\/v2\/comments?post=7209"}],"version-history":[{"count":2,"href":"https:\/\/saude.ufpr.br\/fesc\/wp-json\/wp\/v2\/pages\/7209\/revisions"}],"predecessor-version":[{"id":7347,"href":"https:\/\/saude.ufpr.br\/fesc\/wp-json\/wp\/v2\/pages\/7209\/revisions\/7347"}],"wp:attachment":[{"href":"https:\/\/saude.ufpr.br\/fesc\/wp-json\/wp\/v2\/media?parent=7209"}],"curies":[{"name":"wp","href":"https:\/\/api.w.org\/{rel}","templated":true}]}}