{"id":7213,"date":"2022-06-22T11:25:27","date_gmt":"2022-06-22T14:25:27","guid":{"rendered":"https:\/\/saude.ufpr.br\/fesc\/?page_id=7213"},"modified":"2022-07-12T10:33:45","modified_gmt":"2022-07-12T13:33:45","slug":"legislacao","status":"publish","type":"page","link":"https:\/\/saude.ufpr.br\/fesc\/legislacao\/","title":{"rendered":"Legisla\u00e7\u00e3o"},"content":{"rendered":"<div class=\"wp-block-group\">\n<div class=\"wp-block-group__inner-container\">\n<h4><strong>Leis<\/strong><\/h4>\n<ul>\n<li><a href=\"https:\/\/www.planalto.gov.br\/ccivil_03\/Leis\/L3820.htm\" target=\"_blank\" rel=\"noopener\"><strong>Lei n\u00ba 3.820<\/strong><\/a>, de 11 de novembro de 1960. Cria o Conselho Federal e os Conselhos Regionais de Farm\u00e1cia, e d\u00e1 outras Provid\u00eancias.<\/li>\n<li><a href=\"http:\/\/www.planalto.gov.br\/ccivil_03\/_ato2011-2014\/2014\/lei\/l13021.htm\"><strong>Lei n\u00ba 13.021<\/strong><\/a>, de 8 de agosto de 2014. Disp\u00f5e sobre o exerc\u00edcio e a fiscaliza\u00e7\u00e3o das atividades farmac\u00eauticas.<\/li>\n<li><a href=\"http:\/\/www.planalto.gov.br\/ccivil_03\/leis\/l5991.htm\"><strong>Lei n\u00ba 5.991<\/strong><\/a>, de 17 de dezembro de 1973. Disp\u00f5e sobre o Controle Sanit\u00e1rio do Com\u00e9rcio de Drogas, Medicamentos, Insumos Farmac\u00eauticos e Correlatos, e d\u00e1 outras Provid\u00eancias.<\/li>\n<li><a href=\"http:\/\/www.planalto.gov.br\/ccivil_03\/leis\/l6360.htm\"><strong>Lei n\u00ba 6.360<\/strong><\/a>, de 23 de setembro de 1976. Disp\u00f5e sobre a Vigil\u00e2ncia Sanit\u00e1ria a que ficam sujeitos os Medicamentos, as Drogas, os Insumos Farmac\u00eauticos e Correlatos, Cosm\u00e9ticos, Saneantes e Outros Produtos, e d\u00e1 outras Provid\u00eancias.<\/li>\n<li><a href=\"http:\/\/www.planalto.gov.br\/ccivil_03\/leis\/l6437.htm\"><strong>Lei n\u00ba 6.437<\/strong><\/a>, de 20 de agosto de 1977. Configura infra\u00e7\u00f5es \u00e0 legisla\u00e7\u00e3o sanit\u00e1ria federal, estabelece as san\u00e7\u00f5es respectivas, e d\u00e1 outras provid\u00eancias.<\/li>\n<li><a href=\"http:\/\/www.planalto.gov.br\/ccivil_03\/leis\/l8078compilado.htm\"><strong>Lei n\u00ba 8.078<\/strong><\/a>, de 11 de setembro de 1990. Disp\u00f5e sobre a prote\u00e7\u00e3o do consumidor e d\u00e1 outras provid\u00eancias.<\/li>\n<li><a href=\"http:\/\/www.planalto.gov.br\/ccivil_03\/leis\/l9782.htm\"><strong>Lei n\u00ba 9.782<\/strong><\/a>, de 26 de janeiro de 1999. Define o Sistema Nacional de Vigil\u00e2ncia Sanit\u00e1ria, cria a Ag\u00eancia Nacional de Vigil\u00e2ncia Sanit\u00e1ria, e d\u00e1 outras provid\u00eancias.<\/li>\n<li><a href=\"http:\/\/www.planalto.gov.br\/ccivil_03\/_ato2011-2014\/2014\/lei\/l13043.htm\"><strong>Lei n\u00ba 13.043<\/strong><\/a>, de 13 de novembro de 2014.Disp\u00f5e, entre outros assuntos, sobre a altera\u00e7\u00e3o da Lei n\u00ba 9.782, de 26 de janeiro de 1999.<\/li>\n<\/ul>\n<\/div>\n<\/div>\n<h4><strong>Resolu\u00e7\u00f5es<\/strong><\/h4>\n<ul>\n<li><a href=\"https:\/\/bvsms.saude.gov.br\/bvs\/saudelegis\/anvisa\/2004\/res0306_07_12_2004.html\" target=\"_blank\" rel=\"noopener\"><strong>Resolu\u00e7\u00e3o RDC n\u00ba 306<\/strong><\/a>, de 7 de dezembro de 2004. Disp\u00f5e sobre o Regulamento T\u00e9cnico para o gerenciamento de res\u00edduos de servi\u00e7os de sa\u00fade.<\/li>\n<li><a href=\"https:\/\/bvsms.saude.gov.br\/bvs\/saudelegis\/anvisa\/2007\/rdc0067_08_10_2007.html\" target=\"_blank\" rel=\"noopener\"><strong>Resolu\u00e7\u00e3o RDC n\u00ba 67<\/strong><\/a>, de 8 de outubro de 2007. Disp\u00f5e sobre Boas Pr\u00e1ticas de Manipula\u00e7\u00e3o de Prepara\u00e7\u00f5es Magistrais e Oficinais para Uso Humano em farm\u00e1cias.<\/li>\n<li><a href=\"https:\/\/bvsms.saude.gov.br\/bvs\/saudelegis\/anvisa\/2008\/res0087_21_11_2008.html\" target=\"_blank\" rel=\"noopener\"><strong>Resolu\u00e7\u00e3o RDC n\u00ba 87<\/strong><\/a>, de 21 de novembro de 2008. Altera o Regulamento T\u00e9cnico sobre Boas Pr\u00e1ticas de Manipula\u00e7\u00e3o em Farm\u00e1cias.<\/li>\n<li><a href=\"https:\/\/bvsms.saude.gov.br\/bvs\/saudelegis\/anvisa\/2008\/rdc0096_17_12_2008.html\" target=\"_blank\" rel=\"noopener\"><strong>Resolu\u00e7\u00e3o RDC n\u00ba 96<\/strong><\/a>, de 17 de dezembro de 2008. Disp\u00f5e sobre a propaganda, publicidade, informa\u00e7\u00e3o e outras pr\u00e1ticas cujo objetivo seja a divulga\u00e7\u00e3o ou promo\u00e7\u00e3o comercial de medicamentos.<\/li>\n<li><a href=\"https:\/\/bvsms.saude.gov.br\/bvs\/saudelegis\/anvisa\/2008\/rdc0096_17_12_2008.html\" target=\"_blank\" rel=\"noopener\"><strong>Resolu\u00e7\u00e3o RDC n\u00ba 21<\/strong><\/a>, de 20 de maio de 2009. Altera o item 2.7, do Anexo III, da Resolu\u00e7\u00e3o RDC N\u00ba 67, de 8 de outubro de 2007.<\/li>\n<li><a href=\"https:\/\/bvsms.saude.gov.br\/bvs\/saudelegis\/anvisa\/2009\/rdc0044_17_08_2009.html\" target=\"_blank\" rel=\"noopener\"><strong>Resolu\u00e7\u00e3o RDC n\u00ba 44<\/strong><\/a>, de 17 de agosto de 2009. Disp\u00f5e sobre Boas Pr\u00e1ticas Farmac\u00eauticas para o controle sanit\u00e1rio do funcionamento, da dispensa\u00e7\u00e3o e da comercializa\u00e7\u00e3o de produtos e da presta\u00e7\u00e3o de servi\u00e7os farmac\u00eauticos em farm\u00e1cias e drogarias e d\u00e1 outras provid\u00eancias.<\/li>\n<li><a href=\"https:\/\/bvsms.saude.gov.br\/bvs\/saudelegis\/anvisa\/2011\/rdc0020_05_05_2011.html\" target=\"_blank\" rel=\"noopener\"><strong>Resolu\u00e7\u00e3o RDC n\u00ba 20<\/strong><\/a>, de 5 de maio de 2011. Disp\u00f5e sobre o controle de medicamentos \u00e0 base de subst\u00e2ncias classificadas como antimicrobianos, de uso sob prescri\u00e7\u00e3o, isoladas ou em associa\u00e7\u00e3o.<\/li>\n<li><a href=\"https:\/\/bvsms.saude.gov.br\/bvs\/saudelegis\/anvisa\/2013\/rdc0017_28_03_2013.html\" target=\"_blank\" rel=\"noopener\"><strong>Resolu\u00e7\u00e3o RDC n\u00ba 17<\/strong><\/a>, de 28 de mar\u00e7o de 2013. Disp\u00f5e sobre os crit\u00e9rios para peticionamento de Autoriza\u00e7\u00e3o de Funcionamento (AFE) e de Autoriza\u00e7\u00e3o Especial (AE) de farm\u00e1cias e drogarias.<\/li>\n<li><a href=\"http:\/\/antigo.anvisa.gov.br\/documents\/10181\/3676841\/RDC_22_2014_COMP.pdf\/5f0991df-efae-4794-b206-86045447b5f0\" target=\"_blank\" rel=\"noopener\"><strong>Resolu\u00e7\u00e3o RDC n\u00ba 22<\/strong><\/a>, de 29 de abril de 2014. Disp\u00f5e sobre o Sistema Nacional de Gerenciamento de Produtos Controlados \u2013 SNGPC, revoga a Resolu\u00e7\u00e3o de Diretoria Colegiada n\u00ba 27, de 30 de mar\u00e7o de 2007, e d\u00e1 outras provid\u00eancias).<\/li>\n<li><a href=\"https:\/\/bvsms.saude.gov.br\/bvs\/saudelegis\/anvisa\/2017\/rdc0143_17_03_2017.pdf\" target=\"_blank\" rel=\"noopener\"><strong>Resolu\u00e7\u00e3o RDC n\u00ba 143,<\/strong><\/a> de 17 de mar\u00e7o de 2017. Disp\u00f5e sobre a atualiza\u00e7\u00e3o do Anexo I (Listas de Subst\u00e2ncias Entorpecentes, Psicotr\u00f3picas, Precursoras e Outras sob Controle Especial) da Portaria SVS\/MS n\u00ba 344, de 12 de maio de 1998.<\/li>\n<li><a href=\"https:\/\/www.gov.br\/agricultura\/pt-br\/assuntos\/inspecao\/produtos-vegetal\/legislacao-1\/biblioteca-de-normas-vinhos-e-bebidas\/resolucao-rdc-no-49-de-23-de-novembro-de-2010.pdf\/@@download\/file\/resolucao-rdc-no-49-de-23-de-novembro-de-2010.pdf\" target=\"_blank\" rel=\"noopener\"><strong>Resolu\u00e7\u00e3o RDC n\u00ba 49<\/strong><\/a><strong>, <\/strong>de 23 de novembro de 2010. Aprova a Farmacopeia Brasileira, 5\u00aa edi\u00e7\u00e3o e d\u00e1 outras provid\u00eancias.<\/li>\n<li><a href=\"https:\/\/bvsms.saude.gov.br\/bvs\/saudelegis\/anvisa\/2011\/rdc0067_13_11_2011.html\" target=\"_blank\" rel=\"noopener\"><strong>Resolu\u00e7\u00e3o RDC n\u00ba 67<\/strong><\/a><strong>, <\/strong>de 13 de novembro de 2011. Aprova o Formul\u00e1rio Nacional da Farmacopeia Brasileira, segunda edi\u00e7\u00e3o, e d\u00e1 outras provid\u00eancias.<\/li>\n<li><a href=\"https:\/\/bvsms.saude.gov.br\/bvs\/saudelegis\/anvisa\/2016\/rdc0084_17_06_2016.pdf\" target=\"_blank\" rel=\"noopener\"><strong>Resolu\u00e7\u00e3o RDC n\u00ba 84<\/strong><\/a><strong>, <\/strong>de 17 de junho de 2016. Aprova o Memento Fitoter\u00e1pico da Farmacopeia Brasileira e d\u00e1 outras provid\u00eancias.<\/li>\n<li><a href=\"https:\/\/bvsms.saude.gov.br\/bvs\/saudelegis\/anvisa\/2011\/res0039_02_09_2011.html\" target=\"_blank\" rel=\"noopener\"><strong>Resolu\u00e7\u00e3o RDC n\u00ba 39<\/strong><\/a><strong>, <\/strong>de 02 de setembro de 2010. Aprova a Farmacopeia Homeop\u00e1tica Brasileira, 3\u00aa edi\u00e7\u00e3o e d\u00e1 outras provid\u00eancias.<\/li>\n<li><a href=\"https:\/\/bvsms.saude.gov.br\/bvs\/saudelegis\/anvisa\/2010\/res0044_26_10_2010.html\" target=\"_blank\" rel=\"noopener\"><strong>Resolu\u00e7\u00e3o RDC 44<\/strong><\/a><strong>, <\/strong>de 26 de outubro de 2010. Disp\u00f5e sobre o controle de medicamentos \u00e0 base de subst\u00e2ncias classificadas como antimicrobianos, de uso sob prescri\u00e7\u00e3o m\u00e9dica, isoladas ou em associa\u00e7\u00e3o e d\u00e1 outras provid\u00eancias.<\/li>\n<li><a href=\"https:\/\/www.cff.org.br\/userfiles\/file\/resolucoes\/467.pdf\" target=\"_blank\" rel=\"noopener\"><strong>Resolu\u00e7\u00e3o CFF n\u00ba 467<\/strong><\/a><strong>,<\/strong> de 28 de novembro de 2007. Define, regulamenta e estabelece as atribui\u00e7\u00f5es e compet\u00eancias do farmac\u00eautico na manipula\u00e7\u00e3o de medicamentos e de outros produtos farmac\u00eauticos.<\/li>\n<li><a href=\"https:\/\/www.cff.org.br\/userfiles\/21%20-%20BRASIL_%20CONSELHO%20FEDERAL%20DE%20FARM%C3%81CIA_%202011%20Resolucao_546_2011_CFF.pdf\" target=\"_blank\" rel=\"noopener\"><strong>Resolu\u00e7\u00e3o CFF n\u00ba 477<\/strong><\/a><strong>, <\/strong>de 28 de maio de 2008. Disp\u00f5e sobre as atribui\u00e7\u00f5es do farmac\u00eautico no \u00e2mbito das plantas medicinais e fitoter\u00e1picos e d\u00e1 outras provid\u00eancias.<\/li>\n<li><a href=\"https:\/\/www.cff.org.br\/userfiles\/file\/resolucoes\/585.pdf\" target=\"_blank\" rel=\"noopener\"><strong>Resolu\u00e7\u00e3o CFF n\u00ba 585<\/strong><\/a><strong>, <\/strong>de 29 de agosto de 2013. Regulamenta as atribui\u00e7\u00f5es cl\u00ednicas do farmac\u00eautico e d\u00e1 outras provid\u00eancias.<\/li>\n<li><a href=\"https:\/\/www.cff.org.br\/userfiles\/file\/noticias\/Resolu%C3%A7%C3%A3o%20586_13%20-%20texto%20final(1).pdf\" target=\"_blank\" rel=\"noopener\"><strong>Resolu\u00e7\u00e3o CFF n\u00ba 586<\/strong><\/a><strong>, <\/strong>de 29 de agosto de 2013. Regula a prescri\u00e7\u00e3o farmac\u00eautica e d\u00e1 outras provid\u00eancias.<\/li>\n<li><a href=\"https:\/\/www.cff.org.br\/userfiles\/file\/resolucoes\/596.pdf\" target=\"_blank\" rel=\"noopener\"><strong>Resolu\u00e7\u00e3o CFF n\u00ba 596<\/strong><\/a><strong>, <\/strong>de 21 de fevereiro de 2014. Disp\u00f5e sobre o C\u00f3digo de \u00c9tica Farmac\u00eautica, o C\u00f3digo de Processo \u00c9tico e estabelece as infra\u00e7\u00f5es e as regras de aplica\u00e7\u00e3o das san\u00e7\u00f5es disciplinares.<\/li>\n<li><a href=\"https:\/\/www.cff.org.br\/userfiles\/file\/resolucoes\/601.pdf\" target=\"_blank\" rel=\"noopener\"><strong>Resolu\u00e7\u00e3o CFF n\u00ba 601<\/strong><\/a><strong>, <\/strong>de 26 de setembro de 2014. Disp\u00f5e sobre as atribui\u00e7\u00f5es do farmac\u00eautico no \u00e2mbito da homeopatia e d\u00e1 outras provid\u00eancias.<\/li>\n<li><a href=\"https:\/\/www.cff.org.br\/userfiles\/file\/resolucoes\/600.pdf\" target=\"_blank\" rel=\"noopener\"><strong>Resolu\u00e7\u00e3o CFF n\u00ba 600<\/strong><\/a><strong>, <\/strong>de 25 de julho de 2014. Regulamenta o procedimento de fiscaliza\u00e7\u00e3o dos Conselhos Regionais de Farm\u00e1cia e d\u00e1 outras provid\u00eancias. Resolu\u00e7\u00e3o CFF n\u00ba 612, de 27 de agosto de 2015. Institui a Declara\u00e7\u00e3o de Atividade Profissional (DAP).<\/li>\n<li><a href=\"https:\/\/www.legisweb.com.br\/legislacao\/?id=285534\" target=\"_blank\" rel=\"noopener\"><strong>Resolu\u00e7\u00e3o CFF n\u00ba 611<\/strong><\/a><strong>, <\/strong>de 29 de maio de 2015. Disp\u00f5e sobre as atribui\u00e7\u00f5es cl\u00ednicas do farmac\u00eautico no \u00e2mbito da floralterapia, e d\u00e1 outras provid\u00eancias.<\/li>\n<li><a href=\"https:\/\/www.in.gov.br\/materia\/-\/asset_publisher\/Kujrw0TZC2Mb\/content\/id\/23184210\/do1-2016-07-18-resolucao-n-625-de-14-de-julho-de-2016-23184142\" target=\"_blank\" rel=\"noopener\"><strong>Resolu\u00e7\u00e3o CFF n\u00ba 625<\/strong><\/a><strong>, <\/strong>de 14 de julho de 2016. Determina a aplica\u00e7\u00e3o dos c\u00e1lculos de corre\u00e7\u00f5es em insumos utilizados nas prepara\u00e7\u00f5es farmac\u00eauticas dentro da compet\u00eancia e \u00e2mbito do farmac\u00eautico e d\u00e1 outras provid\u00eancias.<\/li>\n<\/ul>\n<p><strong>Instru\u00e7\u00f5es Normativas<\/strong><\/p>\n<ul>\n<li><a href=\"https:\/\/www.cff.org.br\/userfiles\/file\/noticias\/in9_170809.pdf\" target=\"_blank\" rel=\"noopener\"><strong>Instru\u00e7\u00e3o Normativa Anvisa n\u00ba 9<\/strong><\/a><strong>, <\/strong>de 17 e agosto de 2009. Disp\u00f5e sobre a rela\u00e7\u00e3o de produtos permitidos para dispensa\u00e7\u00e3o e comercializa\u00e7\u00e3o em farm\u00e1cias e drogarias.<\/li>\n<li><a href=\"https:\/\/bvsms.saude.gov.br\/bvs\/saudelegis\/anvisa\/2014\/int0002_13_05_2014.pdf\" target=\"_blank\" rel=\"noopener\"><strong>Instru\u00e7\u00e3o Normativa Anvisa n\u00ba 2<\/strong><\/a><strong>, <\/strong>de 13 de maio de 2014. Publica a \u201cLista de medicamentos fitoter\u00e1picos de registro simplificado\u201d e a \u201cLista de produtos tradicionais fitoter\u00e1picos de registro simplificado\u201d.<\/li>\n<li><a href=\"https:\/\/www.in.gov.br\/materia\/-\/asset_publisher\/Kujrw0TZC2Mb\/content\/id\/24207050\/do1-2016-09-30-instrucao-normativa-in-n-11-de-29-de-setembro-de-2016-24207008\" target=\"_blank\" rel=\"noopener\"><strong>Instru\u00e7\u00e3o Normativa Anvisa n\u00ba 11<\/strong><\/a><strong>, <\/strong>de 29 de setembro de 2016. Disp\u00f5e sobre a lista de medicamentos isentos de prescri\u00e7\u00e3o.<\/li>\n<\/ul>\n","protected":false},"excerpt":{"rendered":"<p>Leis Lei n\u00ba 3.820, de 11 de novembro de 1960. Cria o Conselho Federal e os Conselhos Regionais de Farm\u00e1cia, e d\u00e1 outras Provid\u00eancias. Lei<br \/> <a href=\"https:\/\/saude.ufpr.br\/fesc\/legislacao\/\" class=\"button success small readmore\">Leia mais<\/a><\/p>\n","protected":false},"author":15,"featured_media":0,"parent":0,"menu_order":0,"comment_status":"closed","ping_status":"closed","template":"","meta":{"_acf_changed":false,"_uag_custom_page_level_css":"","footnotes":""},"class_list":["post-7213","page","type-page","status-publish","hentry"],"acf":[],"featured_image_src":null,"uagb_featured_image_src":{"full":false,"thumbnail":false,"medium":false,"medium_large":false,"large":false,"1536x1536":false,"2048x2048":false},"uagb_author_info":{"display_name":"Andrea Jankoski","author_link":"https:\/\/saude.ufpr.br\/fesc\/blog\/author\/andrea\/"},"uagb_comment_info":0,"uagb_excerpt":"Leis Lei n\u00ba 3.820, de 11 de novembro de 1960. Cria o Conselho Federal e os Conselhos Regionais de Farm\u00e1cia, e d\u00e1 outras Provid\u00eancias. Lei Leia mais","publishpress_future_action":{"enabled":false,"date":"2026-05-02 13:56:41","action":"change-status","newStatus":"draft","terms":[],"taxonomy":"","extraData":[]},"publishpress_future_workflow_manual_trigger":{"enabledWorkflows":[]},"_links":{"self":[{"href":"https:\/\/saude.ufpr.br\/fesc\/wp-json\/wp\/v2\/pages\/7213","targetHints":{"allow":["GET"]}}],"collection":[{"href":"https:\/\/saude.ufpr.br\/fesc\/wp-json\/wp\/v2\/pages"}],"about":[{"href":"https:\/\/saude.ufpr.br\/fesc\/wp-json\/wp\/v2\/types\/page"}],"author":[{"embeddable":true,"href":"https:\/\/saude.ufpr.br\/fesc\/wp-json\/wp\/v2\/users\/15"}],"replies":[{"embeddable":true,"href":"https:\/\/saude.ufpr.br\/fesc\/wp-json\/wp\/v2\/comments?post=7213"}],"version-history":[{"count":24,"href":"https:\/\/saude.ufpr.br\/fesc\/wp-json\/wp\/v2\/pages\/7213\/revisions"}],"predecessor-version":[{"id":7434,"href":"https:\/\/saude.ufpr.br\/fesc\/wp-json\/wp\/v2\/pages\/7213\/revisions\/7434"}],"wp:attachment":[{"href":"https:\/\/saude.ufpr.br\/fesc\/wp-json\/wp\/v2\/media?parent=7213"}],"curies":[{"name":"wp","href":"https:\/\/api.w.org\/{rel}","templated":true}]}}