{"id":7215,"date":"2022-06-22T11:25:34","date_gmt":"2022-06-22T14:25:34","guid":{"rendered":"https:\/\/saude.ufpr.br\/fesc\/?page_id=7215"},"modified":"2024-08-09T09:52:50","modified_gmt":"2024-08-09T12:52:50","slug":"equipe","status":"publish","type":"page","link":"https:\/\/saude.ufpr.br\/fesc\/equipe\/","title":{"rendered":"Equipe"},"content":{"rendered":"<ul>\n<li><strong>Chefia<\/strong>: Profa Dra. Thais Martins Guimar\u00e3es<\/li>\n<li><strong>Conselho Consultivo<\/strong>\n<ul>\n<li>Profa. Dra Deise Prehs Montrucchio\u00a0 &#8211;\u00a0<a href=\"http:\/\/lattes.cnpq.br\/7759064920324989\">http:\/\/lattes.cnpq.br\/7759064920324989<\/a><\/li>\n<li>Profa. Dra Rossana Calegari dos Santos \u2013 <a href=\"http:\/\/lattes.cnpq.br\/0047266856302328\">http:\/\/lattes.cnpq.br\/0047266856302328<\/a><\/li>\n<li>Profa. Dra Josiane de F\u00e1tima Gaspari Dias \u2013 <a href=\"http:\/\/lattes.cnpq.br\/5611247352060367\">http:\/\/lattes.cnpq.br\/5611247352060367<\/a><\/li>\n<li>Profa Dra. Thais Martins Guimar\u00e3es &#8211; \u00a0<a href=\"http:\/\/lattes.cnpq.br\/5751054357319058\">http:\/\/lattes.cnpq.br\/5751054357319058<\/a><\/li>\n<\/ul>\n<\/li>\n<\/ul>\n<ul>\n<li class=\"has-normal-font-size\"><strong>Coordena\u00e7\u00e3o Geral: <\/strong>\n<ul>\n<li class=\"has-normal-font-size\">Prof. Dra. Camila Klocker Costa<\/li>\n<\/ul>\n<\/li>\n<li class=\"has-normal-font-size\"><strong>Coordena\u00e7\u00e3o Acad\u00eamica<\/strong><\/li>\n<li class=\"has-normal-font-size\"><strong>Coordena\u00e7\u00e3o do Projeto UFPR \u2013 Farm\u00e1cia Escola 2024-2029:\u00a0<\/strong>\n<ul>\n<li class=\"has-normal-font-size\">Profa. Dra Rossana Calegari dos Santos \u2013 <a href=\"http:\/\/lattes.cnpq.br\/0047266856302328\">http:\/\/lattes.cnpq.br\/0047266856302328<\/a><\/li>\n<\/ul>\n<\/li>\n<li><strong>Respons\u00e1veis t\u00e9cnicas:<\/strong>\n<ul>\n<li>Esp. Alice do Carmo Kossoski Nalepa \u2013 <a href=\"http:\/\/lattes.cnpq.br\/5835375451913500\">http:\/\/lattes.cnpq.br\/5835375451913500<\/a><\/li>\n<li>Esp. Priscila Aparecida Ludka &#8211; <a href=\"http:\/\/lattes.cnpq.br\/7443947104870385\">http:\/\/lattes.cnpq.br\/7443947104870385<\/a><\/li>\n<li>Esp. Su\u00e9ly Karin Weiss &#8211; <a href=\"http:\/\/lattes.cnpq.br\/7868807501758561\">http:\/\/lattes.cnpq.br\/7868807501758561<\/a><\/li>\n<\/ul>\n<\/li>\n<\/ul>\n","protected":false},"excerpt":{"rendered":"<p>Chefia: Profa Dra. Thais Martins Guimar\u00e3es Conselho Consultivo Profa. Dra Deise Prehs Montrucchio\u00a0 &#8211;\u00a0http:\/\/lattes.cnpq.br\/7759064920324989 Profa. Dra Rossana Calegari dos Santos \u2013 http:\/\/lattes.cnpq.br\/0047266856302328 Profa. Dra Josiane<br \/> <a href=\"https:\/\/saude.ufpr.br\/fesc\/equipe\/\" class=\"button success small readmore\">Leia mais<\/a><\/p>\n","protected":false},"author":15,"featured_media":0,"parent":0,"menu_order":0,"comment_status":"closed","ping_status":"closed","template":"","meta":{"_acf_changed":false,"_uag_custom_page_level_css":"","footnotes":""},"class_list":["post-7215","page","type-page","status-publish","hentry"],"acf":[],"featured_image_src":null,"uagb_featured_image_src":{"full":false,"thumbnail":false,"medium":false,"medium_large":false,"large":false,"1536x1536":false,"2048x2048":false},"uagb_author_info":{"display_name":"Andrea Jankoski","author_link":"https:\/\/saude.ufpr.br\/fesc\/blog\/author\/andrea\/"},"uagb_comment_info":0,"uagb_excerpt":"Chefia: Profa Dra. Thais Martins Guimar\u00e3es Conselho Consultivo Profa. Dra Deise Prehs Montrucchio\u00a0 &#8211;\u00a0http:\/\/lattes.cnpq.br\/7759064920324989 Profa. Dra Rossana Calegari dos Santos \u2013 http:\/\/lattes.cnpq.br\/0047266856302328 Profa. Dra Josiane Leia mais","publishpress_future_action":{"enabled":false,"date":"2026-05-02 17:41:30","action":"change-status","newStatus":"draft","terms":[],"taxonomy":"","extraData":[]},"publishpress_future_workflow_manual_trigger":{"enabledWorkflows":[]},"_links":{"self":[{"href":"https:\/\/saude.ufpr.br\/fesc\/wp-json\/wp\/v2\/pages\/7215","targetHints":{"allow":["GET"]}}],"collection":[{"href":"https:\/\/saude.ufpr.br\/fesc\/wp-json\/wp\/v2\/pages"}],"about":[{"href":"https:\/\/saude.ufpr.br\/fesc\/wp-json\/wp\/v2\/types\/page"}],"author":[{"embeddable":true,"href":"https:\/\/saude.ufpr.br\/fesc\/wp-json\/wp\/v2\/users\/15"}],"replies":[{"embeddable":true,"href":"https:\/\/saude.ufpr.br\/fesc\/wp-json\/wp\/v2\/comments?post=7215"}],"version-history":[{"count":16,"href":"https:\/\/saude.ufpr.br\/fesc\/wp-json\/wp\/v2\/pages\/7215\/revisions"}],"predecessor-version":[{"id":7480,"href":"https:\/\/saude.ufpr.br\/fesc\/wp-json\/wp\/v2\/pages\/7215\/revisions\/7480"}],"wp:attachment":[{"href":"https:\/\/saude.ufpr.br\/fesc\/wp-json\/wp\/v2\/media?parent=7215"}],"curies":[{"name":"wp","href":"https:\/\/api.w.org\/{rel}","templated":true}]}}