{"id":7217,"date":"2022-06-22T11:25:44","date_gmt":"2022-06-22T14:25:44","guid":{"rendered":"https:\/\/saude.ufpr.br\/fesc\/?page_id=7217"},"modified":"2022-07-11T13:17:54","modified_gmt":"2022-07-11T16:17:54","slug":"fotos-galeria","status":"publish","type":"page","link":"https:\/\/saude.ufpr.br\/fesc\/fotos-galeria\/","title":{"rendered":"Fotos\/Galeria"},"content":{"rendered":"<p><span style=\"color: #0000ff;\"><strong>Produ\u00e7\u00e3o de \u00e1lcool gel<\/strong><\/span><\/p>\n<div id=\"metaslider-id-1576\" style=\"max-width: 500px;\" class=\"ml-slider-3-108-0 metaslider metaslider-flex metaslider-1576 ml-slider has-dots-nav ms-theme-default\" role=\"region\" aria-label=\"Inicio Novo\" data-height=\"350\" data-width=\"500\">\n    <div id=\"metaslider_container_1576\">\n        <div id=\"metaslider_1576\">\n            <ul class='slides'>\n                <li style=\"display: block; width: 100%;\" class=\"slide-7403 ms-image \" aria-roledescription=\"slide\" data-date=\"2022-07-11 13:16:54\" data-filename=\"img_20200529_085632051-scaled-500x350-1.jpg\" data-slide-type=\"image\"><img fetchpriority=\"high\" decoding=\"async\" src=\"https:\/\/saude.ufpr.br\/fesc\/wp-content\/uploads\/sites\/64\/2022\/07\/img_20200529_085632051-scaled-500x350-1.jpg\" height=\"350\" width=\"500\" alt=\"\" class=\"slider-1576 slide-7403 msDefaultImage\" title=\"IMG_20200529_085632051-scaled-500x350\" \/><\/li>\n                <li style=\"display: none; width: 100%;\" class=\"slide-7390 ms-image \" aria-roledescription=\"slide\" data-date=\"2022-07-11 13:16:54\" data-filename=\"20200402_165415-1-scaled-500x350-1.jpg\" data-slide-type=\"image\"><img decoding=\"async\" src=\"https:\/\/saude.ufpr.br\/fesc\/wp-content\/uploads\/sites\/64\/2022\/07\/20200402_165415-1-scaled-500x350-1.jpg\" height=\"350\" width=\"500\" alt=\"\" class=\"slider-1576 slide-7390 msDefaultImage\" title=\"20200402_165415-1-scaled-500x350\" \/><\/li>\n                <li style=\"display: none; width: 100%;\" class=\"slide-7397 ms-image \" aria-roledescription=\"slide\" data-date=\"2022-07-11 13:16:54\" data-filename=\"20200529_092702-scaled-500x350-1.jpg\" data-slide-type=\"image\"><img decoding=\"async\" src=\"https:\/\/saude.ufpr.br\/fesc\/wp-content\/uploads\/sites\/64\/2022\/07\/20200529_092702-scaled-500x350-1.jpg\" height=\"350\" width=\"500\" alt=\"\" class=\"slider-1576 slide-7397 msDefaultImage\" title=\"20200529_092702-scaled-500x350\" \/><\/li>\n                <li style=\"display: none; width: 100%;\" class=\"slide-7391 ms-image \" aria-roledescription=\"slide\" data-date=\"2022-07-11 13:16:54\" data-filename=\"20200408_112636-scaled-500x350-1.jpg\" data-slide-type=\"image\"><img loading=\"lazy\" decoding=\"async\" src=\"https:\/\/saude.ufpr.br\/fesc\/wp-content\/uploads\/sites\/64\/2022\/07\/20200408_112636-scaled-500x350-1.jpg\" height=\"350\" width=\"500\" alt=\"\" class=\"slider-1576 slide-7391 msDefaultImage\" title=\"20200408_112636-scaled-500x350\" \/><\/li>\n                <li style=\"display: none; width: 100%;\" class=\"slide-7392 ms-image \" aria-roledescription=\"slide\" data-date=\"2022-07-11 13:16:54\" data-filename=\"20200514_141418-1-scaled-500x350-1.jpg\" data-slide-type=\"image\"><img loading=\"lazy\" decoding=\"async\" src=\"https:\/\/saude.ufpr.br\/fesc\/wp-content\/uploads\/sites\/64\/2022\/07\/20200514_141418-1-scaled-500x350-1.jpg\" height=\"350\" width=\"500\" alt=\"\" class=\"slider-1576 slide-7392 msDefaultImage\" title=\"20200514_141418-1-scaled-500x350\" \/><\/li>\n                <li style=\"display: none; width: 100%;\" class=\"slide-7395 ms-image \" aria-roledescription=\"slide\" data-date=\"2022-07-11 13:16:54\" data-filename=\"20200519_154310-scaled-500x350-1.jpg\" data-slide-type=\"image\"><img loading=\"lazy\" decoding=\"async\" src=\"https:\/\/saude.ufpr.br\/fesc\/wp-content\/uploads\/sites\/64\/2022\/07\/20200519_154310-scaled-500x350-1.jpg\" height=\"350\" width=\"500\" alt=\"\" class=\"slider-1576 slide-7395 msDefaultImage\" title=\"20200519_154310-scaled-500x350\" \/><\/li>\n                <li style=\"display: none; width: 100%;\" class=\"slide-7396 ms-image \" aria-roledescription=\"slide\" data-date=\"2022-07-11 13:16:54\" data-filename=\"20200528_135844-scaled-500x350-1.jpg\" data-slide-type=\"image\"><img loading=\"lazy\" decoding=\"async\" src=\"https:\/\/saude.ufpr.br\/fesc\/wp-content\/uploads\/sites\/64\/2022\/07\/20200528_135844-scaled-500x350-1.jpg\" height=\"350\" width=\"500\" alt=\"\" class=\"slider-1576 slide-7396 msDefaultImage\" title=\"20200528_135844-scaled-500x350\" \/><\/li>\n                <li style=\"display: none; width: 100%;\" class=\"slide-7398 ms-image \" aria-roledescription=\"slide\" data-date=\"2022-07-11 13:16:54\" data-filename=\"20200610_104437-1-scaled-500x350-1.jpg\" data-slide-type=\"image\"><img loading=\"lazy\" decoding=\"async\" src=\"https:\/\/saude.ufpr.br\/fesc\/wp-content\/uploads\/sites\/64\/2022\/07\/20200610_104437-1-scaled-500x350-1.jpg\" height=\"350\" width=\"500\" alt=\"\" class=\"slider-1576 slide-7398 msDefaultImage\" title=\"20200610_104437-1-scaled-500x350\" \/><\/li>\n                <li style=\"display: none; width: 100%;\" class=\"slide-7399 ms-image \" aria-roledescription=\"slide\" data-date=\"2022-07-11 13:16:54\" data-filename=\"img_20200522_102217531-1-scaled-500x350-1.jpg\" data-slide-type=\"image\"><img loading=\"lazy\" decoding=\"async\" src=\"https:\/\/saude.ufpr.br\/fesc\/wp-content\/uploads\/sites\/64\/2022\/07\/img_20200522_102217531-1-scaled-500x350-1.jpg\" height=\"350\" width=\"500\" alt=\"\" class=\"slider-1576 slide-7399 msDefaultImage\" title=\"IMG_20200522_102217531-1-scaled-500x350\" \/><\/li>\n                <li style=\"display: none; width: 100%;\" class=\"slide-7400 ms-image \" aria-roledescription=\"slide\" data-date=\"2022-07-11 13:16:54\" data-filename=\"img_20200526_094802229-1-scaled-500x350-1.jpg\" data-slide-type=\"image\"><img loading=\"lazy\" decoding=\"async\" src=\"https:\/\/saude.ufpr.br\/fesc\/wp-content\/uploads\/sites\/64\/2022\/07\/img_20200526_094802229-1-scaled-500x350-1.jpg\" height=\"350\" width=\"500\" alt=\"\" class=\"slider-1576 slide-7400 msDefaultImage\" title=\"IMG_20200526_094802229-1-scaled-500x350\" \/><\/li>\n                <li style=\"display: none; width: 100%;\" class=\"slide-7401 ms-image \" aria-roledescription=\"slide\" data-date=\"2022-07-11 13:16:54\" data-filename=\"img_20200526_111458551-1-scaled-500x350-1.jpg\" data-slide-type=\"image\"><img loading=\"lazy\" decoding=\"async\" src=\"https:\/\/saude.ufpr.br\/fesc\/wp-content\/uploads\/sites\/64\/2022\/07\/img_20200526_111458551-1-scaled-500x350-1.jpg\" height=\"350\" width=\"500\" alt=\"\" class=\"slider-1576 slide-7401 msDefaultImage\" title=\"IMG_20200526_111458551-1-scaled-500x350\" \/><\/li>\n                <li style=\"display: none; width: 100%;\" class=\"slide-7402 ms-image \" aria-roledescription=\"slide\" data-date=\"2022-07-11 13:16:54\" data-filename=\"img_20200528_111525984-1-scaled-500x350-1.jpg\" data-slide-type=\"image\"><img loading=\"lazy\" decoding=\"async\" src=\"https:\/\/saude.ufpr.br\/fesc\/wp-content\/uploads\/sites\/64\/2022\/07\/img_20200528_111525984-1-scaled-500x350-1.jpg\" height=\"350\" width=\"500\" alt=\"\" class=\"slider-1576 slide-7402 msDefaultImage\" title=\"IMG_20200528_111525984-1-scaled-500x350\" \/><\/li>\n                <li style=\"display: none; width: 100%;\" class=\"slide-7404 ms-image \" aria-roledescription=\"slide\" data-date=\"2022-07-11 13:16:54\" data-filename=\"img_20200529_101441428-scaled-500x350-1.jpg\" data-slide-type=\"image\"><img loading=\"lazy\" decoding=\"async\" src=\"https:\/\/saude.ufpr.br\/fesc\/wp-content\/uploads\/sites\/64\/2022\/07\/img_20200529_101441428-scaled-500x350-1.jpg\" height=\"350\" width=\"500\" alt=\"\" class=\"slider-1576 slide-7404 msDefaultImage\" title=\"IMG_20200529_101441428-scaled-500x350\" \/><\/li>\n            <\/ul>\n        <\/div>\n        \n    <\/div>\n<\/div>\n","protected":false},"excerpt":{"rendered":"<p>Produ\u00e7\u00e3o de \u00e1lcool gel<\/p>\n","protected":false},"author":15,"featured_media":0,"parent":0,"menu_order":0,"comment_status":"closed","ping_status":"closed","template":"","meta":{"_acf_changed":false,"_uag_custom_page_level_css":"","footnotes":""},"class_list":["post-7217","page","type-page","status-publish","hentry"],"acf":[],"featured_image_src":null,"uagb_featured_image_src":{"full":false,"thumbnail":false,"medium":false,"medium_large":false,"large":false,"1536x1536":false,"2048x2048":false},"uagb_author_info":{"display_name":"Andrea Jankoski","author_link":"https:\/\/saude.ufpr.br\/fesc\/blog\/author\/andrea\/"},"uagb_comment_info":0,"uagb_excerpt":"Produ\u00e7\u00e3o de \u00e1lcool gel","publishpress_future_action":{"enabled":false,"date":"2026-05-02 06:57:12","action":"change-status","newStatus":"draft","terms":[],"taxonomy":"","extraData":[]},"publishpress_future_workflow_manual_trigger":{"enabledWorkflows":[]},"_links":{"self":[{"href":"https:\/\/saude.ufpr.br\/fesc\/wp-json\/wp\/v2\/pages\/7217","targetHints":{"allow":["GET"]}}],"collection":[{"href":"https:\/\/saude.ufpr.br\/fesc\/wp-json\/wp\/v2\/pages"}],"about":[{"href":"https:\/\/saude.ufpr.br\/fesc\/wp-json\/wp\/v2\/types\/page"}],"author":[{"embeddable":true,"href":"https:\/\/saude.ufpr.br\/fesc\/wp-json\/wp\/v2\/users\/15"}],"replies":[{"embeddable":true,"href":"https:\/\/saude.ufpr.br\/fesc\/wp-json\/wp\/v2\/comments?post=7217"}],"version-history":[{"count":4,"href":"https:\/\/saude.ufpr.br\/fesc\/wp-json\/wp\/v2\/pages\/7217\/revisions"}],"predecessor-version":[{"id":7405,"href":"https:\/\/saude.ufpr.br\/fesc\/wp-json\/wp\/v2\/pages\/7217\/revisions\/7405"}],"wp:attachment":[{"href":"https:\/\/saude.ufpr.br\/fesc\/wp-json\/wp\/v2\/media?parent=7217"}],"curies":[{"name":"wp","href":"https:\/\/api.w.org\/{rel}","templated":true}]}}