{"id":7275,"date":"2022-06-30T11:25:55","date_gmt":"2022-06-30T14:25:55","guid":{"rendered":"https:\/\/saude.ufpr.br\/fesc\/?page_id=7275"},"modified":"2022-06-30T15:08:25","modified_gmt":"2022-06-30T18:08:25","slug":"orientacao","status":"publish","type":"page","link":"https:\/\/saude.ufpr.br\/fesc\/orientacao\/","title":{"rendered":"Orienta\u00e7\u00e3o e Consultas Farmac\u00eauticas"},"content":{"rendered":"<p>Servi\u00e7o farmac\u00eautico que gerencia a farmacoterapia, com o objetivo de prevenir e resolver problemas relacionados ao medicamento, contribuindo para a melhoria da sa\u00fade do paciente e maior ades\u00e3o ao tratamento.<\/p>\n<p><strong>Caso tenha d\u00favidas com rela\u00e7\u00e3o aos seus medicamentos, entre em contato e agende um hor\u00e1rio.<\/strong><\/p>\n","protected":false},"excerpt":{"rendered":"<p>Servi\u00e7o farmac\u00eautico que gerencia a farmacoterapia, com o objetivo de prevenir e resolver problemas relacionados ao medicamento, contribuindo para a melhoria da sa\u00fade do paciente<br \/> <a href=\"https:\/\/saude.ufpr.br\/fesc\/orientacao\/\" class=\"button success small readmore\">Leia mais<\/a><\/p>\n","protected":false},"author":15,"featured_media":0,"parent":0,"menu_order":0,"comment_status":"closed","ping_status":"closed","template":"","meta":{"_acf_changed":false,"_uag_custom_page_level_css":"","footnotes":""},"class_list":["post-7275","page","type-page","status-publish","hentry"],"acf":[],"featured_image_src":null,"uagb_featured_image_src":{"full":false,"thumbnail":false,"medium":false,"medium_large":false,"large":false,"1536x1536":false,"2048x2048":false},"uagb_author_info":{"display_name":"Andrea Jankoski","author_link":"https:\/\/saude.ufpr.br\/fesc\/blog\/author\/andrea\/"},"uagb_comment_info":0,"uagb_excerpt":"Servi\u00e7o farmac\u00eautico que gerencia a farmacoterapia, com o objetivo de prevenir e resolver problemas relacionados ao medicamento, contribuindo para a melhoria da sa\u00fade do paciente Leia mais","publishpress_future_action":{"enabled":false,"date":"2026-04-11 17:15:04","action":"change-status","newStatus":"draft","terms":[],"taxonomy":"","extraData":[]},"publishpress_future_workflow_manual_trigger":{"enabledWorkflows":[]},"_links":{"self":[{"href":"https:\/\/saude.ufpr.br\/fesc\/wp-json\/wp\/v2\/pages\/7275","targetHints":{"allow":["GET"]}}],"collection":[{"href":"https:\/\/saude.ufpr.br\/fesc\/wp-json\/wp\/v2\/pages"}],"about":[{"href":"https:\/\/saude.ufpr.br\/fesc\/wp-json\/wp\/v2\/types\/page"}],"author":[{"embeddable":true,"href":"https:\/\/saude.ufpr.br\/fesc\/wp-json\/wp\/v2\/users\/15"}],"replies":[{"embeddable":true,"href":"https:\/\/saude.ufpr.br\/fesc\/wp-json\/wp\/v2\/comments?post=7275"}],"version-history":[{"count":3,"href":"https:\/\/saude.ufpr.br\/fesc\/wp-json\/wp\/v2\/pages\/7275\/revisions"}],"predecessor-version":[{"id":7302,"href":"https:\/\/saude.ufpr.br\/fesc\/wp-json\/wp\/v2\/pages\/7275\/revisions\/7302"}],"wp:attachment":[{"href":"https:\/\/saude.ufpr.br\/fesc\/wp-json\/wp\/v2\/media?parent=7275"}],"curies":[{"name":"wp","href":"https:\/\/api.w.org\/{rel}","templated":true}]}}