{"id":7277,"date":"2022-06-30T11:26:17","date_gmt":"2022-06-30T14:26:17","guid":{"rendered":"https:\/\/saude.ufpr.br\/fesc\/?page_id=7277"},"modified":"2022-06-30T15:06:27","modified_gmt":"2022-06-30T18:06:27","slug":"verificacao","status":"publish","type":"page","link":"https:\/\/saude.ufpr.br\/fesc\/verificacao\/","title":{"rendered":"Verifica\u00e7\u00e3o da Press\u00e3o"},"content":{"rendered":"<p>Procedimento de mensura\u00e7\u00e3o indireta dos valores de press\u00e3o arterial sist\u00f3lica (PAS) e press\u00e3o arterial diast\u00f3lica (PAD).<br \/>\nA verifica\u00e7\u00e3o de press\u00e3o arterial realizada em farm\u00e1cia\u00a0<strong>n\u00e3o tem valor diagn\u00f3stico<\/strong>, sendo este, fun\u00e7\u00e3o exclusiva do m\u00e9dico.<\/p>\n<p>O servi\u00e7o de verifica\u00e7\u00e3o da PA, oferecido pela Farm\u00e1cia Escola, busca o aux\u00edlio na detec\u00e7\u00e3o de casos suspeitos, por meio da verifica\u00e7\u00e3o da press\u00e3o arterial e encaminhamento orientado desses casos ao m\u00e9dico e o acompanhamento dos resultados terap\u00eauticos.<\/p>\n<p class=\"has-normal-font-size\"><strong>Para verificar e \/ ou acompanhar sua PA venha at\u00e9 a farm\u00e1cia!<\/strong><\/p>\n","protected":false},"excerpt":{"rendered":"<p>Procedimento de mensura\u00e7\u00e3o indireta dos valores de press\u00e3o arterial sist\u00f3lica (PAS) e press\u00e3o arterial diast\u00f3lica (PAD). A verifica\u00e7\u00e3o de press\u00e3o arterial realizada em farm\u00e1cia\u00a0n\u00e3o tem<br \/> <a href=\"https:\/\/saude.ufpr.br\/fesc\/verificacao\/\" class=\"button success small readmore\">Leia mais<\/a><\/p>\n","protected":false},"author":15,"featured_media":0,"parent":0,"menu_order":0,"comment_status":"closed","ping_status":"closed","template":"","meta":{"_acf_changed":false,"_uag_custom_page_level_css":"","footnotes":""},"class_list":["post-7277","page","type-page","status-publish","hentry"],"acf":[],"featured_image_src":null,"uagb_featured_image_src":{"full":false,"thumbnail":false,"medium":false,"medium_large":false,"large":false,"1536x1536":false,"2048x2048":false},"uagb_author_info":{"display_name":"Andrea Jankoski","author_link":"https:\/\/saude.ufpr.br\/fesc\/blog\/author\/andrea\/"},"uagb_comment_info":0,"uagb_excerpt":"Procedimento de mensura\u00e7\u00e3o indireta dos valores de press\u00e3o arterial sist\u00f3lica (PAS) e press\u00e3o arterial diast\u00f3lica (PAD). A verifica\u00e7\u00e3o de press\u00e3o arterial realizada em farm\u00e1cia\u00a0n\u00e3o tem Leia mais","publishpress_future_action":{"enabled":false,"date":"2026-04-12 15:10:51","action":"change-status","newStatus":"draft","terms":[],"taxonomy":"","extraData":[]},"publishpress_future_workflow_manual_trigger":{"enabledWorkflows":[]},"_links":{"self":[{"href":"https:\/\/saude.ufpr.br\/fesc\/wp-json\/wp\/v2\/pages\/7277","targetHints":{"allow":["GET"]}}],"collection":[{"href":"https:\/\/saude.ufpr.br\/fesc\/wp-json\/wp\/v2\/pages"}],"about":[{"href":"https:\/\/saude.ufpr.br\/fesc\/wp-json\/wp\/v2\/types\/page"}],"author":[{"embeddable":true,"href":"https:\/\/saude.ufpr.br\/fesc\/wp-json\/wp\/v2\/users\/15"}],"replies":[{"embeddable":true,"href":"https:\/\/saude.ufpr.br\/fesc\/wp-json\/wp\/v2\/comments?post=7277"}],"version-history":[{"count":3,"href":"https:\/\/saude.ufpr.br\/fesc\/wp-json\/wp\/v2\/pages\/7277\/revisions"}],"predecessor-version":[{"id":7299,"href":"https:\/\/saude.ufpr.br\/fesc\/wp-json\/wp\/v2\/pages\/7277\/revisions\/7299"}],"wp:attachment":[{"href":"https:\/\/saude.ufpr.br\/fesc\/wp-json\/wp\/v2\/media?parent=7277"}],"curies":[{"name":"wp","href":"https:\/\/api.w.org\/{rel}","templated":true}]}}