{"id":7279,"date":"2022-06-30T11:26:29","date_gmt":"2022-06-30T14:26:29","guid":{"rendered":"https:\/\/saude.ufpr.br\/fesc\/?page_id=7279"},"modified":"2022-06-30T15:10:22","modified_gmt":"2022-06-30T18:10:22","slug":"campanhas","status":"publish","type":"page","link":"https:\/\/saude.ufpr.br\/fesc\/campanhas\/","title":{"rendered":"Campanhas de Educa\u00e7\u00e3o em Sa\u00fade"},"content":{"rendered":"<p class=\"has-normal-font-size\">As campanhas educativas promovidas pela Farm\u00e1cia Escola buscam o desenvolvimento da autonomia e responsabilidade dos indiv\u00edduos com rela\u00e7\u00e3o ao seu cuidado com a sua sa\u00fade e da comunidade.<br \/>\nAl\u00e9m disso, propicia uma maior intera\u00e7\u00e3o do acad\u00eamico com a comunidade, contribuindo para a forma\u00e7\u00e3o de profissionais mais conscientes com rela\u00e7\u00e3o a promo\u00e7\u00e3o e educa\u00e7\u00e3o em sa\u00fade.<\/p>\n<p class=\"has-normal-font-size\"><strong>Confira as datas e os temas das nossas campanhas e palestras em nossos informes!<\/strong><\/p>\n","protected":false},"excerpt":{"rendered":"<p>As campanhas educativas promovidas pela Farm\u00e1cia Escola buscam o desenvolvimento da autonomia e responsabilidade dos indiv\u00edduos com rela\u00e7\u00e3o ao seu cuidado com a sua sa\u00fade<br \/> <a href=\"https:\/\/saude.ufpr.br\/fesc\/campanhas\/\" class=\"button success small readmore\">Leia mais<\/a><\/p>\n","protected":false},"author":15,"featured_media":0,"parent":0,"menu_order":0,"comment_status":"closed","ping_status":"closed","template":"","meta":{"_acf_changed":false,"_uag_custom_page_level_css":"","footnotes":""},"class_list":["post-7279","page","type-page","status-publish","hentry"],"acf":[],"featured_image_src":null,"uagb_featured_image_src":{"full":false,"thumbnail":false,"medium":false,"medium_large":false,"large":false,"1536x1536":false,"2048x2048":false},"uagb_author_info":{"display_name":"Andrea Jankoski","author_link":"https:\/\/saude.ufpr.br\/fesc\/blog\/author\/andrea\/"},"uagb_comment_info":0,"uagb_excerpt":"As campanhas educativas promovidas pela Farm\u00e1cia Escola buscam o desenvolvimento da autonomia e responsabilidade dos indiv\u00edduos com rela\u00e7\u00e3o ao seu cuidado com a sua sa\u00fade Leia mais","publishpress_future_action":{"enabled":false,"date":"2026-04-12 13:38:00","action":"change-status","newStatus":"draft","terms":[],"taxonomy":"","extraData":[]},"publishpress_future_workflow_manual_trigger":{"enabledWorkflows":[]},"_links":{"self":[{"href":"https:\/\/saude.ufpr.br\/fesc\/wp-json\/wp\/v2\/pages\/7279","targetHints":{"allow":["GET"]}}],"collection":[{"href":"https:\/\/saude.ufpr.br\/fesc\/wp-json\/wp\/v2\/pages"}],"about":[{"href":"https:\/\/saude.ufpr.br\/fesc\/wp-json\/wp\/v2\/types\/page"}],"author":[{"embeddable":true,"href":"https:\/\/saude.ufpr.br\/fesc\/wp-json\/wp\/v2\/users\/15"}],"replies":[{"embeddable":true,"href":"https:\/\/saude.ufpr.br\/fesc\/wp-json\/wp\/v2\/comments?post=7279"}],"version-history":[{"count":3,"href":"https:\/\/saude.ufpr.br\/fesc\/wp-json\/wp\/v2\/pages\/7279\/revisions"}],"predecessor-version":[{"id":7303,"href":"https:\/\/saude.ufpr.br\/fesc\/wp-json\/wp\/v2\/pages\/7279\/revisions\/7303"}],"wp:attachment":[{"href":"https:\/\/saude.ufpr.br\/fesc\/wp-json\/wp\/v2\/media?parent=7279"}],"curies":[{"name":"wp","href":"https:\/\/api.w.org\/{rel}","templated":true}]}}