{"id":7283,"date":"2022-06-30T11:26:48","date_gmt":"2022-06-30T14:26:48","guid":{"rendered":"https:\/\/saude.ufpr.br\/fesc\/?page_id=7283"},"modified":"2022-06-30T15:08:01","modified_gmt":"2022-06-30T18:08:01","slug":"manipulacao","status":"publish","type":"page","link":"https:\/\/saude.ufpr.br\/fesc\/manipulacao\/","title":{"rendered":"Manipula\u00e7\u00e3o de F\u00f3rmulas"},"content":{"rendered":"<p>As prepara\u00e7\u00f5es magistrais apresentam como caracter\u00edstica principal a individualiza\u00e7\u00e3o dos medicamentos, os quais s\u00e3o prescritos por algumas especialidades cl\u00ednicas quando h\u00e1 necessidade de personalizar o medicamento em rela\u00e7\u00e3o \u00e0 composi\u00e7\u00e3o, dose e \/ ou forma farmac\u00eautica.<br \/>\nManipulamos medicamentos de uso interno e externo, de acordo com a prescri\u00e7\u00e3o e a necessidades individuas de cada paciente.<br \/>\nTrabalhamos com diversas forma farmac\u00eauticas, como sach\u00eas, c\u00e1psulas, pomadas, cremes, lo\u00e7\u00f5es, solu\u00e7\u00f5es, suspens\u00f5es e xaropes.<\/p>\n<p class=\"has-normal-font-size\"><strong>N\u00e3o temos insumos controlados.<\/strong><\/p>\n<p>Todo o processo de manipula\u00e7\u00e3o segue r\u00edgidos procedimentos operacionais, atendendo as boas pr\u00e1ticas de manipula\u00e7\u00e3o e resolu\u00e7\u00f5es sanit\u00e1rias aplicadas \u00e0 \u00e1rea.<\/p>\n<p class=\"has-normal-font-size\"><strong>Solicite seu or\u00e7amento.\u00a0<\/strong><\/p>\n","protected":false},"excerpt":{"rendered":"<p>As prepara\u00e7\u00f5es magistrais apresentam como caracter\u00edstica principal a individualiza\u00e7\u00e3o dos medicamentos, os quais s\u00e3o prescritos por algumas especialidades cl\u00ednicas quando h\u00e1 necessidade de personalizar o<br \/> <a href=\"https:\/\/saude.ufpr.br\/fesc\/manipulacao\/\" class=\"button success small readmore\">Leia mais<\/a><\/p>\n","protected":false},"author":15,"featured_media":0,"parent":0,"menu_order":0,"comment_status":"closed","ping_status":"closed","template":"","meta":{"_acf_changed":false,"_uag_custom_page_level_css":"","footnotes":""},"class_list":["post-7283","page","type-page","status-publish","hentry"],"acf":[],"featured_image_src":null,"uagb_featured_image_src":{"full":false,"thumbnail":false,"medium":false,"medium_large":false,"large":false,"1536x1536":false,"2048x2048":false},"uagb_author_info":{"display_name":"Andrea Jankoski","author_link":"https:\/\/saude.ufpr.br\/fesc\/blog\/author\/andrea\/"},"uagb_comment_info":0,"uagb_excerpt":"As prepara\u00e7\u00f5es magistrais apresentam como caracter\u00edstica principal a individualiza\u00e7\u00e3o dos medicamentos, os quais s\u00e3o prescritos por algumas especialidades cl\u00ednicas quando h\u00e1 necessidade de personalizar o Leia mais","publishpress_future_action":{"enabled":false,"date":"2026-04-10 23:45:20","action":"change-status","newStatus":"draft","terms":[],"taxonomy":"","extraData":[]},"publishpress_future_workflow_manual_trigger":{"enabledWorkflows":[]},"_links":{"self":[{"href":"https:\/\/saude.ufpr.br\/fesc\/wp-json\/wp\/v2\/pages\/7283","targetHints":{"allow":["GET"]}}],"collection":[{"href":"https:\/\/saude.ufpr.br\/fesc\/wp-json\/wp\/v2\/pages"}],"about":[{"href":"https:\/\/saude.ufpr.br\/fesc\/wp-json\/wp\/v2\/types\/page"}],"author":[{"embeddable":true,"href":"https:\/\/saude.ufpr.br\/fesc\/wp-json\/wp\/v2\/users\/15"}],"replies":[{"embeddable":true,"href":"https:\/\/saude.ufpr.br\/fesc\/wp-json\/wp\/v2\/comments?post=7283"}],"version-history":[{"count":3,"href":"https:\/\/saude.ufpr.br\/fesc\/wp-json\/wp\/v2\/pages\/7283\/revisions"}],"predecessor-version":[{"id":7301,"href":"https:\/\/saude.ufpr.br\/fesc\/wp-json\/wp\/v2\/pages\/7283\/revisions\/7301"}],"wp:attachment":[{"href":"https:\/\/saude.ufpr.br\/fesc\/wp-json\/wp\/v2\/media?parent=7283"}],"curies":[{"name":"wp","href":"https:\/\/api.w.org\/{rel}","templated":true}]}}