{"id":1636,"date":"2017-12-14T17:23:41","date_gmt":"2017-12-14T17:23:41","guid":{"rendered":"http:\/\/saude.local\/gmpi\/?page_id=1636"},"modified":"2018-03-05T10:22:03","modified_gmt":"2018-03-05T13:22:03","slug":"linhas-de-pesquisa","status":"publish","type":"page","link":"https:\/\/saude.ufpr.br\/gmpi\/linhas-de-pesquisa\/","title":{"rendered":"Linhas De Pesquisa"},"content":{"rendered":"<p><strong>&#8220;Processo de cuidar em sa\u00fade e enfermagem&#8221;<\/strong><\/p>\n<p>Descri\u00e7\u00e3o: Processo de cuidar e ser cuidado do ser humano individual e coletivo nas dimens\u00f5es objetivas e subjetivas. Determina\u00e7\u00f5es, indicadores, express\u00f5es de sa\u00fade, condi\u00e7\u00e3o e satisfa\u00e7\u00e3o da vida.&#8221;<\/p>\n","protected":false},"excerpt":{"rendered":"<p>&#8220;Processo de cuidar em sa\u00fade e enfermagem&#8221; Descri\u00e7\u00e3o: Processo de cuidar e ser cuidado do ser humano individual e coletivo nas dimens\u00f5es objetivas e subjetivas. Determina\u00e7\u00f5es, indicadores, express\u00f5es de sa\u00fade, condi\u00e7\u00e3o e satisfa\u00e7\u00e3o da vida.&#8221;<\/p>\n","protected":false},"author":1615,"featured_media":0,"parent":0,"menu_order":0,"comment_status":"closed","ping_status":"closed","template":"","meta":{"_acf_changed":false,"_uag_custom_page_level_css":"","footnotes":""},"class_list":["post-1636","page","type-page","status-publish","hentry"],"acf":[],"featured_image_src":null,"uagb_featured_image_src":{"full":false,"thumbnail":false,"medium":false,"medium_large":false,"large":false,"1536x1536":false,"2048x2048":false,"noticias-thumb":false,"banners-thumb":false,"maisnoticias-thumb":false,"post-thumbnail":false},"uagb_author_info":{"display_name":"Guilherme","author_link":"https:\/\/saude.ufpr.br\/gmpi\/author\/guilhermematos\/"},"uagb_comment_info":0,"uagb_excerpt":"&#8220;Processo de cuidar em sa\u00fade e enfermagem&#8221; Descri\u00e7\u00e3o: Processo de cuidar e ser cuidado do ser humano individual e coletivo nas dimens\u00f5es objetivas e subjetivas. Determina\u00e7\u00f5es, indicadores, express\u00f5es de sa\u00fade, condi\u00e7\u00e3o e satisfa\u00e7\u00e3o da vida.&#8221;","publishpress_future_action":{"enabled":false,"date":"2026-04-11 12:20:12","action":"change-status","newStatus":"draft","terms":[],"taxonomy":"","extraData":[]},"publishpress_future_workflow_manual_trigger":{"enabledWorkflows":[]},"_links":{"self":[{"href":"https:\/\/saude.ufpr.br\/gmpi\/wp-json\/wp\/v2\/pages\/1636","targetHints":{"allow":["GET"]}}],"collection":[{"href":"https:\/\/saude.ufpr.br\/gmpi\/wp-json\/wp\/v2\/pages"}],"about":[{"href":"https:\/\/saude.ufpr.br\/gmpi\/wp-json\/wp\/v2\/types\/page"}],"author":[{"embeddable":true,"href":"https:\/\/saude.ufpr.br\/gmpi\/wp-json\/wp\/v2\/users\/1615"}],"replies":[{"embeddable":true,"href":"https:\/\/saude.ufpr.br\/gmpi\/wp-json\/wp\/v2\/comments?post=1636"}],"version-history":[{"count":5,"href":"https:\/\/saude.ufpr.br\/gmpi\/wp-json\/wp\/v2\/pages\/1636\/revisions"}],"predecessor-version":[{"id":1737,"href":"https:\/\/saude.ufpr.br\/gmpi\/wp-json\/wp\/v2\/pages\/1636\/revisions\/1737"}],"wp:attachment":[{"href":"https:\/\/saude.ufpr.br\/gmpi\/wp-json\/wp\/v2\/media?parent=1636"}],"curies":[{"name":"wp","href":"https:\/\/api.w.org\/{rel}","templated":true}]}}