{"id":1637,"date":"2017-12-14T17:16:22","date_gmt":"2017-12-14T17:16:22","guid":{"rendered":"http:\/\/saude.local\/gmpi\/?page_id=1637"},"modified":"2018-03-05T10:15:11","modified_gmt":"2018-03-05T13:15:11","slug":"sobre-nos","status":"publish","type":"page","link":"https:\/\/saude.ufpr.br\/gmpi\/sobre-nos\/","title":{"rendered":"Sobre N\u00f3s"},"content":{"rendered":"<p>O Grupo Multiprofissional de Pesquisa sobre Idosos (GMPI) \u00e9 o primeiro grupo de estudos sobre o envelhecimento, certificado pelo CNPq, no estado do Paran\u00e1. Vinculado ao Programa de P\u00f3s-Gradua\u00e7\u00e3o em Enfermagem da Universidade Federal do Paran\u00e1 (UFPR), o GMPI \u00e9 liderado pela Professora Dra. Maria Helena Lenardt e possui membros pesquisadores, estudantes e t\u00e9cnicos do Setor de Ci\u00eancias da Sa\u00fade. As atividades desenvolvidas no GMPI est\u00e3o relacionadas \u00e0 produ\u00e7\u00e3o e \u00e0 divulga\u00e7\u00e3o de conhecimento sobre a sa\u00fade dos idosos, destacando-se projetos de pesquisas nos diversos n\u00edveis, na linha de pesquisa processo de cuidar em sa\u00fade e enfermagem, como monografias de gradua\u00e7\u00e3o, projetos de inicia\u00e7\u00e3o cient\u00edfica, disserta\u00e7\u00f5es de mestrado e teses de doutorado. Os membros do GMPI acreditam que a aten\u00e7\u00e3o \u00e0 sa\u00fade dos idosos integra o bem estar da popula\u00e7\u00e3o. A concentra\u00e7\u00e3o de pessoas em idade avan\u00e7ada est\u00e1 aumentando e h\u00e1 a necessidade de estrutura f\u00edsica, social e do sistema de sa\u00fade para suprir as condi\u00e7\u00f5es requeridas para os cuidados dessa popula\u00e7\u00e3o. A meta do GMPI \u00e9 manter a produ\u00e7\u00e3o de trabalhos cient\u00edficos, fruto de pesquisas realizadas pelo Grupo, e disponibilizar os resultados para subsidiar o planejamento de a\u00e7\u00f5es que promovam a sa\u00fade no envelhecimento.<\/p>\n","protected":false},"excerpt":{"rendered":"<p>O Grupo Multiprofissional de Pesquisa sobre Idosos (GMPI) \u00e9 o primeiro grupo de estudos sobre o envelhecimento, certificado pelo CNPq, no estado do Paran\u00e1. Vinculado ao Programa de P\u00f3s-Gradua\u00e7\u00e3o em Enfermagem da Universidade Federal do Paran\u00e1 (UFPR), o GMPI \u00e9 liderado pela Professora Dra. Maria Helena Lenardt e possui membros pesquisadores, estudantes e t\u00e9cnicos do<br \/> <a href=\"https:\/\/saude.ufpr.br\/gmpi\/sobre-nos\/\" class=\"button success small readmore\">Leia mais<\/a><\/p>\n","protected":false},"author":1615,"featured_media":0,"parent":0,"menu_order":0,"comment_status":"closed","ping_status":"closed","template":"","meta":{"_acf_changed":false,"_uag_custom_page_level_css":"","footnotes":""},"class_list":["post-1637","page","type-page","status-publish","hentry"],"acf":[],"featured_image_src":null,"uagb_featured_image_src":{"full":false,"thumbnail":false,"medium":false,"medium_large":false,"large":false,"1536x1536":false,"2048x2048":false,"noticias-thumb":false,"banners-thumb":false,"maisnoticias-thumb":false,"post-thumbnail":false},"uagb_author_info":{"display_name":"Guilherme","author_link":"https:\/\/saude.ufpr.br\/gmpi\/author\/guilhermematos\/"},"uagb_comment_info":0,"uagb_excerpt":"O Grupo Multiprofissional de Pesquisa sobre Idosos (GMPI) \u00e9 o primeiro grupo de estudos sobre o envelhecimento, certificado pelo CNPq, no estado do Paran\u00e1. Vinculado ao Programa de P\u00f3s-Gradua\u00e7\u00e3o em Enfermagem da Universidade Federal do Paran\u00e1 (UFPR), o GMPI \u00e9 liderado pela Professora Dra. Maria Helena Lenardt e possui membros pesquisadores, estudantes e t\u00e9cnicos do&hellip;","publishpress_future_action":{"enabled":false,"date":"2026-04-11 06:51:17","action":"change-status","newStatus":"draft","terms":[],"taxonomy":"","extraData":[]},"publishpress_future_workflow_manual_trigger":{"enabledWorkflows":[]},"_links":{"self":[{"href":"https:\/\/saude.ufpr.br\/gmpi\/wp-json\/wp\/v2\/pages\/1637","targetHints":{"allow":["GET"]}}],"collection":[{"href":"https:\/\/saude.ufpr.br\/gmpi\/wp-json\/wp\/v2\/pages"}],"about":[{"href":"https:\/\/saude.ufpr.br\/gmpi\/wp-json\/wp\/v2\/types\/page"}],"author":[{"embeddable":true,"href":"https:\/\/saude.ufpr.br\/gmpi\/wp-json\/wp\/v2\/users\/1615"}],"replies":[{"embeddable":true,"href":"https:\/\/saude.ufpr.br\/gmpi\/wp-json\/wp\/v2\/comments?post=1637"}],"version-history":[{"count":1,"href":"https:\/\/saude.ufpr.br\/gmpi\/wp-json\/wp\/v2\/pages\/1637\/revisions"}],"predecessor-version":[{"id":1735,"href":"https:\/\/saude.ufpr.br\/gmpi\/wp-json\/wp\/v2\/pages\/1637\/revisions\/1735"}],"wp:attachment":[{"href":"https:\/\/saude.ufpr.br\/gmpi\/wp-json\/wp\/v2\/media?parent=1637"}],"curies":[{"name":"wp","href":"https:\/\/api.w.org\/{rel}","templated":true}]}}