{"id":1064,"date":"2018-04-03T19:38:46","date_gmt":"2018-04-03T19:38:46","guid":{"rendered":"https:\/\/saude.ufpr.br\/informatica\/?page_id=1064"},"modified":"2025-02-26T15:02:53","modified_gmt":"2025-02-26T18:02:53","slug":"agenda-laboratorios","status":"publish","type":"page","link":"https:\/\/saude.ufpr.br\/informatica\/agenda-laboratorios\/","title":{"rendered":"Agenda dos Laborat\u00f3rios"},"content":{"rendered":"<p><span style=\"color: #000000;\"><b style=\"color: #000000;\">As agendas dos laborat\u00f3rios, Sede Bloco <\/b><b>Did\u00e1tico<\/b><b style=\"color: #000000;\">\u00a0II,\u00a0 Sede Bot\u00e2nico, Sede Centro &#8211; LAB SD-03, podem ser visualizadas pelos links.<\/b><\/span><\/p>\n<ul>\n<li><a id=\"calendar-link\" href=\"https:\/\/outlook.office365.com\/owa\/calendar\/bd0c24ffb94b4786b6c9c56073ee9df4@ufpr.br\/4c73a8fb32af45c79af268622ae346dd12103378667439629423\/calendar.html\" target=\"_blank\" rel=\"noopener\"><strong>Sede Bloco Did\u00e1tico II<\/strong><\/a><\/li>\n<li><a id=\"calendar-link\" href=\"https:\/\/outlook.office365.com\/owa\/calendar\/bd0c24ffb94b4786b6c9c56073ee9df4@ufpr.br\/5d436767fbbc4cf2a273fe2bafb57c5d2601598027972252787\/calendar.html\" target=\"_blank\" rel=\"noopener\"><strong>Sede Bot\u00e2nico<\/strong><\/a><\/li>\n<li><a id=\"calendar-link\" href=\"https:\/\/outlook.office365.com\/owa\/calendar\/bd0c24ffb94b4786b6c9c56073ee9df4@ufpr.br\/ef2d6d4b1182482d8623e5369fdf80647211192679776364923\/calendar.html\" target=\"_blank\" rel=\"noopener\"><strong>Sede Centro &#8211; LAB 01 &#8211; t\u00e9rreo<\/strong><\/a><\/li>\n<li><a id=\"calendar-link-sede-centro-lab-03\" href=\"https:\/\/outlook.office365.com\/owa\/calendar\/bd0c24ffb94b4786b6c9c56073ee9df4@ufpr.br\/a04614494f8b4171b1b348b9cd0d7a1813027111260700344000\/calendar.html\" target=\"_blank\" rel=\"noopener\"><strong>Sede Centro &#8211; LAB 03 &#8211; t\u00e9rreo<\/strong><\/a><\/li>\n<\/ul>\n","protected":false},"excerpt":{"rendered":"<p>As agendas dos laborat\u00f3rios, Sede Bloco Did\u00e1tico\u00a0II,\u00a0 Sede Bot\u00e2nico, Sede Centro &#8211; LAB SD-03, podem ser visualizadas pelos links. Sede Bloco Did\u00e1tico II Sede Bot\u00e2nico Sede Centro &#8211; LAB 01 &#8211; t\u00e9rreo Sede Centro &#8211; LAB 03 &#8211; t\u00e9rreo<\/p>\n","protected":false},"author":1615,"featured_media":0,"parent":0,"menu_order":0,"comment_status":"closed","ping_status":"closed","template":"","meta":{"_acf_changed":false,"_uag_custom_page_level_css":"","footnotes":""},"class_list":["post-1064","page","type-page","status-publish","hentry"],"acf":[],"featured_image_src":null,"uagb_featured_image_src":{"full":false,"thumbnail":false,"medium":false,"medium_large":false,"large":false,"1536x1536":false,"2048x2048":false,"noticias-thumb":false,"banners-thumb":false,"maisnoticias-thumb":false,"post-thumbnail":false},"uagb_author_info":{"display_name":"Guilherme","author_link":"https:\/\/saude.ufpr.br\/informatica\/author\/guilhermematos\/"},"uagb_comment_info":0,"uagb_excerpt":"As agendas dos laborat\u00f3rios, Sede Bloco Did\u00e1tico\u00a0II,\u00a0 Sede Bot\u00e2nico, Sede Centro &#8211; LAB SD-03, podem ser visualizadas pelos links. Sede Bloco Did\u00e1tico II Sede Bot\u00e2nico Sede Centro &#8211; LAB 01 &#8211; t\u00e9rreo Sede Centro &#8211; LAB 03 &#8211; t\u00e9rreo","publishpress_future_action":{"enabled":false,"date":"2026-04-25 06:54:24","action":"change-status","newStatus":"draft","terms":[],"taxonomy":"","extraData":[]},"publishpress_future_workflow_manual_trigger":{"enabledWorkflows":[]},"_links":{"self":[{"href":"https:\/\/saude.ufpr.br\/informatica\/wp-json\/wp\/v2\/pages\/1064","targetHints":{"allow":["GET"]}}],"collection":[{"href":"https:\/\/saude.ufpr.br\/informatica\/wp-json\/wp\/v2\/pages"}],"about":[{"href":"https:\/\/saude.ufpr.br\/informatica\/wp-json\/wp\/v2\/types\/page"}],"author":[{"embeddable":true,"href":"https:\/\/saude.ufpr.br\/informatica\/wp-json\/wp\/v2\/users\/1615"}],"replies":[{"embeddable":true,"href":"https:\/\/saude.ufpr.br\/informatica\/wp-json\/wp\/v2\/comments?post=1064"}],"version-history":[{"count":16,"href":"https:\/\/saude.ufpr.br\/informatica\/wp-json\/wp\/v2\/pages\/1064\/revisions"}],"predecessor-version":[{"id":1389,"href":"https:\/\/saude.ufpr.br\/informatica\/wp-json\/wp\/v2\/pages\/1064\/revisions\/1389"}],"wp:attachment":[{"href":"https:\/\/saude.ufpr.br\/informatica\/wp-json\/wp\/v2\/media?parent=1064"}],"curies":[{"name":"wp","href":"https:\/\/api.w.org\/{rel}","templated":true}]}}