{"id":1068,"date":"2018-04-03T19:40:46","date_gmt":"2018-04-03T19:40:46","guid":{"rendered":"https:\/\/saude.ufpr.br\/informatica\/?page_id=1068"},"modified":"2024-03-19T10:03:07","modified_gmt":"2024-03-19T13:03:07","slug":"reserva-laboratorios","status":"publish","type":"page","link":"https:\/\/saude.ufpr.br\/informatica\/reserva-laboratorios\/","title":{"rendered":"Reserva dos Laborat\u00f3rios"},"content":{"rendered":"<ul>\n<li style=\"text-align: left;\"><a href=\"https:\/\/saude.ufpr.br\/informatica\/laboratorio-bloco-didatico-ii\/\" target=\"_blank\" rel=\"noopener\">Bloco Did\u00e1tico II para os cursos de Enfermagem e Terapia Ocupacional, localizado no Campus Bot\u00e2nico, com capacidade para 15 lugares (15 computadores para alunos).<\/a><\/li>\n<li style=\"text-align: left;\"><a href=\"https:\/\/saude.ufpr.br\/informatica\/laboratorio-de-informatica-botanico\/\" target=\"_blank\" rel=\"noopener\">Campus Bot\u00e2nico para os cursos de Nutri\u00e7\u00e3o, Farm\u00e1cia e Odontologia.<\/a><\/li>\n<li style=\"text-align: left;\"><a href=\"https:\/\/saude.ufpr.br\/informatica\/laboratorio-sd-01-saude-centro\/\" target=\"_blank\" rel=\"noopener\">Campus Centro-SD-01, localizado em frente \u00e0 cantina, com capacidade para 19 lugares (19 computadores para alunos).<\/a><\/li>\n<li style=\"text-align: left;\"><a href=\"https:\/\/saude.ufpr.br\/informatica\/laboratorio-sd-03-saude-centro\/\" target=\"_blank\" rel=\"noopener\">Campus Centro &#8211; SD-03, localizado nos fundos do estacionamento, com capacidade para 20 lugares (20 computadores para alunos).<\/a><\/li>\n<\/ul>\n<p>&nbsp;<\/p>\n<p>&nbsp;<\/p>\n","protected":false},"excerpt":{"rendered":"<p>Bloco Did\u00e1tico II para os cursos de Enfermagem e Terapia Ocupacional, localizado no Campus Bot\u00e2nico, com capacidade para 15 lugares (15 computadores para alunos). Campus Bot\u00e2nico para os cursos de Nutri\u00e7\u00e3o, Farm\u00e1cia e Odontologia. Campus Centro-SD-01, localizado em frente \u00e0 cantina, com capacidade para 19 lugares (19 computadores para alunos). Campus Centro &#8211; SD-03, localizado<br \/> <a href=\"https:\/\/saude.ufpr.br\/informatica\/reserva-laboratorios\/\" class=\"button success small readmore\">Leia mais<\/a><\/p>\n","protected":false},"author":1615,"featured_media":0,"parent":0,"menu_order":0,"comment_status":"closed","ping_status":"closed","template":"","meta":{"_acf_changed":false,"_uag_custom_page_level_css":"","footnotes":""},"class_list":["post-1068","page","type-page","status-publish","hentry"],"acf":[],"featured_image_src":null,"uagb_featured_image_src":{"full":false,"thumbnail":false,"medium":false,"medium_large":false,"large":false,"1536x1536":false,"2048x2048":false,"noticias-thumb":false,"banners-thumb":false,"maisnoticias-thumb":false,"post-thumbnail":false},"uagb_author_info":{"display_name":"Guilherme","author_link":"https:\/\/saude.ufpr.br\/informatica\/author\/guilhermematos\/"},"uagb_comment_info":0,"uagb_excerpt":"Bloco Did\u00e1tico II para os cursos de Enfermagem e Terapia Ocupacional, localizado no Campus Bot\u00e2nico, com capacidade para 15 lugares (15 computadores para alunos). Campus Bot\u00e2nico para os cursos de Nutri\u00e7\u00e3o, Farm\u00e1cia e Odontologia. Campus Centro-SD-01, localizado em frente \u00e0 cantina, com capacidade para 19 lugares (19 computadores para alunos). Campus Centro &#8211; SD-03, localizado&hellip;","publishpress_future_action":{"enabled":false,"date":"2026-04-12 22:06:22","action":"change-status","newStatus":"draft","terms":[],"taxonomy":"","extraData":[]},"publishpress_future_workflow_manual_trigger":{"enabledWorkflows":[]},"_links":{"self":[{"href":"https:\/\/saude.ufpr.br\/informatica\/wp-json\/wp\/v2\/pages\/1068","targetHints":{"allow":["GET"]}}],"collection":[{"href":"https:\/\/saude.ufpr.br\/informatica\/wp-json\/wp\/v2\/pages"}],"about":[{"href":"https:\/\/saude.ufpr.br\/informatica\/wp-json\/wp\/v2\/types\/page"}],"author":[{"embeddable":true,"href":"https:\/\/saude.ufpr.br\/informatica\/wp-json\/wp\/v2\/users\/1615"}],"replies":[{"embeddable":true,"href":"https:\/\/saude.ufpr.br\/informatica\/wp-json\/wp\/v2\/comments?post=1068"}],"version-history":[{"count":23,"href":"https:\/\/saude.ufpr.br\/informatica\/wp-json\/wp\/v2\/pages\/1068\/revisions"}],"predecessor-version":[{"id":1285,"href":"https:\/\/saude.ufpr.br\/informatica\/wp-json\/wp\/v2\/pages\/1068\/revisions\/1285"}],"wp:attachment":[{"href":"https:\/\/saude.ufpr.br\/informatica\/wp-json\/wp\/v2\/media?parent=1068"}],"curies":[{"name":"wp","href":"https:\/\/api.w.org\/{rel}","templated":true}]}}