{"id":1242,"date":"2020-07-03T15:10:49","date_gmt":"2020-07-03T18:10:49","guid":{"rendered":"https:\/\/saude.ufpr.br\/informatica\/?page_id=1242"},"modified":"2020-07-03T16:52:04","modified_gmt":"2020-07-03T19:52:04","slug":"tutoriais-pandemia","status":"publish","type":"page","link":"https:\/\/saude.ufpr.br\/informatica\/tutoriais-pandemia\/","title":{"rendered":"Tutoriais &#8211; Pandemia"},"content":{"rendered":"<p>Na situa\u00e7\u00e3o em que vivemos atualmente muitas ferramentas da tecnologia se mostram \u00fateis e necess\u00e1rias no dia a dia da UFPR.<\/p>\n<p>Acesse abaixo os tutoriais dos aplicativos usados atualmente pela Universidade nas mais diversas atividades correntes:<\/p>\n<p><img fetchpriority=\"high\" decoding=\"async\" class=\"size-full wp-image-1264 aligncenter\" src=\"https:\/\/saude.ufpr.br\/informatica\/wp-content\/uploads\/sites\/43\/2020\/07\/\u00edndice.png\" alt=\"\" width=\"224\" height=\"224\" srcset=\"https:\/\/saude.ufpr.br\/informatica\/wp-content\/uploads\/sites\/43\/2020\/07\/\u00edndice.png 224w, https:\/\/saude.ufpr.br\/informatica\/wp-content\/uploads\/sites\/43\/2020\/07\/\u00edndice-150x150.png 150w\" sizes=\"(max-width: 224px) 100vw, 224px\" \/><\/p>\n<p><strong>Microsoft 365<\/strong> (<a href=\"https:\/\/www.office.com\"><em>https:\/\/<\/em><em>www.office.com<\/em><\/a>)<br \/>\nA UFPR testou os servi\u00e7os da Microsoft pela Ag\u00eancia de Tecnologia da Informa\u00e7\u00e3o e Comunica\u00e7\u00e3o \u2013 AGTIC\/UFPR desde o ano anterior, colocando a plataforma em seguida como principal ferramenta para a comunidade acad\u00eamica.<br \/>\nA aplica\u00e7\u00f5es possuem vasta documenta\u00e7\u00e3o e \u00e9 de simples opera\u00e7\u00e3o, estando dispon\u00edvel para toda a comuidade acad\u00eamica atrav\u00e9s dos e-mails @ufpr.br.<\/p>\n<ul>\n<li><a href=\"https:\/\/www.agtic.ufpr.br\/office365\/perguntas-e-respostas\/\">Perguntas e respostas<\/a> (<em>por AGTIC<\/em>);<\/li>\n<li><a href=\"https:\/\/support.office.com\/pt-br\/office-training-center\">Centro de Treinamento do Microsoft 365<\/a> (<em>por Microsoft, conte\u00fado oficial<\/em>)<br \/>\nOferece <strong>treinamento em v\u00eddeo<\/strong> para todas as aplica\u00e7\u00f5es dispon\u00edveis na plataforma;<\/li>\n<li><a href=\"https:\/\/saude.ufpr.br\/informatica\/wp-content\/uploads\/sites\/43\/2020\/07\/TeamsforEducation_QuickGuide.pdf\">Microsoft Teams para Educa\u00e7\u00e3o<\/a> (por Microsoft, conte\u00fado oficial)<br \/>\nGuia de in\u00edcio r\u00e1pido, com 18 p\u00e1ginas de conte\u00fado);<\/li>\n<li><a href=\"https:\/\/www.agtic.ufpr.br\/wp-content\/uploads\/2020\/03\/guia-teams-1.pdf\">Guia r\u00e1pido para uso do Teams<\/a> (por AGTIC)<br \/>\nConte\u00fado personalizado pela AGTIC, com 14 p\u00e1ginas de conte\u00fado);<\/li>\n<li><a href=\"https:\/\/www.agtic.ufpr.br\/office365\/como-obter-suporte-ao-office-365\/\">Como obter suporte do Microsoft 365<\/a> (<em>por AGTIC<\/em>).<\/li>\n<\/ul>\n<p>&nbsp;<\/p>\n<p><img decoding=\"async\" class=\"size-medium wp-image-1258 aligncenter\" src=\"https:\/\/saude.ufpr.br\/informatica\/wp-content\/uploads\/sites\/43\/2020\/07\/jitsi-logo-blue-grey-text-300x159.png\" alt=\"\" width=\"300\" height=\"159\" srcset=\"https:\/\/saude.ufpr.br\/informatica\/wp-content\/uploads\/sites\/43\/2020\/07\/jitsi-logo-blue-grey-text-300x159.png 300w, https:\/\/saude.ufpr.br\/informatica\/wp-content\/uploads\/sites\/43\/2020\/07\/jitsi-logo-blue-grey-text-1024x542.png 1024w, https:\/\/saude.ufpr.br\/informatica\/wp-content\/uploads\/sites\/43\/2020\/07\/jitsi-logo-blue-grey-text-768x406.png 768w, https:\/\/saude.ufpr.br\/informatica\/wp-content\/uploads\/sites\/43\/2020\/07\/jitsi-logo-blue-grey-text.png 1125w\" sizes=\"(max-width: 300px) 100vw, 300px\" \/><\/p>\n<p><strong>Jitsi Meet<\/strong> (<a href=\"https:\/\/meet.jit.si\/\"><em>https:\/\/meet.jit.si\/<\/em><\/a>)<\/p>\n<p>Aplica\u00e7\u00e3o Open Source utilizada para videoconfer\u00eancias, n\u00e3o sendo necess\u00e1ria a instala\u00e7\u00e3o de app para uso em equipamentos (computadores ou dispositivos mobile).<\/p>\n<ul>\n<li><a href=\"https:\/\/www.youtube.com\/watch?v=4OVQBy_dQNY&amp;t=3s\">Clique aqui<\/a> e aprenda a us\u00e1-lo em apenas 5 minutos (<em>Criado especificamente para o Setor de Ci\u00eancias da Sa\u00fade UFPR<\/em>)<br \/>\n<strong>Conte\u00fado em V\u00eddeo<\/strong>;<\/li>\n<li><a href=\"https:\/\/saude.ufpr.br\/informatica\/wp-content\/uploads\/sites\/43\/2020\/07\/Tutorial-jitsimeet.pdf\">Guia r\u00e1pido em PDF em 4 p\u00e1ginas<\/a> (<em>por Se\u00e7\u00e3o de Inform\u00e1tica SD<\/em>);<\/li>\n<li><a href=\"https:\/\/www.youtube.com\/watch?v=EqGyy5VBLS0\">Tutorial com simula\u00e7\u00e3o de uma videoconfer\u00eancia entre 2 pessoas<\/a> (por SEaD UFSCar)<br \/>\n<em>Os participantes criam uma sala de confer\u00eancia, inserem senha para a entrada de convidados, compartilham a tela, gravam a reuni\u00e3o via Dropbox e mostram outras op\u00e7\u00f5es da aplica\u00e7\u00e3o;<\/em><\/li>\n<li><a href=\"https:\/\/www.techtudo.com.br\/dicas-e-tutoriais\/2020\/05\/como-funciona-o-jitsi-meet-saiba-fazer-videochamadas-online-no-pc.ghtml\">Tutorial via web<\/a> (<em>por portal TechTudo<\/em>).<\/li>\n<\/ul>\n<p>&nbsp;<\/p>\n<p><img decoding=\"async\" class=\" wp-image-1257 aligncenter\" src=\"https:\/\/saude.ufpr.br\/informatica\/wp-content\/uploads\/sites\/43\/2020\/07\/logo-300x195.png\" alt=\"\" width=\"228\" height=\"148\" srcset=\"https:\/\/saude.ufpr.br\/informatica\/wp-content\/uploads\/sites\/43\/2020\/07\/logo-300x195.png 300w, https:\/\/saude.ufpr.br\/informatica\/wp-content\/uploads\/sites\/43\/2020\/07\/logo-1024x665.png 1024w, https:\/\/saude.ufpr.br\/informatica\/wp-content\/uploads\/sites\/43\/2020\/07\/logo-768x499.png 768w, https:\/\/saude.ufpr.br\/informatica\/wp-content\/uploads\/sites\/43\/2020\/07\/logo-1536x997.png 1536w, https:\/\/saude.ufpr.br\/informatica\/wp-content\/uploads\/sites\/43\/2020\/07\/logo-2048x1329.png 2048w\" sizes=\"(max-width: 228px) 100vw, 228px\" \/><\/p>\n<p><strong>UFPR Virtual<\/strong> (<em>https:\/\/ufprvirtual.ufpr.br\/<\/em>)<br \/>\nA Coordenadoria de Integra\u00e7\u00e3o de Pol\u00edticas de Educa\u00e7\u00e3o a Dist\u00e2ncia &#8211; CIPEAD deselvenveu o AVA &#8211; Ambiente Virtual de Apreendizado a fim de atender cursos EaD e h\u00edbridos no \u00e2mbito da UFPR.<\/p>\n<ul>\n<li><a href=\"http:\/\/www.cipead.ufpr.br1\/index.php\/cipead\/periodo-especial-ufpr\/plataformas-de-ensino-online\/\">Plataformas de Ensino Online<\/a> (<em>por CIPEAD<\/em>);<\/li>\n<li><a href=\"https:\/\/ufprvirtual.ufpr.br\/mod\/mediagallery\/view.php?g=3\">Tutoriais Acad\u00eamico-Administrativos<\/a> (<em>por CIPEAD<\/em>)<br \/>\n<strong>Em v\u00eddeo<\/strong>;<\/li>\n<li><a href=\"https:\/\/ufprvirtual.ufpr.br\/mod\/mediagallery\/view.php?id=60441\">Tutoriais Pedag\u00f3gicos<\/a> (<em>por CIPEAD<\/em>)<br \/>\n<strong>Em v\u00eddeo<\/strong>;<\/li>\n<li><a href=\"https:\/\/ufprvirtual.ufpr.br\/pluginfile.php\/132278\/mod_resource\/content\/1\/H5P.pdf\">Como produzir materiais did\u00e1ticos para sua sala de aula virtual usando o H5P<\/a> (<em>por CIPEAD<\/em>)<br \/>\n<em>O H5P disponibiliza um conjunto de recursos para a cria\u00e7\u00e3o de conte\u00fados interativos. Cada um deles oferece formas diferentes de intera\u00e7\u00e3o com os materiais de aprendizagem de cursos de Educa\u00e7\u00e3o a Dist\u00e2ncia (EaD).<\/em><br \/>\n<em>IMPORTANTE: Tal ferramenta \u2013 o H5P \u2013 j\u00e1 est\u00e1 instalada na UFPR Virtual (no ambiente virtual). Voc\u00ea pode acess\u00e1-la ativando a edi\u00e7\u00e3o da p\u00e1gina, no \u00edcone inserir recursos ou atividades<\/em>.<\/li>\n<\/ul>\n","protected":false},"excerpt":{"rendered":"<p>Na situa\u00e7\u00e3o em que vivemos atualmente muitas ferramentas da tecnologia se mostram \u00fateis e necess\u00e1rias no dia a dia da UFPR. Acesse abaixo os tutoriais dos aplicativos usados atualmente pela Universidade nas mais diversas atividades correntes: Microsoft 365 (https:\/\/www.office.com) A UFPR testou os servi\u00e7os da Microsoft pela Ag\u00eancia de Tecnologia da Informa\u00e7\u00e3o e Comunica\u00e7\u00e3o \u2013<br \/> <a href=\"https:\/\/saude.ufpr.br\/informatica\/tutoriais-pandemia\/\" class=\"button success small readmore\">Leia mais<\/a><\/p>\n","protected":false},"author":17,"featured_media":0,"parent":0,"menu_order":0,"comment_status":"closed","ping_status":"closed","template":"","meta":{"_acf_changed":false,"_uag_custom_page_level_css":"","footnotes":""},"class_list":["post-1242","page","type-page","status-publish","hentry"],"acf":[],"featured_image_src":null,"uagb_featured_image_src":{"full":false,"thumbnail":false,"medium":false,"medium_large":false,"large":false,"1536x1536":false,"2048x2048":false,"noticias-thumb":false,"banners-thumb":false,"maisnoticias-thumb":false,"post-thumbnail":false},"uagb_author_info":{"display_name":"juarez","author_link":"https:\/\/saude.ufpr.br\/informatica\/author\/juarez\/"},"uagb_comment_info":0,"uagb_excerpt":"Na situa\u00e7\u00e3o em que vivemos atualmente muitas ferramentas da tecnologia se mostram \u00fateis e necess\u00e1rias no dia a dia da UFPR. Acesse abaixo os tutoriais dos aplicativos usados atualmente pela Universidade nas mais diversas atividades correntes: Microsoft 365 (https:\/\/www.office.com) A UFPR testou os servi\u00e7os da Microsoft pela Ag\u00eancia de Tecnologia da Informa\u00e7\u00e3o e Comunica\u00e7\u00e3o \u2013&hellip;","publishpress_future_action":{"enabled":false,"date":"2026-04-10 15:53:03","action":"change-status","newStatus":"draft","terms":[],"taxonomy":"","extraData":[]},"publishpress_future_workflow_manual_trigger":{"enabledWorkflows":[]},"_links":{"self":[{"href":"https:\/\/saude.ufpr.br\/informatica\/wp-json\/wp\/v2\/pages\/1242","targetHints":{"allow":["GET"]}}],"collection":[{"href":"https:\/\/saude.ufpr.br\/informatica\/wp-json\/wp\/v2\/pages"}],"about":[{"href":"https:\/\/saude.ufpr.br\/informatica\/wp-json\/wp\/v2\/types\/page"}],"author":[{"embeddable":true,"href":"https:\/\/saude.ufpr.br\/informatica\/wp-json\/wp\/v2\/users\/17"}],"replies":[{"embeddable":true,"href":"https:\/\/saude.ufpr.br\/informatica\/wp-json\/wp\/v2\/comments?post=1242"}],"version-history":[{"count":19,"href":"https:\/\/saude.ufpr.br\/informatica\/wp-json\/wp\/v2\/pages\/1242\/revisions"}],"predecessor-version":[{"id":1271,"href":"https:\/\/saude.ufpr.br\/informatica\/wp-json\/wp\/v2\/pages\/1242\/revisions\/1271"}],"wp:attachment":[{"href":"https:\/\/saude.ufpr.br\/informatica\/wp-json\/wp\/v2\/media?parent=1242"}],"curies":[{"name":"wp","href":"https:\/\/api.w.org\/{rel}","templated":true}]}}