{"id":1317,"date":"2021-10-27T09:34:09","date_gmt":"2021-10-27T12:34:09","guid":{"rendered":"https:\/\/saude.ufpr.br\/informatica\/?page_id=1317"},"modified":"2021-10-27T10:02:57","modified_gmt":"2021-10-27T13:02:57","slug":"laboratorio-bloco-didatico-ii","status":"publish","type":"page","link":"https:\/\/saude.ufpr.br\/informatica\/laboratorio-bloco-didatico-ii\/","title":{"rendered":"Laborat\u00f3rio Bloco Did\u00e1tico II"},"content":{"rendered":"\n<div class=\"wpcf7 no-js\" id=\"wpcf7-f1326-o1\" lang=\"pt-BR\" dir=\"ltr\" data-wpcf7-id=\"1326\">\n<div class=\"screen-reader-response\"><p role=\"status\" aria-live=\"polite\" aria-atomic=\"true\"><\/p> <ul><\/ul><\/div>\n<form action=\"\/informatica\/wp-json\/wp\/v2\/pages\/1317#wpcf7-f1326-o1\" method=\"post\" class=\"wpcf7-form init\" aria-label=\"Formul\u00e1rios de contato\" novalidate=\"novalidate\" data-status=\"init\">\n<fieldset class=\"hidden-fields-container\"><input type=\"hidden\" name=\"_wpcf7\" value=\"1326\" \/><input type=\"hidden\" name=\"_wpcf7_version\" value=\"6.1.5\" \/><input type=\"hidden\" name=\"_wpcf7_locale\" value=\"pt_BR\" \/><input type=\"hidden\" name=\"_wpcf7_unit_tag\" value=\"wpcf7-f1326-o1\" \/><input type=\"hidden\" name=\"_wpcf7_container_post\" value=\"0\" \/><input type=\"hidden\" name=\"_wpcf7_posted_data_hash\" value=\"\" \/>\n<\/fieldset>\n<p>Solicitamos a reserva do Laborat\u00f3rio de Inform\u00e1tica - Bloco Did\u00e1tico II do Setor de Ci\u00eancias da Sa\u00fade - Sede Bot\u00e2nico, conforme determina a Portaria UFPR n\u00ba 836 de 19 de outubro de 2021 - Anexo II e <b>comprometemo-nos a respeitar as determina\u00e7\u00f5es a seguir:<\/b>\n<\/p>\n<p>1. A capacidade m\u00e1xima do laborat\u00f3rio \u00e9 de <b> 8 lugares <\/b> e a <b><i>reserva s\u00f3 poder\u00e1 ser solicitada dentro do hor\u00e1rio das 8 \u00e0s 12h e das 13 \u00e0s 17h<\/i><\/b>.<br \/>\n<b><i>Obs: caso o professor necessite usar o projetor multim\u00eddia a capacidade ser\u00e1 reduzida para 7 alunos.<\/i><\/b><br \/>\n2. Para a instala\u00e7\u00e3o de softwares n\u00e3o-padr\u00e3o nos laborat\u00f3rios, <b>dever\u00e1 ser consultada a viabilidade da instala\u00e7\u00e3o em 72 horas antes do uso;<\/b><br \/>\n3. A reserva s\u00f3 ser\u00e1 efetivada se houver hor\u00e1rio compat\u00edvel com o requerimento e o <b>formul\u00e1rio enviado pelos menos 48 horas antes da data requerida.<\/b>\n<\/p>\n<p><label> Nome da disciplina (obrigat\u00f3rio)<br \/>\n<span class=\"wpcf7-form-control-wrap\" data-name=\"nome\"><input size=\"40\" maxlength=\"400\" class=\"wpcf7-form-control wpcf7-text wpcf7-validates-as-required\" aria-required=\"true\" aria-invalid=\"false\" value=\"\" type=\"text\" name=\"nome\" \/><\/span> <\/label>\n<\/p>\n<p><label> Nome do Curso (obrigat\u00f3rio)<br \/>\n<span class=\"wpcf7-form-control-wrap\" data-name=\"curso\"><input size=\"40\" maxlength=\"400\" class=\"wpcf7-form-control wpcf7-text wpcf7-validates-as-required\" aria-required=\"true\" aria-invalid=\"false\" value=\"\" type=\"text\" name=\"curso\" \/><\/span> <\/label>\n<\/p>\n<p><label> Docente respons\u00e1vel (obrigat\u00f3rio)<br \/>\n<span class=\"wpcf7-form-control-wrap\" data-name=\"docente\"><input size=\"40\" maxlength=\"400\" class=\"wpcf7-form-control wpcf7-text wpcf7-validates-as-required\" aria-required=\"true\" aria-invalid=\"false\" value=\"\" type=\"text\" name=\"docente\" \/><\/span> <\/label>\n<\/p>\n<p><label> E-mail (obrigat\u00f3rio)<br \/>\n<span class=\"wpcf7-form-control-wrap\" data-name=\"email\"><input size=\"40\" maxlength=\"400\" class=\"wpcf7-form-control wpcf7-email wpcf7-validates-as-required wpcf7-text wpcf7-validates-as-email\" aria-required=\"true\" aria-invalid=\"false\" value=\"\" type=\"email\" name=\"email\" \/><\/span> <\/label>\n<\/p>\n<p><label> Telefone:<br \/>\n<span class=\"wpcf7-form-control-wrap\" data-name=\"tel-878\"><input size=\"40\" maxlength=\"400\" class=\"wpcf7-form-control wpcf7-tel wpcf7-validates-as-required wpcf7-text wpcf7-validates-as-tel\" aria-required=\"true\" aria-invalid=\"false\" value=\"\" type=\"tel\" name=\"tel-878\" \/><\/span> <\/label>\n<\/p>\n<p>Informe a(s) data(s) e hor\u00e1rio(s) (de in\u00edcio e t\u00e9rmino):<br \/>\n<label> <span class=\"wpcf7-form-control-wrap\" data-name=\"textarea-130\"><textarea cols=\"40\" rows=\"10\" maxlength=\"2000\" class=\"wpcf7-form-control wpcf7-textarea wpcf7-validates-as-required\" aria-required=\"true\" aria-invalid=\"false\" name=\"textarea-130\"><\/textarea><\/span><br \/>\n<\/label>\n<\/p>\n<p>OBSERVA\u00c7\u00c3O (caso haja necessidade de instala\u00e7\u00e3o de software espec\u00edfico, favor informar aqui):<br \/>\n<span class=\"wpcf7-form-control-wrap\" data-name=\"textarea-816\"><textarea cols=\"40\" rows=\"10\" maxlength=\"2000\" class=\"wpcf7-form-control wpcf7-textarea\" aria-invalid=\"false\" name=\"textarea-816\"><\/textarea><\/span>\n<\/p>\n<p><a href=\"https:\/\/saude.ufpr.br\/informatica\/wp-content\/uploads\/sites\/43\/2019\/09\/SEI_UFPR-2099231-Memorando-Circular.pdf\" target=\"_blank\">Normas de uso dos Laborat\u00f3rios de Inform\u00e1tica<\/a><br \/>\n<span class=\"wpcf7-form-control-wrap\" data-name=\"declaro-155\"><span class=\"wpcf7-form-control wpcf7-checkbox wpcf7-validates-as-required\"><span class=\"wpcf7-list-item first last\"><input type=\"checkbox\" name=\"declaro-155[]\" value=\"Declaro estar ciente das Normas de uso dos Laborat\u00f3rios de Inform\u00e1tica\" \/><span class=\"wpcf7-list-item-label\">Declaro estar ciente das Normas de uso dos Laborat\u00f3rios de Inform\u00e1tica<\/span><\/span><\/span><\/span>\n<\/p>\n<p><input class=\"wpcf7-form-control wpcf7-submit has-spinner\" type=\"submit\" value=\"Enviar\" \/>\n<\/p><div class=\"wpcf7-response-output\" aria-hidden=\"true\"><\/div>\n<\/form>\n<\/div>\n\n","protected":false},"excerpt":{"rendered":"","protected":false},"author":15,"featured_media":0,"parent":0,"menu_order":0,"comment_status":"closed","ping_status":"closed","template":"","meta":{"_acf_changed":false,"_uag_custom_page_level_css":"","footnotes":""},"class_list":["post-1317","page","type-page","status-publish","hentry"],"acf":[],"featured_image_src":null,"uagb_featured_image_src":{"full":false,"thumbnail":false,"medium":false,"medium_large":false,"large":false,"1536x1536":false,"2048x2048":false,"noticias-thumb":false,"banners-thumb":false,"maisnoticias-thumb":false,"post-thumbnail":false},"uagb_author_info":{"display_name":"Andrea Jankoski","author_link":"https:\/\/saude.ufpr.br\/informatica\/author\/andrea\/"},"uagb_comment_info":0,"uagb_excerpt":null,"publishpress_future_action":{"enabled":false,"date":"2026-04-10 19:29:40","action":"change-status","newStatus":"draft","terms":[],"taxonomy":"","extraData":[]},"publishpress_future_workflow_manual_trigger":{"enabledWorkflows":[]},"_links":{"self":[{"href":"https:\/\/saude.ufpr.br\/informatica\/wp-json\/wp\/v2\/pages\/1317","targetHints":{"allow":["GET"]}}],"collection":[{"href":"https:\/\/saude.ufpr.br\/informatica\/wp-json\/wp\/v2\/pages"}],"about":[{"href":"https:\/\/saude.ufpr.br\/informatica\/wp-json\/wp\/v2\/types\/page"}],"author":[{"embeddable":true,"href":"https:\/\/saude.ufpr.br\/informatica\/wp-json\/wp\/v2\/users\/15"}],"replies":[{"embeddable":true,"href":"https:\/\/saude.ufpr.br\/informatica\/wp-json\/wp\/v2\/comments?post=1317"}],"version-history":[{"count":2,"href":"https:\/\/saude.ufpr.br\/informatica\/wp-json\/wp\/v2\/pages\/1317\/revisions"}],"predecessor-version":[{"id":1327,"href":"https:\/\/saude.ufpr.br\/informatica\/wp-json\/wp\/v2\/pages\/1317\/revisions\/1327"}],"wp:attachment":[{"href":"https:\/\/saude.ufpr.br\/informatica\/wp-json\/wp\/v2\/media?parent=1317"}],"curies":[{"name":"wp","href":"https:\/\/api.w.org\/{rel}","templated":true}]}}