{"id":12,"date":"2016-07-13T16:42:45","date_gmt":"2016-07-13T16:42:45","guid":{"rendered":"https:\/\/saude.ufpr.br\/labsim\/?page_id=12"},"modified":"2016-07-19T18:06:09","modified_gmt":"2016-07-19T18:06:09","slug":"sobre-o-labsim","status":"publish","type":"page","link":"https:\/\/saude.ufpr.br\/labsim\/sobre-o-labsim\/","title":{"rendered":"Sobre o LabSim"},"content":{"rendered":"<p>Inaugurado em Maio de 2016, o Laborat\u00f3rio de Habilidades e Simula\u00e7\u00e3o da UFPR objetiva recriar o ambiente m\u00e9dico hospitalar atrav\u00e9s de aulas pr\u00e1ticas.\u00a0Os alunos recebem treinamento em procedimentos e simula\u00e7\u00e3o de situa\u00e7\u00f5es de emerg\u00eancias cl\u00ednicas e cir\u00fargicas.<\/p>\n","protected":false},"excerpt":{"rendered":"<p>Inaugurado em Maio de 2016, o Laborat\u00f3rio de Habilidades e Simula\u00e7\u00e3o da UFPR objetiva recriar o ambiente m\u00e9dico hospitalar atrav\u00e9s de aulas pr\u00e1ticas.\u00a0Os alunos recebem treinamento em procedimentos e simula\u00e7\u00e3o de situa\u00e7\u00f5es de emerg\u00eancias cl\u00ednicas e cir\u00fargicas.<\/p>\n","protected":false},"author":15,"featured_media":0,"parent":0,"menu_order":0,"comment_status":"closed","ping_status":"closed","template":"","meta":{"_acf_changed":false,"_uag_custom_page_level_css":"","footnotes":""},"class_list":["post-12","page","type-page","status-publish","hentry"],"acf":[],"featured_image_src":null,"uagb_featured_image_src":{"full":false,"thumbnail":false,"medium":false,"medium_large":false,"large":false,"1536x1536":false,"2048x2048":false,"noticias-thumb":false,"banners-thumb":false,"maisnoticias-thumb":false,"post-thumbnail":false},"uagb_author_info":{"display_name":"Andrea Jankoski","author_link":"https:\/\/saude.ufpr.br\/labsim\/author\/andrea\/"},"uagb_comment_info":0,"uagb_excerpt":"Inaugurado em Maio de 2016, o Laborat\u00f3rio de Habilidades e Simula\u00e7\u00e3o da UFPR objetiva recriar o ambiente m\u00e9dico hospitalar atrav\u00e9s de aulas pr\u00e1ticas.\u00a0Os alunos recebem treinamento em procedimentos e simula\u00e7\u00e3o de situa\u00e7\u00f5es de emerg\u00eancias cl\u00ednicas e cir\u00fargicas.","publishpress_future_action":{"enabled":false,"date":"2026-05-02 00:47:26","action":"change-status","newStatus":"draft","terms":[],"taxonomy":"","extraData":[]},"publishpress_future_workflow_manual_trigger":{"enabledWorkflows":[]},"_links":{"self":[{"href":"https:\/\/saude.ufpr.br\/labsim\/wp-json\/wp\/v2\/pages\/12","targetHints":{"allow":["GET"]}}],"collection":[{"href":"https:\/\/saude.ufpr.br\/labsim\/wp-json\/wp\/v2\/pages"}],"about":[{"href":"https:\/\/saude.ufpr.br\/labsim\/wp-json\/wp\/v2\/types\/page"}],"author":[{"embeddable":true,"href":"https:\/\/saude.ufpr.br\/labsim\/wp-json\/wp\/v2\/users\/15"}],"replies":[{"embeddable":true,"href":"https:\/\/saude.ufpr.br\/labsim\/wp-json\/wp\/v2\/comments?post=12"}],"version-history":[{"count":4,"href":"https:\/\/saude.ufpr.br\/labsim\/wp-json\/wp\/v2\/pages\/12\/revisions"}],"predecessor-version":[{"id":254,"href":"https:\/\/saude.ufpr.br\/labsim\/wp-json\/wp\/v2\/pages\/12\/revisions\/254"}],"wp:attachment":[{"href":"https:\/\/saude.ufpr.br\/labsim\/wp-json\/wp\/v2\/media?parent=12"}],"curies":[{"name":"wp","href":"https:\/\/api.w.org\/{rel}","templated":true}]}}