{"id":14,"date":"2016-07-13T16:42:58","date_gmt":"2016-07-13T16:42:58","guid":{"rendered":"https:\/\/saude.ufpr.br\/labsim\/?page_id=14"},"modified":"2016-07-20T04:47:54","modified_gmt":"2016-07-20T04:47:54","slug":"normas-do-labsim","status":"publish","type":"page","link":"https:\/\/saude.ufpr.br\/labsim\/normas-do-labsim\/","title":{"rendered":"Normas do LabSim"},"content":{"rendered":"<p>O Laborat\u00f3rio de Habilidades e Simula\u00e7\u00e3o da UFPR objetiva recriar o ambiente m\u00e9dico hospitalar atrav\u00e9s de aulas pr\u00e1ticas, sendo portanto, <strong>obrigat\u00f3rio o uso do jaleco.<\/strong><\/p>\n<p>Objetivando a preserva\u00e7\u00e3o dos equipamentos <strong>\u00e9 obrigat\u00f3rio o uso de luvas<\/strong> (fornecidas pelo Laborat\u00f3rio) e <strong>proibida a entrada com canetas, objetos p\u00e9rfuro-cortantes, alimentos e bebidas.<\/strong><\/p>\n<p>&nbsp;<\/p>\n<p><img fetchpriority=\"high\" decoding=\"async\" class=\"wp-image-269 size-medium aligncenter\" src=\"https:\/\/saude.ufpr.br\/labsim\/wp-content\/uploads\/sites\/23\/2016\/07\/26667522340_634528ac04_o-195x300.jpg\" alt=\"26667522340_634528ac04_o\" width=\"195\" height=\"300\" srcset=\"https:\/\/saude.ufpr.br\/labsim\/wp-content\/uploads\/sites\/23\/2016\/07\/26667522340_634528ac04_o-195x300.jpg 195w, https:\/\/saude.ufpr.br\/labsim\/wp-content\/uploads\/sites\/23\/2016\/07\/26667522340_634528ac04_o-768x1182.jpg 768w, https:\/\/saude.ufpr.br\/labsim\/wp-content\/uploads\/sites\/23\/2016\/07\/26667522340_634528ac04_o-666x1024.jpg 666w, https:\/\/saude.ufpr.br\/labsim\/wp-content\/uploads\/sites\/23\/2016\/07\/26667522340_634528ac04_o.jpg 1125w\" sizes=\"(max-width: 195px) 100vw, 195px\" \/><\/p>\n","protected":false},"excerpt":{"rendered":"<p>O Laborat\u00f3rio de Habilidades e Simula\u00e7\u00e3o da UFPR objetiva recriar o ambiente m\u00e9dico hospitalar atrav\u00e9s de aulas pr\u00e1ticas, sendo portanto, obrigat\u00f3rio o uso do jaleco. Objetivando a preserva\u00e7\u00e3o dos equipamentos \u00e9 obrigat\u00f3rio o uso de luvas (fornecidas pelo Laborat\u00f3rio) e proibida a entrada com canetas, objetos p\u00e9rfuro-cortantes, alimentos e bebidas. &nbsp;<\/p>\n","protected":false},"author":15,"featured_media":0,"parent":0,"menu_order":0,"comment_status":"closed","ping_status":"closed","template":"","meta":{"_acf_changed":false,"_uag_custom_page_level_css":"","footnotes":""},"class_list":["post-14","page","type-page","status-publish","hentry"],"acf":[],"featured_image_src":null,"uagb_featured_image_src":{"full":false,"thumbnail":false,"medium":false,"medium_large":false,"large":false,"1536x1536":false,"2048x2048":false,"noticias-thumb":false,"banners-thumb":false,"maisnoticias-thumb":false,"post-thumbnail":false},"uagb_author_info":{"display_name":"Andrea Jankoski","author_link":"https:\/\/saude.ufpr.br\/labsim\/author\/andrea\/"},"uagb_comment_info":0,"uagb_excerpt":"O Laborat\u00f3rio de Habilidades e Simula\u00e7\u00e3o da UFPR objetiva recriar o ambiente m\u00e9dico hospitalar atrav\u00e9s de aulas pr\u00e1ticas, sendo portanto, obrigat\u00f3rio o uso do jaleco. Objetivando a preserva\u00e7\u00e3o dos equipamentos \u00e9 obrigat\u00f3rio o uso de luvas (fornecidas pelo Laborat\u00f3rio) e proibida a entrada com canetas, objetos p\u00e9rfuro-cortantes, alimentos e bebidas. &nbsp;","publishpress_future_action":{"enabled":false,"date":"2026-05-01 10:21:24","action":"change-status","newStatus":"draft","terms":[],"taxonomy":"","extraData":[]},"publishpress_future_workflow_manual_trigger":{"enabledWorkflows":[]},"_links":{"self":[{"href":"https:\/\/saude.ufpr.br\/labsim\/wp-json\/wp\/v2\/pages\/14","targetHints":{"allow":["GET"]}}],"collection":[{"href":"https:\/\/saude.ufpr.br\/labsim\/wp-json\/wp\/v2\/pages"}],"about":[{"href":"https:\/\/saude.ufpr.br\/labsim\/wp-json\/wp\/v2\/types\/page"}],"author":[{"embeddable":true,"href":"https:\/\/saude.ufpr.br\/labsim\/wp-json\/wp\/v2\/users\/15"}],"replies":[{"embeddable":true,"href":"https:\/\/saude.ufpr.br\/labsim\/wp-json\/wp\/v2\/comments?post=14"}],"version-history":[{"count":8,"href":"https:\/\/saude.ufpr.br\/labsim\/wp-json\/wp\/v2\/pages\/14\/revisions"}],"predecessor-version":[{"id":282,"href":"https:\/\/saude.ufpr.br\/labsim\/wp-json\/wp\/v2\/pages\/14\/revisions\/282"}],"wp:attachment":[{"href":"https:\/\/saude.ufpr.br\/labsim\/wp-json\/wp\/v2\/media?parent=14"}],"curies":[{"name":"wp","href":"https:\/\/api.w.org\/{rel}","templated":true}]}}