{"id":18,"date":"2016-07-13T16:43:25","date_gmt":"2016-07-13T16:43:25","guid":{"rendered":"https:\/\/saude.ufpr.br\/labsim\/?page_id=18"},"modified":"2016-09-18T00:55:07","modified_gmt":"2016-09-18T00:55:07","slug":"ementa-da-disciplina","status":"publish","type":"page","link":"https:\/\/saude.ufpr.br\/labsim\/ementa-da-disciplina\/","title":{"rendered":"Normas Disciplina TS"},"content":{"rendered":"<ol>\n<li>A disciplina de Treinamento e Simula\u00e7\u00e3o prev\u00ea Estudo \u00e0 Dist\u00e2ncia (EaD) e Aulas Pr\u00e1ticas presenciais.<\/li>\n<li>Sobre as Aulas Pr\u00e1ticas presenciais:\n<ul>\n<li>Dever\u00e3o respeitar as <a href=\"https:\/\/saude.ufpr.br\/labsim\/normas-do-labsim\/\" target=\"_blank\">Normas do Laborat\u00f3rio de Simula\u00e7\u00e3o<\/a><\/li>\n<li>A turmas ser\u00e3o divididas por\u00a0ordem alfab\u00e9tica com no m\u00e1ximo 8 alunos por turma e ser\u00e3o fixas ao longo do bimestre.<\/li>\n<li>N\u00e3o ser\u00e3o permitidas trocas de turma\/aula ou compensa\u00e7\u00e3o de aulas perdidas.<\/li>\n<li>Atrasos ou sa\u00eddas antecipadas (&gt; 15 min) ser\u00e3o considerados faltas.<\/li>\n<li>Alunos com mais de 3 faltas (&gt;25%) estar\u00e3o automaticamente reprovados <em>(obs:\u00a0<span style=\"line-height: 1.5\">a apresenta\u00e7\u00e3o de atestado(s) n\u00e3o abona a(s) falta(s)).<\/span><\/em><\/li>\n<\/ul>\n<\/li>\n<li>Sobre o EaD:\n<ul>\n<li>\u00a0O material did\u00e1tico para EaD (videos, artigos, refer\u00eancias de livros <em>etc<\/em>) estar\u00e1 dispon\u00edvel no <em>website<\/em> do Laborat\u00f3rio e dever\u00e1 ser estudado antes da respectiva aula.\u00a0<em>(Obs: os\u00a0conte\u00fados com\u00a0direitos autorais restritos<\/em><em>\u00a0poder\u00e3o ser acessados pelo portal de peri\u00f3dicos da CAPES &#8211;\u00a0<a title=\"Tutorial acesso via rede CAFe\" href=\"http:\/\/www.portal.ufpr.br\/acesso_capes_CAFe.pdf\" target=\"_blank\">acesso via rede CAFe<\/a>)<\/em><em>.<\/em><\/li>\n<li>A Avalia\u00e7\u00e3o de EaD ser\u00e1 realizada no in\u00edcio de todas as aulas pr\u00e1ticas\u00a0e consiste em quest\u00f5es sobre o material disponibilizado para estudo pr\u00e9vio no <em>website<\/em> do Laborat\u00f3rio.<\/li>\n<li>A m\u00e9dia das notas da Avalia\u00e7\u00e3o de EaD representar\u00e1 20% da Nota Final da disciplina. Esta m\u00e9dia ser\u00e1 calculada a partir das avalia\u00e7\u00f5es realizadas pelo aluno.<\/li>\n<\/ul>\n<\/li>\n<li>Sobre as Avalia\u00e7\u00f5es Finais:\n<ul>\n<li>A Avalia\u00e7\u00f5es Pr\u00e1tica e Te\u00f3rica finais ser\u00e3o realizadas no mesmo dia.<\/li>\n<li>A prova\u00a0pr\u00e1tica ter\u00e1 como objetivo\u00a0avaliar as habilidades pr\u00e1ticas adquiridas pelo aluno. <em>(Obs: antes da prova\u00a0pr\u00e1tica ser\u00e1 disponibilizado um check-list com os itens que ser\u00e3o avaliados).<\/em><\/li>\n<li>a prova te\u00f3rica ser\u00e1 composta por\u00a0quest\u00f5es dos assuntos abordados em\u00a0todas as aulas do bimestre.<\/li>\n<\/ul>\n<\/li>\n<li>Sobre a Nota Final:\n<ul>\n<li>Nota Final: \u00a060% Avalia\u00e7\u00e3o pr\u00e1tica +\u00a020% Avalia\u00e7\u00e3o te\u00f3rica + 20% Avalia\u00e7\u00e3o de EaD.<\/li>\n<\/ul>\n<\/li>\n<\/ol>\n","protected":false},"excerpt":{"rendered":"<p>A disciplina de Treinamento e Simula\u00e7\u00e3o prev\u00ea Estudo \u00e0 Dist\u00e2ncia (EaD) e Aulas Pr\u00e1ticas presenciais. Sobre as Aulas Pr\u00e1ticas presenciais: Dever\u00e3o respeitar as Normas do Laborat\u00f3rio de Simula\u00e7\u00e3o A turmas ser\u00e3o divididas por\u00a0ordem alfab\u00e9tica com no m\u00e1ximo 8 alunos por turma e ser\u00e3o fixas ao longo do bimestre. N\u00e3o ser\u00e3o permitidas trocas de turma\/aula ou [&hellip;]<\/p>\n","protected":false},"author":15,"featured_media":0,"parent":0,"menu_order":0,"comment_status":"closed","ping_status":"closed","template":"","meta":{"_acf_changed":false,"_uag_custom_page_level_css":"","footnotes":""},"class_list":["post-18","page","type-page","status-publish","hentry"],"acf":[],"featured_image_src":null,"uagb_featured_image_src":{"full":false,"thumbnail":false,"medium":false,"medium_large":false,"large":false,"1536x1536":false,"2048x2048":false,"noticias-thumb":false,"banners-thumb":false,"maisnoticias-thumb":false,"post-thumbnail":false},"uagb_author_info":{"display_name":"Andrea Jankoski","author_link":"https:\/\/saude.ufpr.br\/labsim\/author\/andrea\/"},"uagb_comment_info":0,"uagb_excerpt":"A disciplina de Treinamento e Simula\u00e7\u00e3o prev\u00ea Estudo \u00e0 Dist\u00e2ncia (EaD) e Aulas Pr\u00e1ticas presenciais. Sobre as Aulas Pr\u00e1ticas presenciais: Dever\u00e3o respeitar as Normas do Laborat\u00f3rio de Simula\u00e7\u00e3o A turmas ser\u00e3o divididas por\u00a0ordem alfab\u00e9tica com no m\u00e1ximo 8 alunos por turma e ser\u00e3o fixas ao longo do bimestre. N\u00e3o ser\u00e3o permitidas trocas de turma\/aula ou&hellip;","publishpress_future_action":{"enabled":false,"date":"2026-05-01 15:43:02","action":"change-status","newStatus":"draft","terms":[],"taxonomy":"","extraData":[]},"publishpress_future_workflow_manual_trigger":{"enabledWorkflows":[]},"_links":{"self":[{"href":"https:\/\/saude.ufpr.br\/labsim\/wp-json\/wp\/v2\/pages\/18","targetHints":{"allow":["GET"]}}],"collection":[{"href":"https:\/\/saude.ufpr.br\/labsim\/wp-json\/wp\/v2\/pages"}],"about":[{"href":"https:\/\/saude.ufpr.br\/labsim\/wp-json\/wp\/v2\/types\/page"}],"author":[{"embeddable":true,"href":"https:\/\/saude.ufpr.br\/labsim\/wp-json\/wp\/v2\/users\/15"}],"replies":[{"embeddable":true,"href":"https:\/\/saude.ufpr.br\/labsim\/wp-json\/wp\/v2\/comments?post=18"}],"version-history":[{"count":39,"href":"https:\/\/saude.ufpr.br\/labsim\/wp-json\/wp\/v2\/pages\/18\/revisions"}],"predecessor-version":[{"id":359,"href":"https:\/\/saude.ufpr.br\/labsim\/wp-json\/wp\/v2\/pages\/18\/revisions\/359"}],"wp:attachment":[{"href":"https:\/\/saude.ufpr.br\/labsim\/wp-json\/wp\/v2\/media?parent=18"}],"curies":[{"name":"wp","href":"https:\/\/api.w.org\/{rel}","templated":true}]}}