{"id":22,"date":"2016-07-13T16:43:56","date_gmt":"2016-07-13T16:43:56","guid":{"rendered":"https:\/\/saude.ufpr.br\/labsim\/?page_id=22"},"modified":"2024-03-05T14:25:16","modified_gmt":"2024-03-05T17:25:16","slug":"6o-periodo","status":"publish","type":"page","link":"https:\/\/saude.ufpr.br\/labsim\/6o-periodo\/","title":{"rendered":"6\u00ba Per\u00edodo"},"content":{"rendered":"<p><em>Aulas: Ter\u00e7as-feira e Sextas-feira \u2013 16h30min, Quintas-feiras 13h30min.<\/em><\/p>\n<hr \/>\n<p><em>Check Lists:<\/em><\/p>\n<p><a href=\"https:\/\/saude.ufpr.br\/labsim\/wp-content\/uploads\/sites\/23\/2016\/07\/BLS-beb\u00ea-Check-list.pdf\" target=\"_blank\" rel=\"noopener\">BLS beb\u00ea &#8211; Check list<\/a><\/p>\n<p><a href=\"https:\/\/saude.ufpr.br\/labsim\/wp-content\/uploads\/sites\/23\/2016\/07\/BLS-Pediatria-Check-list.pdf\" target=\"_blank\" rel=\"noopener\">BLS Pediatria &#8211; Check list<\/a><\/p>\n<p><a href=\"https:\/\/saude.ufpr.br\/labsim\/wp-content\/uploads\/sites\/23\/2016\/07\/Asfixi-adulto-responsivo-Check-list.pdf\" target=\"_blank\" rel=\"noopener\">Asfixia adulto responsivo &#8211; Check list<\/a><\/p>\n<p><a href=\"https:\/\/saude.ufpr.br\/labsim\/wp-content\/uploads\/sites\/23\/2016\/07\/Asfixia-adulto-n\u00e3o-responsivo-Check-list.pdf\" target=\"_blank\" rel=\"noopener\">Asfixia adulto n\u00e3o responsivo &#8211; Check list<\/a><\/p>\n<p><a href=\"https:\/\/saude.ufpr.br\/labsim\/wp-content\/uploads\/sites\/23\/2016\/07\/Asfixia-beb\u00ea-n\u00e3o-responsivo-Check-list.pdf\" target=\"_blank\" rel=\"noopener\">Asfixia beb\u00ea n\u00e3o-responsivo &#8211; Check list<\/a><\/p>\n<p><a href=\"https:\/\/saude.ufpr.br\/labsim\/wp-content\/uploads\/sites\/23\/2016\/07\/Asfixia-beb\u00ea-responsivo-Check-list.pdf\" target=\"_blank\" rel=\"noopener\">Asfixia beb\u00ea responsivo &#8211; Check list<\/a><\/p>\n<p><a href=\"https:\/\/saude.ufpr.br\/labsim\/wp-content\/uploads\/sites\/23\/2016\/07\/Acesso-Venoso-Central-Check-list.pdf\" target=\"_blank\" rel=\"noopener\">Acesso Venoso Central &#8211; Check list<\/a><\/p>\n<p><a href=\"https:\/\/saude.ufpr.br\/labsim\/wp-content\/uploads\/sites\/23\/2016\/07\/Pun\u00e7\u00e3o-lombar-Check-list-1.pdf\" target=\"_blank\" rel=\"noopener\">Pun\u00e7\u00e3o lombar &#8211; Check list<\/a><\/p>\n<p><a href=\"https:\/\/saude.ufpr.br\/labsim\/wp-content\/uploads\/sites\/23\/2016\/07\/Suporte-B\u00e1sico-de-Vida-BLS-Check-list.pdf\" target=\"_blank\" rel=\"noopener\">Suporte B\u00e1sico de Vida (BLS) &#8211; Check list<\/a><\/p>\n<p><a href=\"https:\/\/saude.ufpr.br\/labsim\/wp-content\/uploads\/sites\/23\/2016\/07\/Gasometria-arterial-Check-List.pdf\" target=\"_blank\" rel=\"noopener\">Gasometria arterial &#8211; Check List<\/a><\/p>\n<p><a href=\"https:\/\/saude.ufpr.br\/labsim\/wp-content\/uploads\/sites\/23\/2024\/03\/Intubacao-orotraqueal-Check-list-atualizado.pdf\" target=\"_blank\" rel=\"noopener\">Intuba\u00e7\u00e3o-orotraqueal-Check-list atualizado<\/a><\/p>\n<hr \/>\n<p><strong>\u25ba BLS I &#8211; SUPORTE B\u00c1SICO DE VIDA (COMPRESS\u00d5ES TOR\u00c1CICAS\u00a0+ VENTILA\u00c7\u00d5ES)<\/strong><\/p>\n<p><strong>\u25ba BLS II \u2013 SUPORTE B\u00c1SICO DE VIDA (ATENDIMENTO EXTRA-HOSPITALAR\u00a0+ USO DO DEA)<\/strong><\/p>\n<ul>\n<li><a href=\"https:\/\/saude.ufpr.br\/labsim\/wp-content\/uploads\/sites\/23\/2016\/07\/1.-BLS-Revisao.pdf\">AHA Guidelines 2015<\/a><\/li>\n<li>Livro:\u00a0Emerg\u00eancias cl\u00ednicas: abordagem pr\u00e1tica. Herlon Saraiva Martins et al. rev. E atual. \u2013 Barueri, SP: Manole &#8211; Cap\u00edtulo: Suporte B\u00e1sico de Vida.<\/li>\n<\/ul>\n<p><iframe title=\"RCP e DEA da American Heart Association (teste de BLS do ACLS - diretrizes 2010)\" width=\"500\" height=\"281\" src=\"https:\/\/www.youtube.com\/embed\/Jru3CznpnG8?feature=oembed\" frameborder=\"0\" allow=\"accelerometer; autoplay; clipboard-write; encrypted-media; gyroscope; picture-in-picture; web-share\" referrerpolicy=\"strict-origin-when-cross-origin\" allowfullscreen><\/iframe><\/p>\n<p>&nbsp;<\/p>\n<hr \/>\n<p><strong>\u25ba BLS I (SUPORTE B\u00c1SICO DE VIDA) EM BEB\u00ca E CRIAN\u00c7A<\/strong><\/p>\n<hr \/>\n<p><strong>\u25ba INTUBA\u00c7\u00c3O\u00a0OROTRAQUEAL<\/strong><\/p>\n<ul>\n<li><a href=\"http:\/\/www.nejm.org\/doi\/full\/10.1056\/NEJMvcm063574\" target=\"_blank\" rel=\"noopener\">Intuba\u00e7\u00e3o orotraqueal<\/a><\/li>\n<\/ul>\n<hr \/>\n<p>&nbsp;<\/p>\n<p><strong>\u25ba ASFIXIA ADULTO E BEB\u00ca (RESPONSIVO E N\u00c3O RESPONSIVO)<\/strong><\/p>\n<hr \/>\n<p><strong>\u25ba ACESSO VENOSO CENTRAL<\/strong><\/p>\n<p>&nbsp;<\/p>\n<p><iframe title=\"Placement of Central Venous Catheter - NEJM\" width=\"500\" height=\"375\" src=\"https:\/\/www.youtube.com\/embed\/HE5QhsPRaPU?feature=oembed\" frameborder=\"0\" allow=\"accelerometer; autoplay; clipboard-write; encrypted-media; gyroscope; picture-in-picture; web-share\" referrerpolicy=\"strict-origin-when-cross-origin\" allowfullscreen><\/iframe><\/p>\n<p>&nbsp;<\/p>\n<hr \/>\n<p><strong>\u25ba INSUFICI\u00caNCIA RESPIRAT\u00d3RIA E GASOMETRIA<\/strong><\/p>\n<hr \/>\n<p><strong>\u25ba PUN\u00c7\u00c3O LOMBAR<\/strong><\/p>\n<p><iframe title=\"Lumbar Puncture NEJM\" width=\"500\" height=\"375\" src=\"https:\/\/www.youtube.com\/embed\/weoY_9tOcJQ?feature=oembed\" frameborder=\"0\" allow=\"accelerometer; autoplay; clipboard-write; encrypted-media; gyroscope; picture-in-picture; web-share\" referrerpolicy=\"strict-origin-when-cross-origin\" allowfullscreen><\/iframe><\/p>\n<p>&nbsp;<\/p>\n<hr \/>\n<p><strong>\u25ba INTUBA\u00c7\u00c3O NASO\/OROG\u00c1STRICA E ENTERAL<\/strong><\/p>\n<ul>\n<li><a href=\"https:\/\/www.youtube.com\/watch?v=naSCPEzV8o8\" target=\"_blank\" rel=\"noopener\">Video sondagem nasoenteral<\/a><\/li>\n<\/ul>\n<p>https:\/\/www.youtube.com\/watch?v=0Xl0-_JYimc<\/p>\n<p><iframe title=\"Sonda Nasoenteral\" width=\"500\" height=\"375\" src=\"https:\/\/www.youtube.com\/embed\/4werMxZVDQ0?feature=oembed\" frameborder=\"0\" allow=\"accelerometer; autoplay; clipboard-write; encrypted-media; gyroscope; picture-in-picture; web-share\" referrerpolicy=\"strict-origin-when-cross-origin\" allowfullscreen><\/iframe><\/p>\n<p>&nbsp;<\/p>\n<p><iframe title=\"Nasogastric Intubation (RYLE) NEJM\" width=\"500\" height=\"375\" src=\"https:\/\/www.youtube.com\/embed\/ARHfqRB3t4M?feature=oembed\" frameborder=\"0\" allow=\"accelerometer; autoplay; clipboard-write; encrypted-media; gyroscope; picture-in-picture; web-share\" referrerpolicy=\"strict-origin-when-cross-origin\" allowfullscreen><\/iframe><\/p>\n<p>&nbsp;<\/p>\n<hr \/>\n<p>&nbsp;<\/p>\n","protected":false},"excerpt":{"rendered":"<p>Aulas: Ter\u00e7as-feira e Sextas-feira \u2013 16h30min, Quintas-feiras 13h30min. Check Lists: BLS beb\u00ea &#8211; Check list BLS Pediatria &#8211; Check list Asfixia adulto responsivo &#8211; Check list Asfixia adulto n\u00e3o responsivo &#8211; Check list Asfixia beb\u00ea n\u00e3o-responsivo &#8211; Check list Asfixia beb\u00ea responsivo &#8211; Check list Acesso Venoso Central &#8211; Check list Pun\u00e7\u00e3o lombar &#8211; Check [&hellip;]<\/p>\n","protected":false},"author":15,"featured_media":0,"parent":0,"menu_order":0,"comment_status":"closed","ping_status":"closed","template":"","meta":{"_acf_changed":false,"_uag_custom_page_level_css":"","footnotes":""},"class_list":["post-22","page","type-page","status-publish","hentry"],"acf":[],"featured_image_src":null,"uagb_featured_image_src":{"full":false,"thumbnail":false,"medium":false,"medium_large":false,"large":false,"1536x1536":false,"2048x2048":false,"noticias-thumb":false,"banners-thumb":false,"maisnoticias-thumb":false,"post-thumbnail":false},"uagb_author_info":{"display_name":"Andrea Jankoski","author_link":"https:\/\/saude.ufpr.br\/labsim\/author\/andrea\/"},"uagb_comment_info":0,"uagb_excerpt":"Aulas: Ter\u00e7as-feira e Sextas-feira \u2013 16h30min, Quintas-feiras 13h30min. Check Lists: BLS beb\u00ea &#8211; Check list BLS Pediatria &#8211; Check list Asfixia adulto responsivo &#8211; Check list Asfixia adulto n\u00e3o responsivo &#8211; Check list Asfixia beb\u00ea n\u00e3o-responsivo &#8211; Check list Asfixia beb\u00ea responsivo &#8211; Check list Acesso Venoso Central &#8211; Check list Pun\u00e7\u00e3o lombar &#8211; Check&hellip;","publishpress_future_action":{"enabled":false,"date":"2026-05-02 00:47:27","action":"change-status","newStatus":"draft","terms":[],"taxonomy":"","extraData":[]},"publishpress_future_workflow_manual_trigger":{"enabledWorkflows":[]},"_links":{"self":[{"href":"https:\/\/saude.ufpr.br\/labsim\/wp-json\/wp\/v2\/pages\/22","targetHints":{"allow":["GET"]}}],"collection":[{"href":"https:\/\/saude.ufpr.br\/labsim\/wp-json\/wp\/v2\/pages"}],"about":[{"href":"https:\/\/saude.ufpr.br\/labsim\/wp-json\/wp\/v2\/types\/page"}],"author":[{"embeddable":true,"href":"https:\/\/saude.ufpr.br\/labsim\/wp-json\/wp\/v2\/users\/15"}],"replies":[{"embeddable":true,"href":"https:\/\/saude.ufpr.br\/labsim\/wp-json\/wp\/v2\/comments?post=22"}],"version-history":[{"count":68,"href":"https:\/\/saude.ufpr.br\/labsim\/wp-json\/wp\/v2\/pages\/22\/revisions"}],"predecessor-version":[{"id":796,"href":"https:\/\/saude.ufpr.br\/labsim\/wp-json\/wp\/v2\/pages\/22\/revisions\/796"}],"wp:attachment":[{"href":"https:\/\/saude.ufpr.br\/labsim\/wp-json\/wp\/v2\/media?parent=22"}],"curies":[{"name":"wp","href":"https:\/\/api.w.org\/{rel}","templated":true}]}}