{"id":24,"date":"2016-07-13T16:44:07","date_gmt":"2016-07-13T16:44:07","guid":{"rendered":"https:\/\/saude.ufpr.br\/labsim\/?page_id=24"},"modified":"2022-08-08T10:48:32","modified_gmt":"2022-08-08T13:48:32","slug":"7o-periodo","status":"publish","type":"page","link":"https:\/\/saude.ufpr.br\/labsim\/7o-periodo\/","title":{"rendered":"7\u00ba Per\u00edodo"},"content":{"rendered":"<p><em>Aulas:\u00a0Sextas-feira &#8211; 13h30min.<\/em><\/p>\n<p>&nbsp;<\/p>\n<hr \/>\n<p><em>Check Lists:<\/em><\/p>\n<p><a href=\"https:\/\/saude.ufpr.br\/labsim\/wp-content\/uploads\/sites\/23\/2016\/07\/CRICOTIREOIDOSTOMIA-CIRURGICA_.pdf\" target=\"_blank\" rel=\"noopener\">Cricotireoidostomia cirurgica &#8211; Check list<\/a><\/p>\n<p><a href=\"https:\/\/saude.ufpr.br\/labsim\/wp-content\/uploads\/sites\/23\/2016\/07\/CRICOTIREOIDOSTOMIA-POR-PUNCAO_.pdf\" target=\"_blank\" rel=\"noopener\">Cricotireoidostomia por pun\u00e7\u00e3o &#8211; Check list<\/a><\/p>\n<p><a href=\"https:\/\/saude.ufpr.br\/labsim\/wp-content\/uploads\/sites\/23\/2016\/07\/TORACENTESE_-Check-list.pdf\" target=\"_blank\" rel=\"noopener\">Toracocentese &#8211; Check list<\/a><\/p>\n<p><a href=\"https:\/\/saude.ufpr.br\/labsim\/wp-content\/uploads\/sites\/23\/2016\/07\/BLS-beb\u00ea-Check-list.pdf\" target=\"_blank\" rel=\"noopener\">BLS beb\u00ea &#8211; Check list<\/a><\/p>\n<p><a href=\"https:\/\/saude.ufpr.br\/labsim\/wp-content\/uploads\/sites\/23\/2016\/07\/BLS-Pediatria-Check-list.pdf\" target=\"_blank\" rel=\"noopener\">BLS Pediatria &#8211; Check list<\/a><\/p>\n<p><a href=\"https:\/\/saude.ufpr.br\/labsim\/wp-content\/uploads\/sites\/23\/2016\/07\/Acesso-venoso-central.-Check-list.pdf\">Acesso venoso central. &#8211; Check list<\/a><\/p>\n<p><a href=\"https:\/\/saude.ufpr.br\/labsim\/wp-content\/uploads\/sites\/23\/2016\/07\/Drenagem-de-t\u00f3rax-Check-list.pdf\">Drenagem de t\u00f3rax &#8211; Check list<\/a><\/p>\n<p><a href=\"https:\/\/saude.ufpr.br\/labsim\/wp-content\/uploads\/sites\/23\/2016\/07\/Oftalmoscopia-direta-Check-list.pdf\">Oftalmoscopia direta &#8211; Check list<\/a><\/p>\n<p><a href=\"https:\/\/saude.ufpr.br\/labsim\/wp-content\/uploads\/sites\/23\/2016\/07\/Pares-cranianos-Check-list.pdf\">Pares cranianos &#8211; Check list<\/a><\/p>\n<p><a href=\"https:\/\/saude.ufpr.br\/labsim\/wp-content\/uploads\/sites\/23\/2022\/08\/ATLS-10th-Edition.pdf\">ATLS-10th-Edition<\/a><\/p>\n<p><a href=\"https:\/\/cpr.heart.org\/en\/resuscitation-science\/guidelines-highlights\" target=\"_blank\" rel=\"noopener\">Guidelines Highlights<\/a><\/p>\n<hr \/>\n<p><strong>\u25ba ACESSO VENOSO CENTRAL (V. SUBCL\u00c1VIA, V. JUGULAR INTERNA, V. FEMORAL)<\/strong><\/p>\n<p>https:\/\/www.youtube.com\/watch?v=L_Z87iEwjbE<\/p>\n<p>&nbsp;<\/p>\n<p><iframe title=\"Ultrasound Guided Internal Jugular Vein Cannulation NEJM\" width=\"500\" height=\"375\" src=\"https:\/\/www.youtube.com\/embed\/hPPzFnGcLRs?feature=oembed\" frameborder=\"0\" allow=\"accelerometer; autoplay; clipboard-write; encrypted-media; gyroscope; picture-in-picture; web-share\" referrerpolicy=\"strict-origin-when-cross-origin\" allowfullscreen><\/iframe><\/p>\n<p>&nbsp;<\/p>\n<p><iframe title=\"Central Venous Catheterization \u2014 Subclavian Vein NEJM\" width=\"500\" height=\"375\" src=\"https:\/\/www.youtube.com\/embed\/braNvVl8-QU?feature=oembed\" frameborder=\"0\" allow=\"accelerometer; autoplay; clipboard-write; encrypted-media; gyroscope; picture-in-picture; web-share\" referrerpolicy=\"strict-origin-when-cross-origin\" allowfullscreen><\/iframe><\/p>\n<p>&nbsp;<\/p>\n<p><iframe title=\"Placement of a Femoral Venous Catheter  mdash NEJM\" width=\"500\" height=\"375\" src=\"https:\/\/www.youtube.com\/embed\/MjP_-DlqAO0?feature=oembed\" frameborder=\"0\" allow=\"accelerometer; autoplay; clipboard-write; encrypted-media; gyroscope; picture-in-picture; web-share\" referrerpolicy=\"strict-origin-when-cross-origin\" allowfullscreen><\/iframe><\/p>\n<p>&nbsp;<\/p>\n<p>&nbsp;<\/p>\n<hr \/>\n<p><strong>\u25ba ATLS &#8211; TRAUMA ADULTO E PEDI\u00c1TRICO<\/strong><\/p>\n<ul>\n<li><a href=\"https:\/\/saude.ufpr.br\/labsim\/wp-content\/uploads\/sites\/23\/2016\/07\/Pediatric-trauma.pdf\">Trauma Pedi\u00e1trico<\/a><\/li>\n<\/ul>\n<p>&nbsp;<\/p>\n<p><iframe title=\"Primary Survey ATLS Video\" width=\"500\" height=\"281\" src=\"https:\/\/www.youtube.com\/embed\/NlYt4rO1B8k?feature=oembed\" frameborder=\"0\" allow=\"accelerometer; autoplay; clipboard-write; encrypted-media; gyroscope; picture-in-picture; web-share\" referrerpolicy=\"strict-origin-when-cross-origin\" allowfullscreen><\/iframe><\/p>\n<p>&nbsp;<\/p>\n<p><iframe title=\"Trauma Assessment - Teaching Scenario\" width=\"500\" height=\"281\" src=\"https:\/\/www.youtube.com\/embed\/hLuC0T7RsKI?feature=oembed\" frameborder=\"0\" allow=\"accelerometer; autoplay; clipboard-write; encrypted-media; gyroscope; picture-in-picture; web-share\" referrerpolicy=\"strict-origin-when-cross-origin\" allowfullscreen><\/iframe><\/p>\n<p>&nbsp;<\/p>\n<p>https:\/\/www.youtube.com\/watch?v=kv8dV-1PTww<\/p>\n<p>&nbsp;<\/p>\n<hr \/>\n<p><strong>\u25ba TORACOCENTESE \/ DRENAGEM DE T\u00d3RAX<\/strong><\/p>\n<p><iframe title=\"NEJM Chest Tube Insertion\" width=\"500\" height=\"375\" src=\"https:\/\/www.youtube.com\/embed\/NiDFYGQts5c?feature=oembed\" frameborder=\"0\" allow=\"accelerometer; autoplay; clipboard-write; encrypted-media; gyroscope; picture-in-picture; web-share\" referrerpolicy=\"strict-origin-when-cross-origin\" allowfullscreen><\/iframe><\/p>\n<p>&nbsp;<\/p>\n<p><iframe title=\"NEJM Thoracentesis+\" width=\"500\" height=\"375\" src=\"https:\/\/www.youtube.com\/embed\/RLNzv170_7Q?feature=oembed\" frameborder=\"0\" allow=\"accelerometer; autoplay; clipboard-write; encrypted-media; gyroscope; picture-in-picture; web-share\" referrerpolicy=\"strict-origin-when-cross-origin\" allowfullscreen><\/iframe><\/p>\n<p>&nbsp;<\/p>\n<p>Video:\u00a0<a href=\"https:\/\/www.youtube.com\/watch?v=j_UGBS-Kp2I\" target=\"_blank\" rel=\"noopener\">Aspira\u00e7\u00e3o com agulha de pneumot\u00f3rax espont\u00e2neo<\/a><\/p>\n<p>&nbsp;<\/p>\n<hr \/>\n<p><strong>\u25ba INTUBA\u00c7\u00c3O OROTRAQUEAL + CRICOTIREOTOMIA POR PUN\u00c7\u00c3O<\/strong><\/p>\n<p><iframe title=\"Simple Needle Cricothyroidotomy Options\" width=\"500\" height=\"281\" src=\"https:\/\/www.youtube.com\/embed\/vOG08zTZ2YE?feature=oembed\" frameborder=\"0\" allow=\"accelerometer; autoplay; clipboard-write; encrypted-media; gyroscope; picture-in-picture; web-share\" referrerpolicy=\"strict-origin-when-cross-origin\" allowfullscreen><\/iframe><\/p>\n<p>&nbsp;<\/p>\n<hr \/>\n<p><strong>\u00a0VIA A\u00c9REA CIR\u00daRGICA: PUN\u00c7\u00c3O + CRICOTIREOTOMIA + TRAQUEOSTOMIA<\/strong><\/p>\n<p>https:\/\/www.youtube.com\/watch?v=chBsYiza1ik<\/p>\n<p>&nbsp;<\/p>\n<p><iframe title=\"Tracheotomy - 3D animation\" width=\"500\" height=\"375\" src=\"https:\/\/www.youtube.com\/embed\/d_5eKkwnIRs?feature=oembed\" frameborder=\"0\" allow=\"accelerometer; autoplay; clipboard-write; encrypted-media; gyroscope; picture-in-picture; web-share\" referrerpolicy=\"strict-origin-when-cross-origin\" allowfullscreen><\/iframe><\/p>\n<p>&nbsp;<\/p>\n<p><iframe title=\"Anatomy Basics of Percutaneous Tracheostomy\" width=\"500\" height=\"281\" src=\"https:\/\/www.youtube.com\/embed\/D95t8N6oADI?feature=oembed\" frameborder=\"0\" allow=\"accelerometer; autoplay; clipboard-write; encrypted-media; gyroscope; picture-in-picture; web-share\" referrerpolicy=\"strict-origin-when-cross-origin\" allowfullscreen><\/iframe><\/p>\n<p>&nbsp;<\/p>\n<hr \/>\n<p><strong>\u25ba CATETERES SEMI E TOTALMENTE IMPLANT\u00c1VEIS E ACESSOS PARA DI\u00c1LISE<\/strong><\/p>\n<ul>\n<li><a href=\"https:\/\/saude.ufpr.br\/labsim\/wp-content\/uploads\/sites\/23\/2016\/07\/Long-term-central-venous-access_BJA_2004.pdf\">Cateteres Centrais 1<\/a><\/li>\n<\/ul>\n<ul>\n<li><a href=\"https:\/\/saude.ufpr.br\/labsim\/wp-content\/uploads\/sites\/23\/2016\/07\/Cateteres-centrais.pdf\">Cateteres centrais 2<\/a><\/li>\n<\/ul>\n<p>&nbsp;<\/p>\n<p><iframe title=\"How to place a Portacath (Mediport Insertion)\" width=\"500\" height=\"375\" src=\"https:\/\/www.youtube.com\/embed\/hmVGLbSrJU4?feature=oembed\" frameborder=\"0\" allow=\"accelerometer; autoplay; clipboard-write; encrypted-media; gyroscope; picture-in-picture; web-share\" referrerpolicy=\"strict-origin-when-cross-origin\" allowfullscreen><\/iframe><\/p>\n<p>&nbsp;<\/p>\n","protected":false},"excerpt":{"rendered":"<p>Aulas:\u00a0Sextas-feira &#8211; 13h30min. &nbsp; Check Lists: Cricotireoidostomia cirurgica &#8211; Check list Cricotireoidostomia por pun\u00e7\u00e3o &#8211; Check list Toracocentese &#8211; Check list BLS beb\u00ea &#8211; Check list BLS Pediatria &#8211; Check list Acesso venoso central. &#8211; Check list Drenagem de t\u00f3rax &#8211; Check list Oftalmoscopia direta &#8211; Check list Pares cranianos &#8211; Check list ATLS-10th-Edition Guidelines [&hellip;]<\/p>\n","protected":false},"author":15,"featured_media":0,"parent":0,"menu_order":0,"comment_status":"closed","ping_status":"closed","template":"","meta":{"_acf_changed":false,"_uag_custom_page_level_css":"","footnotes":""},"class_list":["post-24","page","type-page","status-publish","hentry"],"acf":[],"featured_image_src":null,"uagb_featured_image_src":{"full":false,"thumbnail":false,"medium":false,"medium_large":false,"large":false,"1536x1536":false,"2048x2048":false,"noticias-thumb":false,"banners-thumb":false,"maisnoticias-thumb":false,"post-thumbnail":false},"uagb_author_info":{"display_name":"Andrea Jankoski","author_link":"https:\/\/saude.ufpr.br\/labsim\/author\/andrea\/"},"uagb_comment_info":0,"uagb_excerpt":"Aulas:\u00a0Sextas-feira &#8211; 13h30min. &nbsp; Check Lists: Cricotireoidostomia cirurgica &#8211; Check list Cricotireoidostomia por pun\u00e7\u00e3o &#8211; Check list Toracocentese &#8211; Check list BLS beb\u00ea &#8211; Check list BLS Pediatria &#8211; Check list Acesso venoso central. &#8211; Check list Drenagem de t\u00f3rax &#8211; Check list Oftalmoscopia direta &#8211; Check list Pares cranianos &#8211; Check list ATLS-10th-Edition Guidelines&hellip;","publishpress_future_action":{"enabled":false,"date":"2026-05-02 00:47:26","action":"change-status","newStatus":"draft","terms":[],"taxonomy":"","extraData":[]},"publishpress_future_workflow_manual_trigger":{"enabledWorkflows":[]},"_links":{"self":[{"href":"https:\/\/saude.ufpr.br\/labsim\/wp-json\/wp\/v2\/pages\/24","targetHints":{"allow":["GET"]}}],"collection":[{"href":"https:\/\/saude.ufpr.br\/labsim\/wp-json\/wp\/v2\/pages"}],"about":[{"href":"https:\/\/saude.ufpr.br\/labsim\/wp-json\/wp\/v2\/types\/page"}],"author":[{"embeddable":true,"href":"https:\/\/saude.ufpr.br\/labsim\/wp-json\/wp\/v2\/users\/15"}],"replies":[{"embeddable":true,"href":"https:\/\/saude.ufpr.br\/labsim\/wp-json\/wp\/v2\/comments?post=24"}],"version-history":[{"count":39,"href":"https:\/\/saude.ufpr.br\/labsim\/wp-json\/wp\/v2\/pages\/24\/revisions"}],"predecessor-version":[{"id":716,"href":"https:\/\/saude.ufpr.br\/labsim\/wp-json\/wp\/v2\/pages\/24\/revisions\/716"}],"wp:attachment":[{"href":"https:\/\/saude.ufpr.br\/labsim\/wp-json\/wp\/v2\/media?parent=24"}],"curies":[{"name":"wp","href":"https:\/\/api.w.org\/{rel}","templated":true}]}}