{"id":26,"date":"2016-07-13T16:44:17","date_gmt":"2016-07-13T16:44:17","guid":{"rendered":"https:\/\/saude.ufpr.br\/labsim\/?page_id=26"},"modified":"2023-12-11T13:22:50","modified_gmt":"2023-12-11T16:22:50","slug":"8o-periodo","status":"publish","type":"page","link":"https:\/\/saude.ufpr.br\/labsim\/8o-periodo\/","title":{"rendered":"8\u00ba Per\u00edodo"},"content":{"rendered":"<p><em>Aulas: Quartas-feira &#8211; 13h30min.<\/em><\/p>\n<hr \/>\n<p><em>Check list:<\/em><\/p>\n<p><a href=\"https:\/\/saude.ufpr.br\/labsim\/wp-content\/uploads\/sites\/23\/2022\/06\/Intubacao-orotraqueal-TS-IV.pdf\">Intuba\u00e7\u00e3o orotraqueal TS IV<\/a><\/p>\n<p><a href=\"https:\/\/saude.ufpr.br\/labsim\/wp-content\/uploads\/sites\/23\/2023\/12\/Intubacao-orotraqueal-Check-list-1.pdf\" target=\"_blank\" rel=\"noopener\">Intubac\u0327a\u0303o-orotraqueal-Check-list <\/a><\/p>\n<p><a href=\"https:\/\/saude.ufpr.br\/labsim\/wp-content\/uploads\/sites\/23\/2022\/06\/Puncao-Acesso-Venoso-Central-TS-IV.pdf\">Pun\u00e7\u00e3o Acesso Venoso Central TS IV<\/a><\/p>\n<p><a href=\"https:\/\/saude.ufpr.br\/labsim\/wp-content\/uploads\/sites\/23\/2022\/06\/Puncao-Arterial-Radial-TS-IV.pdf\">Pun\u00e7\u00e3o Arterial Radial TS IV<\/a><\/p>\n<p><a href=\"https:\/\/saude.ufpr.br\/labsim\/wp-content\/uploads\/sites\/23\/2022\/06\/Ventilacao-Mecanica-TS-IV.pdf\">Ventila\u00e7\u00e3o Mec\u00e2nica TS IV<\/a><\/p>\n<p><a href=\"https:\/\/saude.ufpr.br\/labsim\/wp-content\/uploads\/sites\/23\/2016\/07\/ACLS-Check-list.pdf\">ACLS &#8211; Check list<\/a><\/p>\n<hr \/>\n<p>Bibliografia BLS e ACLS:<\/p>\n<p><a href=\"https:\/\/saude.ufpr.br\/labsim\/wp-content\/uploads\/sites\/23\/2016\/07\/2015-AHA-Guidelines-Highlights-Portuguese.pdf\" target=\"_blank\" rel=\"noopener\">2015-AHA Guidelines Highlights<\/a><\/p>\n<p>Livro:\u00a0Emerg\u00eancias cl\u00ednicas: abordagem pr\u00e1tica. Herlon Saraiva Martins et al. rev. E atual. \u2013 11o. Edic\u00e3o &#8211; Barueri, SP: Manole &#8211; Cap\u00edtulos: Suporte B\u00e1sico de Vida e Suporte Avan\u00e7ado de Vida<\/p>\n<p>&nbsp;<\/p>\n<hr \/>\n<p><strong>\u25ba BLS &#8211; SUPORTE B\u00c1SICO DE VIDA (REVIS\u00c3O)<\/strong><\/p>\n<p>&nbsp;<\/p>\n<p><iframe title=\"RCP e DEA da American Heart Association (teste de BLS do ACLS - diretrizes 2010)\" width=\"500\" height=\"281\" src=\"https:\/\/www.youtube.com\/embed\/Jru3CznpnG8?feature=oembed\" frameborder=\"0\" allow=\"accelerometer; autoplay; clipboard-write; encrypted-media; gyroscope; picture-in-picture; web-share\" referrerpolicy=\"strict-origin-when-cross-origin\" allowfullscreen><\/iframe><\/p>\n<p>&nbsp;<\/p>\n<hr \/>\n<p>\u25ba <strong>ACLS I \u2013 SUPORTE AVAN\u00c7ADO DE VIDA<\/strong><\/p>\n<ul>\n<li><strong>FV + TV SEM PULSO<\/strong><\/li>\n<li><b>ASSISTOLIA\u00a0<strong>+ AES<\/strong><\/b><\/li>\n<li><strong>CUIDADOS P\u00d3S-PCR<\/strong><\/li>\n<\/ul>\n<div class=\"text_exposed_show\"><\/div>\n<div><a href=\"https:\/\/www.youtube.com\/watch?v=Ahg6qcgoay4\" target=\"_blank\" rel=\"noopener\">Awareness Test<\/a><\/div>\n<div><\/div>\n<div><a href=\"https:\/\/www.youtube.com\/watch?v=90q19HTvm28\" target=\"_blank\" rel=\"noopener\">ACLS megacode<\/a><\/div>\n<div><\/div>\n<div><a href=\"https:\/\/youtu.be\/uD4ByZFULIg\" target=\"_blank\" rel=\"noopener\">ACLS<\/a><\/div>\n<div><\/div>\n<div>\n<hr \/>\n<\/div>\n<p><strong>\u25ba INTUBA\u00c7\u00c3O OROTRAQUEAL E DISPOSITIVOS DE OFERTA DE OXIG\u00caNIO<\/strong><\/p>\n<p><a href=\"http:\/\/www.nejm.org\/doi\/full\/10.1056\/nejmvcm063574\" target=\"_blank\" rel=\"noopener\">Intuba\u00e7\u00e3o orotraqueal<\/a><\/p>\n<p><a href=\"https:\/\/saude.ufpr.br\/labsim\/wp-content\/uploads\/sites\/23\/2019\/01\/Disp-O2.pdf\" target=\"_blank\" rel=\"noopener\">Disp O2<\/a><\/p>\n<p><a href=\"https:\/\/saude.ufpr.br\/labsim\/wp-content\/uploads\/sites\/23\/2019\/01\/NEJM-IOT.pdf\" target=\"_blank\" rel=\"noopener\">NEJM IOT<\/a><\/p>\n<p>&nbsp;<\/p>\n<hr \/>\n<p><strong>\u25ba INSUFICIENCIA RESPIRAT\u00d3RIA AGUDA<\/strong><\/p>\n<p><a href=\"https:\/\/saude.ufpr.br\/labsim\/wp-content\/uploads\/sites\/23\/2019\/01\/Gasometria-NEJM.pdf\" target=\"_blank\" rel=\"noopener\">Gasometria NEJM<\/a><\/p>\n<p><a href=\"https:\/\/saude.ufpr.br\/labsim\/wp-content\/uploads\/sites\/23\/2019\/01\/GOLD-2019-v1.7-FINAL-14Nov2018-WMS.pdf\" target=\"_blank\" rel=\"noopener\">GOLD-2019<\/a><\/p>\n<p><a href=\"https:\/\/saude.ufpr.br\/labsim\/wp-content\/uploads\/sites\/23\/2019\/01\/II-CONSENSO-BRASILEIRO-SOBRE-DPOC-SBPT-2004.pdf\" target=\"_blank\" rel=\"noopener\">II CONSENSO BRASILEIRO SOBRE DPOC SBPT 2004<\/a><\/p>\n<p><a href=\"https:\/\/saude.ufpr.br\/labsim\/wp-content\/uploads\/sites\/23\/2019\/01\/Recomenda\u00e7\u00f5es-para-o-tratamento-farmacol\u00f3gico-da-DPOC-perguntas-e-respostas-2017.pdf\" target=\"_blank\" rel=\"noopener\">Recomenda\u00e7\u00f5es para o tratamento farmacol\u00f3gico da DPOC perguntas e respostas 2017<\/a><\/p>\n<p><a href=\"https:\/\/saude.ufpr.br\/labsim\/wp-content\/uploads\/sites\/23\/2019\/01\/Recomenda\u00e7\u00f5es-para-o-manejo-da-TEP-2010.pdf\" target=\"_blank\" rel=\"noopener\">Recomenda\u00e7\u00f5es para o manejo da TEP 2010<\/a><\/p>\n<p><a href=\"https:\/\/saude.ufpr.br\/labsim\/wp-content\/uploads\/sites\/23\/2018\/02\/consenso-asma-SBPT.pdf\">Consenso Asma SBPT<\/a><\/p>\n<p>&nbsp;<\/p>\n<hr \/>\n<p><strong>\u25ba SEPSE<\/strong><\/p>\n<p><a href=\"https:\/\/saude.ufpr.br\/labsim\/wp-content\/uploads\/sites\/23\/2019\/01\/Recomenda\u00e7\u00f5es-para-o-manejo-da-pneumonia-adquirida-na-comunidade-2018-SBPT.pdf\" target=\"_blank\" rel=\"noopener\">Recomenda\u00e7\u00f5es para o manejo da pneumonia adquirida na comunidade 2018 SBPT<\/a><\/p>\n<p><a href=\"https:\/\/saude.ufpr.br\/labsim\/wp-content\/uploads\/sites\/23\/2019\/01\/Diretrizes-brasileiras-para-pneumonia-adquirida-na-comunidade-2009.pdf\" target=\"_blank\" rel=\"noopener\">Diretrizes brasileiras para pneumonia adquirida na comunidade 2009<\/a><\/p>\n<p><a href=\"https:\/\/saude.ufpr.br\/labsim\/wp-content\/uploads\/sites\/23\/2019\/01\/Surviving-Sepsis-Campaign-Hour-1-Bundle-2018.pdf\" target=\"_blank\" rel=\"noopener\">Surviving-Sepsis-Campaign-Hour-1-Bundle-2018<\/a><\/p>\n<p><a href=\"https:\/\/saude.ufpr.br\/labsim\/wp-content\/uploads\/sites\/23\/2019\/01\/Surviving_Sepsis_Campaign___International.15-1-2016-completo.pdf\" target=\"_blank\" rel=\"noopener\">Surviving-Sepsis-Campaign-2016<\/a><\/p>\n<p>&nbsp;<\/p>\n<hr \/>\n<p><strong>\u25ba ACIDENTE VASCULAR ENCEF\u00c1LICO<\/strong><\/p>\n<p><a href=\"https:\/\/saude.ufpr.br\/labsim\/wp-content\/uploads\/sites\/23\/2019\/01\/Guidelines-for-acute-ischemic-stroke-part-I-SBDCV-AVCI-1.pdf\" target=\"_blank\" rel=\"noopener\">Diretriz_SBDCV_AVCI_parte1<\/a><\/p>\n<p><a href=\"https:\/\/saude.ufpr.br\/labsim\/wp-content\/uploads\/sites\/23\/2019\/01\/Diretriz_SBDCV_AVCI_parte2.pdf\" target=\"_blank\" rel=\"noopener\">Diretriz_SBDCV_AVCI_parte2<\/a><\/p>\n<p><a href=\"https:\/\/saude.ufpr.br\/labsim\/wp-content\/uploads\/sites\/23\/2019\/01\/Diretrizes_SBDCV_AVC_Parte2_Portugu\u00eas.pdf\" target=\"_blank\" rel=\"noopener\">Diretrizes_SBDCV_AVC_Parte2_Portugu\u00eas<\/a><\/p>\n<p>&nbsp;<\/p>\n<p>https:\/\/youtu.be\/K_SQsk3VqJo?list=PL3rx9NxInpkr2aVnzyaiFMWkAab11LCj5<\/p>\n<p>&nbsp;<\/p>\n<hr \/>\n<p><strong>\u25ba VENTILA\u00c7\u00c3O MEC\u00c2NICA<\/strong><\/p>\n<p><a href=\"https:\/\/saude.ufpr.br\/labsim\/wp-content\/uploads\/sites\/23\/2019\/01\/Diretrizes_VM2013_SBPT_AMIB.pdf\" target=\"_blank\" rel=\"noopener\">Diretrizes_VM2013<\/a><\/p>\n<hr \/>\n<p><a href=\"http:\/\/www.nejm.org\/doi\/full\/10.1056\/NEJMvcm054952\" target=\"_blank\" rel=\"noopener\">Pun\u00e7\u00e3o Lombar<\/a><\/p>\n<p><a href=\"https:\/\/saude.ufpr.br\/labsim\/wp-content\/uploads\/sites\/23\/2016\/07\/Check-list-pun\u00e7\u00e3o-lombar.pdf\" target=\"_blank\" rel=\"noopener\"><em>Check-list<\/em> pun\u00e7\u00e3o lombar<\/a><\/p>\n","protected":false},"excerpt":{"rendered":"<p>Aulas: Quartas-feira &#8211; 13h30min. Check list: Intuba\u00e7\u00e3o orotraqueal TS IV Intubac\u0327a\u0303o-orotraqueal-Check-list Pun\u00e7\u00e3o Acesso Venoso Central TS IV Pun\u00e7\u00e3o Arterial Radial TS IV Ventila\u00e7\u00e3o Mec\u00e2nica TS IV ACLS &#8211; Check list Bibliografia BLS e ACLS: 2015-AHA Guidelines Highlights Livro:\u00a0Emerg\u00eancias cl\u00ednicas: abordagem pr\u00e1tica. Herlon Saraiva Martins et al. rev. E atual. \u2013 11o. Edic\u00e3o &#8211; Barueri, SP: [&hellip;]<\/p>\n","protected":false},"author":15,"featured_media":0,"parent":0,"menu_order":0,"comment_status":"closed","ping_status":"closed","template":"","meta":{"_acf_changed":false,"_uag_custom_page_level_css":"","footnotes":""},"class_list":["post-26","page","type-page","status-publish","hentry"],"acf":[],"featured_image_src":null,"uagb_featured_image_src":{"full":false,"thumbnail":false,"medium":false,"medium_large":false,"large":false,"1536x1536":false,"2048x2048":false,"noticias-thumb":false,"banners-thumb":false,"maisnoticias-thumb":false,"post-thumbnail":false},"uagb_author_info":{"display_name":"Andrea Jankoski","author_link":"https:\/\/saude.ufpr.br\/labsim\/author\/andrea\/"},"uagb_comment_info":0,"uagb_excerpt":"Aulas: Quartas-feira &#8211; 13h30min. Check list: Intuba\u00e7\u00e3o orotraqueal TS IV Intubac\u0327a\u0303o-orotraqueal-Check-list Pun\u00e7\u00e3o Acesso Venoso Central TS IV Pun\u00e7\u00e3o Arterial Radial TS IV Ventila\u00e7\u00e3o Mec\u00e2nica TS IV ACLS &#8211; Check list Bibliografia BLS e ACLS: 2015-AHA Guidelines Highlights Livro:\u00a0Emerg\u00eancias cl\u00ednicas: abordagem pr\u00e1tica. Herlon Saraiva Martins et al. rev. E atual. \u2013 11o. Edic\u00e3o &#8211; Barueri, SP:&hellip;","publishpress_future_action":{"enabled":false,"date":"2026-05-02 01:07:52","action":"change-status","newStatus":"draft","terms":[],"taxonomy":"","extraData":[]},"publishpress_future_workflow_manual_trigger":{"enabledWorkflows":[]},"_links":{"self":[{"href":"https:\/\/saude.ufpr.br\/labsim\/wp-json\/wp\/v2\/pages\/26","targetHints":{"allow":["GET"]}}],"collection":[{"href":"https:\/\/saude.ufpr.br\/labsim\/wp-json\/wp\/v2\/pages"}],"about":[{"href":"https:\/\/saude.ufpr.br\/labsim\/wp-json\/wp\/v2\/types\/page"}],"author":[{"embeddable":true,"href":"https:\/\/saude.ufpr.br\/labsim\/wp-json\/wp\/v2\/users\/15"}],"replies":[{"embeddable":true,"href":"https:\/\/saude.ufpr.br\/labsim\/wp-json\/wp\/v2\/comments?post=26"}],"version-history":[{"count":62,"href":"https:\/\/saude.ufpr.br\/labsim\/wp-json\/wp\/v2\/pages\/26\/revisions"}],"predecessor-version":[{"id":790,"href":"https:\/\/saude.ufpr.br\/labsim\/wp-json\/wp\/v2\/pages\/26\/revisions\/790"}],"wp:attachment":[{"href":"https:\/\/saude.ufpr.br\/labsim\/wp-json\/wp\/v2\/media?parent=26"}],"curies":[{"name":"wp","href":"https:\/\/api.w.org\/{rel}","templated":true}]}}