{"id":729,"date":"2023-10-31T13:10:13","date_gmt":"2023-10-31T16:10:13","guid":{"rendered":"https:\/\/saude.ufpr.br\/labsim\/?page_id=729"},"modified":"2023-11-22T10:15:45","modified_gmt":"2023-11-22T13:15:45","slug":"termo-de-responsabilidade","status":"publish","type":"page","link":"https:\/\/saude.ufpr.br\/labsim\/termo-de-responsabilidade\/","title":{"rendered":"Termo de responsabilidade"},"content":{"rendered":"\n<div class=\"wpcf7 no-js\" id=\"wpcf7-f730-o1\" lang=\"pt-BR\" dir=\"ltr\" data-wpcf7-id=\"730\">\n<div class=\"screen-reader-response\"><p role=\"status\" aria-live=\"polite\" aria-atomic=\"true\"><\/p> <ul><\/ul><\/div>\n<form action=\"\/labsim\/wp-json\/wp\/v2\/pages\/729#wpcf7-f730-o1\" method=\"post\" class=\"wpcf7-form init\" aria-label=\"Formul\u00e1rios de contato\" novalidate=\"novalidate\" data-status=\"init\">\n<fieldset class=\"hidden-fields-container\"><input type=\"hidden\" name=\"_wpcf7\" value=\"730\" \/><input type=\"hidden\" name=\"_wpcf7_version\" value=\"6.1.5\" \/><input type=\"hidden\" name=\"_wpcf7_locale\" value=\"pt_BR\" \/><input type=\"hidden\" name=\"_wpcf7_unit_tag\" value=\"wpcf7-f730-o1\" \/><input type=\"hidden\" name=\"_wpcf7_container_post\" value=\"0\" \/><input type=\"hidden\" name=\"_wpcf7_posted_data_hash\" value=\"\" \/>\n<\/fieldset>\n<p><label class=\"small-12 medium-6 large-6 columns\">Servidor<br \/>\n<span class=\"wpcf7-form-control-wrap\" data-name=\"servidor\"><input size=\"40\" maxlength=\"400\" class=\"wpcf7-form-control wpcf7-text wpcf7-validates-as-required\" aria-required=\"true\" aria-invalid=\"false\" value=\"\" type=\"text\" name=\"servidor\" \/><\/span> <\/label>\n<\/p>\n<p><label class=\"small-12 medium-6 large-6 columns\">Matr\u00edcula SIAPE<br \/>\n<span class=\"wpcf7-form-control-wrap\" data-name=\"matricula\"><input size=\"40\" maxlength=\"400\" class=\"wpcf7-form-control wpcf7-text wpcf7-validates-as-required\" aria-required=\"true\" aria-invalid=\"false\" value=\"\" type=\"text\" name=\"matricula\" \/><\/span> <\/label>\n<\/p>\n<p><label class=\"small-12 medium-6 large-6 columns\">Lota\u00e7\u00e3o<br \/>\n<span class=\"wpcf7-form-control-wrap\" data-name=\"lotacao\"><input size=\"40\" maxlength=\"400\" class=\"wpcf7-form-control wpcf7-text wpcf7-validates-as-required\" aria-required=\"true\" aria-invalid=\"false\" value=\"\" type=\"text\" name=\"lotacao\" \/><\/span> <\/label>\n<\/p>\n<p><label class=\"small-12 medium-6 large-6 columns\">Cargo<br \/>\n<span class=\"wpcf7-form-control-wrap\" data-name=\"cargo\"><input size=\"40\" maxlength=\"400\" class=\"wpcf7-form-control wpcf7-text wpcf7-validates-as-required small-12\" aria-required=\"true\" aria-invalid=\"false\" value=\"\" type=\"text\" name=\"cargo\" \/><\/span> <\/label>\n<\/p>\n<p><label class=\"small-12 medium-6 large-6 columns\">Telefone Celular:<br \/>\n<span class=\"wpcf7-form-control-wrap\" data-name=\"tel\"><input size=\"40\" maxlength=\"400\" class=\"wpcf7-form-control wpcf7-tel wpcf7-validates-as-required wpcf7-text wpcf7-validates-as-tel small-12\" aria-required=\"true\" aria-invalid=\"false\" value=\"\" type=\"tel\" name=\"tel\" \/><\/span> <\/label>\n<\/p>\n<p><label class=\"small-12 medium-6 large-6 columns\">E-mail<br \/>\n<span class=\"wpcf7-form-control-wrap\" data-name=\"email-584\"><input size=\"40\" maxlength=\"400\" class=\"wpcf7-form-control wpcf7-email wpcf7-validates-as-required wpcf7-text wpcf7-validates-as-email\" autocomplete=\"email\" aria-required=\"true\" aria-invalid=\"false\" value=\"\" type=\"email\" name=\"email-584\" \/><\/span> <\/label>\n<\/p>\n<p><label  class=\"small-12 medium-12 large-12 columns\"> Relacionar os equipamentos\/ simuladores para os quais possui treinamento e est\u00e1 apto a utilizar:<br \/>\n<span class=\"wpcf7-form-control-wrap\" data-name=\"textarea-524\"><textarea cols=\"40\" rows=\"10\" maxlength=\"2000\" class=\"wpcf7-form-control wpcf7-textarea wpcf7-validates-as-required\" aria-required=\"true\" aria-invalid=\"false\" name=\"textarea-524\"><\/textarea><\/span> <\/label>\n<\/p>\n<p>Venho, por meio deste solicitar autoriza\u00e7\u00e3o para o uso do Laborat\u00f3rio de Habilidades e Simula\u00e7\u00e3o M\u00e9dica e declaro que assumo a responsabilidade pelos simuladores, equipamentos e insumos dispon\u00edveis no laborat\u00f3rio durante minha perman\u00eancia e de meus alunos.\n<\/p>\n<p>Comprometo-me ainda a cumprir e a fazer cumprir as normas e regulamentos de utiliza\u00e7\u00e3o do laborat\u00f3rio.\n<\/p>\n<p>Estou ciente de que a m\u00e1 utiliza\u00e7\u00e3o dos mesmos acarretar\u00e1 em custos de reparo e\/ou reposi\u00e7\u00e3o, cuja responsabilidade de custeio ser\u00e1 atribu\u00edda a mim, como respons\u00e1vel pelo equipamento ou material.\n<\/p>\n<p><a href=\"https:\/\/saude.ufpr.br\/labsim\/normas\/\" target=\"_blank\">Normas de uso do Laborat\u00f3rio<\/a>\n<\/p>\n<p><span class=\"wpcf7-form-control-wrap\" data-name=\"acceptance-536\"><span class=\"wpcf7-form-control wpcf7-acceptance\"><span class=\"wpcf7-list-item\"><label><input type=\"checkbox\" name=\"acceptance-536\" value=\"1\" aria-invalid=\"false\" \/><span class=\"wpcf7-list-item-label\">Declaro estar ciente das Normas e Diretrizes.<\/span><\/label><\/span><\/span><\/span>\n<\/p>\n<p><input class=\"wpcf7-form-control wpcf7-submit has-spinner\" type=\"submit\" value=\"Enviar\" \/>\n<\/p>\n<p><b> OBSERVA\u00c7\u00c3O: ESTE FORMUL\u00c1RIO \u00c9 DE USO EXCLUSIVO PARA RESERVA DO LABORAT\u00d3RIO PARA AULAS PR\u00c1TICAS. \u00c9 PROIBIDA A RESERVA PARA FINS DE PALESTRAS, AULAS COM CONVIDADOS OU PARTICIPANTES EXTERNOS OU AINDA CURSOS, WORKSHOPS DE QUALQUER ESP\u00c9CIE (PAGOS OU GRATUITOS). <\/b>\n<\/p><div class=\"wpcf7-response-output\" aria-hidden=\"true\"><\/div>\n<\/form>\n<\/div>\n\n<p><a href=\"https:\/\/saude.ufpr.br\/labsim\/agendas\/\" target=\"_blank\" rel=\"noopener\"><strong>Confira a Agenda de disponibilidade<\/strong><\/a><\/p>\n","protected":false},"excerpt":{"rendered":"<p>Confira a Agenda de disponibilidade<\/p>\n","protected":false},"author":1615,"featured_media":0,"parent":0,"menu_order":0,"comment_status":"closed","ping_status":"closed","template":"","meta":{"_acf_changed":false,"_uag_custom_page_level_css":"","footnotes":""},"class_list":["post-729","page","type-page","status-publish","hentry"],"acf":[],"featured_image_src":null,"uagb_featured_image_src":{"full":false,"thumbnail":false,"medium":false,"medium_large":false,"large":false,"1536x1536":false,"2048x2048":false,"noticias-thumb":false,"banners-thumb":false,"maisnoticias-thumb":false,"post-thumbnail":false},"uagb_author_info":{"display_name":"Guilherme","author_link":"https:\/\/saude.ufpr.br\/labsim\/author\/guilhermematos\/"},"uagb_comment_info":0,"uagb_excerpt":"Confira a Agenda de disponibilidade","publishpress_future_action":{"enabled":false,"date":"2026-05-01 10:21:20","action":"change-status","newStatus":"draft","terms":[],"taxonomy":"","extraData":[]},"publishpress_future_workflow_manual_trigger":{"enabledWorkflows":[]},"_links":{"self":[{"href":"https:\/\/saude.ufpr.br\/labsim\/wp-json\/wp\/v2\/pages\/729","targetHints":{"allow":["GET"]}}],"collection":[{"href":"https:\/\/saude.ufpr.br\/labsim\/wp-json\/wp\/v2\/pages"}],"about":[{"href":"https:\/\/saude.ufpr.br\/labsim\/wp-json\/wp\/v2\/types\/page"}],"author":[{"embeddable":true,"href":"https:\/\/saude.ufpr.br\/labsim\/wp-json\/wp\/v2\/users\/1615"}],"replies":[{"embeddable":true,"href":"https:\/\/saude.ufpr.br\/labsim\/wp-json\/wp\/v2\/comments?post=729"}],"version-history":[{"count":3,"href":"https:\/\/saude.ufpr.br\/labsim\/wp-json\/wp\/v2\/pages\/729\/revisions"}],"predecessor-version":[{"id":765,"href":"https:\/\/saude.ufpr.br\/labsim\/wp-json\/wp\/v2\/pages\/729\/revisions\/765"}],"wp:attachment":[{"href":"https:\/\/saude.ufpr.br\/labsim\/wp-json\/wp\/v2\/media?parent=729"}],"curies":[{"name":"wp","href":"https:\/\/api.w.org\/{rel}","templated":true}]}}