{"id":732,"date":"2023-10-31T13:31:54","date_gmt":"2023-10-31T16:31:54","guid":{"rendered":"https:\/\/saude.ufpr.br\/labsim\/?page_id=732"},"modified":"2023-10-31T13:31:54","modified_gmt":"2023-10-31T16:31:54","slug":"normas","status":"publish","type":"page","link":"https:\/\/saude.ufpr.br\/labsim\/normas\/","title":{"rendered":"Normas"},"content":{"rendered":"<p><strong>NORMAS:<\/strong><\/p>\n<ul>\n<li>\u00c9 proibida a entrada nas depend\u00eancias do laborat\u00f3rio de professores e alunos portando alimentos, bebidas, perfuro cortantes, canetas, bolsas, malas, etc.<\/li>\n<li>\u00a0Ser\u00e1 disponibilizado guarda volumes para professores e alunos mediante apresenta\u00e7\u00e3o de documentos.<\/li>\n<li>\u00a0\u00c9 proibida a entrada de pessoas n\u00e3o autorizadas.<\/li>\n<li>\u00c9 proibida a perman\u00eancia de alunos sem o acompanhamento de professor autorizado.<\/li>\n<li>Obrigat\u00f3ria utiliza\u00e7\u00e3o de jaleco por parte de professores e alunos.<\/li>\n<li>Obrigat\u00f3ria utiliza\u00e7\u00e3o de luvas no manuseio dos equipamentos e simuladores.<\/li>\n<li>\u00a0\u00c9 de responsabilidade do professor organizar e conferir os equipamentos e insumos antes e depois de cada aula, bem como informar a equipe do Laborat\u00f3rio sobre a exist\u00eancia de ocorr\u00eancias como, por exemplo, funcionamento de pilhas, equipamentos ou simuladores danificados durante a aula.<\/li>\n<li>Os monitores existentes s\u00e3o dedicados exclusivamente para disciplina de Treinamento e Simula\u00e7\u00e3o.<\/li>\n<li>Quando utilizado pela primeira vez um simulador de alta complexidade, \u00e9 necess\u00e1rio agendar um hor\u00e1rio com algum professor\/monitor para capacita\u00e7\u00e3o antes de solicitar a reserva.<\/li>\n<li>Caso o professor ou aluno traga algum equipamento para aula, dever\u00e1 registrar na secretaria antes da entrada no laborat\u00f3rio.<\/li>\n<li>Capacidade total do laborat\u00f3rio \u00e9 de 30 usu\u00e1rios.<\/li>\n<li>Capacidade por professor\/sala \u00e9 de 08 pessoas.<\/li>\n<li>Solicita\u00e7\u00e3o mediante preenchimento do formul\u00e1rio de Solicita\u00e7\u00e3o de Reserva, com anteced\u00eancia m\u00ednima de 15 dias, sujeito \u00e0 aprova\u00e7\u00e3o da coordena\u00e7\u00e3o.<\/li>\n<li>O Laborat\u00f3rio \u00e9 para uso exclusivo de aulas pr\u00e1ticas.<\/li>\n<\/ul>\n","protected":false},"excerpt":{"rendered":"<p>NORMAS: \u00c9 proibida a entrada nas depend\u00eancias do laborat\u00f3rio de professores e alunos portando alimentos, bebidas, perfuro cortantes, canetas, bolsas, malas, etc. \u00a0Ser\u00e1 disponibilizado guarda volumes para professores e alunos mediante apresenta\u00e7\u00e3o de documentos. \u00a0\u00c9 proibida a entrada de pessoas n\u00e3o autorizadas. \u00c9 proibida a perman\u00eancia de alunos sem o acompanhamento de professor autorizado. Obrigat\u00f3ria [&hellip;]<\/p>\n","protected":false},"author":1615,"featured_media":0,"parent":0,"menu_order":0,"comment_status":"closed","ping_status":"closed","template":"","meta":{"_acf_changed":false,"_uag_custom_page_level_css":"","footnotes":""},"class_list":["post-732","page","type-page","status-publish","hentry"],"acf":[],"featured_image_src":null,"uagb_featured_image_src":{"full":false,"thumbnail":false,"medium":false,"medium_large":false,"large":false,"1536x1536":false,"2048x2048":false,"noticias-thumb":false,"banners-thumb":false,"maisnoticias-thumb":false,"post-thumbnail":false},"uagb_author_info":{"display_name":"Guilherme","author_link":"https:\/\/saude.ufpr.br\/labsim\/author\/guilhermematos\/"},"uagb_comment_info":0,"uagb_excerpt":"NORMAS: \u00c9 proibida a entrada nas depend\u00eancias do laborat\u00f3rio de professores e alunos portando alimentos, bebidas, perfuro cortantes, canetas, bolsas, malas, etc. \u00a0Ser\u00e1 disponibilizado guarda volumes para professores e alunos mediante apresenta\u00e7\u00e3o de documentos. \u00a0\u00c9 proibida a entrada de pessoas n\u00e3o autorizadas. \u00c9 proibida a perman\u00eancia de alunos sem o acompanhamento de professor autorizado. Obrigat\u00f3ria&hellip;","publishpress_future_action":{"enabled":false,"date":"2026-05-01 19:13:03","action":"change-status","newStatus":"draft","terms":[],"taxonomy":"","extraData":[]},"publishpress_future_workflow_manual_trigger":{"enabledWorkflows":[]},"_links":{"self":[{"href":"https:\/\/saude.ufpr.br\/labsim\/wp-json\/wp\/v2\/pages\/732","targetHints":{"allow":["GET"]}}],"collection":[{"href":"https:\/\/saude.ufpr.br\/labsim\/wp-json\/wp\/v2\/pages"}],"about":[{"href":"https:\/\/saude.ufpr.br\/labsim\/wp-json\/wp\/v2\/types\/page"}],"author":[{"embeddable":true,"href":"https:\/\/saude.ufpr.br\/labsim\/wp-json\/wp\/v2\/users\/1615"}],"replies":[{"embeddable":true,"href":"https:\/\/saude.ufpr.br\/labsim\/wp-json\/wp\/v2\/comments?post=732"}],"version-history":[{"count":1,"href":"https:\/\/saude.ufpr.br\/labsim\/wp-json\/wp\/v2\/pages\/732\/revisions"}],"predecessor-version":[{"id":733,"href":"https:\/\/saude.ufpr.br\/labsim\/wp-json\/wp\/v2\/pages\/732\/revisions\/733"}],"wp:attachment":[{"href":"https:\/\/saude.ufpr.br\/labsim\/wp-json\/wp\/v2\/media?parent=732"}],"curies":[{"name":"wp","href":"https:\/\/api.w.org\/{rel}","templated":true}]}}