{"id":1318,"date":"2019-02-04T08:09:11","date_gmt":"2019-02-04T10:09:11","guid":{"rendered":"https:\/\/saude.ufpr.br\/medicina\/?page_id=1318"},"modified":"2019-02-04T15:22:47","modified_gmt":"2019-02-04T17:22:47","slug":"imunizacao","status":"publish","type":"page","link":"https:\/\/saude.ufpr.br\/medicina\/imunizacao\/","title":{"rendered":"Imuniza\u00e7\u00e3o"},"content":{"rendered":"<p><strong>V<\/strong><strong>acinas indicadas para os alunos antes de iniciarem atividades no CHC\/UFPR ou outros servi\u00e7os de sa\u00fade<\/strong><\/p>\n<p><a href=\"https:\/\/saude.ufpr.br\/medicina\/wp-content\/uploads\/sites\/10\/2019\/02\/vacinas-imagem-2.jpg\"><img fetchpriority=\"high\" decoding=\"async\" class=\"alignnone  wp-image-1327\" src=\"https:\/\/saude.ufpr.br\/medicina\/wp-content\/uploads\/sites\/10\/2019\/02\/vacinas-imagem-2-300x247.jpg\" alt=\"\" width=\"802\" height=\"660\" srcset=\"https:\/\/saude.ufpr.br\/medicina\/wp-content\/uploads\/sites\/10\/2019\/02\/vacinas-imagem-2-300x247.jpg 300w, https:\/\/saude.ufpr.br\/medicina\/wp-content\/uploads\/sites\/10\/2019\/02\/vacinas-imagem-2.jpg 481w\" sizes=\"(max-width: 802px) 100vw, 802px\" \/><\/a><\/p>\n<p><span style=\"font-size: 13.3333px\">1.<\/span> A defini\u00e7\u00e3o das vacinas\/doses necess\u00e1rias depende das doses recebidas anteriormente (s\u00e3o doses v\u00e1lidas somente as registradas em carteira de vacina\u00e7\u00e3o ou prontu\u00e1rio de servi\u00e7os de sa\u00fade).<\/p>\n<p>A pessoa que <strong>perdeu<\/strong> sua carteira de vacina\u00e7\u00e3o pode tentar resgatar uma segunda via no servi\u00e7o onde realizou as vacinas, caso contr\u00e1rio dever\u00e1 reiniciar todo o esquema de vacina\u00e7\u00e3o segundo o esquema acima.<\/p>\n<p>Para saber a unidade de sa\u00fade de refer\u00eancia em Curitiba acessar a p\u00e1gina do aplicativo \u201cSa\u00fade J\u00e1 Curitiba\u201d: <a href=\"http:\/\/www.saudeja.curitiba.pr.gov.br\/\">http:\/\/www.saudeja.curitiba.pr.gov.br\/<\/a>.<\/p>\n<p>&nbsp;<\/p>\n<p>2. A sorologia pode ser realizada gratuitamente nos seguintes locais:<\/p>\n<p>\u2192 No servi\u00e7o p\u00fablico, somente na Unidade de Sa\u00fade mais pr\u00f3xima da resid\u00eancia. \u00c9 necess\u00e1rio cadastro (documentos: comprovante de resid\u00eancia e documento de identifica\u00e7\u00e3o);<\/p>\n<p>\u2192 Na Casa 3, no Centro Polit\u00e9cnico. \u00c9 necess\u00e1rio agendar uma consulta com um m\u00e9dico do servi\u00e7o, que solicitar\u00e1 a sorologia fone: 33633066).<\/p>\n<p>&nbsp;<\/p>\n<p>3. Para obter receita para a vacina para varicela mandar e-mail para <a href=\"mailto:vacinamedufpr@gmail.com\">vacinamedufpr@gmail.com<\/a><\/p>\n<p>4. A vacina contra febre amarela passou a ser indicada para a popula\u00e7\u00e3o de 9 meses a 60 anos de toda a Regi\u00e3o Sul a partir de julho de 2018. A situa\u00e7\u00e3o atual \u00e9 de risco no Paran\u00e1 com mortes de macacos por febre amarela em Antonina, em janeiro de 2019.<\/p>\n<p><strong>\u00a0<\/strong><\/p>\n<p><strong>D\u00favidas: <\/strong>enviar e-mail para <a href=\"mailto:vacinamedufpr@gmail.com\"><strong>vacinamedufpr@gmail.com<\/strong><\/a><\/p>\n<p><strong>Docente respons\u00e1vel: Prof. Dra. Karin Luhn<\/strong><\/p>\n","protected":false},"excerpt":{"rendered":"<p>Vacinas indicadas para os alunos antes de iniciarem atividades no CHC\/UFPR ou outros servi\u00e7os de sa\u00fade 1. A defini\u00e7\u00e3o das vacinas\/doses necess\u00e1rias depende das doses recebidas anteriormente (s\u00e3o doses v\u00e1lidas somente as registradas em carteira de vacina\u00e7\u00e3o ou prontu\u00e1rio de servi\u00e7os de sa\u00fade). A pessoa que perdeu sua carteira de vacina\u00e7\u00e3o pode tentar resgatar uma<br \/> <a href=\"https:\/\/saude.ufpr.br\/medicina\/imunizacao\/\" class=\"button success small readmore\">Leia mais<\/a><\/p>\n","protected":false},"author":15,"featured_media":0,"parent":0,"menu_order":0,"comment_status":"closed","ping_status":"closed","template":"","meta":{"_acf_changed":false,"_uag_custom_page_level_css":"","footnotes":""},"class_list":["post-1318","page","type-page","status-publish","hentry"],"acf":[],"featured_image_src":null,"uagb_featured_image_src":{"full":false,"thumbnail":false,"medium":false,"medium_large":false,"large":false,"1536x1536":false,"2048x2048":false,"noticias-thumb":false,"banners-thumb":false,"maisnoticias-thumb":false,"post-thumbnail":false},"uagb_author_info":{"display_name":"Andrea Jankoski","author_link":"https:\/\/saude.ufpr.br\/medicina\/author\/andrea\/"},"uagb_comment_info":0,"uagb_excerpt":"Vacinas indicadas para os alunos antes de iniciarem atividades no CHC\/UFPR ou outros servi\u00e7os de sa\u00fade 1. A defini\u00e7\u00e3o das vacinas\/doses necess\u00e1rias depende das doses recebidas anteriormente (s\u00e3o doses v\u00e1lidas somente as registradas em carteira de vacina\u00e7\u00e3o ou prontu\u00e1rio de servi\u00e7os de sa\u00fade). A pessoa que perdeu sua carteira de vacina\u00e7\u00e3o pode tentar resgatar uma&hellip;","publishpress_future_action":{"enabled":false,"date":"2026-04-25 05:31:56","action":"change-status","newStatus":"draft","terms":[],"taxonomy":"","extraData":[]},"publishpress_future_workflow_manual_trigger":{"enabledWorkflows":[]},"_links":{"self":[{"href":"https:\/\/saude.ufpr.br\/medicina\/wp-json\/wp\/v2\/pages\/1318","targetHints":{"allow":["GET"]}}],"collection":[{"href":"https:\/\/saude.ufpr.br\/medicina\/wp-json\/wp\/v2\/pages"}],"about":[{"href":"https:\/\/saude.ufpr.br\/medicina\/wp-json\/wp\/v2\/types\/page"}],"author":[{"embeddable":true,"href":"https:\/\/saude.ufpr.br\/medicina\/wp-json\/wp\/v2\/users\/15"}],"replies":[{"embeddable":true,"href":"https:\/\/saude.ufpr.br\/medicina\/wp-json\/wp\/v2\/comments?post=1318"}],"version-history":[{"count":3,"href":"https:\/\/saude.ufpr.br\/medicina\/wp-json\/wp\/v2\/pages\/1318\/revisions"}],"predecessor-version":[{"id":1328,"href":"https:\/\/saude.ufpr.br\/medicina\/wp-json\/wp\/v2\/pages\/1318\/revisions\/1328"}],"wp:attachment":[{"href":"https:\/\/saude.ufpr.br\/medicina\/wp-json\/wp\/v2\/media?parent=1318"}],"curies":[{"name":"wp","href":"https:\/\/api.w.org\/{rel}","templated":true}]}}