{"id":1331,"date":"2019-02-11T11:01:45","date_gmt":"2019-02-11T13:01:45","guid":{"rendered":"https:\/\/saude.ufpr.br\/medicina\/?page_id=1331"},"modified":"2022-01-21T15:05:05","modified_gmt":"2022-01-21T18:05:05","slug":"curriculo-versao-1993","status":"publish","type":"page","link":"https:\/\/saude.ufpr.br\/medicina\/curriculo-versao-1993\/","title":{"rendered":"Curr\u00edculo &#8211; Vers\u00e3o 1993"},"content":{"rendered":"<p><strong>Programa Pedag\u00f3gico Curricular de 1993<\/strong><\/p>\n<p>Para alunos ingressantes entre 1993 e 2010.\u00a0\u00a0Em caso de d\u00favidas, para confirmar a vers\u00e3o do seu curr\u00edculo, verificar no canto superior direito do Hist\u00f3rico Escolar.<\/p>\n<p><a href=\"https:\/\/saude.ufpr.br\/medicina\/wp-content\/uploads\/sites\/10\/2022\/01\/CEPE-62-96-AJUSTE-MEDICINA.pdf\" target=\"_blank\" rel=\"noopener\">Resolu\u00e7\u00e3o n\u00ba 62\/1996 &#8211; CEPE<\/a><\/p>\n<p>Para visualizar as ementas das disciplinas separadas por per\u00edodo <a href=\"https:\/\/drive.google.com\/open?id=1PRSUaX3t9-L8LFy29M4QuXA422bSlLe2\" target=\"_blank\" rel=\"noopener\">clique aqui<\/a>.<\/p>\n<p>Para visualizar as ementas das disciplinas optativas <a href=\"https:\/\/drive.google.com\/drive\/folders\/1TXNfULhSX3nxbGPh9o6-Bldao7pNtVvw?usp=sharing\" target=\"_blank\" rel=\"noopener\">clique aqui<\/a>.<\/p>\n<p>&nbsp;<\/p>\n<p>&nbsp;<\/p>\n<p>&nbsp;<\/p>\n","protected":false},"excerpt":{"rendered":"<p>Programa Pedag\u00f3gico Curricular de 1993 Para alunos ingressantes entre 1993 e 2010.\u00a0\u00a0Em caso de d\u00favidas, para confirmar a vers\u00e3o do seu curr\u00edculo, verificar no canto superior direito do Hist\u00f3rico Escolar. Resolu\u00e7\u00e3o n\u00ba 62\/1996 &#8211; CEPE Para visualizar as ementas das disciplinas separadas por per\u00edodo clique aqui. Para visualizar as ementas das disciplinas optativas clique aqui.<br \/> <a href=\"https:\/\/saude.ufpr.br\/medicina\/curriculo-versao-1993\/\" class=\"button success small readmore\">Leia mais<\/a><\/p>\n","protected":false},"author":15,"featured_media":0,"parent":0,"menu_order":0,"comment_status":"closed","ping_status":"closed","template":"","meta":{"_acf_changed":false,"_uag_custom_page_level_css":"","footnotes":""},"class_list":["post-1331","page","type-page","status-publish","hentry"],"acf":[],"featured_image_src":null,"uagb_featured_image_src":{"full":false,"thumbnail":false,"medium":false,"medium_large":false,"large":false,"1536x1536":false,"2048x2048":false,"noticias-thumb":false,"banners-thumb":false,"maisnoticias-thumb":false,"post-thumbnail":false},"uagb_author_info":{"display_name":"Andrea Jankoski","author_link":"https:\/\/saude.ufpr.br\/medicina\/author\/andrea\/"},"uagb_comment_info":0,"uagb_excerpt":"Programa Pedag\u00f3gico Curricular de 1993 Para alunos ingressantes entre 1993 e 2010.\u00a0\u00a0Em caso de d\u00favidas, para confirmar a vers\u00e3o do seu curr\u00edculo, verificar no canto superior direito do Hist\u00f3rico Escolar. Resolu\u00e7\u00e3o n\u00ba 62\/1996 &#8211; CEPE Para visualizar as ementas das disciplinas separadas por per\u00edodo clique aqui. Para visualizar as ementas das disciplinas optativas clique aqui.&hellip;","publishpress_future_action":{"enabled":false,"date":"2026-04-22 06:11:34","action":"change-status","newStatus":"draft","terms":[],"taxonomy":"","extraData":[]},"publishpress_future_workflow_manual_trigger":{"enabledWorkflows":[]},"_links":{"self":[{"href":"https:\/\/saude.ufpr.br\/medicina\/wp-json\/wp\/v2\/pages\/1331","targetHints":{"allow":["GET"]}}],"collection":[{"href":"https:\/\/saude.ufpr.br\/medicina\/wp-json\/wp\/v2\/pages"}],"about":[{"href":"https:\/\/saude.ufpr.br\/medicina\/wp-json\/wp\/v2\/types\/page"}],"author":[{"embeddable":true,"href":"https:\/\/saude.ufpr.br\/medicina\/wp-json\/wp\/v2\/users\/15"}],"replies":[{"embeddable":true,"href":"https:\/\/saude.ufpr.br\/medicina\/wp-json\/wp\/v2\/comments?post=1331"}],"version-history":[{"count":6,"href":"https:\/\/saude.ufpr.br\/medicina\/wp-json\/wp\/v2\/pages\/1331\/revisions"}],"predecessor-version":[{"id":2390,"href":"https:\/\/saude.ufpr.br\/medicina\/wp-json\/wp\/v2\/pages\/1331\/revisions\/2390"}],"wp:attachment":[{"href":"https:\/\/saude.ufpr.br\/medicina\/wp-json\/wp\/v2\/media?parent=1331"}],"curies":[{"name":"wp","href":"https:\/\/api.w.org\/{rel}","templated":true}]}}