{"id":1370,"date":"2019-02-14T15:07:10","date_gmt":"2019-02-14T17:07:10","guid":{"rendered":"https:\/\/saude.ufpr.br\/medicina\/?page_id=1370"},"modified":"2026-02-12T08:13:33","modified_gmt":"2026-02-12T11:13:33","slug":"calendario-2","status":"publish","type":"page","link":"https:\/\/saude.ufpr.br\/medicina\/calendario-2\/","title":{"rendered":"Calend\u00e1rio &#8211; Colegiado"},"content":{"rendered":"<p style=\"text-align: center\"><strong>DATAS DAS REUNI\u00d5ES ORDIN\u00c1RIAS DO COLEGIADO DE MEDICINA DE 2026<br \/>\n(sexta-feira \u00e0s 9h00)<\/strong><\/p>\n<p>&nbsp;<\/p>\n<table style=\"height: 832px\" width=\"458\">\n<tbody>\n<tr>\n<td width=\"151\">\n<p style=\"text-align: center\"><strong>M\u00caS <\/strong><\/p>\n<\/td>\n<td style=\"text-align: left\" width=\"153\">\n<p style=\"text-align: center\"><strong>COLEGIADO<\/strong><\/p>\n<p style=\"text-align: center\"><strong>(sexta)<\/strong><\/p>\n<\/td>\n<td style=\"text-align: left\" width=\"171\">\n<p style=\"text-align: center\"><strong>CONSELHO SETORIAL<\/strong><\/p>\n<p style=\"text-align: center\"><strong>(segunda)<\/strong><\/p>\n<\/td>\n<\/tr>\n<tr>\n<td style=\"text-align: left\" width=\"151\"><strong>Janeiro<\/strong><\/td>\n<td style=\"text-align: center\" width=\"153\">30<\/td>\n<td style=\"text-align: center\" width=\"171\">XX<\/td>\n<\/tr>\n<tr>\n<td width=\"151\"><strong>Fevereiro<\/strong><\/td>\n<td style=\"text-align: center\" width=\"153\">XX<\/td>\n<td style=\"text-align: center\" width=\"171\">09<\/td>\n<\/tr>\n<tr>\n<td width=\"151\"><strong>Mar\u00e7o<\/strong><\/td>\n<td style=\"text-align: center\" width=\"153\">13<\/td>\n<td style=\"text-align: center\" width=\"171\">23<\/td>\n<\/tr>\n<tr>\n<td width=\"151\"><strong>Abril<\/strong><\/td>\n<td style=\"text-align: center\" width=\"153\">10<\/td>\n<td style=\"text-align: center\" width=\"171\">27<\/td>\n<\/tr>\n<tr>\n<td width=\"151\"><strong>Maio<\/strong><\/td>\n<td style=\"text-align: center\" width=\"153\">08<\/td>\n<td style=\"text-align: center\" width=\"171\">25<\/td>\n<\/tr>\n<tr>\n<td width=\"151\"><strong>Junho<\/strong><\/td>\n<td style=\"text-align: center\" width=\"153\">12<\/td>\n<td style=\"text-align: center\" width=\"171\">29<\/td>\n<\/tr>\n<tr>\n<td width=\"151\"><strong>Julho<\/strong><\/td>\n<td style=\"text-align: center\" width=\"153\">17<\/td>\n<td style=\"text-align: center\" width=\"171\">XX<\/td>\n<\/tr>\n<tr>\n<td width=\"151\"><strong>Agosto<\/strong><\/td>\n<td style=\"text-align: center\" width=\"153\">14<\/td>\n<td style=\"text-align: center\" width=\"171\">04 e 31<\/td>\n<\/tr>\n<tr>\n<td style=\"text-align: left\" width=\"151\"><strong>Setembro<\/strong><\/td>\n<td style=\"text-align: center\" width=\"153\">11<\/td>\n<td style=\"text-align: center\" width=\"171\">28<\/td>\n<\/tr>\n<tr>\n<td width=\"151\"><strong>Outubro<\/strong><\/td>\n<td style=\"text-align: center\" width=\"153\">09<\/td>\n<td style=\"text-align: center\" width=\"171\">27<\/td>\n<\/tr>\n<tr>\n<td width=\"151\"><strong>Novembro<\/strong><\/td>\n<td style=\"text-align: center\" width=\"153\">13<\/td>\n<td style=\"text-align: center\" width=\"171\">23<\/td>\n<\/tr>\n<tr>\n<td style=\"text-align: left\" width=\"151\"><strong>Dezembro<\/strong><\/td>\n<td style=\"text-align: center\" width=\"153\">04<\/td>\n<td width=\"171\">\n<p style=\"text-align: center\">14<\/p>\n<\/td>\n<\/tr>\n<\/tbody>\n<\/table>\n<p>&nbsp;<\/p>\n<p style=\"text-align: center\"><strong>ATEN\u00c7\u00c3O AOS PRAZOS DE ENVIO DE PROCESSO PARA A CMED:<\/strong><\/p>\n<p style=\"text-align: center\">Processos com relator \u2013 enviar at\u00e9 10 dias antes da reuni\u00e3o<\/p>\n<p style=\"text-align: center\">Processos sem relator \u2013 enviar at\u00e9 5 dias antes da reuni\u00e3o<\/p>\n","protected":false},"excerpt":{"rendered":"<p>DATAS DAS REUNI\u00d5ES ORDIN\u00c1RIAS DO COLEGIADO DE MEDICINA DE 2026 (sexta-feira \u00e0s 9h00) &nbsp; M\u00caS COLEGIADO (sexta) CONSELHO SETORIAL (segunda) Janeiro 30 XX Fevereiro XX 09 Mar\u00e7o 13 23 Abril 10 27 Maio 08 25 Junho 12 29 Julho 17 XX Agosto 14 04 e 31 Setembro 11 28 Outubro 09 27 Novembro 13 23<br \/> <a href=\"https:\/\/saude.ufpr.br\/medicina\/calendario-2\/\" class=\"button success small readmore\">Leia mais<\/a><\/p>\n","protected":false},"author":1615,"featured_media":0,"parent":0,"menu_order":0,"comment_status":"closed","ping_status":"closed","template":"","meta":{"_acf_changed":false,"_uag_custom_page_level_css":"","footnotes":""},"class_list":["post-1370","page","type-page","status-publish","hentry"],"acf":[],"featured_image_src":null,"uagb_featured_image_src":{"full":false,"thumbnail":false,"medium":false,"medium_large":false,"large":false,"1536x1536":false,"2048x2048":false,"noticias-thumb":false,"banners-thumb":false,"maisnoticias-thumb":false,"post-thumbnail":false},"uagb_author_info":{"display_name":"Guilherme","author_link":"https:\/\/saude.ufpr.br\/medicina\/author\/guilhermematos\/"},"uagb_comment_info":0,"uagb_excerpt":"DATAS DAS REUNI\u00d5ES ORDIN\u00c1RIAS DO COLEGIADO DE MEDICINA DE 2026 (sexta-feira \u00e0s 9h00) &nbsp; M\u00caS COLEGIADO (sexta) CONSELHO SETORIAL (segunda) Janeiro 30 XX Fevereiro XX 09 Mar\u00e7o 13 23 Abril 10 27 Maio 08 25 Junho 12 29 Julho 17 XX Agosto 14 04 e 31 Setembro 11 28 Outubro 09 27 Novembro 13 23&hellip;","publishpress_future_action":{"enabled":false,"date":"2026-05-01 09:37:06","action":"change-status","newStatus":"draft","terms":[],"taxonomy":"","extraData":[]},"publishpress_future_workflow_manual_trigger":{"enabledWorkflows":[]},"_links":{"self":[{"href":"https:\/\/saude.ufpr.br\/medicina\/wp-json\/wp\/v2\/pages\/1370","targetHints":{"allow":["GET"]}}],"collection":[{"href":"https:\/\/saude.ufpr.br\/medicina\/wp-json\/wp\/v2\/pages"}],"about":[{"href":"https:\/\/saude.ufpr.br\/medicina\/wp-json\/wp\/v2\/types\/page"}],"author":[{"embeddable":true,"href":"https:\/\/saude.ufpr.br\/medicina\/wp-json\/wp\/v2\/users\/1615"}],"replies":[{"embeddable":true,"href":"https:\/\/saude.ufpr.br\/medicina\/wp-json\/wp\/v2\/comments?post=1370"}],"version-history":[{"count":19,"href":"https:\/\/saude.ufpr.br\/medicina\/wp-json\/wp\/v2\/pages\/1370\/revisions"}],"predecessor-version":[{"id":3775,"href":"https:\/\/saude.ufpr.br\/medicina\/wp-json\/wp\/v2\/pages\/1370\/revisions\/3775"}],"wp:attachment":[{"href":"https:\/\/saude.ufpr.br\/medicina\/wp-json\/wp\/v2\/media?parent=1370"}],"curies":[{"name":"wp","href":"https:\/\/api.w.org\/{rel}","templated":true}]}}