{"id":1439,"date":"2019-03-11T15:58:45","date_gmt":"2019-03-11T18:58:45","guid":{"rendered":"https:\/\/saude.ufpr.br\/medicina\/?page_id=1439"},"modified":"2025-05-19T08:15:20","modified_gmt":"2025-05-19T11:15:20","slug":"frequencias-e-faltas","status":"publish","type":"page","link":"https:\/\/saude.ufpr.br\/medicina\/frequencias-e-faltas\/","title":{"rendered":"Frequ\u00eancias e Faltas"},"content":{"rendered":"<p>Para obter aprova\u00e7\u00e3o numa determinada disciplina, \u00e9 necess\u00e1rio frequentar mais de 75% das aulas. Se faltar a mais de 25% das aulas, voc\u00ea estar\u00e1 reprovado ou reprovada, independentemente da nota obtida.<\/p>\n<p>As faltas n\u00e3o poder\u00e3o ser abonadas. Em alguns casos, entretanto, s\u00e3o permitidas dispensas de frequ\u00eancia, desde que sejam justificadas. S\u00e3o essas dispensas amparadas pelo Decreto-Lei n\u00ba 1.044\/69 e a Lei n\u00ba 6.202\/75. Nesses casos \u00e9 poss\u00edvel substituir a frequ\u00eancia por exerc\u00edcios domiciliares.<\/p>\n","protected":false},"excerpt":{"rendered":"<p>Para obter aprova\u00e7\u00e3o numa determinada disciplina, \u00e9 necess\u00e1rio frequentar mais de 75% das aulas. Se faltar a mais de 25% das aulas, voc\u00ea estar\u00e1 reprovado ou reprovada, independentemente da nota obtida. As faltas n\u00e3o poder\u00e3o ser abonadas. Em alguns casos, entretanto, s\u00e3o permitidas dispensas de frequ\u00eancia, desde que sejam justificadas. S\u00e3o essas dispensas amparadas pelo<br \/> <a href=\"https:\/\/saude.ufpr.br\/medicina\/frequencias-e-faltas\/\" class=\"button success small readmore\">Leia mais<\/a><\/p>\n","protected":false},"author":15,"featured_media":0,"parent":0,"menu_order":0,"comment_status":"closed","ping_status":"closed","template":"","meta":{"_acf_changed":false,"_uag_custom_page_level_css":"","footnotes":""},"class_list":["post-1439","page","type-page","status-publish","hentry"],"acf":[],"featured_image_src":null,"uagb_featured_image_src":{"full":false,"thumbnail":false,"medium":false,"medium_large":false,"large":false,"1536x1536":false,"2048x2048":false,"noticias-thumb":false,"banners-thumb":false,"maisnoticias-thumb":false,"post-thumbnail":false},"uagb_author_info":{"display_name":"Andrea Jankoski","author_link":"https:\/\/saude.ufpr.br\/medicina\/author\/andrea\/"},"uagb_comment_info":0,"uagb_excerpt":"Para obter aprova\u00e7\u00e3o numa determinada disciplina, \u00e9 necess\u00e1rio frequentar mais de 75% das aulas. Se faltar a mais de 25% das aulas, voc\u00ea estar\u00e1 reprovado ou reprovada, independentemente da nota obtida. As faltas n\u00e3o poder\u00e3o ser abonadas. Em alguns casos, entretanto, s\u00e3o permitidas dispensas de frequ\u00eancia, desde que sejam justificadas. S\u00e3o essas dispensas amparadas pelo&hellip;","publishpress_future_action":{"enabled":false,"date":"2026-04-25 06:34:04","action":"change-status","newStatus":"draft","terms":[],"taxonomy":"","extraData":[]},"publishpress_future_workflow_manual_trigger":{"enabledWorkflows":[]},"_links":{"self":[{"href":"https:\/\/saude.ufpr.br\/medicina\/wp-json\/wp\/v2\/pages\/1439","targetHints":{"allow":["GET"]}}],"collection":[{"href":"https:\/\/saude.ufpr.br\/medicina\/wp-json\/wp\/v2\/pages"}],"about":[{"href":"https:\/\/saude.ufpr.br\/medicina\/wp-json\/wp\/v2\/types\/page"}],"author":[{"embeddable":true,"href":"https:\/\/saude.ufpr.br\/medicina\/wp-json\/wp\/v2\/users\/15"}],"replies":[{"embeddable":true,"href":"https:\/\/saude.ufpr.br\/medicina\/wp-json\/wp\/v2\/comments?post=1439"}],"version-history":[{"count":3,"href":"https:\/\/saude.ufpr.br\/medicina\/wp-json\/wp\/v2\/pages\/1439\/revisions"}],"predecessor-version":[{"id":3434,"href":"https:\/\/saude.ufpr.br\/medicina\/wp-json\/wp\/v2\/pages\/1439\/revisions\/3434"}],"wp:attachment":[{"href":"https:\/\/saude.ufpr.br\/medicina\/wp-json\/wp\/v2\/media?parent=1439"}],"curies":[{"name":"wp","href":"https:\/\/api.w.org\/{rel}","templated":true}]}}