{"id":1441,"date":"2019-03-11T15:58:55","date_gmt":"2019-03-11T18:58:55","guid":{"rendered":"https:\/\/saude.ufpr.br\/medicina\/?page_id=1441"},"modified":"2025-05-19T08:23:37","modified_gmt":"2025-05-19T11:23:37","slug":"provas-e-notas","status":"publish","type":"page","link":"https:\/\/saude.ufpr.br\/medicina\/provas-e-notas\/","title":{"rendered":"Provas e Notas"},"content":{"rendered":"<p><strong>AVALIA\u00c7\u00d5ES:<\/strong><\/p>\n<p>No in\u00edcio das aulas, cada docente deve explicar os crit\u00e9rios e os procedimentos de avalia\u00e7\u00e3o da sua disciplina. Em fun\u00e7\u00e3o do seu aproveitamento nas avalia\u00e7\u00f5es, voc\u00ea receber\u00e1 uma nota, cujo valor m\u00e1ximo ser\u00e1 100 (cem). Para ser aprovado ou aprovada, sem a necessidade de exame final, sua frequ\u00eancia dever\u00e1 ser de, no m\u00ednimo 75% (setenta e cinco por cento) nas aulas e obter, na m\u00e9dia entre todas as avalia\u00e7\u00f5es, nota m\u00ednima igual a 70 (setenta).<\/p>\n<p>&nbsp;<\/p>\n<p><strong>EXAME FINAL:<\/strong><\/p>\n<p>No caso de obter uma m\u00e9dia inferior a 70 (setenta), mas igual ou superior a 40 (quarenta), voc\u00ea ter\u00e1 direito a fazer um exame final, que ser\u00e1 agendado numa semana especial dedicada a esses exames no calend\u00e1rio acad\u00eamico. No exame final, a m\u00e9dia para aprova\u00e7\u00e3o ser\u00e1 de 50 (cinquenta). Nas disciplinas anuais, existe ainda a possibilidade de segunda avalia\u00e7\u00e3o final, que dever\u00e1 ser requerida e executada nas datas previstas pelo calend\u00e1rio acad\u00eamico.<\/p>\n<p>&nbsp;<\/p>\n<p><strong>VISTA DA PROVA E REVIS\u00c3O DA NOTA:<\/strong><\/p>\n<p>Ap\u00f3s a divulga\u00e7\u00e3o do resultado das avalia\u00e7\u00f5es, voc\u00ea poder\u00e1 solicitar aos professores e professoras o acesso \u00e0 sua prova. Esse procedimento chama-se \u201cvista da prova\u201d. Se for o caso, voc\u00ea poder\u00e1 manifestar sua eventual discord\u00e2ncia com o resultado da avalia\u00e7\u00e3o diretamente ao\/\u00e0 docente. \u00c9 seu direito requerer a revis\u00e3o de prova ao departamento ao qual est\u00e1 vinculada a disciplina, no prazo de tr\u00eas dias ap\u00f3s realizar a vista da prova, esgotadas as tentativas de consenso.<\/p>\n<p>&nbsp;<\/p>\n<p><strong>SEGUNDA CHAMADA:<\/strong><\/p>\n<p>Se voc\u00ea, estudante, n\u00e3o puder comparecer a uma determinada avalia\u00e7\u00e3o, poder\u00e1 solicitar uma segunda oportunidade para realiz\u00e1-la, mas precisa apresentar um motivo relevante (veja Art. 106, da Res. CEPE 37\/97) para o n\u00e3o comparecimento. Para tanto, deve solicitar a segunda chamada ao professor, \u00e0 professora ou ao departamento em at\u00e9 5 (cinco) \u00fateis ap\u00f3s a avalia\u00e7\u00e3o n\u00e3o realizada. \u00c9 preciso apresentar documentos comprobat\u00f3rios para justificar a solicita\u00e7\u00e3o de segunda chamada.<\/p>\n<p>&nbsp;<\/p>\n<p><strong>LAN\u00c7AMENTO DE NOTAS:<\/strong><\/p>\n<p>\u00c9 de responsabilidade do(a) estudante, ao final do per\u00edodo letivo, conferir se consta no sistema SIGA o lan\u00e7amento de todas as notas, pois \u00e9 necess\u00e1rio que o lan\u00e7amento seja feito para que o hist\u00f3rico escolar seja atualizado.<\/p>\n<p><strong>IMPORTANTE:<\/strong> caso n\u00e3o conste o lan\u00e7amento de notas no SIGA at\u00e9 o in\u00edcio das matr\u00edculas do pr\u00f3ximo per\u00edodo, voc\u00ea estar\u00e1 sujeito ou sujeita:<br \/>\n\u2022 A perda de prioridade na matr\u00edcula em disciplina;<br \/>\n\u2022 Nos casos de disciplinas que s\u00e3o pr\u00e9-requisito, voc\u00ea, estudante, n\u00e3o conseguir\u00e1 solicitar a matr\u00edcula no sistema.<\/p>\n<p>&nbsp;<\/p>\n<p>&nbsp;<\/p>\n","protected":false},"excerpt":{"rendered":"<p>AVALIA\u00c7\u00d5ES: No in\u00edcio das aulas, cada docente deve explicar os crit\u00e9rios e os procedimentos de avalia\u00e7\u00e3o da sua disciplina. Em fun\u00e7\u00e3o do seu aproveitamento nas avalia\u00e7\u00f5es, voc\u00ea receber\u00e1 uma nota, cujo valor m\u00e1ximo ser\u00e1 100 (cem). Para ser aprovado ou aprovada, sem a necessidade de exame final, sua frequ\u00eancia dever\u00e1 ser de, no m\u00ednimo 75%<br \/> <a href=\"https:\/\/saude.ufpr.br\/medicina\/provas-e-notas\/\" class=\"button success small readmore\">Leia mais<\/a><\/p>\n","protected":false},"author":15,"featured_media":0,"parent":0,"menu_order":0,"comment_status":"closed","ping_status":"closed","template":"","meta":{"_acf_changed":false,"_uag_custom_page_level_css":"","footnotes":""},"class_list":["post-1441","page","type-page","status-publish","hentry"],"acf":[],"featured_image_src":null,"uagb_featured_image_src":{"full":false,"thumbnail":false,"medium":false,"medium_large":false,"large":false,"1536x1536":false,"2048x2048":false,"noticias-thumb":false,"banners-thumb":false,"maisnoticias-thumb":false,"post-thumbnail":false},"uagb_author_info":{"display_name":"Andrea Jankoski","author_link":"https:\/\/saude.ufpr.br\/medicina\/author\/andrea\/"},"uagb_comment_info":0,"uagb_excerpt":"AVALIA\u00c7\u00d5ES: No in\u00edcio das aulas, cada docente deve explicar os crit\u00e9rios e os procedimentos de avalia\u00e7\u00e3o da sua disciplina. Em fun\u00e7\u00e3o do seu aproveitamento nas avalia\u00e7\u00f5es, voc\u00ea receber\u00e1 uma nota, cujo valor m\u00e1ximo ser\u00e1 100 (cem). Para ser aprovado ou aprovada, sem a necessidade de exame final, sua frequ\u00eancia dever\u00e1 ser de, no m\u00ednimo 75%&hellip;","publishpress_future_action":{"enabled":false,"date":"2026-04-22 06:44:39","action":"change-status","newStatus":"draft","terms":[],"taxonomy":"","extraData":[]},"publishpress_future_workflow_manual_trigger":{"enabledWorkflows":[]},"_links":{"self":[{"href":"https:\/\/saude.ufpr.br\/medicina\/wp-json\/wp\/v2\/pages\/1441","targetHints":{"allow":["GET"]}}],"collection":[{"href":"https:\/\/saude.ufpr.br\/medicina\/wp-json\/wp\/v2\/pages"}],"about":[{"href":"https:\/\/saude.ufpr.br\/medicina\/wp-json\/wp\/v2\/types\/page"}],"author":[{"embeddable":true,"href":"https:\/\/saude.ufpr.br\/medicina\/wp-json\/wp\/v2\/users\/15"}],"replies":[{"embeddable":true,"href":"https:\/\/saude.ufpr.br\/medicina\/wp-json\/wp\/v2\/comments?post=1441"}],"version-history":[{"count":3,"href":"https:\/\/saude.ufpr.br\/medicina\/wp-json\/wp\/v2\/pages\/1441\/revisions"}],"predecessor-version":[{"id":3436,"href":"https:\/\/saude.ufpr.br\/medicina\/wp-json\/wp\/v2\/pages\/1441\/revisions\/3436"}],"wp:attachment":[{"href":"https:\/\/saude.ufpr.br\/medicina\/wp-json\/wp\/v2\/media?parent=1441"}],"curies":[{"name":"wp","href":"https:\/\/api.w.org\/{rel}","templated":true}]}}