{"id":1447,"date":"2019-03-11T15:59:58","date_gmt":"2019-03-11T18:59:58","guid":{"rendered":"https:\/\/saude.ufpr.br\/medicina\/?page_id=1447"},"modified":"2025-05-19T08:35:51","modified_gmt":"2025-05-19T11:35:51","slug":"jubilamento-e-cancelamento","status":"publish","type":"page","link":"https:\/\/saude.ufpr.br\/medicina\/jubilamento-e-cancelamento\/","title":{"rendered":"Jubilamento e Cancelamento"},"content":{"rendered":"<p><strong>JUBILAMENTO:<\/strong><\/p>\n<p>Conforme a Resolu\u00e7\u00e3o 37\/97 &#8211; CEPE. Todo(a) estudante deve integralizar o curso dentro do prazo m\u00e1ximo permitido. No caso do curso de Medicina, o prazo m\u00e1ximo para a integraliza\u00e7\u00e3o curricular \u00e9 de 18 semestres ou 9 anos.<\/p>\n<p>Os per\u00edodos de trancamento n\u00e3o se somam \u00e0 contabilidade do prazo de integraliza\u00e7\u00e3o do curso.<\/p>\n<p>Ser\u00e1 computado no prazo de integraliza\u00e7\u00e3o curricular o per\u00edodo correspondente ao afastamento do aluno para frequentar disciplina(s) ou participar de programas(s) decorrente(s) de conv\u00eanios celebrados pela UFPR com outras Universidades, nacionais ou estrangeiras.<\/p>\n<p>&nbsp;<\/p>\n<p><strong>CANCELAMENTO DE CURSO:<\/strong><\/p>\n<p>O cancelamento de registro acad\u00eamico \u00e9 o desligamento efetivo da UFPR. A partir da efetiva\u00e7\u00e3o do cancelamento, voc\u00ea, estudante, deixa de ter v\u00ednculo com a Institui\u00e7\u00e3o.<\/p>\n<p>A solicita\u00e7\u00e3o de cancelamento pode ser feita em qualquer \u00e9poca do ano.<\/p>\n<p>&nbsp;<\/p>\n<p><strong>ABANDONO DE CURSO:<\/strong><\/p>\n<p>Caracteriza-se o abandono de curso quando:<\/p>\n<p>a) o aluno n\u00e3o efetua a matr\u00edcula na coordena\u00e7\u00e3o de curso, esgotados os prazos previstos<br \/>\nb) o aluno efetua cancelamento de disciplina(s) que implique zerar sua carga hor\u00e1ria semanal, em qualquer dos semestres letivos, independentemente do regime do curso (anual, semestral ou misto) ao qual esteja vinculado.<br \/>\n<strong>IMPORTANTE<\/strong>: Verificada essa situa\u00e7\u00e3o, o aluno ser\u00e1 exclu\u00eddo da UFPR e ter\u00e1 seu registro cancelado, com a consequente perda de sua vaga, sendo vedado o seu retorno, exceto por novo ingresso regular previsto na Resolu\u00e7\u00e3o 37\/97 &#8211; CEPE.<\/p>\n","protected":false},"excerpt":{"rendered":"<p>JUBILAMENTO: Conforme a Resolu\u00e7\u00e3o 37\/97 &#8211; CEPE. Todo(a) estudante deve integralizar o curso dentro do prazo m\u00e1ximo permitido. No caso do curso de Medicina, o prazo m\u00e1ximo para a integraliza\u00e7\u00e3o curricular \u00e9 de 18 semestres ou 9 anos. Os per\u00edodos de trancamento n\u00e3o se somam \u00e0 contabilidade do prazo de integraliza\u00e7\u00e3o do curso. Ser\u00e1 computado<br \/> <a href=\"https:\/\/saude.ufpr.br\/medicina\/jubilamento-e-cancelamento\/\" class=\"button success small readmore\">Leia mais<\/a><\/p>\n","protected":false},"author":15,"featured_media":0,"parent":0,"menu_order":0,"comment_status":"closed","ping_status":"closed","template":"","meta":{"_acf_changed":false,"_uag_custom_page_level_css":"","footnotes":""},"class_list":["post-1447","page","type-page","status-publish","hentry"],"acf":[],"featured_image_src":null,"uagb_featured_image_src":{"full":false,"thumbnail":false,"medium":false,"medium_large":false,"large":false,"1536x1536":false,"2048x2048":false,"noticias-thumb":false,"banners-thumb":false,"maisnoticias-thumb":false,"post-thumbnail":false},"uagb_author_info":{"display_name":"Andrea Jankoski","author_link":"https:\/\/saude.ufpr.br\/medicina\/author\/andrea\/"},"uagb_comment_info":0,"uagb_excerpt":"JUBILAMENTO: Conforme a Resolu\u00e7\u00e3o 37\/97 &#8211; CEPE. Todo(a) estudante deve integralizar o curso dentro do prazo m\u00e1ximo permitido. No caso do curso de Medicina, o prazo m\u00e1ximo para a integraliza\u00e7\u00e3o curricular \u00e9 de 18 semestres ou 9 anos. Os per\u00edodos de trancamento n\u00e3o se somam \u00e0 contabilidade do prazo de integraliza\u00e7\u00e3o do curso. Ser\u00e1 computado&hellip;","publishpress_future_action":{"enabled":false,"date":"2026-05-10 01:26:09","action":"change-status","newStatus":"draft","terms":[],"taxonomy":"","extraData":[]},"publishpress_future_workflow_manual_trigger":{"enabledWorkflows":[]},"_links":{"self":[{"href":"https:\/\/saude.ufpr.br\/medicina\/wp-json\/wp\/v2\/pages\/1447","targetHints":{"allow":["GET"]}}],"collection":[{"href":"https:\/\/saude.ufpr.br\/medicina\/wp-json\/wp\/v2\/pages"}],"about":[{"href":"https:\/\/saude.ufpr.br\/medicina\/wp-json\/wp\/v2\/types\/page"}],"author":[{"embeddable":true,"href":"https:\/\/saude.ufpr.br\/medicina\/wp-json\/wp\/v2\/users\/15"}],"replies":[{"embeddable":true,"href":"https:\/\/saude.ufpr.br\/medicina\/wp-json\/wp\/v2\/comments?post=1447"}],"version-history":[{"count":3,"href":"https:\/\/saude.ufpr.br\/medicina\/wp-json\/wp\/v2\/pages\/1447\/revisions"}],"predecessor-version":[{"id":3438,"href":"https:\/\/saude.ufpr.br\/medicina\/wp-json\/wp\/v2\/pages\/1447\/revisions\/3438"}],"wp:attachment":[{"href":"https:\/\/saude.ufpr.br\/medicina\/wp-json\/wp\/v2\/media?parent=1447"}],"curies":[{"name":"wp","href":"https:\/\/api.w.org\/{rel}","templated":true}]}}