{"id":1555,"date":"2019-04-23T08:41:38","date_gmt":"2019-04-23T11:41:38","guid":{"rendered":"https:\/\/saude.ufpr.br\/medicina\/?page_id=1555"},"modified":"2025-01-08T09:15:45","modified_gmt":"2025-01-08T12:15:45","slug":"quebra-de-pre-requisito","status":"publish","type":"page","link":"https:\/\/saude.ufpr.br\/medicina\/quebra-de-pre-requisito\/","title":{"rendered":"Quebra de Pr\u00e9-requisito\/Requisito Especial"},"content":{"rendered":"<p>A <a href=\"https:\/\/saude.ufpr.br\/medicina\/wp-content\/uploads\/sites\/10\/2025\/01\/Resolucao0012024_pre-requisito.pdf\" target=\"_blank\" rel=\"noopener\">Resolu\u00e7\u00e3o n\u00ba 001\/2024 \u2013 CMED<\/a> estabeleceu as regras e normas com rela\u00e7\u00e3o aos <strong>Pedidos de quebra de pr\u00e9-requisito<\/strong>.<\/p>\n<p><a href=\"https:\/\/saude.ufpr.br\/medicina\/wp-content\/uploads\/sites\/10\/2020\/02\/Formul\u00e1rio-QUEBRA-DE-PRE-REQUISITO-15jan2020.pdf\" target=\"_blank\" rel=\"noopener\">CLIQUE AQUI<\/a> para visualizar o formul\u00e1rio para solicita\u00e7\u00e3o de quebra de pr\u00e9-requisito.<\/p>\n<p>A resolu\u00e7\u00e3o <a href=\"https:\/\/saude.ufpr.br\/wp-content\/themes\/uploads\/2019\/medicina\/Res02_Requisito_Especial_08novembro2019.pdf\" target=\"_blank\" rel=\"noopener\">Resolu\u00e7\u00e3o n\u00ba 002\/2019 \u2013 CMED<\/a> criou a modalidade <strong>Requisito Especial<\/strong> e estabeleceu as regras e normas para solicita\u00e7\u00e3o do mesmo junto ao colegiado de curso.<\/p>\n<p><a href=\"https:\/\/saude.ufpr.br\/medicina\/wp-content\/uploads\/sites\/10\/2020\/01\/Requerimento-para-REQUISITO-ESPECIAL.pdf\">CLIQUE AQUI<\/a> para visualizar o formul\u00e1rio para solicita\u00e7\u00e3o de Requisito Especial.<\/p>\n<p><strong>Observa\u00e7\u00f5es:<\/strong><\/p>\n<p>1) As solicita\u00e7\u00f5es de quebra de pr\u00e9-requisito ou requisito especial devem ser preenchidas no formul\u00e1rio espec\u00edfico e anexados todos os documentos solicitados.<\/p>\n<p>2) As solicita\u00e7\u00f5es que n\u00e3o estiverem completas ou n\u00e3o preencherem os crit\u00e9rios estabelecidos n\u00e3o ser\u00e3o inseridas na pauta do colegiado de curso.<\/p>\n<p>3) Hist\u00f3ricos escolares e formul\u00e1rios n\u00e3o ser\u00e3o impressos na coordena\u00e7\u00e3o.<\/p>\n<p>4) As solicita\u00e7\u00f5es dever\u00e3o ser apresentadas na coordena\u00e7\u00e3o 5 dias antes da reuni\u00e3o do colegiado.<\/p>\n","protected":false},"excerpt":{"rendered":"<p>A Resolu\u00e7\u00e3o n\u00ba 001\/2024 \u2013 CMED estabeleceu as regras e normas com rela\u00e7\u00e3o aos Pedidos de quebra de pr\u00e9-requisito. CLIQUE AQUI para visualizar o formul\u00e1rio para solicita\u00e7\u00e3o de quebra de pr\u00e9-requisito. A resolu\u00e7\u00e3o Resolu\u00e7\u00e3o n\u00ba 002\/2019 \u2013 CMED criou a modalidade Requisito Especial e estabeleceu as regras e normas para solicita\u00e7\u00e3o do mesmo junto ao<br \/> <a href=\"https:\/\/saude.ufpr.br\/medicina\/quebra-de-pre-requisito\/\" class=\"button success small readmore\">Leia mais<\/a><\/p>\n","protected":false},"author":15,"featured_media":0,"parent":0,"menu_order":0,"comment_status":"closed","ping_status":"closed","template":"","meta":{"_acf_changed":false,"_uag_custom_page_level_css":"","footnotes":""},"class_list":["post-1555","page","type-page","status-publish","hentry"],"acf":[],"featured_image_src":null,"uagb_featured_image_src":{"full":false,"thumbnail":false,"medium":false,"medium_large":false,"large":false,"1536x1536":false,"2048x2048":false,"noticias-thumb":false,"banners-thumb":false,"maisnoticias-thumb":false,"post-thumbnail":false},"uagb_author_info":{"display_name":"Andrea Jankoski","author_link":"https:\/\/saude.ufpr.br\/medicina\/author\/andrea\/"},"uagb_comment_info":0,"uagb_excerpt":"A Resolu\u00e7\u00e3o n\u00ba 001\/2024 \u2013 CMED estabeleceu as regras e normas com rela\u00e7\u00e3o aos Pedidos de quebra de pr\u00e9-requisito. CLIQUE AQUI para visualizar o formul\u00e1rio para solicita\u00e7\u00e3o de quebra de pr\u00e9-requisito. A resolu\u00e7\u00e3o Resolu\u00e7\u00e3o n\u00ba 002\/2019 \u2013 CMED criou a modalidade Requisito Especial e estabeleceu as regras e normas para solicita\u00e7\u00e3o do mesmo junto ao&hellip;","publishpress_future_action":{"enabled":false,"date":"2026-04-22 01:10:18","action":"change-status","newStatus":"draft","terms":[],"taxonomy":"","extraData":[]},"publishpress_future_workflow_manual_trigger":{"enabledWorkflows":[]},"_links":{"self":[{"href":"https:\/\/saude.ufpr.br\/medicina\/wp-json\/wp\/v2\/pages\/1555","targetHints":{"allow":["GET"]}}],"collection":[{"href":"https:\/\/saude.ufpr.br\/medicina\/wp-json\/wp\/v2\/pages"}],"about":[{"href":"https:\/\/saude.ufpr.br\/medicina\/wp-json\/wp\/v2\/types\/page"}],"author":[{"embeddable":true,"href":"https:\/\/saude.ufpr.br\/medicina\/wp-json\/wp\/v2\/users\/15"}],"replies":[{"embeddable":true,"href":"https:\/\/saude.ufpr.br\/medicina\/wp-json\/wp\/v2\/comments?post=1555"}],"version-history":[{"count":15,"href":"https:\/\/saude.ufpr.br\/medicina\/wp-json\/wp\/v2\/pages\/1555\/revisions"}],"predecessor-version":[{"id":3348,"href":"https:\/\/saude.ufpr.br\/medicina\/wp-json\/wp\/v2\/pages\/1555\/revisions\/3348"}],"wp:attachment":[{"href":"https:\/\/saude.ufpr.br\/medicina\/wp-json\/wp\/v2\/media?parent=1555"}],"curies":[{"name":"wp","href":"https:\/\/api.w.org\/{rel}","templated":true}]}}