{"id":337,"date":"2016-09-01T19:14:28","date_gmt":"2016-09-01T19:14:28","guid":{"rendered":"https:\/\/saude.ufpr.br\/medicina\/?page_id=337"},"modified":"2026-02-11T09:59:55","modified_gmt":"2026-02-11T12:59:55","slug":"atividades-formativas-flexiveis","status":"publish","type":"page","link":"https:\/\/saude.ufpr.br\/medicina\/atividades-formativas-flexiveis\/","title":{"rendered":"Atividades Formativas"},"content":{"rendered":"<p>&nbsp;<\/p>\n<p>As Atividades Formativas s\u00e3o &#8220;atividades complementares em rela\u00e7\u00e3o ao eixo fundamental do curr\u00edculo, objetivando a sua flexibiliza\u00e7\u00e3o&#8221; e s\u00e3o regulamentadas na UFPR pela Resolu\u00e7\u00e3o n\u00ba 70\/2004 do CEPE.<\/p>\n<p>S\u00e3o inseridas no Hist\u00f3rico Escolar no \u00faltimo per\u00edodo do Curso pela Coordena\u00e7\u00e3o de Medicina.<\/p>\n<p>Os alunos devem trazer o uma c\u00f3pia dos certificados que desejam cadastrar, os quais ficar\u00e3o em seu arquivo pessoal para posterior realiza\u00e7\u00e3o do aporte.<\/p>\n<p><a href=\"https:\/\/saude.ufpr.br\/medicina\/wp-content\/uploads\/sites\/10\/2026\/02\/Normatizacao-das-AFF_23janeiro2018-4-1-1.pdf\">Clique aqui<\/a> para verificar o Regulamento das Atividades Formativas do Curso de Medicina.<\/p>\n<p><a href=\"https:\/\/saude.ufpr.br\/medicina\/wp-content\/uploads\/sites\/10\/2022\/03\/EVENTOS-APROVADOS-PELO-COLEGIADO-22-03-21-2.pdf\" target=\"_blank\" rel=\"noopener\">Eventos j\u00e1 aprovados<\/a> pelo Colegiado do Curso de Medicina.<\/p>\n<p>Para cadastrar eventos (Congressos, Semin\u00e1rios, Simp\u00f3sios, Palestras), protocolar na Coordena\u00e7\u00e3o do Curso o\u00a0<a href=\"https:\/\/saude.ufpr.br\/medicina\/wp-content\/uploads\/sites\/10\/2017\/07\/Requerimento-de-Evento-para-Atividade-Formativa.pdf\" target=\"_blank\" rel=\"noopener\">Requerimento de inclus\u00e3o de evento cient\u00edfico como Atividade Formativa<\/a>, que ser\u00e1 apreciado no Colegiado do Curso de Medicina.<\/p>\n","protected":false},"excerpt":{"rendered":"<p>&nbsp; As Atividades Formativas s\u00e3o &#8220;atividades complementares em rela\u00e7\u00e3o ao eixo fundamental do curr\u00edculo, objetivando a sua flexibiliza\u00e7\u00e3o&#8221; e s\u00e3o regulamentadas na UFPR pela Resolu\u00e7\u00e3o n\u00ba 70\/2004 do CEPE. S\u00e3o inseridas no Hist\u00f3rico Escolar no \u00faltimo per\u00edodo do Curso pela Coordena\u00e7\u00e3o de Medicina. Os alunos devem trazer o uma c\u00f3pia dos certificados que desejam cadastrar,<br \/> <a href=\"https:\/\/saude.ufpr.br\/medicina\/atividades-formativas-flexiveis\/\" class=\"button success small readmore\">Leia mais<\/a><\/p>\n","protected":false},"author":15,"featured_media":0,"parent":0,"menu_order":0,"comment_status":"closed","ping_status":"closed","template":"","meta":{"_acf_changed":false,"_uag_custom_page_level_css":"","footnotes":""},"class_list":["post-337","page","type-page","status-publish","hentry"],"acf":[],"featured_image_src":null,"uagb_featured_image_src":{"full":false,"thumbnail":false,"medium":false,"medium_large":false,"large":false,"1536x1536":false,"2048x2048":false,"noticias-thumb":false,"banners-thumb":false,"maisnoticias-thumb":false,"post-thumbnail":false},"uagb_author_info":{"display_name":"Andrea Jankoski","author_link":"https:\/\/saude.ufpr.br\/medicina\/author\/andrea\/"},"uagb_comment_info":0,"uagb_excerpt":"&nbsp; As Atividades Formativas s\u00e3o &#8220;atividades complementares em rela\u00e7\u00e3o ao eixo fundamental do curr\u00edculo, objetivando a sua flexibiliza\u00e7\u00e3o&#8221; e s\u00e3o regulamentadas na UFPR pela Resolu\u00e7\u00e3o n\u00ba 70\/2004 do CEPE. S\u00e3o inseridas no Hist\u00f3rico Escolar no \u00faltimo per\u00edodo do Curso pela Coordena\u00e7\u00e3o de Medicina. Os alunos devem trazer o uma c\u00f3pia dos certificados que desejam cadastrar,&hellip;","publishpress_future_action":{"enabled":false,"date":"2026-04-25 09:56:29","action":"change-status","newStatus":"draft","terms":[],"taxonomy":"","extraData":[]},"publishpress_future_workflow_manual_trigger":{"enabledWorkflows":[]},"_links":{"self":[{"href":"https:\/\/saude.ufpr.br\/medicina\/wp-json\/wp\/v2\/pages\/337","targetHints":{"allow":["GET"]}}],"collection":[{"href":"https:\/\/saude.ufpr.br\/medicina\/wp-json\/wp\/v2\/pages"}],"about":[{"href":"https:\/\/saude.ufpr.br\/medicina\/wp-json\/wp\/v2\/types\/page"}],"author":[{"embeddable":true,"href":"https:\/\/saude.ufpr.br\/medicina\/wp-json\/wp\/v2\/users\/15"}],"replies":[{"embeddable":true,"href":"https:\/\/saude.ufpr.br\/medicina\/wp-json\/wp\/v2\/comments?post=337"}],"version-history":[{"count":45,"href":"https:\/\/saude.ufpr.br\/medicina\/wp-json\/wp\/v2\/pages\/337\/revisions"}],"predecessor-version":[{"id":3764,"href":"https:\/\/saude.ufpr.br\/medicina\/wp-json\/wp\/v2\/pages\/337\/revisions\/3764"}],"wp:attachment":[{"href":"https:\/\/saude.ufpr.br\/medicina\/wp-json\/wp\/v2\/media?parent=337"}],"curies":[{"name":"wp","href":"https:\/\/api.w.org\/{rel}","templated":true}]}}