{"id":3634,"date":"2025-10-30T10:52:07","date_gmt":"2025-10-30T13:52:07","guid":{"rendered":"https:\/\/saude.ufpr.br\/medicina\/?page_id=3634"},"modified":"2025-10-30T11:09:46","modified_gmt":"2025-10-30T14:09:46","slug":"revalida-mec-inep","status":"publish","type":"page","link":"https:\/\/saude.ufpr.br\/medicina\/revalida-mec-inep\/","title":{"rendered":"REVALIDA MEC\/INEP"},"content":{"rendered":"<p>Em conformidade com artigo 11 da <a href=\"https:\/\/saude.ufpr.br\/medicina\/wp-content\/uploads\/sites\/10\/2025\/10\/RESOLUCAO-CNE_CES-No-2-DE-19-DE-DEZEMBRO-DE-2024-RESOLUCAO-CNE_CES-No-2-DE-19-DE-DEZEMBRO-DE-2024-DOU-Imprensa-Nacional.pdf\" target=\"_blank\" rel=\"noopener\">RESOLU\u00c7\u00c3O CNE\/CES N\u00ba 2, DE 19 DE DEZEMBRO DE 2024<\/a>, o curso de Medicina (Curitiba) da UFPR, em conjunto com a Unidade de Diplomas (UDIP), emite o Certificado de Revalida\u00e7\u00e3o de candidatos aprovados nas duas etapas do processo seletivo do REVALIDA MEC\/INEP, <strong>cujo resultado final conste em Di\u00e1rio Oficial da Uni\u00e3o (DOU)<\/strong>.<\/p>\n<p data-olk-copy-source=\"MessageBody\"><b>Ap\u00f3s publica\u00e7\u00e3o do resultado final do REVALIDA\/INEP no DOU, <\/b>a documenta\u00e7\u00e3o necess\u00e1ria junto com o <a href=\"https:\/\/saude.ufpr.br\/medicina\/wp-content\/uploads\/sites\/10\/2025\/10\/REQUERIMENTO-PARA-REVALIDACAO-DO-DIPLOMA-DE-MEDICO.pdf\" target=\"_blank\" rel=\"noopener\">Requerimento<\/a> a ser preenchido dever\u00e3o ser enviados no e-mail: medicina@ufpr.br. A rela\u00e7\u00e3o de documentos necess\u00e1rio consta no Requerimento.<\/p>\n<p>A taxa de emiss\u00e3o do Certificado de Revalida\u00e7\u00e3o \u00e9 de 275 reais.<\/p>\n<p>O prazo para a emiss\u00e3o do certificado \u00e9 de 90 a 120 dias a contar da abertura do processo.<\/p>\n<p>A retirada do certificado ocorre na Coordena\u00e7\u00e3o do Curso de Medicina no endere\u00e7o: Rua Padre Camargo, 285. Alto da Gl\u00f3ria &#8211; Curitiba.<\/p>\n<p>Caso o pr\u00f3prio interessado n\u00e3o consiga retirar pessoalmente, um terceiro poder\u00e1 faz\u00ea-lo mediante Procura\u00e7\u00e3o Simples (especificamente para esse fim). A assinatura pode ser a do GOV.BR.<\/p>\n<div><\/div>\n","protected":false},"excerpt":{"rendered":"<p>Em conformidade com artigo 11 da RESOLU\u00c7\u00c3O CNE\/CES N\u00ba 2, DE 19 DE DEZEMBRO DE 2024, o curso de Medicina (Curitiba) da UFPR, em conjunto com a Unidade de Diplomas (UDIP), emite o Certificado de Revalida\u00e7\u00e3o de candidatos aprovados nas duas etapas do processo seletivo do REVALIDA MEC\/INEP, cujo resultado final conste em Di\u00e1rio Oficial<br \/> <a href=\"https:\/\/saude.ufpr.br\/medicina\/revalida-mec-inep\/\" class=\"button success small readmore\">Leia mais<\/a><\/p>\n","protected":false},"author":1735,"featured_media":0,"parent":0,"menu_order":0,"comment_status":"closed","ping_status":"closed","template":"","meta":{"_acf_changed":false,"_uag_custom_page_level_css":"","footnotes":""},"class_list":["post-3634","page","type-page","status-publish","hentry"],"acf":[],"featured_image_src":null,"uagb_featured_image_src":{"full":false,"thumbnail":false,"medium":false,"medium_large":false,"large":false,"1536x1536":false,"2048x2048":false,"noticias-thumb":false,"banners-thumb":false,"maisnoticias-thumb":false,"post-thumbnail":false},"uagb_author_info":{"display_name":"samuelfernando","author_link":"https:\/\/saude.ufpr.br\/medicina\/author\/samuelfernando\/"},"uagb_comment_info":0,"uagb_excerpt":"Em conformidade com artigo 11 da RESOLU\u00c7\u00c3O CNE\/CES N\u00ba 2, DE 19 DE DEZEMBRO DE 2024, o curso de Medicina (Curitiba) da UFPR, em conjunto com a Unidade de Diplomas (UDIP), emite o Certificado de Revalida\u00e7\u00e3o de candidatos aprovados nas duas etapas do processo seletivo do REVALIDA MEC\/INEP, cujo resultado final conste em Di\u00e1rio Oficial&hellip;","publishpress_future_action":{"enabled":false,"date":"2026-05-03 15:57:05","action":"change-status","newStatus":"draft","terms":[],"taxonomy":"","extraData":[]},"publishpress_future_workflow_manual_trigger":{"enabledWorkflows":[]},"_links":{"self":[{"href":"https:\/\/saude.ufpr.br\/medicina\/wp-json\/wp\/v2\/pages\/3634","targetHints":{"allow":["GET"]}}],"collection":[{"href":"https:\/\/saude.ufpr.br\/medicina\/wp-json\/wp\/v2\/pages"}],"about":[{"href":"https:\/\/saude.ufpr.br\/medicina\/wp-json\/wp\/v2\/types\/page"}],"author":[{"embeddable":true,"href":"https:\/\/saude.ufpr.br\/medicina\/wp-json\/wp\/v2\/users\/1735"}],"replies":[{"embeddable":true,"href":"https:\/\/saude.ufpr.br\/medicina\/wp-json\/wp\/v2\/comments?post=3634"}],"version-history":[{"count":6,"href":"https:\/\/saude.ufpr.br\/medicina\/wp-json\/wp\/v2\/pages\/3634\/revisions"}],"predecessor-version":[{"id":3653,"href":"https:\/\/saude.ufpr.br\/medicina\/wp-json\/wp\/v2\/pages\/3634\/revisions\/3653"}],"wp:attachment":[{"href":"https:\/\/saude.ufpr.br\/medicina\/wp-json\/wp\/v2\/media?parent=3634"}],"curies":[{"name":"wp","href":"https:\/\/api.w.org\/{rel}","templated":true}]}}