{"id":437,"date":"2017-03-16T14:13:27","date_gmt":"2017-03-16T17:13:27","guid":{"rendered":"https:\/\/saude.ufpr.br\/medicina\/?page_id=437"},"modified":"2019-02-21T20:57:04","modified_gmt":"2019-02-21T23:57:04","slug":"cirurgia-plastica","status":"publish","type":"page","link":"https:\/\/saude.ufpr.br\/medicina\/cirurgia-plastica\/","title":{"rendered":"Cirurgia Pl\u00e1stica"},"content":{"rendered":"<h3 style=\"text-align: center\"><\/h3>\n<h3 style=\"text-align: center\"><span style=\"text-decoration: underline\"><strong>7\u00ba PER\u00cdODO<\/strong><\/span><\/h3>\n<h5 style=\"text-align: center\"><strong>Disciplina de Cirurgia Pl\u00e1stica I &#8211; MC-336<\/strong><\/h5>\n<p>Natureza: OBRIGAT\u00d3RIA (X) SEMESTRAL ( X )<br \/>\nN\u00famero de Cr\u00e9ditos: 02<br \/>\nCarga Hor\u00e1ria Semanal: 01 &#8211;\u00a0Te\u00f3ricas:01 \/Pr\u00e1tica:00 \/Total: 20hr<br \/>\nPr\u00e9-Requisito: MC 362 T\u00e9cnica Cir\u00fargica e Cirurgia Experimental<\/p>\n<h5 style=\"text-align: center\"><span style=\"color: #000000\"><strong>EMENTA (Unidades Did\u00e1ticas)<\/strong><\/span><\/h5>\n<div style=\"text-align: justify\">\n<p>\u00a0Pretende-se que o aluno tenha durante o curso um aprofundamento te\u00f3rico nos\u00a0princ\u00edpios de Cirurgia Pl\u00e1stica; aprenda sobre cicatrizes e t\u00e9cnicas de suturas e tratamento de feridas de pele; sobre o atendimento de traumatismo facial (partes\u00a0moles e \u00f3ssea); deformidades cong\u00eanitas de face e outras deformidades.<\/p>\n<\/div>\n<h5 style=\"text-align: center\"><strong><strong>CRONOGRAMA<\/strong><\/strong><\/h5>\n<p style=\"text-align: center\"><a href=\"https:\/\/saude.ufpr.br\/medicina\/wp-content\/uploads\/sites\/10\/2019\/02\/programa-1sem2019_7P.pdf\">programa 1sem2019_7P<\/a><\/p>\n<p style=\"text-align: center\"><strong>NOTAS DE AVALIA\u00c7\u00d5ES<\/strong><\/p>\n<p>&nbsp;<\/p>\n<p>&nbsp;<\/p>\n<hr \/>\n<h3 style=\"text-align: center\"><span style=\"text-decoration: underline\"><strong><br \/>\n8\u00ba PER\u00cdODO<\/strong><\/span><\/h3>\n<h5 style=\"text-align: center\"><strong>Disciplina de Cirurgia Pl\u00e1stica II &#8211; MC-442<\/strong><\/h5>\n<p>Natureza: OPTATIVA (X) SEMESTRAL (X)<br \/>\nN\u00famero de Cr\u00e9ditos: 07<\/p>\n<div>Carga Hor\u00e1ria Semanal: 5horas &#8211;\u00a0Te\u00f3ricas: 2 \/Pr\u00e1tica:3 \/Total:100hs<\/div>\n<div>\n<p>Pr\u00e9-Requisito: MC 336 Cirurgia Pl\u00e1stica I.<\/p>\n<h5 style=\"text-align: center\"><strong>EMENTA (Unidades Did\u00e1ticas)<\/strong><\/h5>\n<p style=\"text-align: justify\">Um grupo de 18 alunos ter\u00e3o na Disciplina Optativa (Cirurgia Pl\u00e1stica II) a\u00a0possibilidade de aprofundamento do conhecimento atrav\u00e9s de discuss\u00f5es cl\u00ednicas,\u00a0atendimentos ambulatoriais e aux\u00edlio em cirurgias. Pretende-se complementar a\u00a0forma\u00e7\u00e3o dos alunos para que possam dar o atendimento a pacientes portadores de todas as patologias que a cirurgia pl\u00e1stica aborda &#8211; deformidades\u00a0cong\u00eanitas e adquiridas de face, tronco e membros &#8211; e os princ\u00edpios da cirurgia pl\u00e1stica est\u00e9tica. No Hospital de Clinicas, ter\u00e3o um ambulat\u00f3rio diverso com\u00a0pacientes para cirurgias eletivas. \u00a0No Hospital do Trabalhador, ter\u00e3o os princ\u00edpios de atendimento a traumatizados, como traumas de membros e faciais. Tamb\u00e9m dever\u00e3o apresentar\u00a0trabalhos em reuni\u00f5es cl\u00ednicas que ocorrer\u00e3o \u00e0s ter\u00e7as-feiras.<\/p>\n<\/div>\n<div>\n<div style=\"text-align: justify\">\n<p style=\"text-align: justify\">Os alunos frequentar\u00e3o o centro cir\u00fargico no per\u00edodo que lhes convier, salientando que o Servi\u00e7o funciona todos os dias, com exce\u00e7\u00e3o de 5a. feira, em ambos os per\u00edodos (manh\u00e3 e tarde).<\/p>\n<\/div>\n<\/div>\n<div style=\"text-align: center\">\n<div style=\"text-align: justify\">\n<h5 style=\"text-align: center\"><strong>CRONOGRAMA<\/strong><\/h5>\n<\/div>\n<\/div>\n<div style=\"text-align: center\">\n<p><a href=\"https:\/\/saude.ufpr.br\/medicina\/wp-content\/uploads\/sites\/10\/2019\/02\/cronograma_1sem_8P_2019.pdf\">cronograma_1sem_8P_2019<\/a><\/p>\n<h5><strong>FIC<\/strong><strong>HA DE FREQU\u00caNCIA PR\u00c1TICA<\/strong><\/h5>\n<\/div>\n<div style=\"text-align: center\"><\/div>\n<div style=\"text-align: center\"><a href=\"https:\/\/saude.ufpr.br\/medicina\/wp-content\/uploads\/sites\/10\/2017\/03\/FICHA-DE-FREQU\u00caNCIA-PR\u00c1TICA.pdf\">FICHA DE FREQU\u00caNCIA PR\u00c1TICA<\/a><\/div>\n<div style=\"text-align: center\"><\/div>\n<div style=\"text-align: center\"><\/div>\n<div style=\"text-align: center\"><\/div>\n<div style=\"text-align: center\"><\/div>\n<hr \/>\n<h3 style=\"text-align: center\"><strong><br \/>\n<span style=\"text-decoration: underline\">11\u00ba PER\u00cdODO<\/span><\/strong><\/h3>\n<div style=\"text-align: center\">\n<h5 style=\"text-align: center\"><strong>Est\u00e1gio Obrigat\u00f3rio em Cirurgia Pl\u00e1stica\u00a0<\/strong><\/h5>\n<p style=\"text-align: justify\">O <strong>est\u00e1gio em cirurgia pl\u00e1stica<\/strong> \u00e9 realizado em duas institui\u00e7\u00f5es: Hospital de Cl\u00ednicas e no Hospital de Trabalhador. Com isto, pretende-se abranger a maiorias das \u00e1reas de atua\u00e7\u00e3o da especialidade. Num per\u00edodo de duas semanas, os alunos ter\u00e3o uma divis\u00e3o semelhante entre as duas institui\u00e7\u00f5es.<\/p>\n<p><a href=\"https:\/\/saude.ufpr.br\/medicina\/wp-content\/uploads\/sites\/10\/2018\/10\/Escala-ddos-2018_01_out.pdf\">Escala ddos 2018_01_out<\/a><\/p>\n<\/div>\n<div style=\"text-align: center\">\n<h5><strong>ATIVIDADES NO CENTRO CIR\u00daRGICO<\/strong><\/h5>\n<ul>\n<li style=\"text-align: justify\">HOSPITAL DE CL\u00cdNICAS:\n<ul>\n<li style=\"text-align: justify\">As cirurgias iniciam-se, com exce\u00e7\u00e3o das 5\u00aas feiras, todos os dias pela manh\u00e3 e ocorrem tamb\u00e9m no per\u00edodo da tarde na sala 7 do centro cir\u00fargico.<\/li>\n<li style=\"text-align: justify\">O acad\u00eamico deve estar no centro cir\u00fargico logo ap\u00f3s o t\u00e9rmino das reuni\u00f5es cl\u00ednicas, exceto quando sua presen\u00e7a no centro cir\u00fargico \u00e9 requisitada antes disso.<\/li>\n<li style=\"text-align: justify\">No centro cir\u00fargico, o acad\u00eamico auxilia na instrumenta\u00e7\u00e3o cir\u00fargica, sempre orientado por 1 dos residentes quando n\u00e3o se sente capaz ou desconhece o instrumental.<\/li>\n<\/ul>\n<\/li>\n<li style=\"text-align: justify\">HOSPITAL DO TRABALHADOR:\n<ul>\n<li style=\"text-align: justify\">As cirurgias iniciam-se, com exce\u00e7\u00e3o das 5\u00aas feiras, todos os dias pela manh\u00e3 e ocorrem tamb\u00e9m no per\u00edodo da tarde na sala 7 e 9 do centro cir\u00fargico ELETIVO. Na segunda e quarta feiras, h\u00e1 cirurgia tamb\u00e9m no per\u00edodo da tarde.<\/li>\n<li style=\"text-align: justify\">No centro cir\u00fargico, o acad\u00eamico auxilia na instrumenta\u00e7\u00e3o cir\u00fargica, sempre orientado por 1 dos residentes quando n\u00e3o se sente capaz ou desconhece o instrumental.<\/li>\n<\/ul>\n<\/li>\n<\/ul>\n<\/div>\n<div style=\"text-align: center\">\n<h5><strong>ATIVIDADES NO AMBULAT\u00d3RIO<\/strong><\/h5>\n<ul>\n<li style=\"text-align: justify\">HOSPITAL DE CL\u00cdNICAS:\n<ul>\n<li style=\"text-align: justify\">O ambulat\u00f3rio da Cirurgia Pl\u00e1stica funciona no SAM 3, \u00e0s 5\u00aas (in\u00edcio \u00e0s 8hs).<\/li>\n<li style=\"text-align: justify\">Do ambulat\u00f3rio participam todos os residentes, todos os preceptores e todos os acad\u00eamicos.<\/li>\n<li style=\"text-align: justify\">O atendimento deve ser dirigido, por ser um ambulat\u00f3rio de especialidade cir\u00fargica. Os acad\u00eamicos atendem junto com os professores Dr. Renato da Silva Freitas, Dra Ruth Graf ou Dra Maria Cec\u00edlia Closs Ono, havendo uma distribui\u00e7\u00e3o no dia.<\/li>\n<\/ul>\n<\/li>\n<li style=\"text-align: justify\">HOSPITAL DO TRABALHADOR:\n<ul>\n<li style=\"text-align: justify\">O ambulat\u00f3rio da Cirurgia Pl\u00e1stica funciona todos os dias (in\u00edcio ao redor da 11hs).<\/li>\n<li style=\"text-align: justify\">Do ambulat\u00f3rio participam o residente local, preceptores do dia e os acad\u00eamicos que est\u00e3o no HT.\n<ul>\n<li style=\"text-align: justify\">Segunda Feira: DrGilvani Cruz e Alexandre Mansur.<\/li>\n<li style=\"text-align: justify\">Ter\u00e7a Feira: Dr Jos\u00e9 Tapi\u00e9<\/li>\n<li style=\"text-align: justify\">Quarta Feira: Dr Fernando Tenius e Guata\u00e7ara Salles.<\/li>\n<li style=\"text-align: justify\">Sexta Feira: Dr Cedrick Bohem.<\/li>\n<\/ul>\n<\/li>\n<\/ul>\n<\/li>\n<\/ul>\n<\/div>\n<div style=\"text-align: center\">\n<h5><strong>A<\/strong><strong>VALIA\u00c7\u00c3O DO EST\u00c1GIO<\/strong><\/h5>\n<p style=\"text-align: justify\">Os crit\u00e9rios de avalia\u00e7\u00e3o s\u00e3o: a postura do doutorando frente ao paciente internado como em ambiente ambulatorial, conhecimento te\u00f3rico e pr\u00e1tico adquirido durante o est\u00e1gio, capacidade de interpreta\u00e7\u00e3o das patologias do paciente, relacionamento m\u00e9dico-paciente especificamente na cirurgia pl\u00e1stica e no relacionamento m\u00e9dico com outros colegas.<span style=\"text-align: center\">\u00a0<\/span><\/p>\n<\/div>\n<div style=\"text-align: center\"><\/div>\n<div style=\"text-align: center\"><\/div>\n<div style=\"text-align: center\">\n<hr \/>\n<\/div>\n<div style=\"text-align: center\"><\/div>\n<h3 style=\"text-align: center\"><span style=\"text-decoration: underline\"><strong>RESID\u00caNCIA<\/strong><\/span><\/h3>\n<p>&nbsp;<\/p>\n<h5 style=\"text-align: center\"><span style=\"color: #000000\"><strong>CHECK-LIST CIRURGIA PL\u00c1STICA<\/strong><\/span><\/h5>\n<h5 style=\"text-align: center\"><a href=\"https:\/\/saude.ufpr.br\/medicina\/wp-content\/uploads\/sites\/10\/2017\/03\/CHECK-LIST-CIRURGIA-PLASTICA.pdf\" target=\"_blank\" rel=\"noopener\">CHECK LIST CIRURGIA PLASTICA<\/a><\/h5>\n<p>&nbsp;<\/p>\n<p>&nbsp;<\/p>\n<h5 style=\"text-align: center\"><\/h5>\n<h5 style=\"text-align: center\"><span style=\"color: #000000\"><strong>LISTA DE CIRURGIAS REALIZADAS<\/strong><\/span><\/h5>\n<h5 style=\"text-align: center\"><a href=\"https:\/\/saude.ufpr.br\/medicina\/wp-content\/uploads\/sites\/10\/2017\/03\/LISTA-DE-CIRURGIA-REALIZADAS.pdf\">LISTA DE CIRURGIA REALIZADAS<\/a><\/h5>\n<p>&nbsp;<\/p>\n<h5 style=\"text-align: center\"><\/h5>\n<p>&nbsp;<\/p>\n<h5 style=\"text-align: center\"><span style=\"color: #000000\"><strong>REUNI\u00d5ES HC 2017<\/strong><\/span><\/h5>\n<h5 style=\"text-align: center\"><a href=\"https:\/\/saude.ufpr.br\/medicina\/wp-content\/uploads\/sites\/10\/2018\/01\/2018-programa-residencia-2.pdf\">2018 programa residencia-2<\/a><\/h5>\n<p>&nbsp;<\/p>\n<hr \/>\n<div style=\"text-align: center\"><\/div>\n<div style=\"text-align: center\"><\/div>\n<div style=\"text-align: center\">\n<h3 style=\"text-align: center\"><span style=\"text-decoration: underline\"><strong>NOT\u00cdCIAS\/ ARTIGOS<\/strong><\/span><\/h3>\n<\/div>\n<div style=\"text-align: center\"><\/div>\n<div style=\"text-align: center\"><\/div>\n<div style=\"text-align: center\"><\/div>\n<div style=\"text-align: center\">\n<hr \/>\n<\/div>\n<h3 style=\"text-align: center\"><span style=\"text-decoration: underline\"><strong><br \/>\nCONTATOS<\/strong><\/span><\/h3>\n<p>&nbsp;<\/p>\n<p style=\"text-align: justify\">O <strong>Servi\u00e7o de Cirurgia Pl\u00e1stica do Hospital de Cl\u00ednicas da UFPR <\/strong>(Rua General Carneiro, 181) \u00e9 \u00a0coordenado atualmente pelo <strong>Prof. Dr. Renato da Silva Freitas<\/strong>. Est\u00e1 organizado na secretaria de Cirurgia Pl\u00e1stica no 9o. andar &#8211; sala 903, com enfermaria tamb\u00e9m localizada no mesmo andar.<br \/>\nAtende pelo ramal 7952 do fone <strong>3360-7952<\/strong>, com a Secret\u00e1ria Maria Jos\u00e9.<\/p>\n<p>&nbsp;<\/p>\n<p>&nbsp;<\/p>\n","protected":false},"excerpt":{"rendered":"<p>7\u00ba PER\u00cdODO Disciplina de Cirurgia Pl\u00e1stica I &#8211; MC-336 Natureza: OBRIGAT\u00d3RIA (X) SEMESTRAL ( X ) N\u00famero de Cr\u00e9ditos: 02 Carga Hor\u00e1ria Semanal: 01 &#8211;\u00a0Te\u00f3ricas:01 \/Pr\u00e1tica:00 \/Total: 20hr Pr\u00e9-Requisito: MC 362 T\u00e9cnica Cir\u00fargica e Cirurgia Experimental EMENTA (Unidades Did\u00e1ticas) \u00a0Pretende-se que o aluno tenha durante o curso um aprofundamento te\u00f3rico nos\u00a0princ\u00edpios de Cirurgia Pl\u00e1stica; aprenda<br \/> <a href=\"https:\/\/saude.ufpr.br\/medicina\/cirurgia-plastica\/\" class=\"button success small readmore\">Leia mais<\/a><\/p>\n","protected":false},"author":15,"featured_media":0,"parent":0,"menu_order":0,"comment_status":"closed","ping_status":"closed","template":"","meta":{"_acf_changed":false,"_uag_custom_page_level_css":"","footnotes":""},"class_list":["post-437","page","type-page","status-publish","hentry"],"acf":[],"featured_image_src":null,"uagb_featured_image_src":{"full":false,"thumbnail":false,"medium":false,"medium_large":false,"large":false,"1536x1536":false,"2048x2048":false,"noticias-thumb":false,"banners-thumb":false,"maisnoticias-thumb":false,"post-thumbnail":false},"uagb_author_info":{"display_name":"Andrea Jankoski","author_link":"https:\/\/saude.ufpr.br\/medicina\/author\/andrea\/"},"uagb_comment_info":0,"uagb_excerpt":"7\u00ba PER\u00cdODO Disciplina de Cirurgia Pl\u00e1stica I &#8211; MC-336 Natureza: OBRIGAT\u00d3RIA (X) SEMESTRAL ( X ) N\u00famero de Cr\u00e9ditos: 02 Carga Hor\u00e1ria Semanal: 01 &#8211;\u00a0Te\u00f3ricas:01 \/Pr\u00e1tica:00 \/Total: 20hr Pr\u00e9-Requisito: MC 362 T\u00e9cnica Cir\u00fargica e Cirurgia Experimental EMENTA (Unidades Did\u00e1ticas) \u00a0Pretende-se que o aluno tenha durante o curso um aprofundamento te\u00f3rico nos\u00a0princ\u00edpios de Cirurgia Pl\u00e1stica; aprenda&hellip;","publishpress_future_action":{"enabled":false,"date":"2026-04-20 12:39:46","action":"change-status","newStatus":"draft","terms":[],"taxonomy":"","extraData":[]},"publishpress_future_workflow_manual_trigger":{"enabledWorkflows":[]},"_links":{"self":[{"href":"https:\/\/saude.ufpr.br\/medicina\/wp-json\/wp\/v2\/pages\/437","targetHints":{"allow":["GET"]}}],"collection":[{"href":"https:\/\/saude.ufpr.br\/medicina\/wp-json\/wp\/v2\/pages"}],"about":[{"href":"https:\/\/saude.ufpr.br\/medicina\/wp-json\/wp\/v2\/types\/page"}],"author":[{"embeddable":true,"href":"https:\/\/saude.ufpr.br\/medicina\/wp-json\/wp\/v2\/users\/15"}],"replies":[{"embeddable":true,"href":"https:\/\/saude.ufpr.br\/medicina\/wp-json\/wp\/v2\/comments?post=437"}],"version-history":[{"count":73,"href":"https:\/\/saude.ufpr.br\/medicina\/wp-json\/wp\/v2\/pages\/437\/revisions"}],"predecessor-version":[{"id":1400,"href":"https:\/\/saude.ufpr.br\/medicina\/wp-json\/wp\/v2\/pages\/437\/revisions\/1400"}],"wp:attachment":[{"href":"https:\/\/saude.ufpr.br\/medicina\/wp-json\/wp\/v2\/media?parent=437"}],"curies":[{"name":"wp","href":"https:\/\/api.w.org\/{rel}","templated":true}]}}