{"id":45,"date":"2016-03-10T19:29:18","date_gmt":"2016-03-10T19:29:18","guid":{"rendered":"https:\/\/saude.ufpr.br\/medicina\/?page_id=45"},"modified":"2025-11-19T12:36:15","modified_gmt":"2025-11-19T15:36:15","slug":"calendario","status":"publish","type":"page","link":"https:\/\/saude.ufpr.br\/medicina\/calendario\/","title":{"rendered":"Calend\u00e1rio Acad\u00eamico"},"content":{"rendered":"<p><a href=\"https:\/\/saude.ufpr.br\/medicina\/wp-content\/uploads\/sites\/10\/2025\/11\/CALENDARIO-ACADEMICO-MEDICINA-2026.pdf\" target=\"_blank\" rel=\"noopener\">CALEND\u00c1RIO ACAD\u00caMICO MEDICINA 2026<\/a> &#8211; RESOLU\u00c7\u00c3O N.\u00ba 23\/25-CEPE<\/p>\n<p><a href=\"https:\/\/saude.ufpr.br\/medicina\/wp-content\/uploads\/sites\/10\/2025\/10\/CALENDARIO-ACADEMICO-MEDICINA-2025.pdf\" target=\"_blank\" rel=\"noopener\">CALEND\u00c1RIO ACAD\u00caMICO MEDICINA 2025<\/a> &#8211; RESOLU\u00c7\u00c3O N.\u00ba 20\/24-CEPE<\/p>\n<p><a href=\"https:\/\/saude.ufpr.br\/medicina\/wp-content\/uploads\/sites\/10\/2025\/01\/CALENDARIO-ACADEMICO-MEDICINA-2024.pdf\" target=\"_blank\" rel=\"noopener\">CALEND\u00c1RIO ACAD\u00caMICO MEDICINA 2024<\/a> &#8211; RESOLU\u00c7\u00c3O N.\u00ba 13\/24-CEPE<\/p>\n","protected":false},"excerpt":{"rendered":"<p>CALEND\u00c1RIO ACAD\u00caMICO MEDICINA 2026 &#8211; RESOLU\u00c7\u00c3O N.\u00ba 23\/25-CEPE CALEND\u00c1RIO ACAD\u00caMICO MEDICINA 2025 &#8211; RESOLU\u00c7\u00c3O N.\u00ba 20\/24-CEPE CALEND\u00c1RIO ACAD\u00caMICO MEDICINA 2024 &#8211; RESOLU\u00c7\u00c3O N.\u00ba 13\/24-CEPE<\/p>\n","protected":false},"author":15,"featured_media":0,"parent":0,"menu_order":0,"comment_status":"closed","ping_status":"closed","template":"","meta":{"_acf_changed":false,"_uag_custom_page_level_css":"","footnotes":""},"class_list":["post-45","page","type-page","status-publish","hentry"],"acf":[],"featured_image_src":null,"uagb_featured_image_src":{"full":false,"thumbnail":false,"medium":false,"medium_large":false,"large":false,"1536x1536":false,"2048x2048":false,"noticias-thumb":false,"banners-thumb":false,"maisnoticias-thumb":false,"post-thumbnail":false},"uagb_author_info":{"display_name":"Andrea Jankoski","author_link":"https:\/\/saude.ufpr.br\/medicina\/author\/andrea\/"},"uagb_comment_info":0,"uagb_excerpt":"CALEND\u00c1RIO ACAD\u00caMICO MEDICINA 2026 &#8211; RESOLU\u00c7\u00c3O N.\u00ba 23\/25-CEPE CALEND\u00c1RIO ACAD\u00caMICO MEDICINA 2025 &#8211; RESOLU\u00c7\u00c3O N.\u00ba 20\/24-CEPE CALEND\u00c1RIO ACAD\u00caMICO MEDICINA 2024 &#8211; RESOLU\u00c7\u00c3O N.\u00ba 13\/24-CEPE","publishpress_future_action":{"enabled":false,"date":"2026-04-22 01:07:01","action":"change-status","newStatus":"draft","terms":[],"taxonomy":"","extraData":[]},"publishpress_future_workflow_manual_trigger":{"enabledWorkflows":[]},"_links":{"self":[{"href":"https:\/\/saude.ufpr.br\/medicina\/wp-json\/wp\/v2\/pages\/45","targetHints":{"allow":["GET"]}}],"collection":[{"href":"https:\/\/saude.ufpr.br\/medicina\/wp-json\/wp\/v2\/pages"}],"about":[{"href":"https:\/\/saude.ufpr.br\/medicina\/wp-json\/wp\/v2\/types\/page"}],"author":[{"embeddable":true,"href":"https:\/\/saude.ufpr.br\/medicina\/wp-json\/wp\/v2\/users\/15"}],"replies":[{"embeddable":true,"href":"https:\/\/saude.ufpr.br\/medicina\/wp-json\/wp\/v2\/comments?post=45"}],"version-history":[{"count":33,"href":"https:\/\/saude.ufpr.br\/medicina\/wp-json\/wp\/v2\/pages\/45\/revisions"}],"predecessor-version":[{"id":3670,"href":"https:\/\/saude.ufpr.br\/medicina\/wp-json\/wp\/v2\/pages\/45\/revisions\/3670"}],"wp:attachment":[{"href":"https:\/\/saude.ufpr.br\/medicina\/wp-json\/wp\/v2\/media?parent=45"}],"curies":[{"name":"wp","href":"https:\/\/api.w.org\/{rel}","templated":true}]}}