{"id":72,"date":"2016-05-23T17:37:15","date_gmt":"2016-05-23T17:37:15","guid":{"rendered":"https:\/\/saude.ufpr.br\/medicina\/?page_id=72"},"modified":"2025-11-12T10:29:15","modified_gmt":"2025-11-12T13:29:15","slug":"coordenacao","status":"publish","type":"page","link":"https:\/\/saude.ufpr.br\/medicina\/coordenacao\/","title":{"rendered":"Coordena\u00e7\u00e3o"},"content":{"rendered":"<ul>\n<li><strong>Coordenador:<\/strong>\u00a0<em>Prof. Rafael Borsoi<\/em> &#8211; e-mail: borsoi@ufpr.br<\/li>\n<li><strong>Vice-Coordenador:<\/strong>\u00a0<em>Prof. Jo\u00e3o Adriano de Barros<\/em> &#8211; e-mail: joaoadriano@ufpr.br<\/li>\n<li><strong><span style=\"color: #000000\">Secret\u00e1rios<\/span><\/strong>:\u00a0<em>Elcio dos Santos Xavier e <\/em><em>Samuel Fernando da Silva Junior<\/em><em><strong>\u00a0<\/strong><\/em><em><br \/>\n<\/em><\/li>\n<\/ul>\n<hr \/>\n<p style=\"text-align: left\"><span style=\"color: #000080\"><strong>Atendimento: <\/strong>Presencialmente ou pelo e-mail medicina@ufpr.br<\/span><\/p>\n<p><span style=\"color: #000080\"><strong>Hor\u00e1rio de Atendimento Externo<\/strong>: de Segunda a Sexta-feira (exceto feriados) &#8211; das 7h \u00e0s 17h. <\/span><\/p>\n<p style=\"text-align: left\"><span style=\"color: #000080\"><strong>Endere\u00e7o<\/strong>: Rua Padre Camargo, 285 &#8211; Alto da Gl\u00f3ria, Curitiba-PR &#8211; CEP: 80060-240<\/span><\/p>\n<p style=\"text-align: left\"><span style=\"color: #000080\"><strong>Fone<\/strong>: 41 3360-7239 \u00a0<\/span><\/p>\n<p style=\"text-align: left\"><span style=\"color: #000080\"><strong>E-mail<\/strong>: <a href=\"mailto:medicina@ufpr.br\" target=\"_blank\" rel=\"noopener noreferrer\">medicina@ufpr.br<\/a><\/span><\/p>\n","protected":false},"excerpt":{"rendered":"<p>Coordenador:\u00a0Prof. Rafael Borsoi &#8211; e-mail: borsoi@ufpr.br Vice-Coordenador:\u00a0Prof. Jo\u00e3o Adriano de Barros &#8211; e-mail: joaoadriano@ufpr.br Secret\u00e1rios:\u00a0Elcio dos Santos Xavier e Samuel Fernando da Silva Junior\u00a0 Atendimento: Presencialmente ou pelo e-mail medicina@ufpr.br Hor\u00e1rio de Atendimento Externo: de Segunda a Sexta-feira (exceto feriados) &#8211; das 7h \u00e0s 17h. Endere\u00e7o: Rua Padre Camargo, 285 &#8211; Alto da Gl\u00f3ria, Curitiba-PR<br \/> <a href=\"https:\/\/saude.ufpr.br\/medicina\/coordenacao\/\" class=\"button success small readmore\">Leia mais<\/a><\/p>\n","protected":false},"author":15,"featured_media":0,"parent":0,"menu_order":0,"comment_status":"closed","ping_status":"closed","template":"","meta":{"_acf_changed":false,"_uag_custom_page_level_css":"","footnotes":""},"class_list":["post-72","page","type-page","status-publish","hentry"],"acf":[],"featured_image_src":null,"uagb_featured_image_src":{"full":false,"thumbnail":false,"medium":false,"medium_large":false,"large":false,"1536x1536":false,"2048x2048":false,"noticias-thumb":false,"banners-thumb":false,"maisnoticias-thumb":false,"post-thumbnail":false},"uagb_author_info":{"display_name":"Andrea Jankoski","author_link":"https:\/\/saude.ufpr.br\/medicina\/author\/andrea\/"},"uagb_comment_info":0,"uagb_excerpt":"Coordenador:\u00a0Prof. Rafael Borsoi &#8211; e-mail: borsoi@ufpr.br Vice-Coordenador:\u00a0Prof. Jo\u00e3o Adriano de Barros &#8211; e-mail: joaoadriano@ufpr.br Secret\u00e1rios:\u00a0Elcio dos Santos Xavier e Samuel Fernando da Silva Junior\u00a0 Atendimento: Presencialmente ou pelo e-mail medicina@ufpr.br Hor\u00e1rio de Atendimento Externo: de Segunda a Sexta-feira (exceto feriados) &#8211; das 7h \u00e0s 17h. Endere\u00e7o: Rua Padre Camargo, 285 &#8211; Alto da Gl\u00f3ria, Curitiba-PR&hellip;","publishpress_future_action":{"enabled":false,"date":"2026-04-22 02:42:28","action":"change-status","newStatus":"draft","terms":[],"taxonomy":"","extraData":[]},"publishpress_future_workflow_manual_trigger":{"enabledWorkflows":[]},"_links":{"self":[{"href":"https:\/\/saude.ufpr.br\/medicina\/wp-json\/wp\/v2\/pages\/72","targetHints":{"allow":["GET"]}}],"collection":[{"href":"https:\/\/saude.ufpr.br\/medicina\/wp-json\/wp\/v2\/pages"}],"about":[{"href":"https:\/\/saude.ufpr.br\/medicina\/wp-json\/wp\/v2\/types\/page"}],"author":[{"embeddable":true,"href":"https:\/\/saude.ufpr.br\/medicina\/wp-json\/wp\/v2\/users\/15"}],"replies":[{"embeddable":true,"href":"https:\/\/saude.ufpr.br\/medicina\/wp-json\/wp\/v2\/comments?post=72"}],"version-history":[{"count":51,"href":"https:\/\/saude.ufpr.br\/medicina\/wp-json\/wp\/v2\/pages\/72\/revisions"}],"predecessor-version":[{"id":3662,"href":"https:\/\/saude.ufpr.br\/medicina\/wp-json\/wp\/v2\/pages\/72\/revisions\/3662"}],"wp:attachment":[{"href":"https:\/\/saude.ufpr.br\/medicina\/wp-json\/wp\/v2\/media?parent=72"}],"curies":[{"name":"wp","href":"https:\/\/api.w.org\/{rel}","templated":true}]}}