{"id":78,"date":"2016-05-23T17:37:55","date_gmt":"2016-05-23T17:37:55","guid":{"rendered":"https:\/\/saude.ufpr.br\/medicina\/?page_id=78"},"modified":"2018-08-22T14:11:04","modified_gmt":"2018-08-22T17:11:04","slug":"informacao-do-curso","status":"publish","type":"page","link":"https:\/\/saude.ufpr.br\/medicina\/informacao-do-curso\/","title":{"rendered":"Informa\u00e7\u00e3o do Curso"},"content":{"rendered":"<p>O Curso de Medicina da Universidade Federal do Paran\u00e1 \u00e9 dividido em 12 per\u00edodos com dura\u00e7\u00e3o total de 6 anos. As aulas s\u00e3o ministradas nos per\u00edodos da manh\u00e3 e tarde, ou seja, o curso \u00e9 integral. Do total de vagas 176, s\u00e3o divididos 88 para cada semestre. Durante o curso, do 1\u00b0 ao 8\u00b0 per\u00edodo os alunos tem aulas pr\u00e1ticas e te\u00f3ricas e, do 9\u00b0 ao 12\u00b0 per\u00edodo \u00e9 o chamado per\u00edodo de internato e est\u00e1gio, sendo permitido aos alunos no 12\u00b0 per\u00edodo realizar est\u00e1gio fora da UFPR. O curso possui\u00a020 semanas (1\u00ba ao 9\u00ba per\u00edodos) e, do 10\u00b0 ao 12\u00b0 t\u00eam 22 semanas. Ao total o\u00a0curso tem 8.400 horas.<\/p>\n<p>Para informa\u00e7\u00f5es sobre o Curso de Medicina &#8211; Campus Toledo entrar no site: <a href=\"http:\/\/www.toledo.ufpr.br\/\">www.toledo.ufpr.br<\/a><\/p>\n","protected":false},"excerpt":{"rendered":"<p>O Curso de Medicina da Universidade Federal do Paran\u00e1 \u00e9 dividido em 12 per\u00edodos com dura\u00e7\u00e3o total de 6 anos. As aulas s\u00e3o ministradas nos per\u00edodos da manh\u00e3 e tarde, ou seja, o curso \u00e9 integral. Do total de vagas 176, s\u00e3o divididos 88 para cada semestre. Durante o curso, do 1\u00b0 ao 8\u00b0 per\u00edodo<br \/> <a href=\"https:\/\/saude.ufpr.br\/medicina\/informacao-do-curso\/\" class=\"button success small readmore\">Leia mais<\/a><\/p>\n","protected":false},"author":15,"featured_media":0,"parent":0,"menu_order":0,"comment_status":"closed","ping_status":"closed","template":"","meta":{"_acf_changed":false,"_uag_custom_page_level_css":"","footnotes":""},"class_list":["post-78","page","type-page","status-publish","hentry"],"acf":[],"featured_image_src":null,"uagb_featured_image_src":{"full":false,"thumbnail":false,"medium":false,"medium_large":false,"large":false,"1536x1536":false,"2048x2048":false,"noticias-thumb":false,"banners-thumb":false,"maisnoticias-thumb":false,"post-thumbnail":false},"uagb_author_info":{"display_name":"Andrea Jankoski","author_link":"https:\/\/saude.ufpr.br\/medicina\/author\/andrea\/"},"uagb_comment_info":0,"uagb_excerpt":"O Curso de Medicina da Universidade Federal do Paran\u00e1 \u00e9 dividido em 12 per\u00edodos com dura\u00e7\u00e3o total de 6 anos. As aulas s\u00e3o ministradas nos per\u00edodos da manh\u00e3 e tarde, ou seja, o curso \u00e9 integral. Do total de vagas 176, s\u00e3o divididos 88 para cada semestre. Durante o curso, do 1\u00b0 ao 8\u00b0 per\u00edodo&hellip;","publishpress_future_action":{"enabled":false,"date":"2026-05-02 09:02:47","action":"change-status","newStatus":"draft","terms":[],"taxonomy":"","extraData":[]},"publishpress_future_workflow_manual_trigger":{"enabledWorkflows":[]},"_links":{"self":[{"href":"https:\/\/saude.ufpr.br\/medicina\/wp-json\/wp\/v2\/pages\/78","targetHints":{"allow":["GET"]}}],"collection":[{"href":"https:\/\/saude.ufpr.br\/medicina\/wp-json\/wp\/v2\/pages"}],"about":[{"href":"https:\/\/saude.ufpr.br\/medicina\/wp-json\/wp\/v2\/types\/page"}],"author":[{"embeddable":true,"href":"https:\/\/saude.ufpr.br\/medicina\/wp-json\/wp\/v2\/users\/15"}],"replies":[{"embeddable":true,"href":"https:\/\/saude.ufpr.br\/medicina\/wp-json\/wp\/v2\/comments?post=78"}],"version-history":[{"count":8,"href":"https:\/\/saude.ufpr.br\/medicina\/wp-json\/wp\/v2\/pages\/78\/revisions"}],"predecessor-version":[{"id":1017,"href":"https:\/\/saude.ufpr.br\/medicina\/wp-json\/wp\/v2\/pages\/78\/revisions\/1017"}],"wp:attachment":[{"href":"https:\/\/saude.ufpr.br\/medicina\/wp-json\/wp\/v2\/media?parent=78"}],"curies":[{"name":"wp","href":"https:\/\/api.w.org\/{rel}","templated":true}]}}