{"id":789,"date":"2018-04-24T17:16:51","date_gmt":"2018-04-24T20:16:51","guid":{"rendered":"https:\/\/saude.ufpr.br\/medicina\/?page_id=789"},"modified":"2018-04-27T17:11:20","modified_gmt":"2018-04-27T20:11:20","slug":"extensao","status":"publish","type":"page","link":"https:\/\/saude.ufpr.br\/medicina\/extensao\/","title":{"rendered":"Extens\u00e3o"},"content":{"rendered":"<p>A extens\u00e3o universit\u00e1ria \u00e9 um processo educativo, cultural e cient\u00edfico, que articula o ensino e a pesquisa de forma indissoci\u00e1vel e viabiliza a rela\u00e7\u00e3o transformadora entre a Universidade e a sociedade. As atividades de extens\u00e3o s\u00e3o regidas pela Resolu\u00e7\u00e3o n. 70\/08-CEPE, e desenvolvidas por meio de programas, projetos, cursos, eventos e a\u00e7\u00f5es complementares de extens\u00e3o, visando a socializa\u00e7\u00e3o do conhecimento acad\u00eamico e a intera\u00e7\u00e3o com a sociedade. O trabalho de parceria com as comunidades, organiza\u00e7\u00f5es sociais e institui\u00e7\u00f5es p\u00fablicas e privadas t\u00eam possibilitado o cumprimento da fun\u00e7\u00e3o social da Universidade, especialmente em Curitiba, regi\u00e3o metropolitana e litoral paranaense, \u00e1reas de maior abrang\u00eancia da UFPR. No desenvolvimento das a\u00e7\u00f5es extensionistas, professores, alunos e t\u00e9cnico-administrativos t\u00eam buscado o atendimento das quest\u00f5es priorit\u00e1rias da sociedade, com \u00eanfase na melhoria da qualidade de vida da popula\u00e7\u00e3o, por interm\u00e9dio de atividades de educa\u00e7\u00e3o continuada nas diferentes \u00e1reas do conhecimento, da articula\u00e7\u00e3o com movimentos sociais, de programa\u00e7\u00e3o cultural, da difus\u00e3o cient\u00edfica e tecnol\u00f3gica, da promo\u00e7\u00e3o do desporto e lazer e da integra\u00e7\u00e3o com a educa\u00e7\u00e3o b\u00e1sica.<\/p>\n<p>PARA MAIORES INFORMA\u00c7\u00d5ES ACESSE O SITE DA <a href=\"http:\/\/www.proec.ufpr.br\/\" target=\"_blank\" rel=\"noopener\">PR\u00d3-REITORIA DE EXTENS\u00c3O E CULTURA<\/a><\/p>\n<p><strong>Contato:<\/strong><\/p>\n<p>coex@ufpr.br<\/p>\n<p>(41) 3310-2834<\/p>\n<p>Mery Ellen Brandt &#8211; Secretaria da Coordena\u00e7\u00e3o de Extens\u00e3o<\/p>\n","protected":false},"excerpt":{"rendered":"<p>A extens\u00e3o universit\u00e1ria \u00e9 um processo educativo, cultural e cient\u00edfico, que articula o ensino e a pesquisa de forma indissoci\u00e1vel e viabiliza a rela\u00e7\u00e3o transformadora entre a Universidade e a sociedade. As atividades de extens\u00e3o s\u00e3o regidas pela Resolu\u00e7\u00e3o n. 70\/08-CEPE, e desenvolvidas por meio de programas, projetos, cursos, eventos e a\u00e7\u00f5es complementares de extens\u00e3o,<br \/> <a href=\"https:\/\/saude.ufpr.br\/medicina\/extensao\/\" class=\"button success small readmore\">Leia mais<\/a><\/p>\n","protected":false},"author":15,"featured_media":0,"parent":0,"menu_order":0,"comment_status":"closed","ping_status":"closed","template":"","meta":{"_acf_changed":false,"_uag_custom_page_level_css":"","footnotes":""},"class_list":["post-789","page","type-page","status-publish","hentry"],"acf":[],"featured_image_src":null,"uagb_featured_image_src":{"full":false,"thumbnail":false,"medium":false,"medium_large":false,"large":false,"1536x1536":false,"2048x2048":false,"noticias-thumb":false,"banners-thumb":false,"maisnoticias-thumb":false,"post-thumbnail":false},"uagb_author_info":{"display_name":"Andrea Jankoski","author_link":"https:\/\/saude.ufpr.br\/medicina\/author\/andrea\/"},"uagb_comment_info":0,"uagb_excerpt":"A extens\u00e3o universit\u00e1ria \u00e9 um processo educativo, cultural e cient\u00edfico, que articula o ensino e a pesquisa de forma indissoci\u00e1vel e viabiliza a rela\u00e7\u00e3o transformadora entre a Universidade e a sociedade. As atividades de extens\u00e3o s\u00e3o regidas pela Resolu\u00e7\u00e3o n. 70\/08-CEPE, e desenvolvidas por meio de programas, projetos, cursos, eventos e a\u00e7\u00f5es complementares de extens\u00e3o,&hellip;","publishpress_future_action":{"enabled":false,"date":"2026-04-25 05:31:59","action":"change-status","newStatus":"draft","terms":[],"taxonomy":"","extraData":[]},"publishpress_future_workflow_manual_trigger":{"enabledWorkflows":[]},"_links":{"self":[{"href":"https:\/\/saude.ufpr.br\/medicina\/wp-json\/wp\/v2\/pages\/789","targetHints":{"allow":["GET"]}}],"collection":[{"href":"https:\/\/saude.ufpr.br\/medicina\/wp-json\/wp\/v2\/pages"}],"about":[{"href":"https:\/\/saude.ufpr.br\/medicina\/wp-json\/wp\/v2\/types\/page"}],"author":[{"embeddable":true,"href":"https:\/\/saude.ufpr.br\/medicina\/wp-json\/wp\/v2\/users\/15"}],"replies":[{"embeddable":true,"href":"https:\/\/saude.ufpr.br\/medicina\/wp-json\/wp\/v2\/comments?post=789"}],"version-history":[{"count":9,"href":"https:\/\/saude.ufpr.br\/medicina\/wp-json\/wp\/v2\/pages\/789\/revisions"}],"predecessor-version":[{"id":834,"href":"https:\/\/saude.ufpr.br\/medicina\/wp-json\/wp\/v2\/pages\/789\/revisions\/834"}],"wp:attachment":[{"href":"https:\/\/saude.ufpr.br\/medicina\/wp-json\/wp\/v2\/media?parent=789"}],"curies":[{"name":"wp","href":"https:\/\/api.w.org\/{rel}","templated":true}]}}