{"id":791,"date":"2018-04-24T17:17:12","date_gmt":"2018-04-24T20:17:12","guid":{"rendered":"https:\/\/saude.ufpr.br\/medicina\/?page_id=791"},"modified":"2018-04-27T14:17:50","modified_gmt":"2018-04-27T17:17:50","slug":"iniciacao-cientifica","status":"publish","type":"page","link":"https:\/\/saude.ufpr.br\/medicina\/iniciacao-cientifica\/","title":{"rendered":"Inicia\u00e7\u00e3o Cient\u00edfica"},"content":{"rendered":"<p><strong>Programa de Inicia\u00e7\u00e3o Cient\u00edfica e em Desenvolvimento Tecnol\u00f3gico e Inova\u00e7\u00e3o PICDTI\/PRPPG\/UFPR<\/strong><\/p>\n<p>O PICDTI \u00e9 embasado na Resolu\u00e7\u00e3o Normativa 017<strong>\/<\/strong>2006 CNPq, de 13 de Julho de 2006, Resolu\u00e7\u00e3o 46\/03 CEPE\/UFPR, de 23 de Maio de 2003, Resolu\u00e7\u00e3o 27\/08 CEPE\/UFPR, de 27 de Junho de 2008 e Resolu\u00e7\u00e3o do COUN 37\/04, de 10 de Maio de 2004 e constitu\u00eddo pelos programas institucionais de bolsas:<\/p>\n<p>&nbsp;<\/p>\n<p><strong>I \u2013<\/strong>\u00a0<strong>Programa Institucional de Bolsas de Inicia\u00e7\u00e3o Cient\u00edfica \u2013 PIBIC;<\/strong><\/p>\n<p><strong>II \u2013\u00a0<\/strong><strong>Programa Institucional de Bolsas de Inicia\u00e7\u00e3o Cient\u00edfica A\u00e7\u00f5es Afirmativas \u2013 PIBIC \u2013 Af;<\/strong><\/p>\n<p><strong>III \u2013 Programa Institucional de Bolsas de Inicia\u00e7\u00e3o em Desenvolvimento Tecnol\u00f3gico e Inova\u00e7\u00e3o\u00a0<\/strong><strong>\u2013<\/strong><strong>\u00a0PIBITI; e,<\/strong><\/p>\n<p><strong>IV \u2013 Programa Institucional de Bolsas de Inicia\u00e7\u00e3o Cient\u00edfica para o Ensino M\u00e9dio e Educa\u00e7\u00e3o Profissional\u00a0<\/strong><strong>\u2013<\/strong><strong>\u00a0PIBIC EM.<\/strong><\/p>\n<p>&nbsp;<\/p>\n<p>O PICDTI \u00e9 voltado para o desenvolvimento do pensamento cient\u00edfico e inicia\u00e7\u00e3o \u00e0 pesquisa de estudantes de gradua\u00e7\u00e3o do ensino superior, m\u00e9dio e educa\u00e7\u00e3o profissional.<\/p>\n<p>O PICDTI promove editais anuais dos Programas Institucionais de Bolsas e realiza anualmente o Encontro de Inicia\u00e7\u00e3o Cient\u00edfica \u2013 EVINCI\u00a0 e o Encontro de Inicia\u00e7\u00e3o Tecnol\u00f3gica \u2013 EINTI.<\/p>\n<p>&nbsp;<\/p>\n<p><strong>Objetivos do Programa<\/strong><\/p>\n<p>1. Incentivar a participa\u00e7\u00e3o dos estudantes de gradua\u00e7\u00e3o em projetos de pesquisa, para que desenvolvam o pensamento cient\u00edfico e criatividade e aprendizagem de t\u00e9cnicas e m\u00e9todos de pesquisa, ao desenvolvimento e transfer\u00eancia de novas tecnologias e inova\u00e7\u00e3o sob a orienta\u00e7\u00e3o de pesquisadores qualificados;<\/p>\n<p>2. Despertar voca\u00e7\u00e3o cient\u00edfica e incentivar talentos potenciais entre estudantes do ensino m\u00e9dio e profissional da rede p\u00fablica, mediante participa\u00e7\u00e3o em atividades de pesquisa cient\u00edfica ou tecnol\u00f3gica;<\/p>\n<p>3. Estimular pesquisadores produtivos a engajarem estudantes de gradua\u00e7\u00e3o em atividades cient\u00edficas, de inova\u00e7\u00e3o tecnol\u00f3gicas, profissionais e art\u00edstico-culturais;<\/p>\n<p>4. Qualificar recursos humanos para os programas de p\u00f3s gradua\u00e7\u00e3o e aprimorar o processo de forma\u00e7\u00e3o de profissionais para o setor produtivo;<\/p>\n<p>5. Contribuir para a redu\u00e7\u00e3o do tempo m\u00e9dio de titula\u00e7\u00e3o de mestres e doutores;<\/p>\n<p>6. Estimular o aumento da produ\u00e7\u00e3o cient\u00edfica; e,<\/p>\n<p>7. Possibilitar intera\u00e7\u00e3o entre Ensino M\u00e9dio-Gradua\u00e7\u00e3o-P\u00f3s gradua\u00e7\u00e3o.<\/p>\n<p>&nbsp;<\/p>\n<p><strong>Hist\u00f3rico do Programa<\/strong><\/p>\n<p>As bolsas de Inicia\u00e7\u00e3o Cient\u00edfica no Brasil surgiram no ano de 1951, desde a cria\u00e7\u00e3o do Conselho Nacional de Desenvolvimento Cient\u00edfico e Tecnol\u00f3gico \u2013 CNPq.<\/p>\n<p>Na Universidade Federal do Paran\u00e1 o Programa de Inicia\u00e7\u00e3o Cient\u00edfica, gerenciado pela Pr\u00f3-Reitoria de Pesquisa e P\u00f3s-Gradua\u00e7\u00e3o, foi criado no ano de 1991, com a oferta de 150 bolsas provenientes do CNPq.<\/p>\n<p>A partir de sua cria\u00e7\u00e3o, o Programa de Inicia\u00e7\u00e3o Cient\u00edfica da UFPR vem paulatinamente sendo modernizado com avan\u00e7os, na cria\u00e7\u00e3o de novos Programas Institucionais de Bolsas, realiza\u00e7\u00e3o de Evento Cient\u00edfico.<\/p>\n<p>&nbsp;<\/p>\n<p>PARA MAIORES INFORMA\u00c7\u00d5ES ACESSE O SITE DA\u00a0<a href=\"http:\/\/www.prppg.ufpr.br\/site\/ic\/\" target=\"_blank\" rel=\"noopener\">PR\u00d3-REITORIA DE PESQUISA E P\u00d3S-GRADUA\u00c7\u00c3O<\/a><\/p>\n<p>&nbsp;<\/p>\n<p><strong>Contato:\u00a0<\/strong>(41) 3360-5333 &#8211; e-mail:\u00a0<a href=\"mailto:ic@ufpr.br\" target=\"_blank\" rel=\"noopener\">ic@ufpr.br<\/a><\/p>\n<p>&nbsp;<\/p>\n<div><\/div>\n","protected":false},"excerpt":{"rendered":"<p>Programa de Inicia\u00e7\u00e3o Cient\u00edfica e em Desenvolvimento Tecnol\u00f3gico e Inova\u00e7\u00e3o PICDTI\/PRPPG\/UFPR O PICDTI \u00e9 embasado na Resolu\u00e7\u00e3o Normativa 017\/2006 CNPq, de 13 de Julho de 2006, Resolu\u00e7\u00e3o 46\/03 CEPE\/UFPR, de 23 de Maio de 2003, Resolu\u00e7\u00e3o 27\/08 CEPE\/UFPR, de 27 de Junho de 2008 e Resolu\u00e7\u00e3o do COUN 37\/04, de 10 de Maio de 2004<br \/> <a href=\"https:\/\/saude.ufpr.br\/medicina\/iniciacao-cientifica\/\" class=\"button success small readmore\">Leia mais<\/a><\/p>\n","protected":false},"author":15,"featured_media":0,"parent":0,"menu_order":0,"comment_status":"closed","ping_status":"closed","template":"","meta":{"_acf_changed":false,"_uag_custom_page_level_css":"","footnotes":""},"class_list":["post-791","page","type-page","status-publish","hentry"],"acf":[],"featured_image_src":null,"uagb_featured_image_src":{"full":false,"thumbnail":false,"medium":false,"medium_large":false,"large":false,"1536x1536":false,"2048x2048":false,"noticias-thumb":false,"banners-thumb":false,"maisnoticias-thumb":false,"post-thumbnail":false},"uagb_author_info":{"display_name":"Andrea Jankoski","author_link":"https:\/\/saude.ufpr.br\/medicina\/author\/andrea\/"},"uagb_comment_info":0,"uagb_excerpt":"Programa de Inicia\u00e7\u00e3o Cient\u00edfica e em Desenvolvimento Tecnol\u00f3gico e Inova\u00e7\u00e3o PICDTI\/PRPPG\/UFPR O PICDTI \u00e9 embasado na Resolu\u00e7\u00e3o Normativa 017\/2006 CNPq, de 13 de Julho de 2006, Resolu\u00e7\u00e3o 46\/03 CEPE\/UFPR, de 23 de Maio de 2003, Resolu\u00e7\u00e3o 27\/08 CEPE\/UFPR, de 27 de Junho de 2008 e Resolu\u00e7\u00e3o do COUN 37\/04, de 10 de Maio de 2004&hellip;","publishpress_future_action":{"enabled":false,"date":"2026-04-23 19:52:04","action":"change-status","newStatus":"draft","terms":[],"taxonomy":"","extraData":[]},"publishpress_future_workflow_manual_trigger":{"enabledWorkflows":[]},"_links":{"self":[{"href":"https:\/\/saude.ufpr.br\/medicina\/wp-json\/wp\/v2\/pages\/791","targetHints":{"allow":["GET"]}}],"collection":[{"href":"https:\/\/saude.ufpr.br\/medicina\/wp-json\/wp\/v2\/pages"}],"about":[{"href":"https:\/\/saude.ufpr.br\/medicina\/wp-json\/wp\/v2\/types\/page"}],"author":[{"embeddable":true,"href":"https:\/\/saude.ufpr.br\/medicina\/wp-json\/wp\/v2\/users\/15"}],"replies":[{"embeddable":true,"href":"https:\/\/saude.ufpr.br\/medicina\/wp-json\/wp\/v2\/comments?post=791"}],"version-history":[{"count":8,"href":"https:\/\/saude.ufpr.br\/medicina\/wp-json\/wp\/v2\/pages\/791\/revisions"}],"predecessor-version":[{"id":833,"href":"https:\/\/saude.ufpr.br\/medicina\/wp-json\/wp\/v2\/pages\/791\/revisions\/833"}],"wp:attachment":[{"href":"https:\/\/saude.ufpr.br\/medicina\/wp-json\/wp\/v2\/media?parent=791"}],"curies":[{"name":"wp","href":"https:\/\/api.w.org\/{rel}","templated":true}]}}